{"id":330749,"date":"2023-03-21T22:21:27","date_gmt":"2023-03-21T21:21:27","guid":{"rendered":"https:\/\/www.moskito.cz\/produkt\/noz-zamykajacy-crkt-m21-14g\/"},"modified":"2025-05-07T11:10:24","modified_gmt":"2025-05-07T10:10:24","slug":"noz-zamykajacy-crkt-m21-14g","status":"publish","type":"product","link":"https:\/\/www.moskito.cz\/pl\/produkt\/noz-zamykajacy-crkt-m21-14g\/","title":{"rendered":"N\u00f3\u017c zamykaj\u0105cy CRKT M21-14G"},"content":{"rendered":"<p>N\u00f3\u017c zamykaj\u0105cy <strong>CRKT<\/strong> M21-14G<\/p>\n<p><strong>Pracuj dalej. Ca\u0142y komfort z ty\u0142u.<\/strong><\/p>\n<p>Seria M21\u2122 G10 oferuje niezr\u00f3wnan\u0105 wydajno\u015b\u0107 ci\u0119cia dzi\u0119ki g\u0142\u0119bokim ostrzom z przodu i lekkim, izolowanym i trwa\u0142ym uchwytom G10 z ty\u0142u. W \u015brodku jeste\u015b Ty, szcz\u0119\u015bliwy i gotowy do podj\u0119cia zada\u0144.<\/p>\n<p>Legendarny tw\u00f3rca no\u017cy na zam\u00f3wienie Kit Carson zaprojektowa\u0142 seri\u0119 M21\u2122. Jego no\u017ce od dawna stanowi\u0105 podstaw\u0119 si\u0142 zbrojnych na ca\u0142ym \u015bwiecie, a Kit chcia\u0142 stworzy\u0107 n\u00f3\u017c premium, kt\u00f3ry by\u0142by wszystkim, czego mo\u017cna oczekiwa\u0107 od wysokiej jako\u015bci ostrza roboczego, ale w atrakcyjnej cenie. Dokona\u0142 tego dzi\u0119ki linii wytrzyma\u0142ych no\u017cy, kt\u00f3re s\u0105 wystarczaj\u0105co wytrzyma\u0142e, aby poradzi\u0107 sobie z ka\u017cdym wyzwaniem, jakie \u017cycie rzuca na twoj\u0105 drog\u0119.<br \/>\nBezpiecze\u0144stwo: automatyczne zabezpieczenie wk\u0142adki zapewnia dodatkow\u0105 warstw\u0119 bezpiecze\u0144stwa zamka<br \/>\nSzybkie otwieranie: P\u0142etwa szybko wysuwa ostrze<br \/>\nNiezwykle ostre: Veff Serrations\u2122 zapewniaj\u0105 doskona\u0142\u0105 wydajno\u015b\u0107 ci\u0119cia lin i ta\u015bm<\/p>\n<p>SPECYFIKACJE<br \/>\nD\u0142ugo\u015b\u0107 ostrza 10,10 cm<br \/>\nZ\u0105bkowania kraw\u0119dzi ostrza Veff\u2122<br \/>\nOstrze ze stali 1.4116<br \/>\nObr\u00f3bka powierzchni ostrza Pow\u0142oka antykorozyjna<br \/>\nGrubo\u015b\u0107 ostrza 0,35 cm<br \/>\nD\u0142ugo\u015b\u0107 ca\u0142kowita 23,65 cm<br \/>\nD\u0142ugo\u015b\u0107 po zamkni\u0119ciu 13,55 cm<br \/>\nWaga 181,44 g<br \/>\nR\u0119koje\u015b\u0107 G10<br \/>\nStylowy n\u00f3\u017c sk\u0142adany z blokad\u0105 Liner Lock<\/p>\n<p>&nbsp;<\/p>\n","protected":false},"excerpt":{"rendered":"<p><strong>Zaprojektowany przez Kita Carsona w Vine Grove w stanie Kentucky<\/strong><\/p>\n","protected":false},"featured_media":330750,"comment_status":"open","ping_status":"closed","template":"","meta":[],"pwb-brand":[3458],"product_brand":[],"product_cat":[3307,3296],"product_tag":[3671],"class_list":{"0":"post-330749","1":"product","2":"type-product","3":"status-publish","4":"has-post-thumbnail","6":"pwb-brand-crkt-pl","7":"product_cat-zamykanie-nozy","8":"product_cat-noze-pl","9":"product_tag-b2b-pl","11":"first","12":"instock","13":"taxable","14":"shipping-taxable","15":"purchasable","16":"product-type-simple"},"brands":[{"id":3458,"name":"CRKT","slug":"crkt-pl"}],"_links":{"self":[{"href":"https:\/\/www.moskito.cz\/pl\/wp-json\/wp\/v2\/product\/330749","targetHints":{"allow":["GET"]}}],"collection":[{"href":"https:\/\/www.moskito.cz\/pl\/wp-json\/wp\/v2\/product"}],"about":[{"href":"https:\/\/www.moskito.cz\/pl\/wp-json\/wp\/v2\/types\/product"}],"replies":[{"embeddable":true,"href":"https:\/\/www.moskito.cz\/pl\/wp-json\/wp\/v2\/comments?post=330749"}],"wp:featuredmedia":[{"embeddable":true,"href":"https:\/\/www.moskito.cz\/pl\/wp-json\/wp\/v2\/media\/330750"}],"wp:attachment":[{"href":"https:\/\/www.moskito.cz\/pl\/wp-json\/wp\/v2\/media?parent=330749"}],"wp:term":[{"taxonomy":"pwb-brand","embeddable":true,"href":"https:\/\/www.moskito.cz\/pl\/wp-json\/wp\/v2\/pwb-brand?post=330749"},{"taxonomy":"product_brand","embeddable":true,"href":"https:\/\/www.moskito.cz\/pl\/wp-json\/wp\/v2\/product_brand?post=330749"},{"taxonomy":"product_cat","embeddable":true,"href":"https:\/\/www.moskito.cz\/pl\/wp-json\/wp\/v2\/product_cat?post=330749"},{"taxonomy":"product_tag","embeddable":true,"href":"https:\/\/www.moskito.cz\/pl\/wp-json\/wp\/v2\/product_tag?post=330749"}],"curies":[{"name":"wp","href":"https:\/\/api.w.org\/{rel}","templated":true}]}}