{"id":330826,"date":"2023-07-03T12:46:32","date_gmt":"2024-04-12T12:15:34","guid":{"rendered":"https:\/\/www.moskito.cz\/produkt\/lekki-noz-skladany-spyderco-chaparral-c152pgy\/"},"modified":"2025-05-07T11:10:25","modified_gmt":"2025-05-07T10:10:25","slug":"lekki-noz-skladany-spyderco-chaparral-c152pgy","status":"publish","type":"product","link":"https:\/\/www.moskito.cz\/pl\/produkt\/lekki-noz-skladany-spyderco-chaparral-c152pgy\/","title":{"rendered":"Lekki n\u00f3\u017c sk\u0142adany Spyderco Chaparral C152PGY"},"content":{"rendered":"<p>Lekki n\u00f3\u017c sk\u0142adany <strong>Spyderco<\/strong> Chaparral C152PGY<\/p>\n<p>Projekt Chaparral firmy Spyderco to unikalne podej\u015bcie do gatunku m\u0119skich no\u017cy sk\u0142adanych. Nazwana na cze\u015b\u0107 ro\u015bliny pochodz\u0105cej z zachodnich Stan\u00f3w Zjednoczonych, znanej ze swojej wyj\u0105tkowej trwa\u0142o\u015bci, seria Chaparral wykorzystuje jeden format projektu, aby zaprezentowa\u0107 r\u00f3\u017cnorodne charakterystyczne materia\u0142y uchwyt\u00f3w i wzory tekstur.<\/p>\n<p>Wszystkie modele Chaparral maj\u0105 te same podstawowe funkcje. S\u0105 wyj\u0105tkowo cienkie, aby zminimalizowa\u0107 wag\u0119 i s\u0105 bardzo wygodne w noszeniu \u2013 nawet w garniturze. Ich ostrza PlainEdge w kszta\u0142cie li\u015bcia s\u0105 ca\u0142kowicie p\u0142asko szlifowane z ameryka\u0144skiej stali nierdzewnej CTS-XHP i maj\u0105 \u0142adne satynowe wyko\u0144czenie, dzi\u0119ki czemu ci\u0119cie odbywa si\u0119 niemal bez wysi\u0142ku. Ostrza posiadaj\u0105 r\u00f3wnie\u017c w pe\u0142ni dost\u0119pny okr\u0105g\u0142y otw\u00f3r u\u0142atwiaj\u0105cy otwieranie jedn\u0105 lub obiema r\u0119kami, dzi\u0119ki czemu wszystkie Chaparrale s\u0105 ca\u0142kowicie symetryczne i w pe\u0142ni obur\u0119czne.<\/p>\n<p>Tam, gdzie modele Chaparral pokazuj\u0105 swoj\u0105 indywidualno\u015b\u0107, wida\u0107 je w uchwytach. Wprowadzony na rynek w 2011 roku pierwszy cz\u0142onek rodziny mia\u0142 szkieletowe wstawki wykonane w ca\u0142o\u015bci ze stali nierdzewnej i subtelnie teksturowane \u0142uski z w\u0142\u00f3kna w\u0119glowego. Nast\u0119pnie w 2012 roku pojawi\u0142 si\u0119 Chaparral Titanium, kt\u00f3ry szczyci\u0142 si\u0119 solidnymi tytanowymi skalami, precyzyjnie wykonanymi ze skomplikowanym wzorem geometrycznym. Temat tytanu by\u0142 kontynuowany w modelach Stepped Titanium i Blue Stepped Titanium, kt\u00f3re zosta\u0142y wydane w 2013 i 2014 roku. Obydwa charakteryzuj\u0105 si\u0119 niezwykle szczeg\u00f3\u0142owym \u201estopniowym\u201d wzorem opracowanym dla obu skal. Ten osza\u0142amiaj\u0105cy projekt, z\u0142o\u017cony w ca\u0142o\u015bci z prostych linii, tworzy iluzj\u0119 krzywizn i szczeg\u00f3\u0142owych geometrycznych kszta\u0142t\u00f3w. W wersji Blue Stepped skale s\u0105 anodowane w procesie obr\u00f3bki w jaskrawym odcieniu b\u0142\u0119kitu, aby stworzy\u0107 spektakularny kontrast naprzemiennych powierzchni niebieskiego i srebrnego. Na pocz\u0105tku tego roku firma Spyderco doda\u0142a do rodziny Chaparral wersj\u0119 z \u0142uskami wykonanymi z Raffiru \u2013 materia\u0142u kompozytowego sk\u0142adaj\u0105cego si\u0119 z cienkich warstw falistej siatki metalowej zamkni\u0119tych w p\u00f3\u0142przezroczystej \u017cywicy epoksydowej.<\/p>\n<p>Chocia\u017c Spyderco jest niew\u0105tpliwie dumne z rodziny Chaparral oraz r\u00f3\u017cnorodno\u015bci i dumy z posiadania, jak\u0105 oferuje, nadal czu\u0142o, \u017ce czego\u015b jej brakuje \u2013 lekkiego, niedrogiego i zorientowanego na u\u017cytkownika wyrazu ducha Chaparral zoptymalizowanego do noszenia na co dzie\u0144. Aby wype\u0142ni\u0107 t\u0119 pustk\u0119, stworzyli Chaparral Lightweight.<\/p>\n<p>Chaparral Lightweight oferuje ten sam wyrafinowany design, funkcjonalno\u015b\u0107 i wydajno\u015b\u0107 ci\u0119cia co jego bracia, ale z prostym, niezawodnym i niedrogim uchwytem formowanym wtryskowo. Solidna, szara r\u0119koje\u015b\u0107 z nylonu wzmocnionego w\u0142\u00f3knem szklanym (FRN) zmniejsza jej wag\u0119 do zaledwie 2,1 uncji \u2013 czyli jest o 22% l\u017cejsza ni\u017c jego tytanowe odpowiedniki. Jej wyprofilowana konstrukcja pozwala r\u00f3wnie\u017c na wykorzystanie dwukierunkowego wzoru Spyderco o wysokiej przyczepno\u015bci. Pomimo smuk\u0142ego profilu i niewielkiej wagi, ta wersja Chaparral nadal oferuje moc zagnie\u017cd\u017conych, szkieletowych wk\u0142adek ze stali nierdzewnej i tylnej przek\u0142adki ze stali nierdzewnej. Zapewniaj\u0105 doskona\u0142\u0105 wytrzyma\u0142o\u015b\u0107 konstrukcyjn\u0105 i precyzyjne ustawienie wszystkich kluczowych element\u00f3w.<\/p>\n<p>Podobnie jak inne wersje Chaparrala, Lightweight posiada centralnie umieszczony mechanizm blokuj\u0105cy, kt\u00f3ry bezpiecznie blokuje ostrze w pozycji otwartej i pozwala na bezpieczne i \u0142atwe zamkni\u0119cie jedn\u0105 r\u0119k\u0105. Choil palca wskazuj\u0105cego 50\/50 znajduje si\u0119 na styku ostrza i r\u0119koje\u015bci, zapewniaj\u0105c solidne oparcie dla przedniego, \u201ed\u0142awionego\u201d chwytu. Pomimo kompaktowych rozmiar\u00f3w no\u017ca, funkcja ta pozwala nawet wi\u0119kszym d\u0142oniom na pe\u0142ny chwyt czterema palcami. Dopasowane \u201ejimping\u201d (rowki) na rampie choil i kciuka zapewniaj\u0105 dodatkow\u0105 tekstur\u0119 dla jeszcze wi\u0119kszej kontroli w zadaniach precyzyjnego ci\u0119cia. Obustronny, g\u0142\u0119boki klips z drutu kieszeni, przymocowany do tylnego ko\u0144ca r\u0119koje\u015bci, umo\u017cliwia sk\u0142adanie no\u017ca na lew\u0105 lub praw\u0105 stron\u0119, dzi\u0119ki czemu ten niezwyk\u0142y n\u00f3\u017c jest dyskretnie gotowy do natychmiastowego dost\u0119pu.<\/p>\n<p>Chaparral Lightweight z dum\u0105 podtrzymuje tradycyjne warto\u015bci rodziny Chaparral, oferuj\u0105c ten sam komfort, niezawodno\u015b\u0107 i wysok\u0105 wydajno\u015b\u0107, co jego bracia, ale za u\u0142amek ceny.<br \/>\nDane techniczne<\/p>\n<p>D\u0142ugo\u015b\u0107 ostrza: 7 cm<br \/>\nD\u0142ugo\u015b\u0107 po zamkni\u0119ciu: 9 cm<br \/>\nD\u0142ugo\u015b\u0107 ca\u0142kowita: 16 cm<br \/>\nMateria\u0142 ostrza: CTS-XHP<br \/>\nStyl ostrza: Drop Point<br \/>\nSzlif ostrza: Ca\u0142kowicie p\u0142aski<br \/>\nObr\u00f3bka powierzchni ostrza: satyna<br \/>\nKraw\u0119d\u017a ostrza: g\u0142adka<br \/>\nMateria\u0142 r\u0119koje\u015bci: szary FRN<br \/>\nMechanizm blokuj\u0105cy: Lockback<br \/>\nKieszonkowy klips: wysuwany, noszony w lewo\/prawo<br \/>\nNumer modelu: C152PGY<br \/>\nNazwa modelu: Chaparral Lekki<br \/>\nWaga: 2,0 uncji<\/p>\n<p>&nbsp;<\/p>\n","protected":false},"excerpt":{"rendered":"<p><strong>Chaparral Lightweight z dum\u0105 podtrzymuje tradycyjne warto\u015bci rodziny Chaparral, oferuj\u0105c ten sam komfort, niezawodno\u015b\u0107 i wysok\u0105 wydajno\u015b\u0107, co jego bracia, ale za u\u0142amek ceny.<\/strong><\/p>\n","protected":false},"featured_media":330827,"comment_status":"open","ping_status":"closed","template":"","meta":[],"pwb-brand":[3432],"product_brand":[],"product_cat":[3307,3296],"product_tag":[3671],"class_list":{"0":"post-330826","1":"product","2":"type-product","3":"status-publish","4":"has-post-thumbnail","6":"pwb-brand-spyderco-pl","7":"product_cat-zamykanie-nozy","8":"product_cat-noze-pl","9":"product_tag-b2b-pl","11":"first","12":"instock","13":"sale","14":"taxable","15":"shipping-taxable","16":"purchasable","17":"product-type-simple"},"brands":[{"id":3432,"name":"Spyderco","slug":"spyderco-pl"}],"_links":{"self":[{"href":"https:\/\/www.moskito.cz\/pl\/wp-json\/wp\/v2\/product\/330826","targetHints":{"allow":["GET"]}}],"collection":[{"href":"https:\/\/www.moskito.cz\/pl\/wp-json\/wp\/v2\/product"}],"about":[{"href":"https:\/\/www.moskito.cz\/pl\/wp-json\/wp\/v2\/types\/product"}],"replies":[{"embeddable":true,"href":"https:\/\/www.moskito.cz\/pl\/wp-json\/wp\/v2\/comments?post=330826"}],"wp:featuredmedia":[{"embeddable":true,"href":"https:\/\/www.moskito.cz\/pl\/wp-json\/wp\/v2\/media\/330827"}],"wp:attachment":[{"href":"https:\/\/www.moskito.cz\/pl\/wp-json\/wp\/v2\/media?parent=330826"}],"wp:term":[{"taxonomy":"pwb-brand","embeddable":true,"href":"https:\/\/www.moskito.cz\/pl\/wp-json\/wp\/v2\/pwb-brand?post=330826"},{"taxonomy":"product_brand","embeddable":true,"href":"https:\/\/www.moskito.cz\/pl\/wp-json\/wp\/v2\/product_brand?post=330826"},{"taxonomy":"product_cat","embeddable":true,"href":"https:\/\/www.moskito.cz\/pl\/wp-json\/wp\/v2\/product_cat?post=330826"},{"taxonomy":"product_tag","embeddable":true,"href":"https:\/\/www.moskito.cz\/pl\/wp-json\/wp\/v2\/product_tag?post=330826"}],"curies":[{"name":"wp","href":"https:\/\/api.w.org\/{rel}","templated":true}]}}