{"id":330845,"date":"2021-08-16T20:38:11","date_gmt":"2024-04-12T12:15:38","guid":{"rendered":"https:\/\/www.moskito.cz\/produkt\/noz-zamykajacy-civivi-dogma\/"},"modified":"2025-05-07T11:10:26","modified_gmt":"2025-05-07T10:10:26","slug":"noz-zamykajacy-civivi-dogma","status":"publish","type":"product","link":"https:\/\/www.moskito.cz\/pl\/produkt\/noz-zamykajacy-civivi-dogma\/","title":{"rendered":"N\u00f3\u017c zamykaj\u0105cy Civivi Dogma"},"content":{"rendered":"<p>N\u00f3\u017c zamykaj\u0105cy <strong>Civivi<\/strong> Dogma.<\/p>\n<p>D\u0142ugo\u015b\u0107 ca\u0142kowita: 7,7 cala \/ 195,7 mm<br \/>\nD\u0142ugo\u015b\u0107 ostrza: 3,46 cala \/ 88 mm<br \/>\nD\u0142ugo\u015b\u0107 w stanie zamkni\u0119tym: 107,7 mm<br \/>\nGrubo\u015b\u0107 ostrza: 0,12 cala \/ 3 mm<br \/>\nGrubo\u015b\u0107 r\u0119koje\u015bci: 0,47 cala \/ 12 mm<br \/>\nWaga: 5,01 uncji \/ 144 g<\/p>\n<p>Materia\u0142 ostrza: D2<br \/>\nTwardo\u015b\u0107 ostrza: 59-61HRC<br \/>\nSzlif ostrza: pusty<br \/>\nObr\u00f3bka powierzchni ostrza: satyna<\/p>\n<p>Materia\u0142 r\u0119koje\u015bci: mosi\u0105dz<br \/>\nKolor\/wyko\u0144czenie uchwytu: polerowany czarny<br \/>\nMateria\u0142 dystansu tylnego: G10<br \/>\nKolor\/wyko\u0144czenie tylnej przek\u0142adki: czarny<br \/>\nMateria\u0142 wk\u0142adu: stal nierdzewna<br \/>\nKolor podszewki\/wyko\u0144czenie: Szary<\/p>\n<p>Klips kieszonkowy: odchylany do g\u00f3ry, lewy\/prawy<br \/>\nMateria\u0142 klipsa: stal nierdzewna<br \/>\n\u015aruby Materia\u0142: stal nierdzewna<br \/>\nZesp\u00f3\u0142 sworznia: Ceramiczne \u0142o\u017cysko kulkowe z klatk\u0105<br \/>\nMechanizm blokuj\u0105cy: Liner Lock<\/p>\n<p>Projektant: CIVIVI<\/p>\n<p><strong>WE Knife<\/strong> Co. Sp. z o.o. (WE) zyska\u0142a reputacj\u0119 dzi\u0119ki konsekwentnemu dostarczaniu innowacyjnych projekt\u00f3w o niezmiennie wysokiej jako\u015bci dzi\u0119ki historii ci\u0105g\u0142ego dostarczania udanych produkt\u00f3w. Dzi\u0119ki temu WE ugruntowa\u0142o swoj\u0105 pozycj\u0119 najwi\u0119kszego chi\u0144skiego producenta wysokiej jako\u015bci no\u017cy.<\/p>\n<p>W odpowiedzi na potrzeby rynku w 2018 roku wprowadzili\u015bmy na rynek mark\u0119 CIVIVI, kt\u00f3ra w szczeg\u00f3lno\u015bci koncentruje si\u0119 na oferowaniu funkcjonalnych, u\u017cytkowych linii produkt\u00f3w EDC w bardziej przyst\u0119pnych cenach.<\/p>\n<p>\u0141\u0105cz\u0105c podstawowe warto\u015bci firmy WE, jakim jest innowacyjny projekt i jako\u015b\u0107 produkcji z materia\u0142ami takimi jak G10, wielowarstwowa stal w\u0119glowa i D2, stal nierdzewna i damasce\u0144ska, produkty CIVIVI zapewniaj\u0105 swoim u\u017cytkownikom warto\u015b\u0107 i wydajno\u015b\u0107 bez kompromis\u00f3w.<\/p>\n<p>No\u017ce CIVIVI dobrze wygl\u0105daj\u0105, dobrze si\u0119 czuj\u0105, dobrze dzia\u0142aj\u0105 i spe\u0142niaj\u0105 swoje zadanie. Podobnie jak ich bracia WE Knife, s\u0105 <strong>\u201eLEPSI\u201d<\/strong><\/p>\n","protected":false},"excerpt":{"rendered":"<p>Marka <strong>CIVIVI<\/strong> istnieje na rynku od ponad 20 lat i produkuje najwy\u017cszej jako\u015bci i najbardziej r\u00f3\u017cnorodne no\u017ce w bardziej przyst\u0119pnych cenach.<\/p>\n","protected":false},"featured_media":330851,"comment_status":"open","ping_status":"closed","template":"","meta":[],"pwb-brand":[3861],"product_brand":[],"product_cat":[3296,3307],"product_tag":[],"class_list":{"0":"post-330845","1":"product","2":"type-product","3":"status-publish","4":"has-post-thumbnail","6":"pwb-brand-noz-civivi","7":"product_cat-noze-pl","8":"product_cat-zamykanie-nozy","10":"first","11":"outofstock","12":"taxable","13":"shipping-taxable","14":"purchasable","15":"product-type-simple"},"brands":[{"id":3861,"name":"N\u00f3\u017c CIVIVI","slug":"noz-civivi"}],"_links":{"self":[{"href":"https:\/\/www.moskito.cz\/pl\/wp-json\/wp\/v2\/product\/330845","targetHints":{"allow":["GET"]}}],"collection":[{"href":"https:\/\/www.moskito.cz\/pl\/wp-json\/wp\/v2\/product"}],"about":[{"href":"https:\/\/www.moskito.cz\/pl\/wp-json\/wp\/v2\/types\/product"}],"replies":[{"embeddable":true,"href":"https:\/\/www.moskito.cz\/pl\/wp-json\/wp\/v2\/comments?post=330845"}],"wp:featuredmedia":[{"embeddable":true,"href":"https:\/\/www.moskito.cz\/pl\/wp-json\/wp\/v2\/media\/330851"}],"wp:attachment":[{"href":"https:\/\/www.moskito.cz\/pl\/wp-json\/wp\/v2\/media?parent=330845"}],"wp:term":[{"taxonomy":"pwb-brand","embeddable":true,"href":"https:\/\/www.moskito.cz\/pl\/wp-json\/wp\/v2\/pwb-brand?post=330845"},{"taxonomy":"product_brand","embeddable":true,"href":"https:\/\/www.moskito.cz\/pl\/wp-json\/wp\/v2\/product_brand?post=330845"},{"taxonomy":"product_cat","embeddable":true,"href":"https:\/\/www.moskito.cz\/pl\/wp-json\/wp\/v2\/product_cat?post=330845"},{"taxonomy":"product_tag","embeddable":true,"href":"https:\/\/www.moskito.cz\/pl\/wp-json\/wp\/v2\/product_tag?post=330845"}],"curies":[{"name":"wp","href":"https:\/\/api.w.org\/{rel}","templated":true}]}}