{"id":330870,"date":"2023-11-28T21:52:05","date_gmt":"2023-11-28T20:52:05","guid":{"rendered":"https:\/\/www.moskito.cz\/produkt\/noz-zamykajacy-spyderco-clipitool-c208gp\/"},"modified":"2024-04-12T13:17:50","modified_gmt":"2024-04-12T12:17:50","slug":"noz-zamykajacy-spyderco-clipitool-c208gp","status":"publish","type":"product","link":"https:\/\/www.moskito.cz\/pl\/produkt\/noz-zamykajacy-spyderco-clipitool-c208gp\/","title":{"rendered":"N\u00f3\u017c zamykaj\u0105cy Spyderco ClipiTool C208GP"},"content":{"rendered":"<p>N\u00f3\u017c zamykaj\u0105cy <strong>Spyderco<\/strong> ClipiTool C208GP<\/p>\n<p>ClipiTool<br \/>\nNajstarszy znany scyzoryk o wielu ostrzach zosta\u0142 opracowany przez Rzymian oko\u0142o 200 roku naszej ery. Zawiera\u0142 sk\u0142adan\u0105 \u0142y\u017ck\u0119, ostrze, kolec, widelec, szpatu\u0142k\u0119 i wyka\u0142aczk\u0119 i pod wieloma wzgl\u0119dami dos\u0142ownie wyprzedza\u0142 swoje czasy o stulecia.<\/p>\n<p>Dzisiejsze scyzoryki z wieloma ostrzami oferuj\u0105 niesamowit\u0105 wszechstronno\u015b\u0107 w kompaktowym, wyj\u0105tkowo przyst\u0119pnym cenowo opakowaniu. Obejmuj\u0105 one modele podstawowe, takie jak klasyczny n\u00f3\u017c harcerski, po wyrafinowane narz\u0119dzia sk\u0142adane, kt\u00f3re oferuj\u0105 ponad 30 r\u00f3\u017cnych funkcji. Jednak pomimo swojej u\u017cyteczno\u015bci, wszystkie konwencjonalne konstrukcje wielo\u0142opatkowe maj\u0105 te same ograniczenia. Te najmniejsze s\u0105 prawdziwymi scyzorykami i musz\u0105 konkurowa\u0107 z monetami, kluczami i innymi przedmiotami, kt\u00f3re znajduj\u0105 si\u0119 na dnie kieszeni. Ich wi\u0119ksze i bardziej wydajne odpowiedniki s\u0105 cz\u0119sto zbyt du\u017ce, aby wygodnie je nosi\u0107 w kieszeni i wymagaj\u0105 kabury na pasek. Co by\u0107 mo\u017ce wa\u017cniejsze, otwieranie r\u00f3\u017cnych narz\u0119dzi tych no\u017cy opiera si\u0119 na tradycyjnych naci\u0119ciach lub naci\u0119ciach paznokciowych. \u0141\u0105cznie te niedoci\u0105gni\u0119cia cz\u0119sto powoduj\u0105, \u017ce korzystanie z tych narz\u0119dzi jest powolne, \u017cmudne i \u0142amie paznokcie.<\/p>\n<p>Unikalna rodzina ClipiTool firmy <strong>Spyderco<\/strong> pokonuje te wyzwania, \u0142\u0105cz\u0105c funkcjonalno\u015b\u0107 klasycznego scyzoryka z wieloma ostrzami z zaletami noszenia przypinanego na zatrzask i charakterystycznym dla Spyderco okr\u0105g\u0142ym otworem. Rezultatem jest rewolucyjna klasa codziennego narz\u0119dzia do noszenia, kt\u00f3re wygodnie mie\u015bci si\u0119 w g\u00f3rnej cz\u0119\u015bci kieszeni i jest natychmiast dost\u0119pne i \u0142atwe do otwarcia.<\/p>\n<p>Pierwsze trzy projekty ClipiTool firmy <strong>Spyderco<\/strong> , wprowadzone w 2014 r., \u0142\u0105czy\u0142y niezablokowane ostrze g\u0142\u00f3wne z przegubem przesuwnym i sk\u0142adanymi narz\u0119dziami dodatkowymi, takimi jak no\u017cyczki, z\u0105bkowane ostrze lub po\u0142\u0105czenie otwieracza do butelek i p\u0142askiego \u015brubokr\u0119ta. Charakterystyczne okr\u0105g\u0142e otwory zar\u00f3wno w ostrzu, jak i w narz\u0119dziu dodatkowym u\u0142atwia\u0142y otwieranie i dumnie podkre\u015bla\u0142y to\u017csamo\u015b\u0107 Spyderco. Ich satynowe uchwyty ze stali nierdzewnej by\u0142y r\u00f3wnie\u017c wyposa\u017cone w klipsy w kszta\u0142cie klepsydry, umo\u017cliwiaj\u0105ce wygodne noszenie w g\u00f3rnej kieszeni. Te charakterystyczne cechy szybko zdoby\u0142y uznanie koncepcji ClipiTool w\u015br\u00f3d oddanych u\u017cytkownik\u00f3w ko\u0144cowych. Zainspirowa\u0142y tak\u017ce pro\u015bby o inne projekty oferuj\u0105ce dodatkowe narz\u0119dzia i funkcje. W odpowiedzi na to zapotrzebowanie Spyderco z dum\u0105 og\u0142asza standard ClipiTool.<\/p>\n<p>Standard ClipiTool<br \/>\nClipiTool Standard podnosi oryginaln\u0105 koncepcj\u0119 rodziny ClipiTool do pe\u0142nowymiarowego scyzoryka z dwoma dodatkowymi sk\u0142adanymi narz\u0119dziami. G\u0142\u00f3wn\u0105 atrakcj\u0105 tego projektu jest ca\u0142kowicie p\u0142askie ostrze w kszta\u0142cie li\u015bcia wykonane ze stali nierdzewnej 8Cr13MoV. W przeciwie\u0144stwie do swoich mniejszych braci z przegubem przesuwnym, g\u0142\u00f3wne ostrze PlainEdge tego ClipiTool otwiera si\u0119 bezpiecznie dzi\u0119ki solidnemu mechanizmowi blokady. Uzupe\u0142nia go sk\u0142adany otwieracz do puszek\/ma\u0142y \u015brubokr\u0119t oraz otwieracz\/du\u017cy \u015brubokr\u0119t z naci\u0119ciem do \u015bci\u0105gania izolacji. Obie g\u0142\u00f3wki wkr\u0119taka s\u0105 wydr\u0105\u017cone, co zapewnia pewne osadzenie w \u015brubach z rowkiem. Chocia\u017c nie blokuj\u0105 si\u0119, s\u0105 wspierane przez solidne mechanizmy spr\u0119\u017cynowe, kt\u00f3re utrzymuj\u0105 je otwarte podczas u\u017cytkowania i posiadaj\u0105 \u201ep\u00f3\u0142blokady\u201d w punkcie 90 stopni, co pozwala na wykorzystanie r\u0105czki w celu uzyskania dodatkowej d\u017awigni. Podobnie jak g\u0142\u00f3wne ostrze, oba narz\u0119dzia s\u0105 precyzyjnie wykonane ze stali nierdzewnej 8Cr13MoV i maj\u0105 teksturowane palce wskazuj\u0105ce oraz du\u017ce, okr\u0105g\u0142e, charakterystyczne otwory. Cecha charakterystyczna wszystkich no\u017cy Spyderco, okr\u0105g\u0142e otwarcie z dum\u0105 identyfikuje rodow\u00f3d no\u017ca i umo\u017cliwia szybkie i \u0142atwe otwieranie wszystkich trzech narz\u0119dzi jedn\u0105 r\u0119k\u0105.<\/p>\n<p>R\u0119koje\u015b\u0107 ClipiTool Standard zbudowana jest na bazie wk\u0142adek ze stali nierdzewnej, teksturowanych czarnych podzia\u0142ek G10 oraz tylnych wk\u0142adek i spr\u0119\u017cyn z litej stali nierdzewnej. Jego przykr\u0119cana konstrukcja zapewnia precyzyjne dopasowanie wszystkich cz\u0119\u015bci, a dwupozycyjne zapi\u0119cie w kszta\u0142cie klepsydry umo\u017cliwia noszenie praw\u0105 stron\u0105 w g\u00f3r\u0119 lub w d\u00f3\u0142.<\/p>\n<p>Dane techniczne<br \/>\nD\u0142ugo\u015b\u0107 ostrza<br \/>\nClipiTool z 3 ostrzami: 8,75 cm<br \/>\nOtwieracz do puszek: 3,57 cm<br \/>\nOtwieracz do butelek: 3,62 cm<br \/>\nD\u0142ugo\u015b\u0107 po zamkni\u0119ciu: 11 cm<br \/>\nd\u0142ugo\u015b\u0107 ca\u0142kowita<br \/>\nClipiTool z 3 ostrzami: 19,75 cm<br \/>\nOtwieracz do puszek: 14,57 cm<br \/>\nOtwieracz do butelek: 14,62 cm<br \/>\nMateria\u0142 ostrza: stal nierdzewna 8Cr13MoV<br \/>\nSzlif ostrza: Ca\u0142kowicie p\u0142aski<br \/>\nKraw\u0119d\u017a ostrza: g\u0142adka<br \/>\nMateria\u0142 r\u0119koje\u015bci: G10<br \/>\nKolor uchwytu: czarny<br \/>\nZamykaj\u0105cy mechanizm<br \/>\nClipiTool 3-ostrze: Blokada Liner Lock<br \/>\nOtwieracz do puszek: Slipjoint<br \/>\nOtwieracz do butelek: Slipjoint<br \/>\nKieszonkowy klips: sk\u0142adany, do noszenia w prawej r\u0119ce<br \/>\nWaga: 4,2 uncji<\/p>\n","protected":false},"excerpt":{"rendered":"<p><strong>Najstarszy znany scyzoryk o wielu ostrzach zosta\u0142 opracowany przez Rzymian oko\u0142o 200 roku naszej ery. Zawiera\u0142 sk\u0142adan\u0105 \u0142y\u017ck\u0119, ostrze, kolec, widelec, szpatu\u0142k\u0119 i wyka\u0142aczk\u0119 i pod wieloma wzgl\u0119dami dos\u0142ownie wyprzedza\u0142 swoje czasy o stulecia.<\/strong><\/p>\n","protected":false},"featured_media":330879,"comment_status":"open","ping_status":"closed","template":"","meta":[],"pwb-brand":[3432],"product_brand":[],"product_cat":[3307,3296],"product_tag":[3671],"class_list":{"0":"post-330870","1":"product","2":"type-product","3":"status-publish","4":"has-post-thumbnail","6":"pwb-brand-spyderco-pl","7":"product_cat-zamykanie-nozy","8":"product_cat-noze-pl","9":"product_tag-b2b-pl","11":"first","12":"instock","13":"taxable","14":"shipping-taxable","15":"purchasable","16":"product-type-simple"},"brands":[{"id":3432,"name":"Spyderco","slug":"spyderco-pl"}],"_links":{"self":[{"href":"https:\/\/www.moskito.cz\/pl\/wp-json\/wp\/v2\/product\/330870","targetHints":{"allow":["GET"]}}],"collection":[{"href":"https:\/\/www.moskito.cz\/pl\/wp-json\/wp\/v2\/product"}],"about":[{"href":"https:\/\/www.moskito.cz\/pl\/wp-json\/wp\/v2\/types\/product"}],"replies":[{"embeddable":true,"href":"https:\/\/www.moskito.cz\/pl\/wp-json\/wp\/v2\/comments?post=330870"}],"wp:featuredmedia":[{"embeddable":true,"href":"https:\/\/www.moskito.cz\/pl\/wp-json\/wp\/v2\/media\/330879"}],"wp:attachment":[{"href":"https:\/\/www.moskito.cz\/pl\/wp-json\/wp\/v2\/media?parent=330870"}],"wp:term":[{"taxonomy":"pwb-brand","embeddable":true,"href":"https:\/\/www.moskito.cz\/pl\/wp-json\/wp\/v2\/pwb-brand?post=330870"},{"taxonomy":"product_brand","embeddable":true,"href":"https:\/\/www.moskito.cz\/pl\/wp-json\/wp\/v2\/product_brand?post=330870"},{"taxonomy":"product_cat","embeddable":true,"href":"https:\/\/www.moskito.cz\/pl\/wp-json\/wp\/v2\/product_cat?post=330870"},{"taxonomy":"product_tag","embeddable":true,"href":"https:\/\/www.moskito.cz\/pl\/wp-json\/wp\/v2\/product_tag?post=330870"}],"curies":[{"name":"wp","href":"https:\/\/api.w.org\/{rel}","templated":true}]}}