{"id":330939,"date":"2022-08-21T11:43:52","date_gmt":"2022-08-21T10:43:52","guid":{"rendered":"https:\/\/www.moskito.cz\/produkt\/noz-zamykajacy-crkt-m16-14zlek\/"},"modified":"2025-05-07T11:10:28","modified_gmt":"2025-05-07T10:10:28","slug":"noz-zamykajacy-crkt-m16-14zlek","status":"publish","type":"product","link":"https:\/\/www.moskito.cz\/pl\/produkt\/noz-zamykajacy-crkt-m16-14zlek\/","title":{"rendered":"N\u00f3\u017c zamykaj\u0105cy CRKT M16-14ZLEK"},"content":{"rendered":"<div class=\"flex-1 overflow-hidden @container\/thread\">\n<div class=\"h-full\">\n<div class=\"react-scroll-to-bottom--css-vxybp-79elbk h-full\">\n<div class=\"react-scroll-to-bottom--css-vxybp-1n7m0yu\">\n<div class=\"flex flex-col text-sm\">\n<article class=\"w-full scroll-mb-[var(--thread-trailing-height,150px)] text-token-text-primary focus-visible:outline-2 focus-visible:outline-offset-[-4px]\" dir=\"auto\" data-testid=\"conversation-turn-271\" data-scroll-anchor=\"true\">\n<div class=\"m-auto text-base py-[18px] px-3 md:px-4 w-full md:px-5 lg:px-4 xl:px-5\">\n<div class=\"mx-auto flex flex-1 gap-4 text-base md:gap-5 lg:gap-6 md:max-w-3xl\">\n<div class=\"group\/conversation-turn relative flex w-full min-w-0 flex-col agent-turn\">\n<div class=\"flex-col gap-1 md:gap-3\">\n<div class=\"flex max-w-full flex-col flex-grow\">\n<div class=\"min-h-8 text-message flex w-full flex-col items-end gap-2 whitespace-normal break-words text-start [.text-message+&amp;]:mt-5\" dir=\"auto\" data-message-author-role=\"assistant\" data-message-id=\"525b3088-61fc-4e8d-944e-1698c90937bf\" data-message-model-slug=\"gpt-4o-mini\">\n<div class=\"flex w-full flex-col gap-1 empty:hidden first:pt-[3px]\">\n<div class=\"markdown prose w-full break-words dark:prose-invert light\">\n<p><strong>N\u00f3\u017c zamykaj\u0105cy CRKT M16-14ZLEK<\/strong><\/p>\n<p><strong>CRKT M16-14ZLEK<\/strong> to wyj\u0105tkowy model z serii M16 firmy Kit Carson, przeznaczony dla wymagaj\u0105cych u\u017cytkownik\u00f3w, kt\u00f3rzy potrzebuj\u0105 no\u017ca o profesjonalnych funkcjach i doskona\u0142ych w\u0142a\u015bciwo\u015bciach, zapewniaj\u0105cych bezpiecze\u0144stwo i wydajno\u015b\u0107. N\u00f3\u017c ten \u0142\u0105czy w sobie solidn\u0105 konstrukcj\u0119, wysokiej jako\u015bci materia\u0142y i funkcjonalno\u015b\u0107 taktyczn\u0105, dzi\u0119ki czemu idealnie nadaje si\u0119 dla pracownik\u00f3w terenowych, ratownik\u00f3w, wojska i personelu s\u0142u\u017cb bezpiecze\u0144stwa. <\/p>\n<h3><strong>G\u0142\u00f3wne cechy i specyfikacje:<\/strong><\/h3>\n<ol>\n<li><strong>D\u0142ugo\u015b\u0107 ostrza<\/strong> : 3,75&#8243; (95,25 mm)\n<ul>\n<li>D\u0142ugo\u015b\u0107 ostrza jest idealna do zada\u0144 awaryjnych i codziennego noszenia, zapewniaj\u0105c wystarczaj\u0105c\u0105 d\u0142ugo\u015b\u0107 do wszystkich zada\u0144 wymagaj\u0105cych si\u0142y i precyzji.<\/li>\n<\/ul>\n<\/li>\n<li><strong>Ostrze ostrza<\/strong> : <strong>Triple Point Serrations\u2122<\/strong>\n<ul>\n<li>Triple Point\u2122 to unikatowy wz\u00f3r z\u0105bk\u00f3w zapewniaj\u0105cy doskona\u0142e w\u0142a\u015bciwo\u015bci tn\u0105ce r\u00f3\u017cnych materia\u0142\u00f3w, takich jak liny, p\u0142\u00f3tno, sznury czy ro\u015blinno\u015b\u0107, dzi\u0119ki czemu n\u00f3\u017c ten idealnie nadaje si\u0119 do u\u017cytku w wymagaj\u0105cych sytuacjach.<\/li>\n<\/ul>\n<\/li>\n<li><strong>Materia\u0142 ostrza<\/strong> : <strong>stal AUS 8<\/strong>\n<ul>\n<li>Stal AUS 8 jest trwa\u0142a, ma wysok\u0105 zawarto\u015b\u0107 w\u0119gla i zapewnia wysokiej jako\u015bci ostrze, kt\u00f3re d\u0142ugo zachowuje ostro\u015b\u0107 i jest \u0142atwe do ostrzenia. Stal ta doskonale nadaje si\u0119 do szerokiego zakresu zada\u0144, od pracy z materia\u0142ami w\u0142\u00f3knistymi po ci\u0119\u017csze zadania. <\/li>\n<\/ul>\n<\/li>\n<li><strong>Obr\u00f3bka powierzchni ostrza<\/strong> : <strong>Azotek tytanu<\/strong>\n<ul>\n<li>Obr\u00f3bka powierzchni azotkiem tytanu zapewnia wysok\u0105 odporno\u015b\u0107 na korozj\u0119 i zarysowania. Ostrze przez d\u0142ugi czas zachowuje sw\u00f3j wygl\u0105d i funkcjonalno\u015b\u0107, a tak\u017ce charakteryzuje si\u0119 wi\u0119ksz\u0105 odporno\u015bci\u0105 na zu\u017cycie. <\/li>\n<\/ul>\n<\/li>\n<li><strong>Grubo\u015b\u0107 ostrza<\/strong> : 0,14&#8243; (3,51 mm)\n<ul>\n<li>Grubo\u015b\u0107 ostrza sprawia, \u017ce \u200b\u200bn\u00f3\u017c jest wystarczaj\u0105co wytrzyma\u0142y do \u200b\u200bci\u0119\u017cszych zada\u0144, a jednocze\u015bnie wystarczaj\u0105co elastyczny, by umo\u017cliwia\u0107 precyzyjne ci\u0119cie.<\/li>\n<\/ul>\n<\/li>\n<li><strong>D\u0142ugo\u015b\u0107 ca\u0142kowita<\/strong> : 9,25&#8243; (234,95 mm)\n<ul>\n<li>N\u00f3\u017c ten jest wystarczaj\u0105co du\u017cy, aby zapewni\u0107 pewny chwyt i stabilno\u015b\u0107 w trudnych sytuacjach, a jednocze\u015bnie na tyle kompaktowy, \u017ce mo\u017cna go nosi\u0107 przy sobie na co dzie\u0144.<\/li>\n<\/ul>\n<\/li>\n<li><strong>D\u0142ugo\u015b\u0107 po z\u0142o\u017ceniu<\/strong> : 5,50&#8243; (139,70 mm)\n<ul>\n<li>N\u00f3\u017c jest kompaktowy i \u0142atwy do przenoszenia. D\u0142ugo\u015b\u0107 po z\u0142o\u017ceniu oznacza, \u017ce \u200b\u200bn\u00f3\u017c jest na tyle ma\u0142y, \u017ce zmie\u015bci si\u0119 w kieszeni lub na pasku, dzi\u0119ki czemu jest \u0142atwy do noszenia. <\/li>\n<\/ul>\n<\/li>\n<li><strong>Waga<\/strong> : 6,20 uncji (175,77 g)\n<ul>\n<li>Model ten jest wytrzyma\u0142y, ale jednocze\u015bnie wystarczaj\u0105co lekki, aby wygodnie go nosi\u0107. Wa\u017c\u0105c zaledwie 6,2 uncji, zapewnia wystarczaj\u0105c\u0105 wytrzyma\u0142o\u015b\u0107 do wymagaj\u0105cych zada\u0144. <\/li>\n<\/ul>\n<\/li>\n<li><strong>Uchwyt<\/strong> : <strong>Nylon wzmacniany w\u0142\u00f3knem szklanym<\/strong>\n<ul>\n<li>R\u0119koje\u015b\u0107 wykonana jest z wytrzyma\u0142ego nylonu wzmocnionego w\u0142\u00f3knem szklanym, co gwarantuje wysok\u0105 wytrzyma\u0142o\u015b\u0107 i odporno\u015b\u0107 na uderzenia. Materia\u0142 ten jest tak\u017ce lekki oraz zapewnia wygodny i pewny chwyt. <\/li>\n<\/ul>\n<\/li>\n<li><strong>Styl no\u017ca<\/strong> : <strong>N\u00f3\u017c sk\u0142adany z blokad\u0105 liniow\u0105<\/strong>\n<ul>\n<li>N\u00f3\u017c wyposa\u017cono w niezawodny mechanizm blokady liniowej, kt\u00f3ry gwarantuje bezpieczne zablokowanie ostrza po jego otwarciu i minimalizuje ryzyko przypadkowego zamkni\u0119cia si\u0119 podczas u\u017cytkowania.<\/li>\n<\/ul>\n<\/li>\n<\/ol>\n<h3><strong>Cechy szczeg\u00f3lne i korzy\u015bci:<\/strong><\/h3>\n<ol>\n<li><strong>Przecinak pas\u00f3w bezpiecze\u0144stwa i wybijak szyb<\/strong> :\n<ul>\n<li>Ten model wyposa\u017cono w specjalny w\u0119glik wolframu z ty\u0142u, kt\u00f3ry umo\u017cliwia szybkie wybicie bocznych szyb samochodowych, co jest niezwykle istotne dla ratownik\u00f3w, stra\u017cak\u00f3w i s\u0142u\u017cb ratunkowych w sytuacjach kryzysowych.<\/li>\n<li>Przecinak do pas\u00f3w bezpiecze\u0144stwa pomaga szybko i bezpiecznie uwolni\u0107 osob\u0119 w razie wypadku lub innego zagro\u017cenia.<\/li>\n<\/ul>\n<\/li>\n<li><strong>Automatyczna wk\u0142adka bezpiecze\u0144stwa<\/strong> :\n<ul>\n<li>Model ten wyposa\u017cono w automatyczn\u0105 wk\u0142adk\u0119 zabezpieczaj\u0105c\u0105, kt\u00f3ra zapewnia dodatkow\u0105 ochron\u0119 przed przypadkowym zamkni\u0119ciem ostrza. Ko\u0142ek umieszczony pomi\u0119dzy wk\u0142adk\u0105 blokuj\u0105c\u0105 a ram\u0105 sprawia, \u017ce \u200b\u200bzamek jest trwalszy i mniej podatny na poluzowanie si\u0119 w czasie u\u017cytkowania. <\/li>\n<\/ul>\n<\/li>\n<li><strong>P\u0142etwa umo\u017cliwiaj\u0105ca szybkie otwieranie jedn\u0105 r\u0119k\u0105<\/strong> :\n<ul>\n<li>Carson Flipper zaprojektowano tak, aby umo\u017cliwi\u0107 szybkie i sprawne otwieranie no\u017ca jedn\u0105 r\u0119k\u0105, co jest niezwykle przydatne w sytuacjach, w kt\u00f3rych szybko\u015b\u0107 ma kluczowe znaczenie, np. podczas akcji ratunkowych lub dzia\u0142a\u0144 taktycznych.<\/li>\n<\/ul>\n<\/li>\n<li><strong>Klamra czteropozycyjna<\/strong> :\n<ul>\n<li>Klips na n\u00f3\u017c pozwala na r\u00f3\u017cne sposoby noszenia, zapewniaj\u0105c elastyczno\u015b\u0107 i wygod\u0119 podczas przenoszenia no\u017ca. Mo\u017cna go przymocowa\u0107 do paska lub rzemienia w czterech r\u00f3\u017cnych pozycjach: czubkiem w d\u00f3\u0142, w lewo lub w prawo. <\/li>\n<\/ul>\n<\/li>\n<li><strong>Taktyczna czarna pow\u0142oka<\/strong> :\n<ul>\n<li>Czarne wyko\u0144czenie jest trwa\u0142e i nie odbija \u015bwiat\u0142a, co jest zalet\u0105 w zastosowaniach taktycznych, gdzie wa\u017cna jest niewidzialno\u015b\u0107.<\/li>\n<\/ul>\n<\/li>\n<\/ol>\n<h3><strong>U\u017cywa\u0107:<\/strong><\/h3>\n<ul>\n<li><strong>Sytuacje ratunkowe i awaryjne<\/strong> : Ten n\u00f3\u017c, wyposa\u017cony w przecinak do pas\u00f3w bezpiecze\u0144stwa i wybijak do szyb z w\u0119glika spiekanego, jest idealny dla ratownik\u00f3w, stra\u017cak\u00f3w i ka\u017cdej osoby znajduj\u0105cej si\u0119 w niebezpiecznych lub kryzysowych sytuacjach, w kt\u00f3rych konieczna jest szybka reakcja.<\/li>\n<li><strong>Do codziennego noszenia (EDC)<\/strong> : Sk\u0142adana konstrukcja i mechanizm bezpiecze\u0144stwa sprawiaj\u0105, \u017ce n\u00f3\u017c ten idealnie nadaje si\u0119 do codziennego noszenia, gdy chcesz mie\u0107 pod r\u0119k\u0105 niezawodne narz\u0119dzie do wykonywania r\u00f3\u017cnych zada\u0144.<\/li>\n<li><strong>Zastosowania taktyczne i wojskowe<\/strong> : Doskona\u0142e do zastosowa\u0144 wojskowych, policyjnych lub taktycznych, gdzie niezawodno\u015b\u0107 i szybkie otwieranie maj\u0105 kluczowe znaczenie.<\/li>\n<li><strong>Zaj\u0119cia na \u015bwie\u017cym powietrzu<\/strong> : N\u00f3\u017c \u015bwietnie sprawdzi si\u0119 r\u00f3wnie\u017c na kempingu, podczas pieszych w\u0119dr\u00f3wek i innych zaj\u0119\u0107 na \u015bwie\u017cym powietrzu, gdzie potrzebne jest niezawodne narz\u0119dzie do ci\u0119cia lub przygotowywania materia\u0142\u00f3w.<\/li>\n<\/ul>\n<h3><strong>Wniosek:<\/strong><\/h3>\n<p><strong>CRKT M16-14ZLEK<\/strong> to wytrzyma\u0142y i wielofunkcyjny n\u00f3\u017c przeznaczony do u\u017cytku profesjonalnego, szczeg\u00f3lnie w sytuacjach awaryjnych. \u0141\u0105czy w sobie doskona\u0142y design, wysokiej jako\u015bci materia\u0142y i specjalne funkcje, dzi\u0119ki kt\u00f3rym jest nieocenionym narz\u0119dziem dla ratownik\u00f3w, si\u0142 zbrojnych i do codziennego noszenia. Je\u015bli szukasz no\u017ca, kt\u00f3ry nie tylko zapewni Ci doskona\u0142e w\u0142a\u015bciwo\u015bci tn\u0105ce, ale tak\u017ce sprawdzi si\u0119 w sytuacjach awaryjnych, ten model b\u0119dzie dla Ciebie idealnym wyborem.  <\/p>\n<\/div>\n<\/div>\n<\/div>\n<\/div>\n<div class=\"mb-2 flex gap-3 empty:hidden -ml-2\">\n<div class=\"items-center justify-start rounded-xl p-1 flex\">\n<div class=\"flex items-center\"><\/div>\n<\/div>\n<\/div>\n<div class=\"pr-2 lg:pr-0\"><\/div>\n<\/div>\n<\/div>\n<\/div>\n<\/div>\n<\/article>\n<\/div>\n<\/div>\n<\/div>\n<\/div>\n<\/div>\n<p><iframe title=\"CRKT M16-14ZLEK Knife Designed by Kit Carson\" width=\"800\" height=\"450\" src=\"https:\/\/www.youtube.com\/embed\/fG33eU9Egpc?feature=oembed\" frameborder=\"0\" allow=\"accelerometer; autoplay; clipboard-write; encrypted-media; gyroscope; picture-in-picture; web-share\" referrerpolicy=\"strict-origin-when-cross-origin\" allowfullscreen><\/iframe><\/p>\n<p>&nbsp;<\/p>\n<p>&nbsp;<\/p>\n<p>&nbsp;<\/p>\n","protected":false},"excerpt":{"rendered":"<div class=\"flex max-w-full flex-col flex-grow\">\n<div class=\"min-h-8 text-message flex w-full flex-col items-end gap-2 whitespace-normal break-words text-start [.text-message+&amp;]:mt-5\" dir=\"auto\" data-message-author-role=\"assistant\" data-message-id=\"525b3088-61fc-4e8d-944e-1698c90937bf\" data-message-model-slug=\"gpt-4o-mini\">\n<div class=\"flex w-full flex-col gap-1 empty:hidden first:pt-[3px]\">\n<div class=\"markdown prose w-full break-words dark:prose-invert light\">\n<p><strong>CRKT M16-14ZLEK to wytrzyma\u0142y i wielofunkcyjny n\u00f3\u017c przeznaczony do u\u017cytku profesjonalnego, szczeg\u00f3lnie w sytuacjach awaryjnych. \u0141\u0105czy w sobie doskona\u0142y design, wysokiej jako\u015bci materia\u0142y i specjalne funkcje, dzi\u0119ki kt\u00f3rym jest nieocenionym narz\u0119dziem dla ratownik\u00f3w, si\u0142 zbrojnych i do codziennego noszenia. Je\u015bli szukasz no\u017ca, kt\u00f3ry nie tylko zapewni Ci doskona\u0142e w\u0142a\u015bciwo\u015bci tn\u0105ce, ale tak\u017ce sprawdzi si\u0119 w sytuacjach awaryjnych, ten model b\u0119dzie dla Ciebie idealnym wyborem.  <\/strong><\/p>\n<\/div>\n<\/div>\n<\/div>\n<\/div>\n<div class=\"mb-2 flex gap-3 empty:hidden -ml-2\">\n<div class=\"items-center justify-start rounded-xl p-1 flex\">\n<div class=\"flex items-center\"><\/div>\n<\/div>\n<\/div>\n<div class=\"pr-2 lg:pr-0\"><\/div>\n","protected":false},"featured_media":330940,"comment_status":"open","ping_status":"closed","template":"","meta":[],"pwb-brand":[3458],"product_brand":[],"product_cat":[3307,3296],"product_tag":[3671],"class_list":{"0":"post-330939","1":"product","2":"type-product","3":"status-publish","4":"has-post-thumbnail","6":"pwb-brand-crkt-pl","7":"product_cat-zamykanie-nozy","8":"product_cat-noze-pl","9":"product_tag-b2b-pl","11":"first","12":"instock","13":"taxable","14":"shipping-taxable","15":"purchasable","16":"product-type-simple"},"brands":[{"id":3458,"name":"CRKT","slug":"crkt-pl"}],"_links":{"self":[{"href":"https:\/\/www.moskito.cz\/pl\/wp-json\/wp\/v2\/product\/330939","targetHints":{"allow":["GET"]}}],"collection":[{"href":"https:\/\/www.moskito.cz\/pl\/wp-json\/wp\/v2\/product"}],"about":[{"href":"https:\/\/www.moskito.cz\/pl\/wp-json\/wp\/v2\/types\/product"}],"replies":[{"embeddable":true,"href":"https:\/\/www.moskito.cz\/pl\/wp-json\/wp\/v2\/comments?post=330939"}],"wp:featuredmedia":[{"embeddable":true,"href":"https:\/\/www.moskito.cz\/pl\/wp-json\/wp\/v2\/media\/330940"}],"wp:attachment":[{"href":"https:\/\/www.moskito.cz\/pl\/wp-json\/wp\/v2\/media?parent=330939"}],"wp:term":[{"taxonomy":"pwb-brand","embeddable":true,"href":"https:\/\/www.moskito.cz\/pl\/wp-json\/wp\/v2\/pwb-brand?post=330939"},{"taxonomy":"product_brand","embeddable":true,"href":"https:\/\/www.moskito.cz\/pl\/wp-json\/wp\/v2\/product_brand?post=330939"},{"taxonomy":"product_cat","embeddable":true,"href":"https:\/\/www.moskito.cz\/pl\/wp-json\/wp\/v2\/product_cat?post=330939"},{"taxonomy":"product_tag","embeddable":true,"href":"https:\/\/www.moskito.cz\/pl\/wp-json\/wp\/v2\/product_tag?post=330939"}],"curies":[{"name":"wp","href":"https:\/\/api.w.org\/{rel}","templated":true}]}}