{"id":331069,"date":"2022-08-21T20:54:07","date_gmt":"2024-04-12T12:28:00","guid":{"rendered":"https:\/\/www.moskito.cz\/produkt\/naprawiono-noz-crkt-minimalist-bowie-gears-2387g\/"},"modified":"2025-05-07T11:10:32","modified_gmt":"2025-05-07T10:10:32","slug":"naprawiono-noz-crkt-minimalist-bowie-gears-2387g","status":"publish","type":"product","link":"https:\/\/www.moskito.cz\/pl\/produkt\/naprawiono-noz-crkt-minimalist-bowie-gears-2387g\/","title":{"rendered":"Naprawiono n\u00f3\u017c CRKT MINIMALIST BOWIE GEARS 2387G"},"content":{"rendered":"<p>Naprawiono n\u00f3\u017c <strong>CRKT<\/strong> MINIMALIST BOWIE GEARS 2387G.<\/p>\n<p>Specjalnie zbudowany do wszystkiego, co wymaga ci\u0119cia.<\/p>\n<p>Ten kompaktowy n\u00f3\u017c ze sta\u0142ym ostrzem i solidnymi uchwytami jest nowo wyposa\u017cony w przek\u0142adnie wydrukowane w 3D, kt\u00f3re zawsze b\u0119d\u0105 rozpala\u0107 rozmowy przy ognisku. W lesie czy w gara\u017cu czuj\u0105 si\u0119 jak w domu.<br \/>\n\u015awiec\u0105ce w ciemno\u015bci uchwyt i etui<br \/>\nKompaktowa konstrukcja u\u0142atwiaj\u0105ca przenoszenie<br \/>\nPochwa spe\u0142nia funkcj\u0119 no\u017ca na szyj\u0119 lub mo\u017cna j\u0105 zawiesi\u0107 na pasku.<\/p>\n<p>SPECYFIKACJE<br \/>\nD\u0142ugo\u015b\u0107 ostrza 2,13 cala (53,98 mm)<br \/>\nOstrze proste<br \/>\nOstrze ze stali 8Cr13MoV<br \/>\nObr\u00f3bka powierzchni ostrza Satyna<br \/>\nGrubo\u015b\u0107 ostrza 0,11 cala (2,74 mm)<br \/>\nD\u0142ugo\u015b\u0107 ca\u0142kowita 130,18 mm (5,13 cala)<br \/>\nWaga 1,60 uncji (45,36 g)<br \/>\nR\u0119koje\u015b\u0107 Nylon wzmocniony szk\u0142em<br \/>\nStyl N\u00f3\u017c ze sta\u0142ym ostrzem i pochw\u0105<br \/>\nMateria\u0142 pow\u0142oki<\/p>\n","protected":false},"excerpt":{"rendered":"<p>Zaprojektowany przez Alana Foltsa w Melbourne na Florydzie.<\/p>\n","protected":false},"featured_media":331070,"comment_status":"open","ping_status":"closed","template":"","meta":[],"pwb-brand":[3458],"product_brand":[],"product_cat":[3296,3297],"product_tag":[3671],"class_list":{"0":"post-331069","1":"product","2":"type-product","3":"status-publish","4":"has-post-thumbnail","6":"pwb-brand-crkt-pl","7":"product_cat-noze-pl","8":"product_cat-solidne-noze","9":"product_tag-b2b-pl","11":"first","12":"outofstock","13":"taxable","14":"shipping-taxable","15":"purchasable","16":"product-type-simple"},"brands":[{"id":3458,"name":"CRKT","slug":"crkt-pl"}],"_links":{"self":[{"href":"https:\/\/www.moskito.cz\/pl\/wp-json\/wp\/v2\/product\/331069","targetHints":{"allow":["GET"]}}],"collection":[{"href":"https:\/\/www.moskito.cz\/pl\/wp-json\/wp\/v2\/product"}],"about":[{"href":"https:\/\/www.moskito.cz\/pl\/wp-json\/wp\/v2\/types\/product"}],"replies":[{"embeddable":true,"href":"https:\/\/www.moskito.cz\/pl\/wp-json\/wp\/v2\/comments?post=331069"}],"wp:featuredmedia":[{"embeddable":true,"href":"https:\/\/www.moskito.cz\/pl\/wp-json\/wp\/v2\/media\/331070"}],"wp:attachment":[{"href":"https:\/\/www.moskito.cz\/pl\/wp-json\/wp\/v2\/media?parent=331069"}],"wp:term":[{"taxonomy":"pwb-brand","embeddable":true,"href":"https:\/\/www.moskito.cz\/pl\/wp-json\/wp\/v2\/pwb-brand?post=331069"},{"taxonomy":"product_brand","embeddable":true,"href":"https:\/\/www.moskito.cz\/pl\/wp-json\/wp\/v2\/product_brand?post=331069"},{"taxonomy":"product_cat","embeddable":true,"href":"https:\/\/www.moskito.cz\/pl\/wp-json\/wp\/v2\/product_cat?post=331069"},{"taxonomy":"product_tag","embeddable":true,"href":"https:\/\/www.moskito.cz\/pl\/wp-json\/wp\/v2\/product_tag?post=331069"}],"curies":[{"name":"wp","href":"https:\/\/api.w.org\/{rel}","templated":true}]}}