{"id":331096,"date":"2019-10-01T14:32:49","date_gmt":"2024-04-12T12:46:29","guid":{"rendered":"https:\/\/www.moskito.cz\/produkt\/topor-crkt-woods-chogan-t-hawk-2730\/"},"modified":"2025-07-11T07:50:05","modified_gmt":"2025-07-11T06:50:05","slug":"topor-crkt-woods-chogan-t-hawk-2730","status":"publish","type":"product","link":"https:\/\/www.moskito.cz\/pl\/produkt\/topor-crkt-woods-chogan-t-hawk-2730\/","title":{"rendered":"Top\u00f3r CRKT Woods Chogan T-Hawk 2730"},"content":{"rendered":"<p>Top\u00f3r <strong>CRKT<\/strong> Woods Chogan T-Hawk 2730<\/p>\n<p>Zaprojektowany przez Ryana Johnsona z RMJ Taktycznego w Chattanooga w stanie Tennessee<br \/>\nZbuduj \u0142adne ognisko. Do diab\u0142a, zbuduj \u0142adn\u0105 chat\u0119.<\/p>\n<p>Dzi\u0119ki hikorowej r\u0119koje\u015bci, kutemu na gor\u0105co ostrzu i m\u0142otkowi, ten dwur\u0119czny top\u00f3r obozowy u\u0142atwia \u017cycie, gdy jeste\u015b poza sieci\u0105.<\/p>\n<p>Ryan Johnson z RMJ Taktyczne w Chattanooga, Tennessee zaprojektowa\u0142 Woods Chogan \u2122 T-Hawk. Specjalista w stosowaniu nowoczesnej in\u017cynierii do wielowiekowych koncepcji narz\u0119dzi i broni, ponownie podnosi stawk\u0119 dzi\u0119ki nowej linii tomahawk\u00f3w do u\u017cytku zewn\u0119trznego, kt\u00f3re hu\u015btaj\u0105 si\u0119 tak du\u017ce, jak otwarta dzicz, w kt\u00f3rej si\u0119 znajduj\u0105.<br \/>\nKuta wytrzyma\u0142o\u015b\u0107: stal w\u0119glowa 1055 zapewnia trwa\u0142o\u015b\u0107 i zachowanie kraw\u0119dzi<br \/>\nTrwa\u0142o\u015b\u0107: hikora Tennessee to g\u0119sty materia\u0142, kt\u00f3ry wytrzymuje intensywne u\u017cytkowanie<br \/>\nNarz\u0119dzie wielofunkcyjne: \u0142atwe roz\u0142upywanie drewna lub wbijanie palik\u00f3w namiotu<\/p>\n<p>SPECYFIKACJE<br \/>\nD\u0142ugo\u015b\u0107 ostrza 3,50 cala (88,90 mm)<br \/>\nOstrze siekiery z m\u0142otkiem<br \/>\nOstrze ze stali w\u0119glowej 1055<br \/>\nObr\u00f3bka powierzchni ostrza Przezroczysty lakier<br \/>\nGrubo\u015b\u0107 ostrza 0,52 cala (13,21 mm)<br \/>\nD\u0142ugo\u015b\u0107 ca\u0142kowita 19,00&#8243; (482,60 mm)<br \/>\nWaga 1,99 funta (0,90 kg)<br \/>\nR\u0119koje\u015b\u0107 z drewna hikorowego Tennessee<br \/>\nStyl Tomahawka<\/p>\n<p><iframe title=\"Chogan &amp; Kangee Woods T-Hawks | Designed by Ryan Johnson of RMJ Tactical\" width=\"800\" height=\"450\" src=\"https:\/\/www.youtube.com\/embed\/QlvDOLxr5S8?feature=oembed\" frameborder=\"0\" allow=\"accelerometer; autoplay; clipboard-write; encrypted-media; gyroscope; picture-in-picture; web-share\" referrerpolicy=\"strict-origin-when-cross-origin\" allowfullscreen><\/iframe><\/p>\n<p>&nbsp;<\/p>\n","protected":false},"excerpt":{"rendered":"<p>Zaprojektowany przez Ryana Johnsona z RMJ Taktycznego w Chattanooga w stanie Tennessee<\/p>\n","protected":false},"featured_media":166023,"comment_status":"open","ping_status":"closed","template":"","meta":[],"pwb-brand":[3458],"product_brand":[],"product_cat":[3296,3284],"product_tag":[3671],"class_list":{"0":"post-331096","1":"product","2":"type-product","3":"status-publish","4":"has-post-thumbnail","6":"pwb-brand-crkt-pl","7":"product_cat-noze-pl","8":"product_cat-osie","9":"product_tag-b2b-pl","11":"first","12":"outofstock","13":"taxable","14":"shipping-taxable","15":"purchasable","16":"product-type-simple"},"brands":[{"id":3458,"name":"CRKT","slug":"crkt-pl"}],"_links":{"self":[{"href":"https:\/\/www.moskito.cz\/pl\/wp-json\/wp\/v2\/product\/331096","targetHints":{"allow":["GET"]}}],"collection":[{"href":"https:\/\/www.moskito.cz\/pl\/wp-json\/wp\/v2\/product"}],"about":[{"href":"https:\/\/www.moskito.cz\/pl\/wp-json\/wp\/v2\/types\/product"}],"replies":[{"embeddable":true,"href":"https:\/\/www.moskito.cz\/pl\/wp-json\/wp\/v2\/comments?post=331096"}],"wp:featuredmedia":[{"embeddable":true,"href":"https:\/\/www.moskito.cz\/pl\/wp-json\/wp\/v2\/media\/166023"}],"wp:attachment":[{"href":"https:\/\/www.moskito.cz\/pl\/wp-json\/wp\/v2\/media?parent=331096"}],"wp:term":[{"taxonomy":"pwb-brand","embeddable":true,"href":"https:\/\/www.moskito.cz\/pl\/wp-json\/wp\/v2\/pwb-brand?post=331096"},{"taxonomy":"product_brand","embeddable":true,"href":"https:\/\/www.moskito.cz\/pl\/wp-json\/wp\/v2\/product_brand?post=331096"},{"taxonomy":"product_cat","embeddable":true,"href":"https:\/\/www.moskito.cz\/pl\/wp-json\/wp\/v2\/product_cat?post=331096"},{"taxonomy":"product_tag","embeddable":true,"href":"https:\/\/www.moskito.cz\/pl\/wp-json\/wp\/v2\/product_tag?post=331096"}],"curies":[{"name":"wp","href":"https:\/\/api.w.org\/{rel}","templated":true}]}}