{"id":331196,"date":"2021-07-29T22:11:44","date_gmt":"2024-04-12T13:09:59","guid":{"rendered":"https:\/\/www.moskito.cz\/produkt\/topor-crkt-berserker\/"},"modified":"2025-05-07T11:10:35","modified_gmt":"2025-05-07T10:10:35","slug":"topor-crkt-berserker","status":"publish","type":"product","link":"https:\/\/www.moskito.cz\/pl\/produkt\/topor-crkt-berserker\/","title":{"rendered":"Top\u00f3r CRKT BERSERKER"},"content":{"rendered":"<p>Top\u00f3r <strong>CRKT<\/strong> BERSERKER.<\/p>\n<p>Zaprojektowany przez Ryana Johnsona z RMJ Taktycznego w Chattanooga w stanie Tennessee<br \/>\nOkrzyk bojowy w formie topora.<\/p>\n<p>Sp\u00f3jrz na top\u00f3r w stylu Berserkera \u2122 \/ bur-zur-kr \/ w stylu Wiking\u00f3w, a wiesz, \u017ce nadejd\u0105 k\u0142opoty. D\u0142uga kraw\u0119d\u017a tn\u0105ca brodatego topora jest pot\u0119\u017cnym towarzyszem.<br \/>\nKute i wytrzyma\u0142e: stal w\u0119glowa 1055 zapewnia trwa\u0142o\u015b\u0107 i zachowanie kraw\u0119dzi<br \/>\nLepsza ochrona: Czarna pow\u0142oka poprawia odporno\u015b\u0107 na korozj\u0119<br \/>\nTrwa\u0142o\u015b\u0107: Hikora Tennessee to g\u0119sty materia\u0142, kt\u00f3ry wytrzymuje intensywne u\u017cytkowanie<br \/>\nWi\u0119cej ni\u017c siekanie: Broda na g\u0142\u00f3wce topora wykonuje wiele przydatnych zada\u0144 zwi\u0105zanych z ci\u0119ciem<\/p>\n<p>SPECYFIKACJE<br \/>\nD\u0142ugo\u015b\u0107 ostrza 4,65 cala (118,06 mm)<br \/>\nOstrze Ostrza Top\u00f3r z m\u0142otkiem<br \/>\nOstrze ze stali Stal w\u0119glowa 1055<br \/>\nWyko\u0144czenie ostrza Pow\u0142oka z fosforanu manganu<br \/>\nGrubo\u015b\u0107 ostrza 1,57 cala (39,95 mm)<br \/>\nWaga 0,94 kg<br \/>\nR\u0119koje\u015b\u0107 z drewna hikorowego Tennessee<br \/>\nStyl siekiery<\/p>\n<p>CRKT\u00ae (Columbia River Knife and Tool\u00ae) zosta\u0142a za\u0142o\u017cona w 1994 roku. Od pierwszego dnia na pierwszym miejscu stawia innowacyjno\u015b\u0107 i uczciwo\u015b\u0107. Jego zaanga\u017cowaniem jest tworzenie no\u017cy i narz\u0119dzi, kt\u00f3re inspiruj\u0105 i s\u0105 trwa\u0142e. Wsp\u00f3\u0142pracuje z najlepszymi projektantami na \u015bwiecie i kieruje si\u0119 prost\u0105 zasad\u0105: \u017ce najwspanialsz\u0105 rzecz\u0105, jak\u0105 mo\u017ce da\u0107 klientom, jest zaufanie do swoich r\u0105k.<\/p>\n","protected":false},"excerpt":{"rendered":"<p>CRKT Berserkerski top\u00f3r.<\/p>\n","protected":false},"featured_media":331198,"comment_status":"open","ping_status":"closed","template":"","meta":[],"pwb-brand":[3458],"product_brand":[],"product_cat":[3284],"product_tag":[3671],"class_list":{"0":"post-331196","1":"product","2":"type-product","3":"status-publish","4":"has-post-thumbnail","6":"pwb-brand-crkt-pl","7":"product_cat-osie","8":"product_tag-b2b-pl","10":"first","11":"instock","12":"taxable","13":"shipping-taxable","14":"purchasable","15":"product-type-simple"},"brands":[{"id":3458,"name":"CRKT","slug":"crkt-pl"}],"_links":{"self":[{"href":"https:\/\/www.moskito.cz\/pl\/wp-json\/wp\/v2\/product\/331196","targetHints":{"allow":["GET"]}}],"collection":[{"href":"https:\/\/www.moskito.cz\/pl\/wp-json\/wp\/v2\/product"}],"about":[{"href":"https:\/\/www.moskito.cz\/pl\/wp-json\/wp\/v2\/types\/product"}],"replies":[{"embeddable":true,"href":"https:\/\/www.moskito.cz\/pl\/wp-json\/wp\/v2\/comments?post=331196"}],"wp:featuredmedia":[{"embeddable":true,"href":"https:\/\/www.moskito.cz\/pl\/wp-json\/wp\/v2\/media\/331198"}],"wp:attachment":[{"href":"https:\/\/www.moskito.cz\/pl\/wp-json\/wp\/v2\/media?parent=331196"}],"wp:term":[{"taxonomy":"pwb-brand","embeddable":true,"href":"https:\/\/www.moskito.cz\/pl\/wp-json\/wp\/v2\/pwb-brand?post=331196"},{"taxonomy":"product_brand","embeddable":true,"href":"https:\/\/www.moskito.cz\/pl\/wp-json\/wp\/v2\/product_brand?post=331196"},{"taxonomy":"product_cat","embeddable":true,"href":"https:\/\/www.moskito.cz\/pl\/wp-json\/wp\/v2\/product_cat?post=331196"},{"taxonomy":"product_tag","embeddable":true,"href":"https:\/\/www.moskito.cz\/pl\/wp-json\/wp\/v2\/product_tag?post=331196"}],"curies":[{"name":"wp","href":"https:\/\/api.w.org\/{rel}","templated":true}]}}