{"id":331213,"date":"2023-09-28T09:05:04","date_gmt":"2024-04-12T13:10:54","guid":{"rendered":"https:\/\/www.moskito.cz\/produkt\/topor-crkt-odr-2753\/"},"modified":"2025-05-07T11:10:36","modified_gmt":"2025-05-07T10:10:36","slug":"topor-crkt-odr-2753","status":"publish","type":"product","link":"https:\/\/www.moskito.cz\/pl\/produkt\/topor-crkt-odr-2753\/","title":{"rendered":"Top\u00f3r CRKT Odr 2753"},"content":{"rendered":"<p>Top\u00f3r <strong>CRKT<\/strong> Odr 2753<\/p>\n<p>Multitool w toporze, zes\u0142any przez bog\u00f3w.<\/p>\n<p>Dzi\u0119ki wielofunkcyjnej g\u0142\u00f3wce, kt\u00f3ra ma standardowe ostrze topora po jednej stronie i kolec po drugiej, Odr\u2122 tnie jak top\u00f3r i tnie jak kilof. Jest to wszechstronne narz\u0119dzie, kt\u00f3re warto mie\u0107 pod r\u0119k\u0105 na obozie lub w domu, idealne do r\u0105bania drewna lub przebijania si\u0119 przez kamienisty grunt.<\/p>\n<p>Kuta wytrzyma\u0142o\u015b\u0107: stal w\u0119glowa 1055 zapewnia trwa\u0142o\u015b\u0107 i zachowanie kraw\u0119dzi<br \/>\nLepsza ochrona: Czarna pow\u0142oka poprawia odporno\u015b\u0107 na korozj\u0119<br \/>\nNarz\u0119dzie wielofunkcyjne: z \u0142atwo\u015bci\u0105 roz\u0142upuj drewno lub u\u017cyj ko\u0144c\u00f3wki do zada\u0144 penetracyjnych<br \/>\nTrwa\u0142o\u015b\u0107: hikora Tennessee to g\u0119sty materia\u0142, kt\u00f3ry wytrzymuje intensywne u\u017cytkowanie<br \/>\nPoddana obr\u00f3bce ogniowej: R\u0119koje\u015b\u0107 z hikory Tennessee jest wypalana w celu uzyskania ciemnej tekstury<\/p>\n<p>Rodzaj stali: Stal w\u0119glowa<br \/>\nMateria\u0142 ostrza: 1055<br \/>\nMateria\u0142 r\u0119koje\u015bci: drewno<br \/>\nEtui: bez etui<br \/>\nD\u0142ugo\u015b\u0107 ca\u0142kowita: 53,3 cm<br \/>\nWaga: 710 g<br \/>\nWyko\u0144czenie ostrza: czarne<\/p>\n<p>&nbsp;<\/p>\n<p>&nbsp;<\/p>\n","protected":false},"excerpt":{"rendered":"<p><strong>ProjektantElmer RoushBrasstown, Karolina P\u00f3\u0142nocna.<\/strong><\/p>\n<p><strong>Elmer sp\u0119dza\u0142 czas na polu bitwy. Ale obecnie to, co naprawd\u0119 go ekscytuje, to walka z gor\u0105c\u0105 stal\u0105 m\u0142otkiem jak kowal. Lubi r\u0119czne wykuwanie funkcjonalnych narz\u0119dzi kraw\u0119dziowych i wnosi ponad 40-letnie do\u015bwiadczenie do programu Forged By War\u2122. Jego specjalno\u015bci\u0105 s\u0105 topory oraz repliki historyczne takie jak topory Wiking\u00f3w. Cho\u0107 jego projekty wygl\u0105daj\u0105 nowocze\u015bnie, w rzeczywisto\u015bci opieraj\u0105 si\u0119 na narz\u0119dziach i przyrz\u0105dach sprzed tysi\u0119cy lat.<\/strong><\/p>\n<p>&nbsp;<\/p>\n","protected":false},"featured_media":331214,"comment_status":"open","ping_status":"closed","template":"","meta":[],"pwb-brand":[3458],"product_brand":[],"product_cat":[3284],"product_tag":[3671],"class_list":{"0":"post-331213","1":"product","2":"type-product","3":"status-publish","4":"has-post-thumbnail","6":"pwb-brand-crkt-pl","7":"product_cat-osie","8":"product_tag-b2b-pl","10":"first","11":"instock","12":"taxable","13":"shipping-taxable","14":"purchasable","15":"product-type-simple"},"brands":[{"id":3458,"name":"CRKT","slug":"crkt-pl"}],"_links":{"self":[{"href":"https:\/\/www.moskito.cz\/pl\/wp-json\/wp\/v2\/product\/331213","targetHints":{"allow":["GET"]}}],"collection":[{"href":"https:\/\/www.moskito.cz\/pl\/wp-json\/wp\/v2\/product"}],"about":[{"href":"https:\/\/www.moskito.cz\/pl\/wp-json\/wp\/v2\/types\/product"}],"replies":[{"embeddable":true,"href":"https:\/\/www.moskito.cz\/pl\/wp-json\/wp\/v2\/comments?post=331213"}],"wp:featuredmedia":[{"embeddable":true,"href":"https:\/\/www.moskito.cz\/pl\/wp-json\/wp\/v2\/media\/331214"}],"wp:attachment":[{"href":"https:\/\/www.moskito.cz\/pl\/wp-json\/wp\/v2\/media?parent=331213"}],"wp:term":[{"taxonomy":"pwb-brand","embeddable":true,"href":"https:\/\/www.moskito.cz\/pl\/wp-json\/wp\/v2\/pwb-brand?post=331213"},{"taxonomy":"product_brand","embeddable":true,"href":"https:\/\/www.moskito.cz\/pl\/wp-json\/wp\/v2\/product_brand?post=331213"},{"taxonomy":"product_cat","embeddable":true,"href":"https:\/\/www.moskito.cz\/pl\/wp-json\/wp\/v2\/product_cat?post=331213"},{"taxonomy":"product_tag","embeddable":true,"href":"https:\/\/www.moskito.cz\/pl\/wp-json\/wp\/v2\/product_tag?post=331213"}],"curies":[{"name":"wp","href":"https:\/\/api.w.org\/{rel}","templated":true}]}}