{"id":331253,"date":"2022-09-17T13:30:02","date_gmt":"2024-04-12T13:28:23","guid":{"rendered":"https:\/\/www.moskito.cz\/produkt\/naprawiony-noz-crkt-sting-2020\/"},"modified":"2025-05-07T11:10:37","modified_gmt":"2025-05-07T10:10:37","slug":"naprawiony-noz-crkt-sting-2020","status":"publish","type":"product","link":"https:\/\/www.moskito.cz\/pl\/produkt\/naprawiony-noz-crkt-sting-2020\/","title":{"rendered":"Naprawiony n\u00f3\u017c CRKT STING 2020"},"content":{"rendered":"<p>Naprawiony n\u00f3\u017c <strong>CRKT<\/strong> STING 2020.<\/p>\n<p>To ostrze zosta\u0142o zaprojektowane do chodzenia.<\/p>\n<p>N\u00f3\u017c taktyczny o sta\u0142ym ostrzu, z dwoma ostrzami i jednym solidnym kawa\u0142kiem stali kutej na gor\u0105co, zna swoje miejsce &#8211; przypi\u0119ty do buta.<\/p>\n<p>Stworzony przez AG Russella z Rogers w AR, Sting\u2122 ukazuje dba\u0142o\u015b\u0107 o szczeg\u00f3\u0142y jednego z wynalazc\u00f3w nowoczesnego przemys\u0142u no\u017cy. Przecie\u017c pomimo wszystkich swoich nagr\u00f3d i osi\u0105gni\u0119\u0107 jest przede wszystkim tw\u00f3rc\u0105 no\u017cy na zam\u00f3wienie.<\/p>\n<p>Praktycznie niezniszczalne ostrze w\u0142\u00f3czni zaczyna \u017cycie jako zwyk\u0142y blank ze stali w\u0119glowej 1055, podobnej do stopu stosowanego w tradycyjnych mieczach samurajskich. Nast\u0119pnie jest kuty na gor\u0105co i precyzyjnie szlifowany do ostatecznego kszta\u0142tu. Podw\u00f3jne ostrza zapewniaj\u0105 podw\u00f3jn\u0105 ochron\u0119 i podw\u00f3jn\u0105 pozycj\u0119. Nast\u0119pnie nak\u0142adamy czarn\u0105, nieodblaskow\u0105 pow\u0142ok\u0119 proszkow\u0105, aby zapewni\u0107 odporno\u015b\u0107 na korozj\u0119 w \u015brodowiskach taktycznych tak wymagaj\u0105cych jak Twoje.<\/p>\n<p>Chwy\u0107 uchwyt i poczuj, jak jest idealnie dopasowany do Twojej go\u0142ej d\u0142oni lub w r\u0119kawiczce. Zwr\u00f3\u0107 uwag\u0119 na jego wysoko\u015b\u0107, r\u00f3wnowag\u0119 i ograniczniki kciuka do chwytania. Jest nawet du\u017cy otw\u00f3r na smycz, dzi\u0119ki czemu mo\u017cna go u\u017cywa\u0107 ze smycz\u0105 na nadgarstku lub nosi\u0107 jak n\u00f3\u017c na szyi. Je\u015bli chodzi o obron\u0119, to ostrze oznacza biznes.<\/p>\n<p>CRKT\u00ae Sting\u2122 jest wyposa\u017cony w niestandardowy, pikowany nylonowy futera\u0142 z nylonow\u0105 wk\u0142adk\u0105 wzmocnion\u0105 w\u0142\u00f3knem szklanym i opcjonalnym paskiem do wszechstronnego mocowania sprz\u0119tu lub klipsem do mocowania do paska, plecaka lub buta. Gdziekolwiek znajduje si\u0119 na Twoim urz\u0105dzeniu, nie pozostanie tam d\u0142ugo.<\/p>\n<p>Zapnij go i zabierz w ka\u017cd\u0105 sytuacj\u0119. Jest gotowy do walki w ka\u017cdym \u015brodowisku.<\/p>\n<p>SPECYFIKACJE<br \/>\nD\u0142ugo\u015b\u0107 ostrza 3,32 cala (84,40 mm)<br \/>\nOstrze proste<br \/>\nOstrze ze stali w\u0119glowej 1055<br \/>\nObr\u00f3bka powierzchni ostrza Farba w sprayu<br \/>\nGrubo\u015b\u0107 ostrza 0,16 cala (4,01 mm)<br \/>\nD\u0142ugo\u015b\u0107 ca\u0142kowita 6,94 cala (176,23 mm)<br \/>\nWaga 4,80 uncji (136,08 g)<br \/>\nR\u0119koje\u015b\u0107 ze stali w\u0119glowej 1055<br \/>\nStyl N\u00f3\u017c ze sta\u0142ym ostrzem i pochw\u0105<br \/>\nMateria\u0142 pow\u0142oki Nylon wzmocniony szk\u0142em<br \/>\nMasa skorupy 2,60 uncji. (73,71 g)<\/p>\n<p><iframe title=\"Sting Knife | by A.G. Russell\" width=\"800\" height=\"450\" src=\"https:\/\/www.youtube.com\/embed\/D5Ih6atIPBo?feature=oembed\" frameborder=\"0\" allow=\"accelerometer; autoplay; clipboard-write; encrypted-media; gyroscope; picture-in-picture; web-share\" referrerpolicy=\"strict-origin-when-cross-origin\" allowfullscreen><\/iframe><\/p>\n<p>&nbsp;<\/p>\n","protected":false},"excerpt":{"rendered":"<p>Zaprojektowany przez AG Russell w Rogers, Arkansas.<\/p>\n","protected":false},"featured_media":331258,"comment_status":"open","ping_status":"closed","template":"","meta":[],"pwb-brand":[3458],"product_brand":[],"product_cat":[3297,3296],"product_tag":[3671],"class_list":{"0":"post-331253","1":"product","2":"type-product","3":"status-publish","4":"has-post-thumbnail","6":"pwb-brand-crkt-pl","7":"product_cat-solidne-noze","8":"product_cat-noze-pl","9":"product_tag-b2b-pl","11":"first","12":"outofstock","13":"taxable","14":"shipping-taxable","15":"purchasable","16":"product-type-simple"},"brands":[{"id":3458,"name":"CRKT","slug":"crkt-pl"}],"_links":{"self":[{"href":"https:\/\/www.moskito.cz\/pl\/wp-json\/wp\/v2\/product\/331253","targetHints":{"allow":["GET"]}}],"collection":[{"href":"https:\/\/www.moskito.cz\/pl\/wp-json\/wp\/v2\/product"}],"about":[{"href":"https:\/\/www.moskito.cz\/pl\/wp-json\/wp\/v2\/types\/product"}],"replies":[{"embeddable":true,"href":"https:\/\/www.moskito.cz\/pl\/wp-json\/wp\/v2\/comments?post=331253"}],"wp:featuredmedia":[{"embeddable":true,"href":"https:\/\/www.moskito.cz\/pl\/wp-json\/wp\/v2\/media\/331258"}],"wp:attachment":[{"href":"https:\/\/www.moskito.cz\/pl\/wp-json\/wp\/v2\/media?parent=331253"}],"wp:term":[{"taxonomy":"pwb-brand","embeddable":true,"href":"https:\/\/www.moskito.cz\/pl\/wp-json\/wp\/v2\/pwb-brand?post=331253"},{"taxonomy":"product_brand","embeddable":true,"href":"https:\/\/www.moskito.cz\/pl\/wp-json\/wp\/v2\/product_brand?post=331253"},{"taxonomy":"product_cat","embeddable":true,"href":"https:\/\/www.moskito.cz\/pl\/wp-json\/wp\/v2\/product_cat?post=331253"},{"taxonomy":"product_tag","embeddable":true,"href":"https:\/\/www.moskito.cz\/pl\/wp-json\/wp\/v2\/product_tag?post=331253"}],"curies":[{"name":"wp","href":"https:\/\/api.w.org\/{rel}","templated":true}]}}