{"id":331305,"date":"2023-12-04T21:27:10","date_gmt":"2024-04-12T13:36:51","guid":{"rendered":"https:\/\/www.moskito.cz\/produkt\/noz-skladany-spyderco-leafjumper-c262sblk390\/"},"modified":"2025-05-07T11:10:38","modified_gmt":"2025-05-07T10:10:38","slug":"noz-skladany-spyderco-leafjumper-c262sblk390","status":"publish","type":"product","link":"https:\/\/www.moskito.cz\/pl\/produkt\/noz-skladany-spyderco-leafjumper-c262sblk390\/","title":{"rendered":"N\u00f3\u017c sk\u0142adany Spyderco LeafJumper C262SBLK390"},"content":{"rendered":"<p>N\u00f3\u017c sk\u0142adany <strong>Spyderco<\/strong> LeafJumper C262SBLK390<\/p>\n<p>Wsp\u00f3\u0142za\u0142o\u017cyciel <strong>Spyderco<\/strong> , Sal Glesser, zawsze by\u0142 bardzo zainteresowany projektowaniem no\u017cy spe\u0142niaj\u0105cych okre\u015blone kryteria wydajno\u015bci. Jego niesamowita umiej\u0119tno\u015b\u0107 zrozumienia i identyfikacji potrzeb u\u017cytkownik\u00f3w ko\u0144cowych doprowadzi\u0142a do powstania kilku z najbardziej kultowych projekt\u00f3w <strong>Spyderco<\/strong> , w tym Mariner, Police Model, Civilian, Military, Rescue i Assist, \u017ceby wymieni\u0107 tylko kilka.<\/p>\n<p>Nowszym przyk\u0142adem specyficznego podej\u015bcia Salo do konstrukcji no\u017cy jest RockJumper, kt\u00f3ry stworzy\u0142, aby sprosta\u0107 wymagaj\u0105cym wymaganiom entuzjast\u00f3w outdooru i wspinaczy. Wprowadzony w 2020 roku RockJumper nie tylko zyska\u0142 oddanych fan\u00f3w, ale tak\u017ce zainspirowa\u0142 popyt na wersj\u0119 z bardziej konwencjonalnym kszta\u0142tem ostrza. Najnowszy projekt Sala, LeafJumper, odpowiada na to wezwanie.<\/p>\n<p>Ewolucja designu<\/p>\n<p>Celem Sal przy projektowaniu RockJumpera by\u0142o stworzenie lekkiego, sk\u0142adanego no\u017ca, kt\u00f3ry zapewnia imponuj\u0105c\u0105 wydajno\u015b\u0107 ci\u0119cia i szybk\u0105, obur\u0119czn\u0105 obs\u0142ug\u0119 jedn\u0105 r\u0119k\u0105. Aby osi\u0105gn\u0105\u0107 to w wygodnym i \u0142atwym do przenoszenia opakowaniu, zmodyfikowa\u0142 projekt, aby dopasowa\u0107 go do idealnego \u201e\u015brodka\u201d pomi\u0119dzy lekkimi plecakami Delica 4 i Endura 4, jednocze\u015bnie zapewniaj\u0105c te same sprawdzone funkcje i korzy\u015bci.<\/p>\n<p>Wiele charakterystycznych cech modeli Delica 4 i Endura 4 mo\u017cna znale\u017a\u0107 w konstrukcji uchwyt\u00f3w. Ich lekkie, ergonomiczne uchwyty zbudowane s\u0105 na konstrukcji ze stali nierdzewnej. Wk\u0142adki maj\u0105 szkielet, kt\u00f3ry zmniejsza wag\u0119 i zapewnia imponuj\u0105c\u0105 wytrzyma\u0142o\u015b\u0107 konstrukcyjn\u0105 no\u017cy, wspieraj\u0105c ich solidny mechanizm tylnej blokady i zapewniaj\u0105c solidne punkty mocowania dla czteropozycyjnych klips\u00f3w kieszeniowych. Wk\u0142adki s\u0105 wykonane z wytrzyma\u0142ego, formowanego wtryskowo nylonu wzmocnionego w\u0142\u00f3knem szklanym (FRN) i posiadaj\u0105 charakterystyczny dla Spyderco dwukierunkowy wz\u00f3r tekstury zapewniaj\u0105cy pewny, antypo\u015blizgowy chwyt. Dopasowane tylne elementy dystansowe FRN zwi\u0119kszaj\u0105 wytrzyma\u0142o\u015b\u0107 i mocuj\u0105 spr\u0119\u017cyny, tworz\u0105c mechanizm blokady tylnego ostrza, kt\u00f3ry mo\u017cna \u0142atwo obs\u0142ugiwa\u0107 obiema r\u0119kami.<\/p>\n<p>Wszystkie te funkcje s\u0105 wiernie wbudowane w r\u0119koje\u015b\u0107 RockJumpera, kt\u00f3ra ma szeroki profil, kt\u00f3ry rozszerza si\u0119 na obu ko\u0144cach i \u201estabilizuje\u201d d\u0142o\u0144 u\u017cytkownika, zapewniaj\u0105c bezpieczniejszy chwyt. Konstrukcja z wype\u0142nieniem r\u0119cznym le\u017cy r\u00f3wnie\u017c p\u0142asko na d\u0142oni, co pozwala na instynktown\u0105 orientacj\u0119 dotykow\u0105 p\u0142aszczyzny i kraw\u0119dzi ostrza. Poniewa\u017c wielu entuzjast\u00f3w outdooru i wspinaczy lubi u\u017cywa\u0107 lin zabezpieczaj\u0105cych na swoich no\u017cach, na tylnym ko\u0144cu r\u0119koje\u015bci znajduje si\u0119 r\u00f3wnie\u017c du\u017cy otw\u00f3r na lin\u0119.<\/p>\n<p>W \u201eko\u0144cu biznesowym\u201d RockJumper posiada ca\u0142kowicie szlifowane ostrze ze stali nierdzewnej VG-10 o klasycznym profilu Wharncliffe. Grzbiet ostrza wygina si\u0119 z wdzi\u0119kiem, aby po\u0142\u0105czy\u0107 si\u0119 z idealnie prost\u0105 kraw\u0119dzi\u0105 w wyj\u0105tkowo ostrym punkcie. Rezultatem jest ostrze, kt\u00f3re oferuje wszystko, od precyzji skalpela po ekstremaln\u0105 si\u0142\u0119 ci\u0119cia w jednym pakiecie. Dost\u0119pny w r\u00f3\u017cnych konfiguracjach PlainEdge lub w pe\u0142ni z\u0105bkowanych SpyderEdge, z dum\u0105 posiada w pe\u0142ni dost\u0119pny okr\u0105g\u0142y otw\u00f3r umo\u017cliwiaj\u0105cy \u0142atwe otwieranie jedn\u0105 r\u0119k\u0105.<\/p>\n<p>Odwr\u00f3cenie nowego skrzyd\u0142a<\/p>\n<p>Chocia\u017c kszta\u0142t ostrza Wharncliffe jest niezwykle praktyczny i wszechstronny, niekt\u00f3rzy u\u017cytkownicy no\u017cy wol\u0105 bardziej \u201ebrzuch\u201d od ostrzy i mocniejsz\u0105 ko\u0144c\u00f3wk\u0119, kt\u00f3ra znajduje si\u0119 bli\u017cej linii \u015brodkowej no\u017ca. Aby dostosowa\u0107 si\u0119 do tych preferencji, Sal zdecydowa\u0142 si\u0119 wyposa\u017cy\u0107 r\u0119koje\u015b\u0107 RockJumper w szerokie ostrze w kszta\u0142cie li\u015bcia i tak narodzi\u0142 si\u0119 LeafJumper.<\/p>\n<p>Jak sama nazwa wskazuje, cech\u0105 charakterystyczn\u0105 LeafJumpera jest kszta\u0142t ostrza, kt\u00f3ry przypomina symetryczny profil li\u015bcia bambusa. Chocia\u017c ten kszta\u0142t by\u0142 standardem od czasu wynalezienia przez cz\u0142owieka pierwszych no\u017cy 2,5 miliona lat temu, firma Spyderco jest prawdopodobnie najbardziej znana z prezentowania go w nowoczesnych projektach no\u017cy sk\u0142adanych. Manix 2 i Manix 2 XL, UK Penknife, rodzina Chaparral, Caly 3.5 i Lil&#8217; Temperance 3 Lightweight s\u0105 tego dowodem.<\/p>\n<p>Dost\u0119pne w r\u00f3\u017cnych formatach PlainEdge lub w pe\u0142ni z\u0105bkowanych SpyderEdge, ostrze LeafJumper jest dzie\u0142em sztuki. Jego w pe\u0142ni dost\u0119pny, charakterystyczny okr\u0105g\u0142y otw\u00f3r potwierdza rodow\u00f3d no\u017ca Spyderco i pozwala na szybkie i niezawodne otwieranie jedn\u0105 r\u0119k\u0105, obiema r\u0119kami. Podobnie jak RockJumper, ostrze LeafJumper ma minimalne ricasso (niesfazowany obszar o pe\u0142nej grubo\u015bci najbli\u017cej r\u0119koje\u015bci), co zapewnia maksymaln\u0105 d\u0142ugo\u015b\u0107 ostrza. Dzia\u0142a to w po\u0142\u0105czeniu z udoskonalon\u0105 ergonomi\u0105 r\u0119koje\u015bci, aby ustawi\u0107 d\u0142o\u0144 dalej do przodu i zapewni\u0107 wi\u0119ksz\u0105 wydajno\u015b\u0107 ci\u0119cia w pobli\u017cu pi\u0119ty ostrza, najbli\u017cej r\u0119koje\u015bci. Ca\u0142kowicie p\u0142askie i pi\u0119knie satynowe wyko\u0144czenie zapewniaj\u0105ce niskie tarcie podczas ci\u0119cia, lekko uniesiona kraw\u0119d\u017a ostrza unosi czubek i wyr\u00f3wnuje go do \u015brodkowej osi no\u017ca. Podniesienie ko\u0144c\u00f3wki r\u00f3wnie\u017c j\u0105 pogrubia i wzmacnia, dzi\u0119ki czemu lepiej nadaje si\u0119 do piercingu i innych zada\u0144 punktowych.<\/p>\n<p>Z wyj\u0105tkiem naniesionej nazwy, uchwyt LeafJumper jest dok\u0142adnie taki sam jak RockJumper i wiernie zapewnia te same korzy\u015bci. Zbudowany na konstrukcji szkieletowych wk\u0142adek ze stali nierdzewnej, szeroki uchwyt do r\u0119cznego \u0142adowania jest wyposa\u017cony w skal\u0119 FRN, formowan\u0105 tyln\u0105 wk\u0142adk\u0119 FRN i solidny mechanizm blokady tylnej z funkcj\u0105 samozamykania. Wagi FRN posiadaj\u0105 nasz dwukierunkowy wz\u00f3r teksturowany o wysokiej przyczepno\u015bci, kt\u00f3ry zapewnia pewny, antypo\u015blizgowy chwyt nawet w najbardziej wymagaj\u0105cych warunkach. Aby zapewni\u0107 \u0142atwe przenoszenie i zapewni\u0107, \u017ce n\u00f3\u017c b\u0119dzie gotowy do natychmiastowego dost\u0119pu, r\u0119koje\u015b\u0107 posiada czteropozycyjny klips do kieszeni w kszta\u0142cie klepsydry, kt\u00f3ry mo\u017cna skonfigurowa\u0107 tak, aby lewy lub prawy bok by\u0142 g\u00f3rny lub dolny. Dla u\u017cytkownik\u00f3w, kt\u00f3rzy preferuj\u0105 dodatkowe bezpiecze\u0144stwo w postaci smyczy i smyczy bezpiecze\u0144stwa, w tylnej cz\u0119\u015bci r\u0119koje\u015bci znajduje si\u0119 du\u017cy otw\u00f3r na smycz. Razem te cechy sprawiaj\u0105, \u017ce konstrukcja LeafJumpera jest ca\u0142kowicie symetryczna, dzi\u0119ki czemu ka\u017cdy aspekt jego noszenia, rozk\u0142adania i obs\u0142ugi jest ca\u0142kowicie obur\u0119czny.<\/p>\n<p>Zainspirowany oryginalnym projektem RockJumper Sal Glessera, LeafJumper to \u015bredniej wielko\u015bci n\u00f3\u017c sk\u0142adany typu backlock z szerokim, ergonomicznym uchwytem i wszechstronnym ostrzem w kszta\u0142cie li\u015bcia. Ten elitarny wyraz dope\u0142nia design ostrzem wykonanym ze stali Bohler K390. Najnowocze\u015bniejsza stal narz\u0119dziowa, zbudowana tak, aby wytrzyma\u0107 trudy przemys\u0142owego ci\u0119cia, wykrawania i wykrawania, K390 zapewnia wyj\u0105tkow\u0105 wytrzyma\u0142o\u015b\u0107 i zachowanie kraw\u0119dzi, gdy jest stosowana na ostrza no\u017ca. R\u0119koje\u015b\u0107 FRN K390 LeafJumper jest uformowana w charakterystycznym niebieskim kolorze zarezerwowanym dla elitarnej rodziny no\u017cy Spyderco K390.<\/p>\n<p>LeafJumper to imponuj\u0105ce narz\u0119dzie tn\u0105ce, kt\u00f3re wykorzystuje wszystkie sprawdzone funkcje RockJumper i wyra\u017ca je zaletami ostrza w kszta\u0142cie li\u015bcia. Je\u015bli szukasz \u015bredniej wielko\u015bci no\u017ca sk\u0142adanego, kt\u00f3ry oferuje zar\u00f3wno nies\u0142abn\u0105c\u0105 wydajno\u015b\u0107, jak i kultowy styl Spyderco, nie szukaj dalej.<\/p>\n<p>Dane techniczne<br \/>\nD\u0142ugo\u015b\u0107 ostrza: 7,8 cm<br \/>\nD\u0142ugo\u015b\u0107 po zamkni\u0119ciu: 11,3 cm<br \/>\nD\u0142ugo\u015b\u0107 ca\u0142kowita: 19,1 cm<br \/>\nGrubo\u015b\u0107 ostrza: 0,3 cm<br \/>\nMateria\u0142 ostrza: stal narz\u0119dziowa Bohler K390<br \/>\nStyl ostrza: kszta\u0142t li\u015bcia<br \/>\nSzlif ostrza: Ca\u0142kowicie p\u0142aski<br \/>\nObr\u00f3bka powierzchni ostrza: satyna<br \/>\nKraw\u0119d\u017a ostrza: z\u0105bkowana<br \/>\nMateria\u0142 r\u0119koje\u015bci: FRN<br \/>\nKolor uchwytu: niebieski<br \/>\nMechanizm blokuj\u0105cy: Lockback<br \/>\nKieszonkowy klips: stal nierdzewna (przechylanie w g\u00f3r\u0119\/w d\u00f3\u0142, noszenie w prawo\/lewo)<br \/>\nNumer modelu: C262SBLK390<br \/>\nNazwa modelu: LeafJumper K390<br \/>\nProjektant: Sal Glesser<br \/>\nWaga: 85 g<br \/>\nWykonane w Japonii<\/p>\n","protected":false},"excerpt":{"rendered":"<p><strong>Wsp\u00f3\u0142za\u0142o\u017cyciel Spyderco, Sal Glesser, zawsze by\u0142 bardzo zainteresowany projektowaniem no\u017cy spe\u0142niaj\u0105cych okre\u015blone kryteria wydajno\u015bci.<\/strong><\/p>\n<p><strong>Bezp\u0142atny transport.<\/strong><\/p>\n","protected":false},"featured_media":331306,"comment_status":"open","ping_status":"closed","template":"","meta":[],"pwb-brand":[3432],"product_brand":[],"product_cat":[3296,3307],"product_tag":[3671],"class_list":{"0":"post-331305","1":"product","2":"type-product","3":"status-publish","4":"has-post-thumbnail","6":"pwb-brand-spyderco-pl","7":"product_cat-noze-pl","8":"product_cat-zamykanie-nozy","9":"product_tag-b2b-pl","11":"first","12":"instock","13":"taxable","14":"shipping-taxable","15":"purchasable","16":"product-type-simple"},"brands":[{"id":3432,"name":"Spyderco","slug":"spyderco-pl"}],"_links":{"self":[{"href":"https:\/\/www.moskito.cz\/pl\/wp-json\/wp\/v2\/product\/331305","targetHints":{"allow":["GET"]}}],"collection":[{"href":"https:\/\/www.moskito.cz\/pl\/wp-json\/wp\/v2\/product"}],"about":[{"href":"https:\/\/www.moskito.cz\/pl\/wp-json\/wp\/v2\/types\/product"}],"replies":[{"embeddable":true,"href":"https:\/\/www.moskito.cz\/pl\/wp-json\/wp\/v2\/comments?post=331305"}],"wp:featuredmedia":[{"embeddable":true,"href":"https:\/\/www.moskito.cz\/pl\/wp-json\/wp\/v2\/media\/331306"}],"wp:attachment":[{"href":"https:\/\/www.moskito.cz\/pl\/wp-json\/wp\/v2\/media?parent=331305"}],"wp:term":[{"taxonomy":"pwb-brand","embeddable":true,"href":"https:\/\/www.moskito.cz\/pl\/wp-json\/wp\/v2\/pwb-brand?post=331305"},{"taxonomy":"product_brand","embeddable":true,"href":"https:\/\/www.moskito.cz\/pl\/wp-json\/wp\/v2\/product_brand?post=331305"},{"taxonomy":"product_cat","embeddable":true,"href":"https:\/\/www.moskito.cz\/pl\/wp-json\/wp\/v2\/product_cat?post=331305"},{"taxonomy":"product_tag","embeddable":true,"href":"https:\/\/www.moskito.cz\/pl\/wp-json\/wp\/v2\/product_tag?post=331305"}],"curies":[{"name":"wp","href":"https:\/\/api.w.org\/{rel}","templated":true}]}}