{"id":331340,"date":"2022-09-17T14:10:35","date_gmt":"2024-04-12T13:38:25","guid":{"rendered":"https:\/\/www.moskito.cz\/produkt\/solidny-noz-crkt-clever-girl-2709\/"},"modified":"2025-05-07T11:10:39","modified_gmt":"2025-05-07T10:10:39","slug":"solidny-noz-crkt-clever-girl-2709","status":"publish","type":"product","link":"https:\/\/www.moskito.cz\/pl\/produkt\/solidny-noz-crkt-clever-girl-2709\/","title":{"rendered":"Solidny n\u00f3\u017c CRKT CLEVER GIRL 2709"},"content":{"rendered":"<p>Solidny n\u00f3\u017c <strong>CRKT<\/strong> CLEVER GIRL 2709.<\/p>\n<p>Kute, aby wygl\u0105da\u0107 jak najlepiej, gdy robi si\u0119 brzydko. Kiedy znajdujesz si\u0119 w mrocznej sytuacji bojowej, nie chcesz mi\u0142ego \u015brodowiska CQB. Chcesz czego\u015b, co mo\u017cesz szybko narysowa\u0107 i u\u017cywa\u0107 instynktownie. Poznaj n\u00f3\u017c taktyczny Clever Girl\u2122 z podwy\u017cszonym ostrzem i sta\u0142ym ostrzem.<\/p>\n<p>W ramach programu Forged By War\u00ae Austin McGlaun z Columbus w stanie Georgia zaprojektowa\u0142 Clever Girl\u2122. Jest to zgodne z jego filozofi\u0105, \u017ce n\u00f3\u017c to co\u015b wi\u0119cej ni\u017c narz\u0119dzie. Jest to psychologiczny \u015brodek odstraszaj\u0105cy, kt\u00f3ry bardzo r\u00f3\u017cni si\u0119 od broni palnej. To bardzo szybko poinformuje atakuj\u0105cego, \u017ce m\u00f3wisz powa\u017cnie. Clever Girl\u2122 zosta\u0142a stworzona, aby\u015b m\u00f3g\u0142 j\u0105 chwyci\u0107, wykorzysta\u0107 w razie potrzeby, a nast\u0119pnie wr\u00f3ci\u0107 do domu, do swojej rodziny.<\/p>\n<p>Z czarnym, malowanym proszkowo ostrzem, jest to n\u00f3\u017c, w kt\u00f3rym najwa\u017cniejsza jest funkcjonalno\u015b\u0107. Jest tutaj, aby ci\u0119 chroni\u0107 i sprowadzi\u0107 \u017bo\u0142nierza do domu po zako\u0144czeniu patrolu \u2013 czy to w terenie, na misji, czy w stresuj\u0105cym \u015brodowisku. Wystarczy chwyci\u0107 solidny uchwyt G10, kt\u00f3ry zapewnia wyj\u0105tkowy chwyt, i wyci\u0105gn\u0105\u0107 go z etui. Nast\u0119pnie pozw\u00f3l swojemu cia\u0142u dzia\u0142a\u0107 na autopilocie.<\/p>\n<p>Nie chcesz, \u017ceby \u0142adna dziewczyna patrzy\u0142 na twoje plecy, gdy walczysz o \u017cycie. Chcesz Clever Girl\u2122.<\/p>\n<p>O firmie Forged By War\u00ae<\/p>\n<p>W 2013 roku Ryan Johnson z RMJ Taktyczne, projektant elitarnych, wojskowych i taktycznych tomahawk\u00f3w, zwr\u00f3ci\u0142 si\u0119 do CRKT\u00ae z wiadomo\u015bci\u0105, \u017ce wsp\u00f3\u0142pracowa\u0142 z kilkoma weteranami wojennymi, kt\u00f3rzy wr\u00f3cili z wojny z r\u00f3\u017cnym stopniem stresu pourazowego (PTS). .<\/p>\n<p>Aby pom\u00f3c im pokona\u0107 wyzwania, zaprojektowali i przekuli stal na w\u0142asne narz\u0119dzia. Bazuj\u0105c na swoim do\u015bwiadczeniu zdobytym w sytuacjach bojowych, stworzyli narz\u0119dzia, kt\u00f3re chcieli mie\u0107 dost\u0119pne na polu bitwy.<\/p>\n<p>CRKT\u00ae bardzo troszczy si\u0119 o naszych powracaj\u0105cych weteran\u00f3w i znale\u017ali\u015bmy spos\u00f3b, aby odwdzi\u0119czy\u0107 si\u0119 spo\u0142eczno\u015bci, kt\u00f3ra ich stworzy\u0142a. W 2016 roku uruchomili\u015bmy program Forged By War\u00ae.<\/p>\n<p>S\u0105 to narz\u0119dzia gotowe do realizacji misji, zaprojektowane przez weteran\u00f3w, a cz\u0119\u015b\u0107 dochod\u00f3w przekazywana na wybran\u0105 przez weteran\u00f3w organizacj\u0119 charytatywn\u0105.<\/p>\n<p>SPECYFIKACJE<br \/>\nD\u0142ugo\u015b\u0107 ostrza 4,60 cala (116,84 mm)<br \/>\nOstrze proste<br \/>\nOstrze ze stali SK-5<br \/>\nObr\u00f3bka powierzchni ostrza proszkowo<br \/>\nGrubo\u015b\u0107 ostrza 0,16 cala (4,01 mm)<br \/>\nD\u0142ugo\u015b\u0107 ca\u0142kowita 10,13 cala (257,18 mm)<br \/>\nWaga 6,30 uncji (178,60 g)<br \/>\nR\u0119koje\u015b\u0107 G10<br \/>\nStyl N\u00f3\u017c ze sta\u0142ym ostrzem i pochw\u0105<br \/>\nMateria\u0142 skorupy Termoplastyczny<br \/>\nMasa skorupy 1,60 uncji (45,36 g)<\/p>\n<p><iframe title=\"Forged By War:  Clever Girl Knife by Austin McGlaun\" width=\"800\" height=\"450\" src=\"https:\/\/www.youtube.com\/embed\/mquAgNleDpc?feature=oembed\" frameborder=\"0\" allow=\"accelerometer; autoplay; clipboard-write; encrypted-media; gyroscope; picture-in-picture; web-share\" referrerpolicy=\"strict-origin-when-cross-origin\" allowfullscreen><\/iframe><\/p>\n<p>&nbsp;<\/p>\n","protected":false},"excerpt":{"rendered":"<p>Zaprojektowany przez Austina McGlauna w Columbus w stanie Georgia.<\/p>\n","protected":false},"featured_media":331341,"comment_status":"open","ping_status":"closed","template":"","meta":[],"pwb-brand":[3458],"product_brand":[],"product_cat":[3297,3296],"product_tag":[3671],"class_list":{"0":"post-331340","1":"product","2":"type-product","3":"status-publish","4":"has-post-thumbnail","6":"pwb-brand-crkt-pl","7":"product_cat-solidne-noze","8":"product_cat-noze-pl","9":"product_tag-b2b-pl","11":"first","12":"instock","13":"taxable","14":"shipping-taxable","15":"purchasable","16":"product-type-simple"},"brands":[{"id":3458,"name":"CRKT","slug":"crkt-pl"}],"_links":{"self":[{"href":"https:\/\/www.moskito.cz\/pl\/wp-json\/wp\/v2\/product\/331340","targetHints":{"allow":["GET"]}}],"collection":[{"href":"https:\/\/www.moskito.cz\/pl\/wp-json\/wp\/v2\/product"}],"about":[{"href":"https:\/\/www.moskito.cz\/pl\/wp-json\/wp\/v2\/types\/product"}],"replies":[{"embeddable":true,"href":"https:\/\/www.moskito.cz\/pl\/wp-json\/wp\/v2\/comments?post=331340"}],"wp:featuredmedia":[{"embeddable":true,"href":"https:\/\/www.moskito.cz\/pl\/wp-json\/wp\/v2\/media\/331341"}],"wp:attachment":[{"href":"https:\/\/www.moskito.cz\/pl\/wp-json\/wp\/v2\/media?parent=331340"}],"wp:term":[{"taxonomy":"pwb-brand","embeddable":true,"href":"https:\/\/www.moskito.cz\/pl\/wp-json\/wp\/v2\/pwb-brand?post=331340"},{"taxonomy":"product_brand","embeddable":true,"href":"https:\/\/www.moskito.cz\/pl\/wp-json\/wp\/v2\/product_brand?post=331340"},{"taxonomy":"product_cat","embeddable":true,"href":"https:\/\/www.moskito.cz\/pl\/wp-json\/wp\/v2\/product_cat?post=331340"},{"taxonomy":"product_tag","embeddable":true,"href":"https:\/\/www.moskito.cz\/pl\/wp-json\/wp\/v2\/product_tag?post=331340"}],"curies":[{"name":"wp","href":"https:\/\/api.w.org\/{rel}","templated":true}]}}