{"id":331373,"date":"2023-12-15T20:58:39","date_gmt":"2024-04-12T13:38:52","guid":{"rendered":"https:\/\/www.moskito.cz\/produkt\/noz-columbia-river-crkt-bugsy-stonewashed-3600\/"},"modified":"2025-05-07T11:10:39","modified_gmt":"2025-05-07T10:10:39","slug":"noz-columbia-river-crkt-bugsy-stonewashed-3600","status":"publish","type":"product","link":"https:\/\/www.moskito.cz\/pl\/produkt\/noz-columbia-river-crkt-bugsy-stonewashed-3600\/","title":{"rendered":"N\u00f3\u017c Columbia River CRKT Bugsy Stonewashed 3600"},"content":{"rendered":"<p>N\u00f3\u017c Columbia River <strong>CRKT<\/strong> Bugsy Stonewashed 3600<\/p>\n<p>Urodzony w d\u017cungli i wyprodukowany w USA, <strong>Bugsy<\/strong> ze sta\u0142ym ostrzem to pierwszy n\u00f3\u017c CRKT autorstwa tw\u00f3rcy no\u017cy i survivalowca Kaili Cumings. Bior\u0105c pod uwag\u0119 przeno\u015bno\u015b\u0107 i wygod\u0119 jako g\u0142\u00f3wne cele projektowe, uchwyt jest tak kompaktowy, jak to mo\u017cliwe, bez utraty ergonomii, a do\u0142\u0105czona smycz zapewnia dodatkowy chwyt. Nazwa Bugsy pochodzi cz\u0119\u015bciowo od pierwszego pojawienia si\u0119 Kaili w filmie Discovery \u201eNaked and Afraid\u201d, w wyniku kt\u00f3rego by\u0142a pokryta od st\u00f3p do g\u0142\u00f3w uk\u0105szeniami owad\u00f3w w kolumbijskiej d\u017cungli. Ale jest te\u017c bardziej weso\u0142e powi\u0105zanie z tym imieniem: to przezwisko jej c\u00f3rki.<\/p>\n<p>Bugsy to kompaktowe ostrze sta\u0142e klasy premium dost\u0119pne w dw\u00f3ch wersjach, aby zaspokoi\u0107 r\u00f3\u017cne potrzeby entuzjast\u00f3w sp\u0119dzania czasu na \u015bwie\u017cym powietrzu. Wybierz ostrze typu stonewash z g\u0142adk\u0105 kraw\u0119dzi\u0105, r\u0119koje\u015b\u0107 Micarta ze sk\u00f3rzan\u0105 pochw\u0105; lub czarne ostrze pokryte pow\u0142ok\u0105 Cerakote z z\u0105bkami Veff, dopasowanym czarnym chwytem G10 i pochw\u0105 Kydex.<\/p>\n<p>Obydwa modele s\u0105 produkowane w USA ze stali w\u0119glowej 1095, co zapewnia wytrzyma\u0142o\u015b\u0107 i zachowanie kraw\u0119dzi. Prawie 4-calowe ostrze ma du\u017cy brzuch, dzi\u0119ki czemu nadaje si\u0119 do polowania, a Veff Serrations zamienia cz\u0119\u015b\u0107 d\u0142ugo\u015bci ostrza na zdolno\u015b\u0107 do ci\u0119cia lin. Maj\u0105c na uwadze g\u0142\u00f3wne cele projektowe, czyli przeno\u015bno\u015b\u0107 i wygod\u0119, uchwyt jest tak kompaktowy, jak to mo\u017cliwe, bez utraty ergonomii, a do\u0142\u0105czona smycz zapewnia dodatkowy chwyt.<\/p>\n<p>Dorastaj\u0105c w wiejskim stanie New Hampshire, Kaila zakocha\u0142a si\u0119 w przyrodzie, zaraz po ojcu zabieraj\u0105cym j\u0105 na polowania, w\u0119dkarstwo i biwakowanie, co pomog\u0142o zaszczepi\u0107 jej umiej\u0119tno\u015bci przetrwania w m\u0142odym wieku. To ostatecznie doprowadzi\u0142o do kariery no\u017cownika i czego\u015b w rodzaju zawodowego survivalowca, po czym trzykrotnie wyst\u0105pi\u0142 w programie Discovery \u201eNaked and Afraid\u201d, w kt\u00f3rym uczestnicy przez 21 dni i nocy radz\u0105 sobie w odleg\u0142ych lokalizacjach.<\/p>\n<p>Wykonane w USA<br \/>\nStal w\u0119glowa 1095 zapewnia trwa\u0142o\u015b\u0107 i zachowanie kraw\u0119dzi<br \/>\nR\u0119koje\u015b\u0107 Micarta \u0142\u0105czy w sobie wytrzyma\u0142o\u015b\u0107 z atrakcyjno\u015bci\u0105 wizualn\u0105<br \/>\nPilot posiada wyd\u0142u\u017cony uchwyt zapewniaj\u0105cy wi\u0119ksz\u0105 kontrol\u0119<br \/>\nWysokiej jako\u015bci trwa\u0142a kabura ze sk\u00f3ry licowej ze szlufk\u0105 na pasek<\/p>\n<p>Dane techniczne<br \/>\nD\u0142ugo\u015b\u0107 ostrza: 9,6 cm<br \/>\nD\u0142ugo\u015b\u0107 r\u0105czki: 9,28 cm<br \/>\nD\u0142ugo\u015b\u0107 ca\u0142kowita: 18,89 cm<br \/>\nMateria\u0142 ostrza: stal wysokow\u0119glowa 1095<br \/>\nGrubo\u015b\u0107 ostrza: 0,38 cm<br \/>\nStyl ostrza: Drop Point<br \/>\nObr\u00f3bka powierzchni ostrza: Stonewash<br \/>\nMateria\u0142 r\u0119koje\u015bci: Br\u0105zowa Micarta<br \/>\nMateria\u0142 obudowy: Sk\u00f3ra<br \/>\nWaga: 4,30 uncji (121,90 g)<br \/>\nWaga z etui: 7,10 uncji. (201,28 g)<br \/>\nProjektant: Kaila Cummings<br \/>\nWyprodukowano w USA przez firm\u0119 TOPS Knives<\/p>\n<p><iframe title=\"CRKT BUGSY\u2122 I Kaila Cumings Design\" width=\"800\" height=\"450\" src=\"https:\/\/www.youtube.com\/embed\/ObJ9Jpv211A?feature=oembed\" frameborder=\"0\" allow=\"accelerometer; autoplay; clipboard-write; encrypted-media; gyroscope; picture-in-picture; web-share\" referrerpolicy=\"strict-origin-when-cross-origin\" allowfullscreen><\/iframe><\/p>\n<p>&nbsp;<\/p>\n","protected":false},"excerpt":{"rendered":"<p><strong>PROJEKTANT: Kaila Cumings<\/strong><br \/>\n<strong>Brattleboro w stanie Vermont<\/strong><br \/>\n<strong>Kaila Cumings, poszukiwaczka przyg\u00f3d przez ca\u0142e \u017cycie, dorasta\u0142a, biwakuj\u0105c i poluj\u0105c w lasach wiejskiego stanu New Hampshire. Kaila jest wytw\u00f3rc\u0105 no\u017cy na zam\u00f3wienie, kt\u00f3ra pracuje r\u0119cznie w ku\u017ani i kowadle, pozwala, aby metal j\u0105 prowadzi\u0142 i kieruje si\u0119 mottem, \u017ce nie ma z\u0142amanych ostrzy, s\u0105 tylko mniejsze no\u017ce.<\/strong><\/p>\n","protected":false},"featured_media":331374,"comment_status":"open","ping_status":"closed","template":"","meta":[],"pwb-brand":[3458],"product_brand":[],"product_cat":[3296,3297],"product_tag":[3671],"class_list":{"0":"post-331373","1":"product","2":"type-product","3":"status-publish","4":"has-post-thumbnail","6":"pwb-brand-crkt-pl","7":"product_cat-noze-pl","8":"product_cat-solidne-noze","9":"product_tag-b2b-pl","11":"first","12":"instock","13":"taxable","14":"shipping-taxable","15":"purchasable","16":"product-type-simple"},"brands":[{"id":3458,"name":"CRKT","slug":"crkt-pl"}],"_links":{"self":[{"href":"https:\/\/www.moskito.cz\/pl\/wp-json\/wp\/v2\/product\/331373","targetHints":{"allow":["GET"]}}],"collection":[{"href":"https:\/\/www.moskito.cz\/pl\/wp-json\/wp\/v2\/product"}],"about":[{"href":"https:\/\/www.moskito.cz\/pl\/wp-json\/wp\/v2\/types\/product"}],"replies":[{"embeddable":true,"href":"https:\/\/www.moskito.cz\/pl\/wp-json\/wp\/v2\/comments?post=331373"}],"wp:featuredmedia":[{"embeddable":true,"href":"https:\/\/www.moskito.cz\/pl\/wp-json\/wp\/v2\/media\/331374"}],"wp:attachment":[{"href":"https:\/\/www.moskito.cz\/pl\/wp-json\/wp\/v2\/media?parent=331373"}],"wp:term":[{"taxonomy":"pwb-brand","embeddable":true,"href":"https:\/\/www.moskito.cz\/pl\/wp-json\/wp\/v2\/pwb-brand?post=331373"},{"taxonomy":"product_brand","embeddable":true,"href":"https:\/\/www.moskito.cz\/pl\/wp-json\/wp\/v2\/product_brand?post=331373"},{"taxonomy":"product_cat","embeddable":true,"href":"https:\/\/www.moskito.cz\/pl\/wp-json\/wp\/v2\/product_cat?post=331373"},{"taxonomy":"product_tag","embeddable":true,"href":"https:\/\/www.moskito.cz\/pl\/wp-json\/wp\/v2\/product_tag?post=331373"}],"curies":[{"name":"wp","href":"https:\/\/api.w.org\/{rel}","templated":true}]}}