{"id":331424,"date":"2022-09-14T20:11:21","date_gmt":"2024-04-12T13:44:09","guid":{"rendered":"https:\/\/www.moskito.cz\/produkt\/naprawiono-noz-crkt-biwa-2382\/"},"modified":"2024-04-12T14:44:09","modified_gmt":"2024-04-12T13:44:09","slug":"naprawiono-noz-crkt-biwa-2382","status":"publish","type":"product","link":"https:\/\/www.moskito.cz\/pl\/produkt\/naprawiono-noz-crkt-biwa-2382\/","title":{"rendered":"Naprawiono n\u00f3\u017c CRKT BIWA 2382"},"content":{"rendered":"<p>Naprawiono n\u00f3\u017c <strong>CRKT<\/strong> BIWA 2382.<\/p>\n<p>Konstrukcja z pi\u00f3r do wszystkiego, co trafi do menu obozu. Kiedy nawet najmniejszy dodatkowy ci\u0119\u017car ma znaczenie, najlepszym wyborem b\u0119dzie lekki n\u00f3\u017c my\u015bliwski i w\u0119dkarski Biwa\u2122 \/bee-wah\/. Wa\u017c\u0105c zaledwie 1,6 uncji, mo\u017cna j\u0105 schowa\u0107 r\u00f3wnie dyskretnie, jak kilka innych suchych much, ale ko\u0142ysze si\u0119, gdy pstr\u0105g g\u00f3rski uderzy w \u017cy\u0142k\u0119.<\/p>\n<p>Projektant z Melbourne na Florydzie Alan Folts stworzy\u0142 niestandardowy n\u00f3\u017c, kt\u00f3ry sta\u0142 si\u0119 Biwa\u2122 po pokonaniu presji ze strony swoich minimalistycznych przyjaci\u00f3\u0142-\u0142owc\u00f3w, aby stworzy\u0107 n\u00f3\u017c my\u015bliwski, kt\u00f3ry wa\u017cy\u0142 jak najmniej. Biwa\u2122, nazwana na cze\u015b\u0107 gatunku japo\u0144skiego pstr\u0105ga, trafia w sedno.<\/p>\n<p>D\u0142ugie zw\u0119\u017cenie dystalne ostrza o satynowym wyko\u0144czeniu to pot\u0119\u017cne narz\u0119dzie do ci\u0119cia, zamykania i nie tylko. Kiedy natkniesz si\u0119 na rowek na r\u0119koje\u015bci G10, jest on wykonany w taki spos\u00f3b, \u017ce b\u0119dziesz wiedzia\u0142, gdzie znajduje si\u0119 ostrze, nawet je\u015bli ca\u0142y n\u00f3\u017c zniknie z pola widzenia. Mocna, formowana wtryskowo pochwa z \u0142atwo\u015bci\u0105 mo\u017cna przymocowa\u0107 do plecaka lub szybko przekszta\u0142ci\u0107 w n\u00f3\u017c na szyj\u0119.<\/p>\n<p>Strze\u017ccie si\u0119 dzikich stworze\u0144.<\/p>\n<p>SPECYFIKACJE<br \/>\nD\u0142ugo\u015b\u0107 ostrza 3,02 cala (76,66 mm)<br \/>\nOstrze proste<br \/>\nOstrze ze stali 8Cr13MoV<br \/>\nObr\u00f3bka powierzchni ostrza Satyna<br \/>\nGrubo\u015b\u0107 ostrza 0,11 cala (2,82 mm)<br \/>\nD\u0142ugo\u015b\u0107 ca\u0142kowita 6,63 cala (168,28 mm)<br \/>\nWaga 1,60 uncji (45,36 g)<br \/>\nR\u0119koje\u015b\u0107 W\u0142\u00f3kno impregnowane \u017cywic\u0105<br \/>\nStyl N\u00f3\u017c ze sta\u0142ym ostrzem i pochw\u0105<br \/>\nMateria\u0142 skorupy Termoplastyczny<br \/>\nMasa skorupy 1,10 uncji (31,18 g)<\/p>\n<p><iframe title=\"CRKT BIWA\u2122 | Alan Folts Design\" width=\"800\" height=\"450\" src=\"https:\/\/www.youtube.com\/embed\/svqloJHdQ4E?feature=oembed\" frameborder=\"0\" allow=\"accelerometer; autoplay; clipboard-write; encrypted-media; gyroscope; picture-in-picture; web-share\" referrerpolicy=\"strict-origin-when-cross-origin\" allowfullscreen><\/iframe><\/p>\n<p>&nbsp;<\/p>\n","protected":false},"excerpt":{"rendered":"<p>Zaprojektowany przez Alana Foltsa w Melbourne na Florydzie.<\/p>\n","protected":false},"featured_media":331425,"comment_status":"open","ping_status":"closed","template":"","meta":[],"pwb-brand":[3458],"product_brand":[],"product_cat":[3297,3296],"product_tag":[3671],"class_list":{"0":"post-331424","1":"product","2":"type-product","3":"status-publish","4":"has-post-thumbnail","6":"pwb-brand-crkt-pl","7":"product_cat-solidne-noze","8":"product_cat-noze-pl","9":"product_tag-b2b-pl","11":"first","12":"instock","13":"sale","14":"taxable","15":"shipping-taxable","16":"purchasable","17":"product-type-simple"},"brands":[{"id":3458,"name":"CRKT","slug":"crkt-pl"}],"_links":{"self":[{"href":"https:\/\/www.moskito.cz\/pl\/wp-json\/wp\/v2\/product\/331424","targetHints":{"allow":["GET"]}}],"collection":[{"href":"https:\/\/www.moskito.cz\/pl\/wp-json\/wp\/v2\/product"}],"about":[{"href":"https:\/\/www.moskito.cz\/pl\/wp-json\/wp\/v2\/types\/product"}],"replies":[{"embeddable":true,"href":"https:\/\/www.moskito.cz\/pl\/wp-json\/wp\/v2\/comments?post=331424"}],"wp:featuredmedia":[{"embeddable":true,"href":"https:\/\/www.moskito.cz\/pl\/wp-json\/wp\/v2\/media\/331425"}],"wp:attachment":[{"href":"https:\/\/www.moskito.cz\/pl\/wp-json\/wp\/v2\/media?parent=331424"}],"wp:term":[{"taxonomy":"pwb-brand","embeddable":true,"href":"https:\/\/www.moskito.cz\/pl\/wp-json\/wp\/v2\/pwb-brand?post=331424"},{"taxonomy":"product_brand","embeddable":true,"href":"https:\/\/www.moskito.cz\/pl\/wp-json\/wp\/v2\/product_brand?post=331424"},{"taxonomy":"product_cat","embeddable":true,"href":"https:\/\/www.moskito.cz\/pl\/wp-json\/wp\/v2\/product_cat?post=331424"},{"taxonomy":"product_tag","embeddable":true,"href":"https:\/\/www.moskito.cz\/pl\/wp-json\/wp\/v2\/product_tag?post=331424"}],"curies":[{"name":"wp","href":"https:\/\/api.w.org\/{rel}","templated":true}]}}