{"id":331495,"date":"2022-09-17T12:48:20","date_gmt":"2024-04-12T13:44:43","guid":{"rendered":"https:\/\/www.moskito.cz\/produkt\/naprawiono-noz-crkt-catchall-2866\/"},"modified":"2025-05-07T11:10:41","modified_gmt":"2025-05-07T10:10:41","slug":"naprawiono-noz-crkt-catchall-2866","status":"publish","type":"product","link":"https:\/\/www.moskito.cz\/pl\/produkt\/naprawiono-noz-crkt-catchall-2866\/","title":{"rendered":"Naprawiono n\u00f3\u017c CRKT CATCHALL 2866"},"content":{"rendered":"<p>Naprawiono n\u00f3\u017c <strong>CRKT<\/strong> CATCHALL 2866.<\/p>\n<p>Zak\u0142ada najgorszy mo\u017cliwy scenariusz.<\/p>\n<p>Zaprojektowany przez producenta no\u017cy Russa Kommera, Catchall\u2122 zyska\u0142 swoj\u0105 nazw\u0119 dzi\u0119ki swojej zdolno\u015bci do dzia\u0142ania w r\u00f3\u017cnych sytuacjach. To narz\u0119dzie wielofunkcyjne ze sta\u0142ym ostrzem w kszta\u0142cie owczej \u0142apki jest nie tylko praktycznym no\u017cem kuchennym, ale tak\u017ce wszechstronnym niezb\u0119dnikiem na \u015bwie\u017cym powietrzu.<br \/>\n\u0141atwe ostrzenie: ostrze ze stali nierdzewnej o wysokiej zawarto\u015bci w\u0119gla dobrze si\u0119 ostrzy<br \/>\nPrzydatne zastosowanie: Kszta\u0142t ostrza owczej \u0142apki pozwala na ci\u0119cie<br \/>\nElegancki wygl\u0105d: satynowe ostrze ma nowoczesny wygl\u0105d<br \/>\nMocny i lekki: nylonowy uchwyt wzmocniony w\u0142\u00f3knem szklanym jest trwa\u0142y i lekki<br \/>\nBezpieczny chwyt: wyprofilowany uchwyt zapewniaj\u0105cy wyj\u0105tkow\u0105 kontrol\u0119<br \/>\nKompatybilny z przek\u0142adni\u0105: trwa\u0142a obudowa z tworzywa termoplastycznego z mo\u017cliwo\u015bci\u0105 monta\u017cu.<\/p>\n<p>SPECYFIKACJE<br \/>\nD\u0142ugo\u015b\u0107 ostrza 5,51 cala (140,03 mm)<br \/>\nOstrze proste<br \/>\nOstrze ze stali 8Cr13MoV<br \/>\nObr\u00f3bka powierzchni ostrza Satyna, p\u0119dzel<br \/>\nGrubo\u015b\u0107 ostrza 0,13 cala (3,35 mm)<br \/>\nD\u0142ugo\u015b\u0107 ca\u0142kowita 10,25 cala (260,35 mm)<br \/>\nWaga 7,50 uncji (212,62 g)<br \/>\nR\u0119koje\u015b\u0107 z nylonu wzmocnionego w\u0142\u00f3knem szklanym z gumow\u0105 pow\u0142ok\u0105<br \/>\nStyl N\u00f3\u017c ze sta\u0142ym ostrzem i pochw\u0105<br \/>\nMateria\u0142 skorupy Termoplastyczny<br \/>\nMasa skorupy 2,40 uncji (68,04 g)<\/p>\n<p><iframe title=\"CRKT CATCHALL\u2122 | Russ Kommer Design\" width=\"800\" height=\"450\" src=\"https:\/\/www.youtube.com\/embed\/ZGcwQnY1Quo?feature=oembed\" frameborder=\"0\" allow=\"accelerometer; autoplay; clipboard-write; encrypted-media; gyroscope; picture-in-picture; web-share\" referrerpolicy=\"strict-origin-when-cross-origin\" allowfullscreen><\/iframe><\/p>\n<p>&nbsp;<\/p>\n","protected":false},"excerpt":{"rendered":"<p>Zaprojektowany przez Russa Kommera w Fargo w P\u00f3\u0142nocnej Dakocie.<\/p>\n","protected":false},"featured_media":331496,"comment_status":"open","ping_status":"closed","template":"","meta":[],"pwb-brand":[3458],"product_brand":[],"product_cat":[3297,3296],"product_tag":[3671],"class_list":{"0":"post-331495","1":"product","2":"type-product","3":"status-publish","4":"has-post-thumbnail","6":"pwb-brand-crkt-pl","7":"product_cat-solidne-noze","8":"product_cat-noze-pl","9":"product_tag-b2b-pl","11":"first","12":"instock","13":"sale","14":"taxable","15":"shipping-taxable","16":"purchasable","17":"product-type-simple"},"brands":[{"id":3458,"name":"CRKT","slug":"crkt-pl"}],"_links":{"self":[{"href":"https:\/\/www.moskito.cz\/pl\/wp-json\/wp\/v2\/product\/331495","targetHints":{"allow":["GET"]}}],"collection":[{"href":"https:\/\/www.moskito.cz\/pl\/wp-json\/wp\/v2\/product"}],"about":[{"href":"https:\/\/www.moskito.cz\/pl\/wp-json\/wp\/v2\/types\/product"}],"replies":[{"embeddable":true,"href":"https:\/\/www.moskito.cz\/pl\/wp-json\/wp\/v2\/comments?post=331495"}],"wp:featuredmedia":[{"embeddable":true,"href":"https:\/\/www.moskito.cz\/pl\/wp-json\/wp\/v2\/media\/331496"}],"wp:attachment":[{"href":"https:\/\/www.moskito.cz\/pl\/wp-json\/wp\/v2\/media?parent=331495"}],"wp:term":[{"taxonomy":"pwb-brand","embeddable":true,"href":"https:\/\/www.moskito.cz\/pl\/wp-json\/wp\/v2\/pwb-brand?post=331495"},{"taxonomy":"product_brand","embeddable":true,"href":"https:\/\/www.moskito.cz\/pl\/wp-json\/wp\/v2\/product_brand?post=331495"},{"taxonomy":"product_cat","embeddable":true,"href":"https:\/\/www.moskito.cz\/pl\/wp-json\/wp\/v2\/product_cat?post=331495"},{"taxonomy":"product_tag","embeddable":true,"href":"https:\/\/www.moskito.cz\/pl\/wp-json\/wp\/v2\/product_tag?post=331495"}],"curies":[{"name":"wp","href":"https:\/\/api.w.org\/{rel}","templated":true}]}}