{"id":331561,"date":"2022-09-14T17:27:14","date_gmt":"2024-04-12T13:49:42","guid":{"rendered":"https:\/\/www.moskito.cz\/produkt\/noz-staly-crkt-spec-mala-kieszonka-codziennie-taskacz-2398\/"},"modified":"2025-05-07T11:10:41","modified_gmt":"2025-05-07T10:10:41","slug":"noz-staly-crkt-spec-mala-kieszonka-codziennie-taskacz-2398","status":"publish","type":"product","link":"https:\/\/www.moskito.cz\/pl\/produkt\/noz-staly-crkt-spec-mala-kieszonka-codziennie-taskacz-2398\/","title":{"rendered":"N\u00f3\u017c sta\u0142y CRKT SPEC (MA\u0141A KIESZONKA. CODZIENNIE. TASKACZ.) 2398"},"content":{"rendered":"<p>Naprawiono n\u00f3\u017c <strong>CRKT<\/strong> SPEC (MA\u0141A KIESZONKA. CODZIENNIE. TASKACZ.) 2398.<\/p>\n<p>Pot\u0119\u017cny pretendent do ci\u0119cia.<\/p>\n<p>Siekaj\u0105c, kroj\u0105c lub kroj\u0105c w kostk\u0119, SPEC\u2122 (MA\u0141A KIESZONKA. CODZIENNIE. TASK.) zadba o Twoje potrzeby zwi\u0105zane z krojeniem, gdziekolwiek jeste\u015b. Zaprojektowany przez producenta no\u017cy Alana Foltsa, ten przeno\u015bny n\u00f3\u017c jest poszukiwanym narz\u0119dziem do kuchni obozowych, obr\u00f3bki drewna i r\u00f3\u017cnych prac gara\u017cowych. Zainspirowany pot\u0119\u017cnym tasakiem rze\u017aniczym przeznaczonym do bloku do krojenia, ten przeprojektowany n\u00f3\u017c nie pozwala, aby jego przeno\u015bny rozmiar go powstrzymywa\u0142.<\/p>\n<p>SPECYFIKACJE<br \/>\nD\u0142ugo\u015b\u0107 ostrza 2,44 cala (61,87 mm)<br \/>\nOstrze proste<br \/>\nOstrze ze stali 8Cr13MoV<br \/>\nWyko\u0144czenie powierzchni ostrza \u015arutowanie<br \/>\nGrubo\u015b\u0107 ostrza 0,10 cala (2,64 mm)<br \/>\nD\u0142ugo\u015b\u0107 ca\u0142kowita 142,88 mm (5,63 cala)<br \/>\nWaga 2,10 uncji (59,53 g)<br \/>\nR\u0119koje\u015b\u0107 G10<br \/>\nStyl N\u00f3\u017c ze sta\u0142ym ostrzem i pochw\u0105<br \/>\nMateria\u0142 skorupy Termoplastyczny<br \/>\nMasa skorupy 1,10 uncji (31,18 g)<\/p>\n","protected":false},"excerpt":{"rendered":"<p>Zaprojektowany przez Alana Foltsa w Melbourne na Florydzie.<\/p>\n","protected":false},"featured_media":331562,"comment_status":"open","ping_status":"closed","template":"","meta":[],"pwb-brand":[3458],"product_brand":[],"product_cat":[3296,3297],"product_tag":[3671],"class_list":{"0":"post-331561","1":"product","2":"type-product","3":"status-publish","4":"has-post-thumbnail","6":"pwb-brand-crkt-pl","7":"product_cat-noze-pl","8":"product_cat-solidne-noze","9":"product_tag-b2b-pl","11":"first","12":"instock","13":"taxable","14":"shipping-taxable","15":"purchasable","16":"product-type-simple"},"brands":[{"id":3458,"name":"CRKT","slug":"crkt-pl"}],"_links":{"self":[{"href":"https:\/\/www.moskito.cz\/pl\/wp-json\/wp\/v2\/product\/331561","targetHints":{"allow":["GET"]}}],"collection":[{"href":"https:\/\/www.moskito.cz\/pl\/wp-json\/wp\/v2\/product"}],"about":[{"href":"https:\/\/www.moskito.cz\/pl\/wp-json\/wp\/v2\/types\/product"}],"replies":[{"embeddable":true,"href":"https:\/\/www.moskito.cz\/pl\/wp-json\/wp\/v2\/comments?post=331561"}],"wp:featuredmedia":[{"embeddable":true,"href":"https:\/\/www.moskito.cz\/pl\/wp-json\/wp\/v2\/media\/331562"}],"wp:attachment":[{"href":"https:\/\/www.moskito.cz\/pl\/wp-json\/wp\/v2\/media?parent=331561"}],"wp:term":[{"taxonomy":"pwb-brand","embeddable":true,"href":"https:\/\/www.moskito.cz\/pl\/wp-json\/wp\/v2\/pwb-brand?post=331561"},{"taxonomy":"product_brand","embeddable":true,"href":"https:\/\/www.moskito.cz\/pl\/wp-json\/wp\/v2\/product_brand?post=331561"},{"taxonomy":"product_cat","embeddable":true,"href":"https:\/\/www.moskito.cz\/pl\/wp-json\/wp\/v2\/product_cat?post=331561"},{"taxonomy":"product_tag","embeddable":true,"href":"https:\/\/www.moskito.cz\/pl\/wp-json\/wp\/v2\/product_tag?post=331561"}],"curies":[{"name":"wp","href":"https:\/\/api.w.org\/{rel}","templated":true}]}}