{"id":331690,"date":"2022-09-14T19:42:17","date_gmt":"2024-04-12T13:55:18","guid":{"rendered":"https:\/\/www.moskito.cz\/produkt\/naprawiono-noz-crkt-tailbone-2415\/"},"modified":"2025-05-07T11:10:44","modified_gmt":"2025-05-07T10:10:44","slug":"naprawiono-noz-crkt-tailbone-2415","status":"publish","type":"product","link":"https:\/\/www.moskito.cz\/pl\/produkt\/naprawiono-noz-crkt-tailbone-2415\/","title":{"rendered":"Naprawiono n\u00f3\u017c CRKT TAILBONE 2415"},"content":{"rendered":"<p>Naprawiono n\u00f3\u017c <strong>CRKT<\/strong> TAILBONE 2415.<\/p>\n<p>Mo\u017ce wygl\u0105da\u0107 jak solidne ostrze, ale kryje si\u0119 za nim co\u015b wi\u0119cej. Na pierwszy rzut oka n\u00f3\u017c outdoorowy Tailbone\u2122 ze sta\u0142ym ostrzem wygl\u0105da jak zwyk\u0142y n\u00f3\u017c na szyj\u0119 z r\u0119koje\u015bci\u0105 owini\u0119t\u0105 paracordem. Ale o\u017cywa w d\u0142oni. Uchwyt \u0142a\u0144cuchowy maszyny porusza si\u0119, zapewniaj\u0105c doskona\u0142\u0105 ergonomi\u0119, ale pozostaje idealnie nieruchomy podczas ci\u0119cia lub krojenia. Jest bardzo u\u017cyteczny i ca\u0142kowicie nieoczekiwany.<\/p>\n<p>W naszym \u015bwiecie biomimikra \u2013 projekty inspirowane \u015bwiatem przyrody \u2013 s\u0105 wsz\u0119dzie. TJ Schwarz z Boise w stanie Idaho zapo\u017cyczy\u0142 t\u0119 koncepcj\u0119, projektuj\u0105c r\u0119koje\u015b\u0107 no\u017ca ze sta\u0142ym ostrzem opart\u0105 na jode\u0142ce. TJ nigdy nie stroni od odwa\u017cnych, nowych pomys\u0142\u00f3w. TJ stworzy\u0142 Tailbone\u2122 z prostym ostrzem z ko\u0144c\u00f3wk\u0105 typu stonewashed i r\u0119koje\u015bci\u0105, kt\u00f3ra wydmuchuje konwencj\u0119 z wody. Elastyczny uchwyt porusza si\u0119 w pionie i dopasowuje si\u0119 do d\u0142oni lub klatki piersiowej, gdy jest noszony jako n\u00f3\u017c na szyj\u0119, nie pozwalaj\u0105c na \u017caden luz w poziomie. Jest owini\u0119ty paracordem dla lepszego chwytu, z du\u017cym otworem na palce i lam\u00f3wk\u0105 zapewniaj\u0105c\u0105 kontrol\u0119. Mocna, formowana wtryskowo pochwa z \u0142atwo\u015bci\u0105 mo\u017cna przymocowa\u0107 do plecaka lub szybko przekszta\u0142ci\u0107 w n\u00f3\u017c na szyj\u0119.<\/p>\n<p>Tailbone\u2122 jest wszystkim, czego oczekiwa\u0142e\u015b i wszystkim, czym Matka Natura nie by\u0142a.<\/p>\n<p>SPECYFIKACJE<br \/>\nD\u0142ugo\u015b\u0107 ostrza 2,13 cala (53,98 mm)<br \/>\nOstrze proste<br \/>\nOstrze ze stali 8Cr13MoV<br \/>\nWyko\u0144czenie ostrza typu stonewash<br \/>\nGrubo\u015b\u0107 ostrza 0,15 cala (3,91 mm)<br \/>\nD\u0142ugo\u015b\u0107 ca\u0142kowita 6,31 cala (160,35 mm)<br \/>\nWaga 2,00 uncji (56,70 g)<br \/>\nR\u0119koje\u015b\u0107 Stal w\u0119glowa owini\u0119ta sznurkiem<br \/>\nStyl N\u00f3\u017c ze sta\u0142ym ostrzem i pochw\u0105<br \/>\nMateria\u0142 skorupy Termoplastyczny<br \/>\nMasa skorupy 1,00 uncji (28,35 g)<\/p>\n<p><iframe title=\"CRKT TAILBONE\u2122 | T.J. Schwarz Design\" width=\"800\" height=\"450\" src=\"https:\/\/www.youtube.com\/embed\/_nRDhu-pd_w?feature=oembed\" frameborder=\"0\" allow=\"accelerometer; autoplay; clipboard-write; encrypted-media; gyroscope; picture-in-picture; web-share\" referrerpolicy=\"strict-origin-when-cross-origin\" allowfullscreen><\/iframe><\/p>\n<p>&nbsp;<\/p>\n","protected":false},"excerpt":{"rendered":"<p>Zaprojektowany przez TJ Schwarza w Boise w stanie Idaho.<\/p>\n","protected":false},"featured_media":331692,"comment_status":"open","ping_status":"closed","template":"","meta":[],"pwb-brand":[3458],"product_brand":[],"product_cat":[3297,3296],"product_tag":[3671],"class_list":{"0":"post-331690","1":"product","2":"type-product","3":"status-publish","4":"has-post-thumbnail","6":"pwb-brand-crkt-pl","7":"product_cat-solidne-noze","8":"product_cat-noze-pl","9":"product_tag-b2b-pl","11":"first","12":"instock","13":"sale","14":"taxable","15":"shipping-taxable","16":"purchasable","17":"product-type-simple"},"brands":[{"id":3458,"name":"CRKT","slug":"crkt-pl"}],"_links":{"self":[{"href":"https:\/\/www.moskito.cz\/pl\/wp-json\/wp\/v2\/product\/331690","targetHints":{"allow":["GET"]}}],"collection":[{"href":"https:\/\/www.moskito.cz\/pl\/wp-json\/wp\/v2\/product"}],"about":[{"href":"https:\/\/www.moskito.cz\/pl\/wp-json\/wp\/v2\/types\/product"}],"replies":[{"embeddable":true,"href":"https:\/\/www.moskito.cz\/pl\/wp-json\/wp\/v2\/comments?post=331690"}],"wp:featuredmedia":[{"embeddable":true,"href":"https:\/\/www.moskito.cz\/pl\/wp-json\/wp\/v2\/media\/331692"}],"wp:attachment":[{"href":"https:\/\/www.moskito.cz\/pl\/wp-json\/wp\/v2\/media?parent=331690"}],"wp:term":[{"taxonomy":"pwb-brand","embeddable":true,"href":"https:\/\/www.moskito.cz\/pl\/wp-json\/wp\/v2\/pwb-brand?post=331690"},{"taxonomy":"product_brand","embeddable":true,"href":"https:\/\/www.moskito.cz\/pl\/wp-json\/wp\/v2\/product_brand?post=331690"},{"taxonomy":"product_cat","embeddable":true,"href":"https:\/\/www.moskito.cz\/pl\/wp-json\/wp\/v2\/product_cat?post=331690"},{"taxonomy":"product_tag","embeddable":true,"href":"https:\/\/www.moskito.cz\/pl\/wp-json\/wp\/v2\/product_tag?post=331690"}],"curies":[{"name":"wp","href":"https:\/\/api.w.org\/{rel}","templated":true}]}}