{"id":331721,"date":"2022-09-13T20:26:20","date_gmt":"2024-04-12T13:55:27","guid":{"rendered":"https:\/\/www.moskito.cz\/produkt\/naprawiono-noz-crkt-obake-2367\/"},"modified":"2025-05-07T11:10:44","modified_gmt":"2025-05-07T10:10:44","slug":"naprawiono-noz-crkt-obake-2367","status":"publish","type":"product","link":"https:\/\/www.moskito.cz\/pl\/produkt\/naprawiono-noz-crkt-obake-2367\/","title":{"rendered":"Naprawiono n\u00f3\u017c CRKT OBAKE 2367"},"content":{"rendered":"<p>Naprawiono n\u00f3\u017c <strong>CRKT<\/strong> OBAKE 2367.<\/p>\n<p>M\u00f3wi co\u015b o tobie. Po prostu wyjd\u017a.<\/p>\n<p>Wyposa\u017cony w wyj\u0105tkowo wytrawione ostrze i r\u0119koje\u015b\u0107 przypominaj\u0105c\u0105 sk\u00f3r\u0119 p\u0142aszczki owini\u0119t\u0105 na smyczy, ten inspirowany taktyk\u0105 n\u00f3\u017c do codziennego u\u017cytku jest prawdziwym uosobieniem elegancji.<\/p>\n<p>Zaprojektowany przez Lucasa Burnleya z Bend w stanie Oregon, Obake\u2122 to wyrafinowane po\u0142\u0105czenie klasycznego stylu no\u017ca zbudowanego z nowoczesnych materia\u0142\u00f3w i technik. To kolejny przyk\u0142ad przekonania Burnleya, \u017ce \u200b\u200bno\u017ce s\u0105 osobistym wyrazem niezale\u017cno\u015bci. A ten robi wra\u017cenie, gdy wprowadzisz go w \u017cycie.<\/p>\n<p>Jest to powr\u00f3t do klasycznego japo\u0144skiego projektu Kwaiken i posiada solidne ostrze z unikalnym szarym wyko\u0144czeniem z azotku tytanu, kt\u00f3re jest trawione kwasem, aby nada\u0107 ka\u017cdemu no\u017cowi niepowtarzalny wygl\u0105d. To tak, jakby stworzy\u0142 ostrze wy\u0142\u0105cznie po to, aby\u015b je wyrzuci\u0142, gdy pojawi si\u0119 potrzeba u\u017cyteczno\u015bci.<\/p>\n<p>R\u0119koje\u015b\u0107 wyposa\u017cona jest w nylonowy sznur w stylu Katany owini\u0119ty czarn\u0105 sztuczn\u0105 sk\u00f3r\u0105, zapewniaj\u0105cy wyj\u0105tkowy i bezpieczny chwyt w ka\u017cdych warunkach pogodowych. Kiedy nadejd\u0105 burze lub k\u0142opoty, b\u0119dziesz gotowy.<\/p>\n<p>Pochwa Obake\u2122 wykonana jest z nylonu wzmocnionego w\u0142\u00f3knem szklanym, co zapewnia sta\u0142e trzymanie nawet w wilgotnym \u015brodowisku. Smycz z paracordu na kaburze zosta\u0142a zaprojektowana tak, aby mo\u017cna j\u0105 by\u0142o przyczepi\u0107 do szlufki paska i utrzyma\u0107 kabur\u0119 na miejscu po wy\u0142o\u017ceniu no\u017ca. Koralik w kszta\u0142cie czaszki dodaje niezbyt subtelnego akcentu smyczy z paracordu.<\/p>\n<p>Obake\u2122 nie szuka pracy, ale jest gotowy pojawi\u0107 si\u0119 jak szef, gdy nadejdzie czas wykonania pracy.<\/p>\n<p>SPECYFIKACJE<br \/>\nD\u0142ugo\u015b\u0107 ostrza 3,55 cala (90,27 mm)<br \/>\nOstrze proste<br \/>\nOstrze ze stali 8Cr13MoV<br \/>\nObr\u00f3bka powierzchni ostrza Azotek tytanu, trawienie kwasem<br \/>\nGrubo\u015b\u0107 ostrza 0,13 cala (3,18 mm)<br \/>\nD\u0142ugo\u015b\u0107 ca\u0142kowita 7,56 cala (192,10 mm)<br \/>\nWaga 2,40 uncji (68,04 g)<br \/>\nR\u0119koje\u015b\u0107 Stal nierdzewna owini\u0119ta link\u0105<br \/>\nStyl N\u00f3\u017c ze sta\u0142ym ostrzem i pochw\u0105<br \/>\nPochwa Smycz Czarny sznurek; metalowy koralik z czaszk\u0105 &#8211; odlew ze stopu cynku, chromowanie galwaniczne<br \/>\nMateria\u0142 skorupy Termoplastyczny<br \/>\nMasa skorupy 1,10 uncji (31,18 g)<\/p>\n<p><iframe title=\"CRKT Obake Knife Overview | by Lucas Burnley\" width=\"800\" height=\"450\" src=\"https:\/\/www.youtube.com\/embed\/NpIHiL2JFnc?feature=oembed\" frameborder=\"0\" allow=\"accelerometer; autoplay; clipboard-write; encrypted-media; gyroscope; picture-in-picture; web-share\" referrerpolicy=\"strict-origin-when-cross-origin\" allowfullscreen><\/iframe><\/p>\n<p>&nbsp;<\/p>\n","protected":false},"excerpt":{"rendered":"<p>Zaprojektowany przez Lucasa Burnleya w Bend w stanie Oregon.<\/p>\n","protected":false},"featured_media":331722,"comment_status":"open","ping_status":"closed","template":"","meta":[],"pwb-brand":[3458],"product_brand":[],"product_cat":[3297,3296],"product_tag":[3671],"class_list":{"0":"post-331721","1":"product","2":"type-product","3":"status-publish","4":"has-post-thumbnail","6":"pwb-brand-crkt-pl","7":"product_cat-solidne-noze","8":"product_cat-noze-pl","9":"product_tag-b2b-pl","11":"first","12":"outofstock","13":"taxable","14":"shipping-taxable","15":"purchasable","16":"product-type-simple"},"brands":[{"id":3458,"name":"CRKT","slug":"crkt-pl"}],"_links":{"self":[{"href":"https:\/\/www.moskito.cz\/pl\/wp-json\/wp\/v2\/product\/331721","targetHints":{"allow":["GET"]}}],"collection":[{"href":"https:\/\/www.moskito.cz\/pl\/wp-json\/wp\/v2\/product"}],"about":[{"href":"https:\/\/www.moskito.cz\/pl\/wp-json\/wp\/v2\/types\/product"}],"replies":[{"embeddable":true,"href":"https:\/\/www.moskito.cz\/pl\/wp-json\/wp\/v2\/comments?post=331721"}],"wp:featuredmedia":[{"embeddable":true,"href":"https:\/\/www.moskito.cz\/pl\/wp-json\/wp\/v2\/media\/331722"}],"wp:attachment":[{"href":"https:\/\/www.moskito.cz\/pl\/wp-json\/wp\/v2\/media?parent=331721"}],"wp:term":[{"taxonomy":"pwb-brand","embeddable":true,"href":"https:\/\/www.moskito.cz\/pl\/wp-json\/wp\/v2\/pwb-brand?post=331721"},{"taxonomy":"product_brand","embeddable":true,"href":"https:\/\/www.moskito.cz\/pl\/wp-json\/wp\/v2\/product_brand?post=331721"},{"taxonomy":"product_cat","embeddable":true,"href":"https:\/\/www.moskito.cz\/pl\/wp-json\/wp\/v2\/product_cat?post=331721"},{"taxonomy":"product_tag","embeddable":true,"href":"https:\/\/www.moskito.cz\/pl\/wp-json\/wp\/v2\/product_tag?post=331721"}],"curies":[{"name":"wp","href":"https:\/\/api.w.org\/{rel}","templated":true}]}}