{"id":331745,"date":"2022-09-14T20:55:19","date_gmt":"2024-04-12T13:56:45","guid":{"rendered":"https:\/\/www.moskito.cz\/produkt\/naprawiono-noz-crkt-minimalist-katana-2394\/"},"modified":"2025-05-07T11:10:45","modified_gmt":"2025-05-07T10:10:45","slug":"naprawiono-noz-crkt-minimalist-katana-2394","status":"publish","type":"product","link":"https:\/\/www.moskito.cz\/pl\/produkt\/naprawiono-noz-crkt-minimalist-katana-2394\/","title":{"rendered":"Naprawiono n\u00f3\u017c CRKT MINIMALIST KATANA 2394"},"content":{"rendered":"<p>Naprawiono n\u00f3\u017c <strong>CRKT<\/strong> MINIMALIST KATANA 2394.<\/p>\n<p>Dok\u0142adno\u015b\u0107 to si\u0142a.<\/p>\n<p>Producent no\u017cy Alan Folts przedstawia Minimalist\u00ae Katana, projekt, kt\u00f3ry w r\u00f3wnym stopniu zapewnia kontrol\u0119, jak i mo\u017cliwo\u015bci. Wzorowany na oryginalnym Minimalist\u00ae z nieco wi\u0119kszym ostrzem, nadal mo\u017cesz rozkoszowa\u0107 si\u0119 jego lekk\u0105 i przeno\u015bn\u0105 kompozycj\u0105, zapewniaj\u0105c\u0105 wszechstronno\u015b\u0107 w podr\u00f3\u017cy. Chwy\u0107 uchwyt z trzema palcami, a od razu si\u0119 przekonasz \u2013 to jest Minimalist\u00ae na wskro\u015b.<br \/>\n\u0141atwe ostrzenie: Ostrze ze stali nierdzewnej o wysokiej zawarto\u015bci w\u0119gla dobrze trzyma kraw\u0119d\u017a<br \/>\nMinimalizuje odbicia: Obr\u00f3bka powierzchni metod\u0105 piaskowania per\u0142owego zmniejsza odbicia<br \/>\nSolidny i wizualny: R\u0119koje\u015b\u0107 z \u017cywicy \u0142\u0105czy w sobie wytrzyma\u0142o\u015b\u0107 z atrakcyjno\u015bci\u0105 wizualn\u0105<br \/>\nKompatybilno\u015b\u0107 z przek\u0142adni\u0105: Trwa\u0142a skorupa z tworzywa termoplastycznego z mo\u017cliwo\u015bci\u0105 monta\u017cu<br \/>\nKompaktowe narz\u0119dzie: lekkie i \u0142atwe do przenoszenia.<\/p>\n<p>SPECYFIKACJE<br \/>\nD\u0142ugo\u015b\u0107 ostrza 3,56 cala (90,50 mm)<br \/>\nOstrze proste<br \/>\nOstrze ze stali 8Cr13MoV<br \/>\nWyko\u0144czenie powierzchni ostrza \u015arutowanie<br \/>\nGrubo\u015b\u0107 ostrza 0,13 cala (3,30 mm)<br \/>\nD\u0142ugo\u015b\u0107 ca\u0142kowita 6,63 cala (168,28 mm)<br \/>\nWaga 2,40 uncji (68,04 g)<br \/>\nR\u0119koje\u015b\u0107 W\u0142\u00f3kno impregnowane \u017cywic\u0105<br \/>\nStyl N\u00f3\u017c ze sta\u0142ym ostrzem i pochw\u0105<br \/>\nMateria\u0142 skorupy Termoplastyczny<br \/>\nMasa skorupy 1,30 uncji (36,85 g)<\/p>\n<p>&nbsp;<\/p>\n","protected":false},"excerpt":{"rendered":"<p>Zaprojektowany przez Alana Foltsa w Melbourne na Florydzie.<\/p>\n","protected":false},"featured_media":331746,"comment_status":"open","ping_status":"closed","template":"","meta":[],"pwb-brand":[3458],"product_brand":[],"product_cat":[3296,3297],"product_tag":[3671],"class_list":{"0":"post-331745","1":"product","2":"type-product","3":"status-publish","4":"has-post-thumbnail","6":"pwb-brand-crkt-pl","7":"product_cat-noze-pl","8":"product_cat-solidne-noze","9":"product_tag-b2b-pl","11":"first","12":"instock","13":"taxable","14":"shipping-taxable","15":"purchasable","16":"product-type-simple"},"brands":[{"id":3458,"name":"CRKT","slug":"crkt-pl"}],"_links":{"self":[{"href":"https:\/\/www.moskito.cz\/pl\/wp-json\/wp\/v2\/product\/331745","targetHints":{"allow":["GET"]}}],"collection":[{"href":"https:\/\/www.moskito.cz\/pl\/wp-json\/wp\/v2\/product"}],"about":[{"href":"https:\/\/www.moskito.cz\/pl\/wp-json\/wp\/v2\/types\/product"}],"replies":[{"embeddable":true,"href":"https:\/\/www.moskito.cz\/pl\/wp-json\/wp\/v2\/comments?post=331745"}],"wp:featuredmedia":[{"embeddable":true,"href":"https:\/\/www.moskito.cz\/pl\/wp-json\/wp\/v2\/media\/331746"}],"wp:attachment":[{"href":"https:\/\/www.moskito.cz\/pl\/wp-json\/wp\/v2\/media?parent=331745"}],"wp:term":[{"taxonomy":"pwb-brand","embeddable":true,"href":"https:\/\/www.moskito.cz\/pl\/wp-json\/wp\/v2\/pwb-brand?post=331745"},{"taxonomy":"product_brand","embeddable":true,"href":"https:\/\/www.moskito.cz\/pl\/wp-json\/wp\/v2\/product_brand?post=331745"},{"taxonomy":"product_cat","embeddable":true,"href":"https:\/\/www.moskito.cz\/pl\/wp-json\/wp\/v2\/product_cat?post=331745"},{"taxonomy":"product_tag","embeddable":true,"href":"https:\/\/www.moskito.cz\/pl\/wp-json\/wp\/v2\/product_tag?post=331745"}],"curies":[{"name":"wp","href":"https:\/\/api.w.org\/{rel}","templated":true}]}}