{"id":331981,"date":"2024-04-13T19:07:23","date_gmt":"2024-04-13T18:08:24","guid":{"rendered":"https:\/\/www.moskito.cz\/produkt\/noz-zamykajacy-crkt-psd-ii-7910\/"},"modified":"2025-05-07T11:10:50","modified_gmt":"2025-05-07T10:10:50","slug":"noz-zamykajacy-crkt-psd-ii-7910","status":"publish","type":"product","link":"https:\/\/www.moskito.cz\/pl\/produkt\/noz-zamykajacy-crkt-psd-ii-7910\/","title":{"rendered":"N\u00f3\u017c zamykaj\u0105cy CRKT PSD II 7910"},"content":{"rendered":"<p>N\u00f3\u017c zamykaj\u0105cy <strong>CRKT<\/strong> PSD II 7910.<\/p>\n<p>Szybki, wydajny, przeno\u015bny. Oryginalny PSD Jima Hammonda zyska\u0142 swoj\u0105 nazw\u0119 (Cz\u0105stki. Separacja. Urz\u0105dzenie.) ze wzgl\u0119du na jego zdolno\u015b\u0107 do przecinania prawie wszystkiego i wsz\u0119dzie. PSD II zapewnia te same mo\u017cliwo\u015bci mniejszemu, bardziej przeno\u015bnemu no\u017cowi sk\u0142adanemu, kt\u00f3ry skraca ca\u0142kowit\u0105 d\u0142ugo\u015b\u0107 o ponad cal. Nadal znajdziesz odporne na korozj\u0119, w pe\u0142ni odwracalne ostrze i wspomagane otwieranie z \u0142o\u017cyskami IKBS, kt\u00f3re umo\u017cliwiaj\u0105 szybk\u0105 i \u0142atw\u0105 obs\u0142ug\u0119 jedn\u0105 r\u0119k\u0105, ale teraz w ulepszonej konstrukcji do codziennego noszenia.<\/p>\n<p>Jak dzia\u0142a wspomagane otwieranie<\/p>\n<p>Trzyma si\u0119 go bezpiecznie zamkni\u0119tego w kieszeni, ale wystarczy zainicjowa\u0107 roz\u0142o\u017cenie, a ostrze otwiera si\u0119 z imponuj\u0105c\u0105 szybko\u015bci\u0105, zapewniaj\u0105c \u0142atwe i mocne otwieranie jedn\u0105 r\u0119k\u0105 w cz\u0119\u015bci wahad\u0142owej.<\/p>\n<p>Ostrze ze stali AUS 10<br \/>\nKraw\u0119d\u017a ostrza g\u0142adka<br \/>\nWyko\u0144czenie powierzchni ostrza EDP<br \/>\nD\u0142ugo\u015b\u0107 ostrza: 7,69 cm<br \/>\nD\u0142ugo\u015b\u0107 ca\u0142kowita: 17,78 cm<br \/>\nD\u0142ugo\u015b\u0107 po zamkni\u0119ciu: 10,15 cm<br \/>\nWaga 3,60 uncji (102,06 g)<br \/>\nMateria\u0142 r\u0119koje\u015bci G10<br \/>\nStylowy n\u00f3\u017c sk\u0142adany z obs\u0142ug\u0105 Liner Lock<\/p>\n<p><iframe title=\"CRKT P.S.D.\u2122 II  I Jim Hammond Design\" width=\"800\" height=\"450\" src=\"https:\/\/www.youtube.com\/embed\/WqtSo-oNagU?feature=oembed\" frameborder=\"0\" allow=\"accelerometer; autoplay; clipboard-write; encrypted-media; gyroscope; picture-in-picture; web-share\" referrerpolicy=\"strict-origin-when-cross-origin\" allowfullscreen><\/iframe><\/p>\n<p>&nbsp;<\/p>\n","protected":false},"excerpt":{"rendered":"<p>PROJEKTANT<br \/>\nJima Hammonda<br \/>\nBirmingham w Alabamie<br \/>\nJim by\u0142 pierwszym kuterem, kt\u00f3ry wsp\u00f3\u0142pracowa\u0142 z CRKT\u00ae w 1994 r., ale wcze\u015bniej mia\u0142 ponad 17 lat do\u015bwiadczenia za pasem ozdobionym ostrzami. Po uko\u0144czeniu Clemson w 1977 szybko pi\u0105\u0142 si\u0119 po szczeblach kariery, specjalizuj\u0105c si\u0119 w wojskowych i kolekcjonerskich my\u015bliwcach taktycznych, takich jak nasza seria FE\u2122. Od 1978 roku jest cz\u0142onkiem Gildii Producent\u00f3w No\u017cy, a jego projekty \u2013 i hu\u015btawki golfowe \u2013 charakteryzuj\u0105 si\u0119 perfekcj\u0105, smakiem i funkcjonalno\u015bci\u0105.<\/p>\n","protected":false},"featured_media":331936,"comment_status":"open","ping_status":"closed","template":"","meta":[],"pwb-brand":[3458],"product_brand":[],"product_cat":[3307,3296],"product_tag":[3671],"class_list":{"0":"post-331981","1":"product","2":"type-product","3":"status-publish","4":"has-post-thumbnail","6":"pwb-brand-crkt-pl","7":"product_cat-zamykanie-nozy","8":"product_cat-noze-pl","9":"product_tag-b2b-pl","11":"first","12":"instock","13":"sale","14":"taxable","15":"shipping-taxable","16":"purchasable","17":"product-type-simple"},"brands":[{"id":3458,"name":"CRKT","slug":"crkt-pl"}],"_links":{"self":[{"href":"https:\/\/www.moskito.cz\/pl\/wp-json\/wp\/v2\/product\/331981","targetHints":{"allow":["GET"]}}],"collection":[{"href":"https:\/\/www.moskito.cz\/pl\/wp-json\/wp\/v2\/product"}],"about":[{"href":"https:\/\/www.moskito.cz\/pl\/wp-json\/wp\/v2\/types\/product"}],"replies":[{"embeddable":true,"href":"https:\/\/www.moskito.cz\/pl\/wp-json\/wp\/v2\/comments?post=331981"}],"wp:featuredmedia":[{"embeddable":true,"href":"https:\/\/www.moskito.cz\/pl\/wp-json\/wp\/v2\/media\/331936"}],"wp:attachment":[{"href":"https:\/\/www.moskito.cz\/pl\/wp-json\/wp\/v2\/media?parent=331981"}],"wp:term":[{"taxonomy":"pwb-brand","embeddable":true,"href":"https:\/\/www.moskito.cz\/pl\/wp-json\/wp\/v2\/pwb-brand?post=331981"},{"taxonomy":"product_brand","embeddable":true,"href":"https:\/\/www.moskito.cz\/pl\/wp-json\/wp\/v2\/product_brand?post=331981"},{"taxonomy":"product_cat","embeddable":true,"href":"https:\/\/www.moskito.cz\/pl\/wp-json\/wp\/v2\/product_cat?post=331981"},{"taxonomy":"product_tag","embeddable":true,"href":"https:\/\/www.moskito.cz\/pl\/wp-json\/wp\/v2\/product_tag?post=331981"}],"curies":[{"name":"wp","href":"https:\/\/api.w.org\/{rel}","templated":true}]}}