{"id":332342,"date":"2024-04-13T20:54:49","date_gmt":"2024-04-13T19:57:29","guid":{"rendered":"https:\/\/www.moskito.cz\/produkt\/noz-zamykajacy-crkt-6450d2\/"},"modified":"2025-05-07T11:10:58","modified_gmt":"2025-05-07T10:10:58","slug":"noz-zamykajacy-crkt-6450d2","status":"publish","type":"product","link":"https:\/\/www.moskito.cz\/pl\/produkt\/noz-zamykajacy-crkt-6450d2\/","title":{"rendered":"N\u00f3\u017c zamykaj\u0105cy CRKT 6450D2"},"content":{"rendered":"<p>N\u00f3\u017c zamykaj\u0105cy <strong>CRKT<\/strong> 6450D2.<\/p>\n<p>Nigdy nie zbaczaj z kursu.<\/p>\n<p>Podobnie jak oryginalny, ulubiony przez fan\u00f3w Drifter, ten n\u00f3\u017c to codzienny przedmiot, kt\u00f3ry zabierze Ci\u0119 do pracy i nie zawiedzie. Teraz z ostrzem ze stali D2, ma lepszy chwyt ostrza, aby wytrzyma\u0107 d\u0142ugotrwa\u0142e zu\u017cycie. Dodaj do tego wytrzyma\u0142\u0105 na ka\u017cd\u0105 pogod\u0119 r\u0119koje\u015b\u0107 G10, \u0142atwy w obs\u0142udze flipper obs\u0142ugiwany jedn\u0105 r\u0119k\u0105 i mocn\u0105 blokad\u0119 wk\u0142adki, a otrzymasz dobrze zaokr\u0105glony n\u00f3\u017c gotowy do szerokiej gamy zada\u0144.<\/p>\n<p>Dane techniczne:<br \/>\nD\u0142ugo\u015b\u0107 ostrza: 7,30 cm<br \/>\nD\u0142ugo\u015b\u0107 po zamkni\u0119ciu: 9,29 cm<br \/>\nD\u0142ugo\u015b\u0107 ca\u0142kowita: 16,51 cm<br \/>\nMateria\u0142 ostrza: Stal narz\u0119dziowa D2<br \/>\nStyl ostrza: Drop Point<br \/>\nSzlifowanie ostrzy: puste<br \/>\nObr\u00f3bka powierzchni ostrza: Stonewash<br \/>\nMateria\u0142 r\u0119koje\u015bci: czarny G10<br \/>\nMechanizm blokuj\u0105cy: Liner Lock<br \/>\nKieszonkowy klips: przechylony w d\u00f3\u0142, odpowiedni do noszenia<br \/>\nWaga: 2,40 uncji (68,04 g)<\/p>\n<p><iframe title=\"CRKT Drifter Liner Lock\" width=\"800\" height=\"450\" src=\"https:\/\/www.youtube.com\/embed\/AYyOnaCyLQc?feature=oembed\" frameborder=\"0\" allow=\"accelerometer; autoplay; clipboard-write; encrypted-media; gyroscope; picture-in-picture; web-share\" referrerpolicy=\"strict-origin-when-cross-origin\" allowfullscreen><\/iframe><\/p>\n<p>&nbsp;<\/p>\n","protected":false},"excerpt":{"rendered":"<p>Podobnie jak oryginalny, ulubiony przez fan\u00f3w Drifter, ten n\u00f3\u017c to codzienny przedmiot, kt\u00f3ry zabierze Ci\u0119 do pracy i nie zawiedzie.<\/p>\n","protected":false},"featured_media":332293,"comment_status":"open","ping_status":"closed","template":"","meta":[],"pwb-brand":[3458],"product_brand":[],"product_cat":[3307,3296],"product_tag":[3671],"class_list":{"0":"post-332342","1":"product","2":"type-product","3":"status-publish","4":"has-post-thumbnail","6":"pwb-brand-crkt-pl","7":"product_cat-zamykanie-nozy","8":"product_cat-noze-pl","9":"product_tag-b2b-pl","11":"first","12":"instock","13":"taxable","14":"shipping-taxable","15":"purchasable","16":"product-type-simple"},"brands":[{"id":3458,"name":"CRKT","slug":"crkt-pl"}],"_links":{"self":[{"href":"https:\/\/www.moskito.cz\/pl\/wp-json\/wp\/v2\/product\/332342","targetHints":{"allow":["GET"]}}],"collection":[{"href":"https:\/\/www.moskito.cz\/pl\/wp-json\/wp\/v2\/product"}],"about":[{"href":"https:\/\/www.moskito.cz\/pl\/wp-json\/wp\/v2\/types\/product"}],"replies":[{"embeddable":true,"href":"https:\/\/www.moskito.cz\/pl\/wp-json\/wp\/v2\/comments?post=332342"}],"wp:featuredmedia":[{"embeddable":true,"href":"https:\/\/www.moskito.cz\/pl\/wp-json\/wp\/v2\/media\/332293"}],"wp:attachment":[{"href":"https:\/\/www.moskito.cz\/pl\/wp-json\/wp\/v2\/media?parent=332342"}],"wp:term":[{"taxonomy":"pwb-brand","embeddable":true,"href":"https:\/\/www.moskito.cz\/pl\/wp-json\/wp\/v2\/pwb-brand?post=332342"},{"taxonomy":"product_brand","embeddable":true,"href":"https:\/\/www.moskito.cz\/pl\/wp-json\/wp\/v2\/product_brand?post=332342"},{"taxonomy":"product_cat","embeddable":true,"href":"https:\/\/www.moskito.cz\/pl\/wp-json\/wp\/v2\/product_cat?post=332342"},{"taxonomy":"product_tag","embeddable":true,"href":"https:\/\/www.moskito.cz\/pl\/wp-json\/wp\/v2\/product_tag?post=332342"}],"curies":[{"name":"wp","href":"https:\/\/api.w.org\/{rel}","templated":true}]}}