{"id":332400,"date":"2024-04-13T21:15:15","date_gmt":"2024-04-13T20:17:21","guid":{"rendered":"https:\/\/www.moskito.cz\/produkt\/noz-zamykajacy-crkt-homefront-compact-k245bkp\/"},"modified":"2025-05-07T11:10:59","modified_gmt":"2025-05-07T10:10:59","slug":"noz-zamykajacy-crkt-homefront-compact-k245bkp","status":"publish","type":"product","link":"https:\/\/www.moskito.cz\/pl\/produkt\/noz-zamykajacy-crkt-homefront-compact-k245bkp\/","title":{"rendered":"N\u00f3\u017c zamykaj\u0105cy CRKT Homefront Compact K245BKP"},"content":{"rendered":"<p>N\u00f3\u017c zamykaj\u0105cy <strong>CRKT<\/strong> Homefront Compact K245BKP.<\/p>\n<p>Wygl\u0105d klasycznego no\u017ca z czas\u00f3w II wojny \u015bwiatowej, z krojem i wyko\u0144czeniem nawi\u0105zuj\u0105cym do wsp\u00f3\u0142czesnych ulubie\u0144c\u00f3w.<\/p>\n<p>Wysokiej klasy wersja imponuj\u0105cego orygina\u0142u, Homefront Compact firmy Ken Onion to wyr\u00f3\u017cniaj\u0105cy si\u0119 n\u00f3\u017c sk\u0142adany z blokad\u0105 liner-lock. Posiada kr\u00f3tsze ostrze typu drop-point wykonane z najwy\u017cszej jako\u015bci stali nierdzewnej CPM-S35VN i posiada takie detale, jak tradycyjny, samodzielny otw\u00f3r na p\u0142etw\u0119 i otw\u00f3r na smycz umo\u017cliwiaj\u0105cy \u0142atwe dostosowanie zawieszki. Czarne ostrze z pow\u0142ok\u0105 DLC kontrastuj\u0105ce z lekk\u0105 r\u0119koje\u015bci\u0105 G10 nadaje tej codziennej torbie przyci\u0105gaj\u0105cy wzrok wygl\u0105d.<\/p>\n<p>Dane techniczne:<br \/>\nD\u0142ugo\u015b\u0107 ostrza: 7,34 cm<br \/>\nD\u0142ugo\u015b\u0107 po zamkni\u0119ciu: 9,76 cm<br \/>\nD\u0142ugo\u015b\u0107 ca\u0142kowita: 17,11 cm<br \/>\nMateria\u0142 ostrza: CPM-S35VN Stal nierdzewna<br \/>\nStyl ostrza: Drop Point<br \/>\nWyko\u0144czenie ostrza: czarne DLC<br \/>\nMateria\u0142 r\u0119koje\u015bci: G10 z aluminiowymi wspornikami<br \/>\nMechanizm blokuj\u0105cy: Liner Lock<br \/>\nKieszonkowy klips: stal nierdzewna (wysuwany, noszony po prawej stronie)<br \/>\nProjektant: Ken Onion<br \/>\nWaga: 3,00 uncji (85,05 g)<\/p>\n<p><iframe title=\"CRKT Homefront\u2122 Compact | Ken Onion Design\" width=\"800\" height=\"450\" src=\"https:\/\/www.youtube.com\/embed\/vnoEItMchdk?feature=oembed\" frameborder=\"0\" allow=\"accelerometer; autoplay; clipboard-write; encrypted-media; gyroscope; picture-in-picture; web-share\" referrerpolicy=\"strict-origin-when-cross-origin\" allowfullscreen><\/iframe><\/p>\n<p>&nbsp;<\/p>\n","protected":false},"excerpt":{"rendered":"<p>PROJEKTANT<br \/>\nKena Cebuli<br \/>\nKaneohe na Hawajach<br \/>\nKen to prawdziwa okazja. Ken, najm\u0142odszy uczestnik wprowadzony do Galerii s\u0142aw magazynu Blade w 2008 roku, jest uznawany za jednego z najbardziej innowacyjnych i odnosz\u0105cych sukcesy projektant\u00f3w no\u017cy wszechczas\u00f3w. W 1996 roku stworzy\u0142 pierwszy mechanizm wspomaganego otwierania, kt\u00f3ry odni\u00f3s\u0142 sukces komercyjny, a 20 lat p\u00f3\u017aniej zaprezentowa\u0142 swoj\u0105 wielokrotnie nagradzan\u0105 technologi\u0119 Field Strip. Teraz ta zmieniaj\u0105ca \u015bwiat innowacja wyznacza nowy standard dzi\u0119ki technologii Field Strip Gen II, co stanowi odrodzenie, kt\u00f3re musi zas\u0142ugiwa\u0107 na swoj\u0105 nazw\u0119.<\/p>\n<p>Bezp\u0142atny transport.<\/p>\n","protected":false},"featured_media":332351,"comment_status":"open","ping_status":"closed","template":"","meta":[],"pwb-brand":[3458],"product_brand":[],"product_cat":[3307,3296],"product_tag":[3671],"class_list":{"0":"post-332400","1":"product","2":"type-product","3":"status-publish","4":"has-post-thumbnail","6":"pwb-brand-crkt-pl","7":"product_cat-zamykanie-nozy","8":"product_cat-noze-pl","9":"product_tag-b2b-pl","11":"first","12":"instock","13":"sale","14":"taxable","15":"shipping-taxable","16":"purchasable","17":"product-type-simple"},"brands":[{"id":3458,"name":"CRKT","slug":"crkt-pl"}],"_links":{"self":[{"href":"https:\/\/www.moskito.cz\/pl\/wp-json\/wp\/v2\/product\/332400","targetHints":{"allow":["GET"]}}],"collection":[{"href":"https:\/\/www.moskito.cz\/pl\/wp-json\/wp\/v2\/product"}],"about":[{"href":"https:\/\/www.moskito.cz\/pl\/wp-json\/wp\/v2\/types\/product"}],"replies":[{"embeddable":true,"href":"https:\/\/www.moskito.cz\/pl\/wp-json\/wp\/v2\/comments?post=332400"}],"wp:featuredmedia":[{"embeddable":true,"href":"https:\/\/www.moskito.cz\/pl\/wp-json\/wp\/v2\/media\/332351"}],"wp:attachment":[{"href":"https:\/\/www.moskito.cz\/pl\/wp-json\/wp\/v2\/media?parent=332400"}],"wp:term":[{"taxonomy":"pwb-brand","embeddable":true,"href":"https:\/\/www.moskito.cz\/pl\/wp-json\/wp\/v2\/pwb-brand?post=332400"},{"taxonomy":"product_brand","embeddable":true,"href":"https:\/\/www.moskito.cz\/pl\/wp-json\/wp\/v2\/product_brand?post=332400"},{"taxonomy":"product_cat","embeddable":true,"href":"https:\/\/www.moskito.cz\/pl\/wp-json\/wp\/v2\/product_cat?post=332400"},{"taxonomy":"product_tag","embeddable":true,"href":"https:\/\/www.moskito.cz\/pl\/wp-json\/wp\/v2\/product_tag?post=332400"}],"curies":[{"name":"wp","href":"https:\/\/api.w.org\/{rel}","templated":true}]}}