{"id":332603,"date":"2024-04-14T19:57:07","date_gmt":"2024-04-14T18:57:53","guid":{"rendered":"https:\/\/www.moskito.cz\/produkt\/noz-staly-crkt-razel-compact-4036\/"},"modified":"2025-05-07T11:11:05","modified_gmt":"2025-05-07T10:11:05","slug":"noz-staly-crkt-razel-compact-4036","status":"publish","type":"product","link":"https:\/\/www.moskito.cz\/pl\/produkt\/noz-staly-crkt-razel-compact-4036\/","title":{"rendered":"N\u00f3\u017c sta\u0142y CRKT Razel Compact 4036"},"content":{"rendered":"<p>N\u00f3\u017c sta\u0142y <strong>CRKT<\/strong> Razel Compact 4036.<\/p>\n<p>Chocia\u017c Razel Compact mo\u017ce by\u0107 mniejszy ni\u017c zwyk\u0142e sta\u0142e ostrza Razel, w swoim masywnym ostrzu kryje si\u0119 wiele przydatnych funkcji i funkcji. Ostrze D2 ma zaledwie 2,32 cala i posiada dwukolorowe wyko\u0144czenie Stonewash\/Satin, kt\u00f3re oddziela ostrze od powierzchni czo\u0142owych. Ty\u0142 ostrza posiada z\u0105bkowanie Veff Flat Top, kt\u00f3re zapewnia doskona\u0142\u0105 si\u0142\u0119 ci\u0119cia lin i ta\u015bm. R\u0119koje\u015b\u0107 wykonana jest z czarnego G10, ukszta\u0142towana tak, aby pasowa\u0142a do przedniej cz\u0119\u015bci d\u0142oni i posiada przed\u0142u\u017cony klips, aby pomie\u015bci\u0107 pleciony kabel. Razel Compact jest wyposa\u017cony w termoplastyczn\u0105 os\u0142on\u0119 z kilkoma otworami na punkty mocowania i klipsem kieszeniowym umo\u017cliwiaj\u0105cym r\u00f3\u017cne opcje noszenia .<\/p>\n<p>Dane techniczne:<br \/>\nD\u0142ugo\u015b\u0107 ostrza: 5,90 cm<br \/>\nD\u0142ugo\u015b\u0107 r\u0105czki: 7,49 cm<br \/>\nD\u0142ugo\u015b\u0107 ca\u0142kowita: 13,39 cm<br \/>\nMateria\u0142 ostrza: Stal narz\u0119dziowa D2<br \/>\nGrubo\u015b\u0107 ostrza: 0,31 cm<br \/>\nStyl ostrza: D\u0142uto<br \/>\nObr\u00f3bka powierzchni ostrza: dwukolorowa<br \/>\nMateria\u0142 r\u0119koje\u015bci: czarny G10<br \/>\nMateria\u0142 skorupy: tworzywo termoplastyczne<br \/>\nKlips kieszeniowy ze stali nierdzewnej<br \/>\nWaga: 3,0 uncji (85,05 g)<br \/>\nWaga z etui: 4,1 uncji. (116,23 g)<br \/>\nProjektant: Jon Graham<\/p>\n<p><iframe title=\"CRKT Razel\u00ae Compact | Jon Graham Design\" width=\"800\" height=\"450\" src=\"https:\/\/www.youtube.com\/embed\/-3idTlyqcfE?feature=oembed\" frameborder=\"0\" allow=\"accelerometer; autoplay; clipboard-write; encrypted-media; gyroscope; picture-in-picture; web-share\" referrerpolicy=\"strict-origin-when-cross-origin\" allowfullscreen><\/iframe><\/p>\n<p>&nbsp;<\/p>\n","protected":false},"excerpt":{"rendered":"<p>PROJEKTANT<br \/>\n<strong>Jona Grahama<\/strong><br \/>\nCleveland, Tennessee<br \/>\nUrodzony przez ojca, kt\u00f3ry ceni\u0142 no\u017ce, Jon Graham z Cleveland w stanie Tennessee ju\u017c w m\u0142odym wieku uczy\u0142 si\u0119, jak wa\u017cny jest dobry n\u00f3\u017c. \u201eDosta\u0142em sw\u00f3j pierwszy n\u00f3\u017c, gdy mia\u0142em siedem lat i od tego czasu nie mog\u0119 si\u0119 bez niego obej\u015b\u0107\u201d. Pod koniec lat 80-tych lat, kiedy Jon stacjonowa\u0142 w Aviaono AB we W\u0142oszech, odkry\u0142 w magazynie r\u0119cznie robione no\u017ce i wiedzia\u0142, \u017ce to jest co\u015b, co chce robi\u0107. Po opuszczeniu Si\u0142 Powietrznych i rozpocz\u0119ciu pracy Jon zacz\u0105\u0142 w 1994 roku robi\u0107 no\u017ce sto\u0142owe przy u\u017cyciu podstawowych narz\u0119dzi. Zm\u0119czony tworzeniem projekt\u00f3w innych ludzi, Jon poprosi\u0142 swojego brata Josha w 1999 roku, aby kupi\u0142 troch\u0119 sprz\u0119tu i nauczy\u0142 si\u0119 robi\u0107 no\u017ce ze z\u0142omu. Od tego czasu jest uzale\u017cniony, nieustannie staraj\u0105c si\u0119 udoskonala\u0107 swoje projekty i umiej\u0119tno\u015bci, opieraj\u0105c si\u0119 na swoim do\u015bwiadczeniu jako technik silnik\u00f3w wysokopr\u0119\u017cnych. Graham Knives specjalizuje si\u0119 w utylitarnych projektach taktycznych, ze szczeg\u00f3lnym naciskiem na no\u017ce kieszonkowe EDC ze sta\u0142ym ostrzem, ale jego ulubion\u0105 lini\u0105 no\u017cy jest niestandardowy obosieczny Razel, kt\u00f3ry firma produkuje w wielu rozmiarach i stylach. Jest projektantem CRKT Razel i Folding Razel.<\/p>\n","protected":false},"featured_media":332565,"comment_status":"open","ping_status":"closed","template":"","meta":[],"pwb-brand":[3458],"product_brand":[],"product_cat":[3296,3297],"product_tag":[3671],"class_list":{"0":"post-332603","1":"product","2":"type-product","3":"status-publish","4":"has-post-thumbnail","6":"pwb-brand-crkt-pl","7":"product_cat-noze-pl","8":"product_cat-solidne-noze","9":"product_tag-b2b-pl","11":"first","12":"instock","13":"taxable","14":"shipping-taxable","15":"purchasable","16":"product-type-simple"},"brands":[{"id":3458,"name":"CRKT","slug":"crkt-pl"}],"_links":{"self":[{"href":"https:\/\/www.moskito.cz\/pl\/wp-json\/wp\/v2\/product\/332603","targetHints":{"allow":["GET"]}}],"collection":[{"href":"https:\/\/www.moskito.cz\/pl\/wp-json\/wp\/v2\/product"}],"about":[{"href":"https:\/\/www.moskito.cz\/pl\/wp-json\/wp\/v2\/types\/product"}],"replies":[{"embeddable":true,"href":"https:\/\/www.moskito.cz\/pl\/wp-json\/wp\/v2\/comments?post=332603"}],"wp:featuredmedia":[{"embeddable":true,"href":"https:\/\/www.moskito.cz\/pl\/wp-json\/wp\/v2\/media\/332565"}],"wp:attachment":[{"href":"https:\/\/www.moskito.cz\/pl\/wp-json\/wp\/v2\/media?parent=332603"}],"wp:term":[{"taxonomy":"pwb-brand","embeddable":true,"href":"https:\/\/www.moskito.cz\/pl\/wp-json\/wp\/v2\/pwb-brand?post=332603"},{"taxonomy":"product_brand","embeddable":true,"href":"https:\/\/www.moskito.cz\/pl\/wp-json\/wp\/v2\/product_brand?post=332603"},{"taxonomy":"product_cat","embeddable":true,"href":"https:\/\/www.moskito.cz\/pl\/wp-json\/wp\/v2\/product_cat?post=332603"},{"taxonomy":"product_tag","embeddable":true,"href":"https:\/\/www.moskito.cz\/pl\/wp-json\/wp\/v2\/product_tag?post=332603"}],"curies":[{"name":"wp","href":"https:\/\/api.w.org\/{rel}","templated":true}]}}