{"id":332757,"date":"2024-04-14T20:35:06","date_gmt":"2024-04-14T19:42:59","guid":{"rendered":"https:\/\/www.moskito.cz\/produkt\/noz-zamykajacy-crkt-orca-7930\/"},"modified":"2025-05-07T11:11:11","modified_gmt":"2025-05-07T10:11:11","slug":"noz-zamykajacy-crkt-orca-7930","status":"publish","type":"product","link":"https:\/\/www.moskito.cz\/pl\/produkt\/noz-zamykajacy-crkt-orca-7930\/","title":{"rendered":"N\u00f3\u017c zamykaj\u0105cy CRKT Orca 7930"},"content":{"rendered":"<p>N\u00f3\u017c zamykaj\u0105cy <strong>CRKT<\/strong> Orca 7930<\/p>\n<div class=\"flex-1 overflow-hidden @container\/thread\">\n<div class=\"h-full\">\n<div class=\"react-scroll-to-bottom--css-quzxw-79elbk h-full\">\n<div class=\"react-scroll-to-bottom--css-quzxw-1n7m0yu\">\n<div class=\"flex flex-col text-sm md:pb-9\">\n<article class=\"w-full scroll-mb-[var(--thread-trailing-height,150px)] text-token-text-primary focus-visible:outline-2 focus-visible:outline-offset-[-4px]\" dir=\"auto\" data-testid=\"conversation-turn-173\" data-scroll-anchor=\"true\">\n<div class=\"m-auto text-base py-[18px] px-3 md:px-4 w-full md:px-5 lg:px-4 xl:px-5\">\n<div class=\"mx-auto flex flex-1 gap-4 text-base md:gap-5 lg:gap-6 md:max-w-3xl\">\n<div class=\"group\/conversation-turn relative flex w-full min-w-0 flex-col agent-turn\">\n<div class=\"flex-col gap-1 md:gap-3\">\n<div class=\"flex max-w-full flex-col flex-grow\">\n<div class=\"min-h-8 text-message flex w-full flex-col items-end gap-2 whitespace-normal break-words text-start [.text-message+&amp;]:mt-5\" dir=\"auto\" data-message-author-role=\"assistant\" data-message-id=\"4fbf0619-a580-43af-9370-fc51dbba6d4c\" data-message-model-slug=\"gpt-4o-mini\">\n<div class=\"flex w-full flex-col gap-1 empty:hidden first:pt-[3px]\">\n<div class=\"markdown prose w-full break-words dark:prose-invert light\">\n<p><strong>N\u00f3\u017c sk\u0142adany CRKT Orca 7930<\/strong> to <strong>kompaktowy, mocny i dyskretny n\u00f3\u017c<\/strong> \u0142\u0105cz\u0105cy w sobie <strong>doskona\u0142y design<\/strong> z praktycznymi funkcjami. <strong>N\u00f3\u017c Orca<\/strong> zosta\u0142 zaprojektowany przez Jima Hammonda i inspirowany jest jego ulubionym zwierz\u0119ciem morskim \u2013 <strong>ork\u0105<\/strong> \u2013 co jest wyra\u017anie widoczne w konstrukcji no\u017ca. N\u00f3\u017c ten wyr\u00f3\u017cnia si\u0119 nie tylko wygl\u0105dem, ale i funkcjonalno\u015bci\u0105, na kt\u00f3r\u0105 sk\u0142ada si\u0119 <strong>wspomagane otwieranie<\/strong> i <strong>wysoka wytrzyma\u0142o\u015b\u0107 materia\u0142u<\/strong> .  <\/p>\n<h3>Kluczowe w\u0142a\u015bciwo\u015bci:<\/h3>\n<ul>\n<li><strong>Wspomagane otwieranie:<\/strong> N\u00f3\u017c zosta\u0142 wyposa\u017cony w <strong>wspomagane otwieranie<\/strong> , co oznacza, \u017ce \u200b\u200bostrze mo\u017cna otworzy\u0107 szybko i \u0142atwo jedn\u0105 r\u0119k\u0105. <strong>IKBS Pivot<\/strong> (IKBS \u2013 Ikoma Korth Bearing System) zapewnia p\u0142ynne otwieranie nawet przy minimalnym ruchu.<\/li>\n<li><strong>Ostrze ze stali narz\u0119dziowej D2:<\/strong> Stal <strong>D2<\/strong> to wysokiej jako\u015bci stal o doskona\u0142ych w\u0142a\u015bciwo\u015bciach utrzymywania ostro\u015bci, co oznacza, \u017ce \u200b\u200bostrze pozostaje ostre przez d\u0142ugi czas, nawet przy intensywnym u\u017cytkowaniu.<\/li>\n<li><strong>Kompaktowa konstrukcja:<\/strong> Dzi\u0119ki <strong>d\u0142ugo\u015bci ostrza wynosz\u0105cej 4,53 cm<\/strong> i <strong>ca\u0142kowitej d\u0142ugo\u015bci 11,84 cm<\/strong> n\u00f3\u017c jest bardzo kompaktowy i \u0142atwy do przenoszenia, dzi\u0119ki czemu idealnie nadaje si\u0119 do codziennego noszenia w kieszeni.<\/li>\n<li><strong>Ergonomiczny uchwyt:<\/strong> Uchwyt wykonany jest z <strong>czarnego nylonu wzmocnionego w\u0142\u00f3knem szklanym<\/strong> , co zapewnia <strong>du\u017c\u0105 wytrzyma\u0142o\u015b\u0107 i trwa\u0142o\u015b\u0107<\/strong> , a jednocze\u015bnie jest <strong>lekko teksturowany<\/strong> , co zapewnia dobry chwyt.<\/li>\n<li><strong>Bezpieczne blokowanie:<\/strong> Ten model jest wyposa\u017cony w <strong>blokad\u0119 Liner Lock<\/strong> , mechanizm blokuj\u0105cy, kt\u00f3ry zapewnia, \u017ce \u200b\u200bostrze pozostanie na swoim miejscu po otwarciu i zapobiega przypadkowemu zamkni\u0119ciu si\u0119 podczas u\u017cytkowania.<\/li>\n<li><strong>Praktyczny klips kieszonkowy:<\/strong> Klips kieszonkowy umo\u017cliwia <strong>noszenie no\u017ca praw\u0105 r\u0119k\u0105<\/strong> oraz \u0142atwe noszenie go w kieszeni lub na pasku.<\/li>\n<\/ul>\n<h3>Dane techniczne:<\/h3>\n<ul>\n<li><strong>D\u0142ugo\u015b\u0107 ostrza:<\/strong> 4,53 cm<\/li>\n<li><strong>D\u0142ugo\u015b\u0107 r\u0105czki:<\/strong> 7,55 cm<\/li>\n<li><strong>D\u0142ugo\u015b\u0107 ca\u0142kowita:<\/strong> 11,84 cm<\/li>\n<li><strong>Materia\u0142 ostrza:<\/strong> <strong>D2<\/strong> (stal narz\u0119dziowa)<\/li>\n<li><strong>Styl ostrza:<\/strong> <strong>Drop Point<\/strong><\/li>\n<li><strong>Wyko\u0144czenie powierzchni ostrza:<\/strong> Satynowe<\/li>\n<li><strong>Materia\u0142 uchwytu:<\/strong> Czarny nylon wzmacniany w\u0142\u00f3knem szklanym<\/li>\n<li><strong>Mechanizm blokuj\u0105cy:<\/strong> <strong>Liner Lock<\/strong><\/li>\n<li><strong>Klips kieszonkowy:<\/strong> sk\u0142adany, do noszenia po prawej stronie<\/li>\n<li><strong>Waga:<\/strong> 2,60 uncji. (73,71 g)<\/li>\n<li><strong>Projektant:<\/strong> <strong>Jim Hammond<\/strong><\/li>\n<li><strong>Wspomaganie IKBS Pivot<\/strong> (do szybkiego i p\u0142ynnego otwierania)<\/li>\n<\/ul>\n<h3>Zastosowanie:<\/h3>\n<ul>\n<li><strong>Codzienne noszenie (EDC):<\/strong> Niewielkie rozmiary sprawiaj\u0105, \u017ce idealnie nadaje si\u0119 do codziennego noszenia. \u015awietnie sprawdzi si\u0119 przy <strong>otwieraniu kopert<\/strong> , <strong>rozwi\u0105zywaniu drobnych zada\u0144<\/strong> lub <strong>wykonywaniu drobnych ci\u0119\u0107<\/strong> . <\/li>\n<li><strong>Zastosowanie w biurze:<\/strong> Dyskretna, przypominaj\u0105ca d\u0142ugopis konstrukcja sprawia, \u017ce \u200b\u200bn\u00f3\u017c doskonale sprawdzi si\u0119 w <strong>biurach,<\/strong> w kt\u00f3rych nie chcesz, aby by\u0142 zbyt widoczny.<\/li>\n<li><strong>Aktywno\u015bci na \u015bwie\u017cym powietrzu:<\/strong> Dzi\u0119ki kompaktowym rozmiarom n\u00f3\u017c ten nadaje si\u0119 do <strong>lekkich aktywno\u015bci na \u015bwie\u017cym powietrzu,<\/strong> gdy musisz mie\u0107 pod r\u0119k\u0105 ma\u0142y, ale mocny n\u00f3\u017c.<\/li>\n<li><strong>Samoekspresja i cele kolekcjonerskie:<\/strong> Jest to r\u00f3wnie\u017c <strong>stylowy n\u00f3\u017c<\/strong> dla kolekcjoner\u00f3w, kt\u00f3rzy doceni\u0105 jego wyj\u0105tkowy design inspirowany ork\u0105.<\/li>\n<\/ul>\n<h3>Projekt inspirowany natur\u0105:<\/h3>\n<p>Opr\u00f3cz funkcjonalno\u015bci, konstrukcja <strong>no\u017ca Orca<\/strong> inspirowana jest <strong>ork\u0105<\/strong> (Orcinus orca), o czym \u015bwiadczy krzywizna r\u0119koje\u015bci i og\u00f3lny wygl\u0105d no\u017ca, kt\u00f3ry przypomina p\u0142etwy grzbietowe i piersiowe tego majestatycznego ssaka morskiego. Ten n\u00f3\u017c to nie tylko narz\u0119dzie, ale tak\u017ce <strong>designerski element<\/strong> , kt\u00f3ry mo\u017cesz z dum\u0105 zabra\u0107 ze sob\u0105 wsz\u0119dzie. <\/p>\n<p><strong>CRKT Orca 7930<\/strong> to idealny wyb\u00f3r dla ka\u017cdego, kto szuka <strong>kompaktowego, a jednocze\u015bnie mocnego no\u017ca<\/strong> o doskona\u0142ej konstrukcji i <strong>wspomaganym otwieraniu<\/strong> , kt\u00f3ry z \u0142atwo\u015bci\u0105 znajdzie swoje miejsce w codziennym wyposa\u017ceniu.<\/p>\n<\/div>\n<\/div>\n<\/div>\n<\/div>\n<div class=\"mb-2 flex gap-3 empty:hidden -ml-2\">\n<div class=\"items-center justify-start rounded-xl p-1 flex\">\n<div class=\"flex items-center\"><\/div>\n<\/div>\n<\/div>\n<div class=\"pr-2 lg:pr-0\"><\/div>\n<div class=\"mt-3 w-full empty:hidden\">\n<div class=\"text-center\"><\/div>\n<\/div>\n<\/div>\n<div class=\"absolute\">\n<div class=\"flex items-center justify-center\"><\/div>\n<\/div>\n<\/div>\n<\/div>\n<\/div>\n<\/article>\n<\/div>\n<\/div>\n<\/div>\n<\/div>\n<\/div>\n<div class=\"md:pt-0 dark:border-white\/20 md:border-transparent md:dark:border-transparent w-full\">\n<div>\n<div class=\"m-auto text-base px-3 md:px-4 w-full md:px-5 lg:px-4 xl:px-5\">\n<div class=\"mx-auto flex flex-1 gap-4 text-base md:gap-5 lg:gap-6 md:max-w-3xl\">\n<div class=\"flex justify-center\"><\/div>\n<\/div>\n<\/div>\n<\/div>\n<\/div>\n<p>&nbsp;<\/p>\n<p><iframe title=\"CRKT Orca Assisted | Jim Hammond Design\" width=\"800\" height=\"450\" src=\"https:\/\/www.youtube.com\/embed\/WVN8A4kcy_A?feature=oembed\" frameborder=\"0\" allow=\"accelerometer; autoplay; clipboard-write; encrypted-media; gyroscope; picture-in-picture; web-share\" referrerpolicy=\"strict-origin-when-cross-origin\" allowfullscreen><\/iframe><\/p>\n<p>&nbsp;<\/p>\n","protected":false},"excerpt":{"rendered":"<div class=\"flex max-w-full flex-col flex-grow\">\n<div class=\"min-h-8 text-message flex w-full flex-col items-end gap-2 whitespace-normal break-words text-start [.text-message+&amp;]:mt-5\" dir=\"auto\" data-message-author-role=\"assistant\" data-message-id=\"4fbf0619-a580-43af-9370-fc51dbba6d4c\" data-message-model-slug=\"gpt-4o-mini\">\n<div class=\"flex w-full flex-col gap-1 empty:hidden first:pt-[3px]\">\n<div class=\"markdown prose w-full break-words dark:prose-invert light\">\n<p><strong>CRKT Orca 7930 to idealny wyb\u00f3r dla ka\u017cdego, kto szuka kompaktowego, a jednocze\u015bnie mocnego no\u017ca o doskona\u0142ej konstrukcji i wspomaganym otwieraniu, kt\u00f3ry z \u0142atwo\u015bci\u0105 znajdzie swoje miejsce w codziennym wyposa\u017ceniu.<\/strong><\/p>\n<\/div>\n<\/div>\n<\/div>\n<\/div>\n<div class=\"mb-2 flex gap-3 empty:hidden -ml-2\">\n<div class=\"items-center justify-start rounded-xl p-1 flex\">\n<div class=\"flex items-center\"><\/div>\n<\/div>\n<\/div>\n","protected":false},"featured_media":332709,"comment_status":"open","ping_status":"closed","template":"","meta":[],"pwb-brand":[3458],"product_brand":[],"product_cat":[3307,3296],"product_tag":[3671],"class_list":{"0":"post-332757","1":"product","2":"type-product","3":"status-publish","4":"has-post-thumbnail","6":"pwb-brand-crkt-pl","7":"product_cat-zamykanie-nozy","8":"product_cat-noze-pl","9":"product_tag-b2b-pl","11":"first","12":"instock","13":"sale","14":"taxable","15":"shipping-taxable","16":"purchasable","17":"product-type-simple"},"brands":[{"id":3458,"name":"CRKT","slug":"crkt-pl"}],"_links":{"self":[{"href":"https:\/\/www.moskito.cz\/pl\/wp-json\/wp\/v2\/product\/332757","targetHints":{"allow":["GET"]}}],"collection":[{"href":"https:\/\/www.moskito.cz\/pl\/wp-json\/wp\/v2\/product"}],"about":[{"href":"https:\/\/www.moskito.cz\/pl\/wp-json\/wp\/v2\/types\/product"}],"replies":[{"embeddable":true,"href":"https:\/\/www.moskito.cz\/pl\/wp-json\/wp\/v2\/comments?post=332757"}],"wp:featuredmedia":[{"embeddable":true,"href":"https:\/\/www.moskito.cz\/pl\/wp-json\/wp\/v2\/media\/332709"}],"wp:attachment":[{"href":"https:\/\/www.moskito.cz\/pl\/wp-json\/wp\/v2\/media?parent=332757"}],"wp:term":[{"taxonomy":"pwb-brand","embeddable":true,"href":"https:\/\/www.moskito.cz\/pl\/wp-json\/wp\/v2\/pwb-brand?post=332757"},{"taxonomy":"product_brand","embeddable":true,"href":"https:\/\/www.moskito.cz\/pl\/wp-json\/wp\/v2\/product_brand?post=332757"},{"taxonomy":"product_cat","embeddable":true,"href":"https:\/\/www.moskito.cz\/pl\/wp-json\/wp\/v2\/product_cat?post=332757"},{"taxonomy":"product_tag","embeddable":true,"href":"https:\/\/www.moskito.cz\/pl\/wp-json\/wp\/v2\/product_tag?post=332757"}],"curies":[{"name":"wp","href":"https:\/\/api.w.org\/{rel}","templated":true}]}}