{"id":332796,"date":"2024-04-14T20:57:36","date_gmt":"2024-04-14T19:59:01","guid":{"rendered":"https:\/\/www.moskito.cz\/produkt\/crkt-tuleja-zaciskowa-tpenwu\/"},"modified":"2025-05-07T11:11:12","modified_gmt":"2025-05-07T10:11:12","slug":"crkt-tuleja-zaciskowa-tpenwu","status":"publish","type":"product","link":"https:\/\/www.moskito.cz\/pl\/produkt\/crkt-tuleja-zaciskowa-tpenwu\/","title":{"rendered":"CRKT Tuleja zaciskowa TPENWU"},"content":{"rendered":"<p><strong>CRKT<\/strong> Tuleja zaciskowa TPENWU<\/p>\n<p>Pi\u00f3ro Collet Pen \u0142\u0105czy w sobie narz\u0119dzie do pisania, kt\u00f3re mo\u017cna zabra\u0107 ze sob\u0105 w dowolne miejsce, z elastycznym narz\u0119dziem do grawerowania w atrakcyjnej i lekkiej aluminiowej obudowie. Pod tyln\u0105 pokryw\u0105 ukryta jest ig\u0142a z w\u0119glika wolframu, kt\u00f3ra jest wystarczaj\u0105co mocna, aby znakowa\u0107 wi\u0119kszo\u015b\u0107 twardych materia\u0142\u00f3w. Jest utrzymywany na miejscu za pomoc\u0105 uchwytu zaciskowego, kt\u00f3ry mo\u017ce pomie\u015bci\u0107 dowolne opcjonalne narz\u0119dzie do grawerowania.<\/p>\n<p>A to po prostu \u015bwietne narz\u0119dzie do pisania.<\/p>\n<p>Dane techniczne:<br \/>\nD\u0142ugo\u015b\u0107 ca\u0142kowita: 13,8 cm<br \/>\nMateria\u0142: szare aluminium<br \/>\nWaga: 1,10 uncji (31,18 g)<br \/>\nWk\u0142adka: Schmidt MegaLine 4876M<br \/>\nProjektant: Joe Wu<br \/>\nZaprojektowano w Mountain View w Kalifornii<\/p>\n<p>&nbsp;<\/p>\n","protected":false},"excerpt":{"rendered":"<p>PROJEKTANT<br \/>\nJoe Wu<br \/>\nWidok na g\u00f3ry, Kalifornia<br \/>\nZawsze majsterkuj\u0105c i szukaj\u0105c nowych sposob\u00f3w na ulepszenie istniej\u0105cych projekt\u00f3w, Joe Wu zaczyna\u0142 od projektowania produkt\u00f3w w Scout Leather Co. tworz\u0105c produkty w oparciu o osobiste potrzeby i do\u015bwiadczenie. W ostatnich latach swoje pomys\u0142y i doskonali swoje umiej\u0119tno\u015bci biznesowe, wykorzystuj\u0105c tradycyjne metody z nowoczesnym podej\u015bciem. Jego projekty i pomys\u0142y opieraj\u0105 si\u0119 na prostocie i do\u015bwiadczeniu u\u017cytkownika; dobry projekt nie musi by\u0107 skomplikowany.<\/p>\n","protected":false},"featured_media":332766,"comment_status":"open","ping_status":"closed","template":"","meta":[],"pwb-brand":[3458],"product_brand":[],"product_cat":[3296,3307],"product_tag":[3671],"class_list":{"0":"post-332796","1":"product","2":"type-product","3":"status-publish","4":"has-post-thumbnail","6":"pwb-brand-crkt-pl","7":"product_cat-noze-pl","8":"product_cat-zamykanie-nozy","9":"product_tag-b2b-pl","11":"first","12":"instock","13":"taxable","14":"shipping-taxable","15":"purchasable","16":"product-type-simple"},"brands":[{"id":3458,"name":"CRKT","slug":"crkt-pl"}],"_links":{"self":[{"href":"https:\/\/www.moskito.cz\/pl\/wp-json\/wp\/v2\/product\/332796","targetHints":{"allow":["GET"]}}],"collection":[{"href":"https:\/\/www.moskito.cz\/pl\/wp-json\/wp\/v2\/product"}],"about":[{"href":"https:\/\/www.moskito.cz\/pl\/wp-json\/wp\/v2\/types\/product"}],"replies":[{"embeddable":true,"href":"https:\/\/www.moskito.cz\/pl\/wp-json\/wp\/v2\/comments?post=332796"}],"wp:featuredmedia":[{"embeddable":true,"href":"https:\/\/www.moskito.cz\/pl\/wp-json\/wp\/v2\/media\/332766"}],"wp:attachment":[{"href":"https:\/\/www.moskito.cz\/pl\/wp-json\/wp\/v2\/media?parent=332796"}],"wp:term":[{"taxonomy":"pwb-brand","embeddable":true,"href":"https:\/\/www.moskito.cz\/pl\/wp-json\/wp\/v2\/pwb-brand?post=332796"},{"taxonomy":"product_brand","embeddable":true,"href":"https:\/\/www.moskito.cz\/pl\/wp-json\/wp\/v2\/product_brand?post=332796"},{"taxonomy":"product_cat","embeddable":true,"href":"https:\/\/www.moskito.cz\/pl\/wp-json\/wp\/v2\/product_cat?post=332796"},{"taxonomy":"product_tag","embeddable":true,"href":"https:\/\/www.moskito.cz\/pl\/wp-json\/wp\/v2\/product_tag?post=332796"}],"curies":[{"name":"wp","href":"https:\/\/api.w.org\/{rel}","templated":true}]}}