{"id":332836,"date":"2022-06-30T20:26:19","date_gmt":"2024-04-15T09:34:12","guid":{"rendered":"https:\/\/www.moskito.cz\/produkt\/noz-zamykany-extrema-ratio-bf2-ct-czarny\/"},"modified":"2025-05-07T11:11:14","modified_gmt":"2025-05-07T10:11:14","slug":"noz-zamykany-extrema-ratio-bf2-ct-czarny","status":"publish","type":"product","link":"https:\/\/www.moskito.cz\/pl\/produkt\/noz-zamykany-extrema-ratio-bf2-ct-czarny\/","title":{"rendered":"N\u00f3\u017c zamykany Extrema Ratio BF2 CT CZARNY"},"content":{"rendered":"<p>N\u00f3\u017c zamykany <strong>Extrema Ratio<\/strong> BF2 CT CZARNY<\/p>\n<p>BF2 to zamykany \u201epe\u0142nowymiarowy\u201d model, szczeg\u00f3lnie odpowiedni do u\u017cytku profesjonalnego przez operator\u00f3w terenowych w wojsku i policji. Uchwyt jest mocny i wygodny; zapi\u0119cie, dwustronne i zawijane, staje si\u0119 u\u017cyteczn\u0105 i wygodn\u0105 podp\u00f3rk\u0105 dla kciuka w \u201eodwrotnym chwycie\u201d. R\u0119koje\u015b\u0107 jest solidna z charakterystycznymi zmniejszonymi powierzchniami umo\u017cliwiaj\u0105cymi zaz\u0119bienie si\u0119 z otwieranymi \u201eko\u0142kami\u201d bez wychodzenia poza profil zamkni\u0119tego no\u017ca. Ostrze dost\u0119pne w wersji drop lub tanto ma p\u0142ask\u0105 kraw\u0119d\u017a i podobnie jak BF1 szczeg\u00f3lnie mocn\u0105 i trwa\u0142\u0105 ko\u0144c\u00f3wk\u0119. Blokada ostrza to sprawdzony LINER-LOCK, wspomagany mechanizmem zabezpieczaj\u0105cym do obs\u0142ugi r\u0119cznej, chronionym os\u0142on\u0105. Dost\u0119pne w wersjach BF2 CT BLACK, BF2 CT BLACK ROUGH, BF2 CT DESERT WARFARE, BF2 CT STONE WASHED, BF2 CD BLACK, BF2 CD BLACK ROUGH<\/p>\n<p>WAGA G: 142<br \/>\nWAGA OZ: 5<br \/>\nD\u0141UGO\u015a\u0106 OSTRZA (MM): 87<br \/>\nD\u0141UGO\u015a\u0106 OSTRZA (IN): 3,4<br \/>\nD\u0141UGO\u015a\u0106 CA\u0141KOWITA (MM): 213<br \/>\nD\u0141UGO\u015a\u0106 CA\u0141KOWITA (IN): 8,4<br \/>\nGRUBO\u015a\u0106 OSTRZA (MM): 3<br \/>\nGRUBO\u015a\u0106 OSTRZY (IN): 0,12<br \/>\nMATERIA\u0141 OSTRZA: STAL B\u00d6HLER N690 (58HRC)<br \/>\nWYKO\u0143CZENIE N\u00d3\u017bA: MIL-C-13924 BURNISH<br \/>\nSTRZA\u0141KA OSTRZA: P\u0141ASKI DRUT<br \/>\nMATERIA\u0141 UCHWYTU: ANODOWANE ALUMINIUM ANTYKORODOWE<\/p>\n","protected":false},"excerpt":{"rendered":"<p>Firma Extrema Ratio z siedzib\u0105 w Prato we W\u0142oszech projektuje i produkuje wysokiej jako\u015bci no\u017ce bojowe, wojskowe, kuchenne, my\u015bliwskie i taktyczne od 1997 roku i cieszy si\u0119 reputacj\u0105 dzi\u0119ki najwy\u017cszej jako\u015bci, kt\u00f3ra nie ma sobie r\u00f3wnych w bran\u017cy no\u017cy wojskowych i taktycznych. Bezp\u0142atny transport.<\/p>\n","protected":false},"featured_media":332837,"comment_status":"open","ping_status":"closed","template":"","meta":[],"pwb-brand":[3666],"product_brand":[],"product_cat":[3307,3296],"product_tag":[3671],"class_list":{"0":"post-332836","1":"product","2":"type-product","3":"status-publish","4":"has-post-thumbnail","6":"pwb-brand-stosunek-ekstremow","7":"product_cat-zamykanie-nozy","8":"product_cat-noze-pl","9":"product_tag-b2b-pl","11":"first","12":"instock","13":"taxable","14":"shipping-taxable","15":"purchasable","16":"product-type-simple"},"brands":[{"id":3666,"name":"Stosunek ekstrem\u00f3w","slug":"stosunek-ekstremow"}],"_links":{"self":[{"href":"https:\/\/www.moskito.cz\/pl\/wp-json\/wp\/v2\/product\/332836","targetHints":{"allow":["GET"]}}],"collection":[{"href":"https:\/\/www.moskito.cz\/pl\/wp-json\/wp\/v2\/product"}],"about":[{"href":"https:\/\/www.moskito.cz\/pl\/wp-json\/wp\/v2\/types\/product"}],"replies":[{"embeddable":true,"href":"https:\/\/www.moskito.cz\/pl\/wp-json\/wp\/v2\/comments?post=332836"}],"wp:featuredmedia":[{"embeddable":true,"href":"https:\/\/www.moskito.cz\/pl\/wp-json\/wp\/v2\/media\/332837"}],"wp:attachment":[{"href":"https:\/\/www.moskito.cz\/pl\/wp-json\/wp\/v2\/media?parent=332836"}],"wp:term":[{"taxonomy":"pwb-brand","embeddable":true,"href":"https:\/\/www.moskito.cz\/pl\/wp-json\/wp\/v2\/pwb-brand?post=332836"},{"taxonomy":"product_brand","embeddable":true,"href":"https:\/\/www.moskito.cz\/pl\/wp-json\/wp\/v2\/product_brand?post=332836"},{"taxonomy":"product_cat","embeddable":true,"href":"https:\/\/www.moskito.cz\/pl\/wp-json\/wp\/v2\/product_cat?post=332836"},{"taxonomy":"product_tag","embeddable":true,"href":"https:\/\/www.moskito.cz\/pl\/wp-json\/wp\/v2\/product_tag?post=332836"}],"curies":[{"name":"wp","href":"https:\/\/api.w.org\/{rel}","templated":true}]}}