{"id":332842,"date":"2022-07-05T20:13:01","date_gmt":"2024-04-15T09:37:49","guid":{"rendered":"https:\/\/www.moskito.cz\/produkt\/noz-zamykany-extrema-ratio-resolza-12-czarny\/"},"modified":"2025-05-07T11:11:14","modified_gmt":"2025-05-07T10:11:14","slug":"noz-zamykany-extrema-ratio-resolza-12-czarny","status":"publish","type":"product","link":"https:\/\/www.moskito.cz\/pl\/produkt\/noz-zamykany-extrema-ratio-resolza-12-czarny\/","title":{"rendered":"N\u00f3\u017c zamykany Extrema Ratio RESOLZA 12 Czarny"},"content":{"rendered":"<p>N\u00f3\u017c zamykany <strong>Extrema Ratio<\/strong> RESOLZA 12 Czarny<\/p>\n<p>RESOLZA to okre\u015blenie o staro\u017cytnym pochodzeniu, dzi\u015b jeden z najs\u0142ynniejszych tradycyjnych no\u017cy naszego kraju. To nie przypadek, \u017ce nazwa sugeruje brzytw\u0119. Urodzony wieki temu na Sardynii, nadal towarzyszy swoim mieszka\u0144com w ich codziennej pracy jako ch\u0142opi i pasterze, pod\u0105\u017caj\u0105c za nimi nawet wtedy, gdy ich ludzie s\u0105 wezwani na wojn\u0119. Kroniki I Wojny \u015awiatowej Brygady Sassari wspominaj\u0105 o tym no\u017cu w\u015br\u00f3d wyposa\u017cenia swoich \u017co\u0142nierzy. Chcieli\u015bmy odda\u0107 mu ho\u0142d, odwiedzaj\u0105c go ponownie zgodnie z naszymi kanonami, nie chc\u0105c zrobi\u0107 nic z\u0142ego kt\u00f3remukolwiek z presti\u017cowych sardy\u0144skich rzemie\u015blnik\u00f3w, kt\u00f3rzy wci\u0105\u017c przekazuj\u0105 tradycj\u0119 i m\u0105dro\u015b\u0107 swoich przodk\u00f3w. Wymiary i proporcje odpowiadaj\u0105 oryginalnemu ostrzu 12 cm, natomiast materia\u0142y i technologia pochodz\u0105 z naszej produkcji. R\u0119koje\u015b\u0107 zmieniona w naszym stylu, ostrze wierne tradycji. Opr\u00f3cz orygina\u0142u posiada blokad\u0119 ostrza przy otworze. Dost\u0119pna w wersjach RESOLZA BLACK, RESOLZA STONE WASHED.<\/p>\n<p>WAGA G: 93<br \/>\nWAGA OZ.: 3,3<br \/>\nD\u0141UGO\u015a\u0106 OSTRZA (MM): 122<br \/>\nD\u0141UGO\u015a\u0106 OSTRZA (IN): 4,8<br \/>\nD\u0141UGO\u015a\u0106 CA\u0141KOWITA (MM): 268<br \/>\nD\u0141UGO\u015a\u0106 CA\u0141KOWITA (W): 10,6<br \/>\nGRUBO\u015a\u0106 OSTRZA (MM): 3<br \/>\nGRUBO\u015a\u0106 OSTRZY (IN): 0,12<br \/>\nMATERIA\u0141 OSTRZA: STAL B\u00d6HLER N690 (58HRC)<br \/>\nWYKO\u0143CZENIE N\u00d3\u017bA: MIL-C-13924 BURNISH<br \/>\nSTRZA\u0141KA OSTRZA: P\u0141ASKI DRUT<br \/>\nMATERIA\u0141 UCHWYTU: ANODOWANE ALUMINIUM ANTYKORODOWE<\/p>\n","protected":false},"excerpt":{"rendered":"<p><strong>Firma Extrema Ratio<\/strong> z siedzib\u0105 w Prato we W\u0142oszech projektuje i produkuje wysokiej jako\u015bci no\u017ce bojowe, wojskowe, kuchenne, my\u015bliwskie i taktyczne od 1997 roku i cieszy si\u0119 reputacj\u0105 dzi\u0119ki najwy\u017cszej jako\u015bci, kt\u00f3ra nie ma sobie r\u00f3wnych w bran\u017cy no\u017cy wojskowych i taktycznych. <strong>Bezp\u0142atny transport.<\/strong><\/p>\n","protected":false},"featured_media":332843,"comment_status":"open","ping_status":"closed","template":"","meta":[],"pwb-brand":[3666],"product_brand":[],"product_cat":[3296,3307],"product_tag":[3671],"class_list":{"0":"post-332842","1":"product","2":"type-product","3":"status-publish","4":"has-post-thumbnail","6":"pwb-brand-stosunek-ekstremow","7":"product_cat-noze-pl","8":"product_cat-zamykanie-nozy","9":"product_tag-b2b-pl","11":"first","12":"instock","13":"taxable","14":"shipping-taxable","15":"purchasable","16":"product-type-simple"},"brands":[{"id":3666,"name":"Stosunek ekstrem\u00f3w","slug":"stosunek-ekstremow"}],"_links":{"self":[{"href":"https:\/\/www.moskito.cz\/pl\/wp-json\/wp\/v2\/product\/332842","targetHints":{"allow":["GET"]}}],"collection":[{"href":"https:\/\/www.moskito.cz\/pl\/wp-json\/wp\/v2\/product"}],"about":[{"href":"https:\/\/www.moskito.cz\/pl\/wp-json\/wp\/v2\/types\/product"}],"replies":[{"embeddable":true,"href":"https:\/\/www.moskito.cz\/pl\/wp-json\/wp\/v2\/comments?post=332842"}],"wp:featuredmedia":[{"embeddable":true,"href":"https:\/\/www.moskito.cz\/pl\/wp-json\/wp\/v2\/media\/332843"}],"wp:attachment":[{"href":"https:\/\/www.moskito.cz\/pl\/wp-json\/wp\/v2\/media?parent=332842"}],"wp:term":[{"taxonomy":"pwb-brand","embeddable":true,"href":"https:\/\/www.moskito.cz\/pl\/wp-json\/wp\/v2\/pwb-brand?post=332842"},{"taxonomy":"product_brand","embeddable":true,"href":"https:\/\/www.moskito.cz\/pl\/wp-json\/wp\/v2\/product_brand?post=332842"},{"taxonomy":"product_cat","embeddable":true,"href":"https:\/\/www.moskito.cz\/pl\/wp-json\/wp\/v2\/product_cat?post=332842"},{"taxonomy":"product_tag","embeddable":true,"href":"https:\/\/www.moskito.cz\/pl\/wp-json\/wp\/v2\/product_tag?post=332842"}],"curies":[{"name":"wp","href":"https:\/\/api.w.org\/{rel}","templated":true}]}}