{"id":333058,"date":"2022-06-09T12:36:43","date_gmt":"2024-04-15T10:03:21","guid":{"rendered":"https:\/\/www.moskito.cz\/produkt\/noz-skladany-extrema-ratio-bf1-ct-desert-warfare\/"},"modified":"2025-05-07T11:11:19","modified_gmt":"2025-05-07T10:11:19","slug":"noz-skladany-extrema-ratio-bf1-ct-desert-warfare","status":"publish","type":"product","link":"https:\/\/www.moskito.cz\/pl\/produkt\/noz-skladany-extrema-ratio-bf1-ct-desert-warfare\/","title":{"rendered":"N\u00f3\u017c sk\u0142adany Extrema Ratio BF1 CT DESERT WARFARE"},"content":{"rendered":"<p>N\u00f3\u017c sk\u0142adany <strong>Extrema Ratio<\/strong> BF1 CT DESERT WARFARE.<\/p>\n<p>BF1 to n\u00f3\u017c sk\u0142adany do codziennego u\u017cytku: prosty, niezb\u0119dny i funkcjonalny. Ostrze polerowane, o szlifie p\u0142askim i mocnym, wytrzyma\u0142ym czubku. Charakterystyczne obni\u017cone p\u0142askie powierzchnie w r\u0119koje\u015bci &#8211; r\u00f3wnie\u017c polerowanej na czarno, umo\u017cliwiaj\u0105 dost\u0119p do &#8222;bolc\u00f3w&#8221; otwieraj\u0105cych, kt\u00f3re po zamkni\u0119ciu nie wystaj\u0105 z no\u017ca. Dwustronny klips znajduje si\u0119 z ty\u0142u ostrza i poch\u0142ania jego w\u0142os, dzi\u0119ki czemu jest dyskretny w noszeniu. Wykorzystuje sprawdzony system blokady ostrza LINER-LOCK. Dost\u0119pne wersje: BF1 CT BLACK, BF1 CT BLACK ROUGH, BF1 CT DESERT WARFARE, BF1 CD BLACK, BF1 CD BLACK ROUGH, BF1 CD DESERT WARFARE.<\/p>\n<p>Waga g: 88<br \/>\nuncja masy: 3,1<br \/>\nD\u0142ugo\u015b\u0107 ostrza (mm): 69<br \/>\nD\u0142ugo\u015b\u0107 ostrza (cale): 2,7<br \/>\nD\u0142ugo\u015b\u0107 ca\u0142kowita (mm): 171<br \/>\nD\u0142ugo\u015b\u0107 ca\u0142kowita (cale): 6,7<br \/>\nGrubo\u015b\u0107 ostrza (mm): 3<br \/>\nGrubo\u015b\u0107 ostrza (cale): 0,12<br \/>\nMateria\u0142 ostrza: STAL B\u00f6HLER N690 (58HRC)<br \/>\nWyko\u0144czenie ostrza: DESERT WARFARE<br \/>\nG\u0142\u00f3wna siatka: P\u0141ASKA<br \/>\nMateria\u0142 r\u0119koje\u015bci: ALUMINIUM ANTYKORODOWANE<\/p>\n<p>&nbsp;<\/p>\n","protected":false},"excerpt":{"rendered":"<p>Firma Extrema Ratio z siedzib\u0105 w Prato we W\u0142oszech projektuje i produkuje wysokiej jako\u015bci no\u017ce bojowe, wojskowe, kuchenne, my\u015bliwskie i taktyczne od 1997 roku i cieszy si\u0119 reputacj\u0105 dzi\u0119ki najwy\u017cszej jako\u015bci, kt\u00f3ra nie ma sobie r\u00f3wnych w bran\u017cy no\u017cy wojskowych i taktycznych. Bezp\u0142atny transport.<\/p>\n","protected":false},"featured_media":333059,"comment_status":"open","ping_status":"closed","template":"","meta":[],"pwb-brand":[3666],"product_brand":[],"product_cat":[3296,3307],"product_tag":[3671],"class_list":{"0":"post-333058","1":"product","2":"type-product","3":"status-publish","4":"has-post-thumbnail","6":"pwb-brand-stosunek-ekstremow","7":"product_cat-noze-pl","8":"product_cat-zamykanie-nozy","9":"product_tag-b2b-pl","11":"first","12":"instock","13":"taxable","14":"shipping-taxable","15":"purchasable","16":"product-type-simple"},"brands":[{"id":3666,"name":"Stosunek ekstrem\u00f3w","slug":"stosunek-ekstremow"}],"_links":{"self":[{"href":"https:\/\/www.moskito.cz\/pl\/wp-json\/wp\/v2\/product\/333058","targetHints":{"allow":["GET"]}}],"collection":[{"href":"https:\/\/www.moskito.cz\/pl\/wp-json\/wp\/v2\/product"}],"about":[{"href":"https:\/\/www.moskito.cz\/pl\/wp-json\/wp\/v2\/types\/product"}],"replies":[{"embeddable":true,"href":"https:\/\/www.moskito.cz\/pl\/wp-json\/wp\/v2\/comments?post=333058"}],"wp:featuredmedia":[{"embeddable":true,"href":"https:\/\/www.moskito.cz\/pl\/wp-json\/wp\/v2\/media\/333059"}],"wp:attachment":[{"href":"https:\/\/www.moskito.cz\/pl\/wp-json\/wp\/v2\/media?parent=333058"}],"wp:term":[{"taxonomy":"pwb-brand","embeddable":true,"href":"https:\/\/www.moskito.cz\/pl\/wp-json\/wp\/v2\/pwb-brand?post=333058"},{"taxonomy":"product_brand","embeddable":true,"href":"https:\/\/www.moskito.cz\/pl\/wp-json\/wp\/v2\/product_brand?post=333058"},{"taxonomy":"product_cat","embeddable":true,"href":"https:\/\/www.moskito.cz\/pl\/wp-json\/wp\/v2\/product_cat?post=333058"},{"taxonomy":"product_tag","embeddable":true,"href":"https:\/\/www.moskito.cz\/pl\/wp-json\/wp\/v2\/product_tag?post=333058"}],"curies":[{"name":"wp","href":"https:\/\/api.w.org\/{rel}","templated":true}]}}