{"id":333075,"date":"2022-10-30T22:29:00","date_gmt":"2024-04-15T10:04:01","guid":{"rendered":"https:\/\/www.moskito.cz\/produkt\/noz-zamykajacy-extrema-ratio-bf2-r-ct-stone-washed\/"},"modified":"2025-05-07T11:11:20","modified_gmt":"2025-05-07T10:11:20","slug":"noz-zamykajacy-extrema-ratio-bf2-r-ct-stone-washed","status":"publish","type":"product","link":"https:\/\/www.moskito.cz\/pl\/produkt\/noz-zamykajacy-extrema-ratio-bf2-r-ct-stone-washed\/","title":{"rendered":"N\u00f3\u017c zamykaj\u0105cy Extrema Ratio BF2 R CT STONE WASHED"},"content":{"rendered":"<p>N\u00f3\u017c zamykaj\u0105cy <strong>Extrema Ratio<\/strong> BF2 R CT STONE WASHED.<\/p>\n<p>Extrema Ratio BF2 R CT Stone Washed to n\u00f3\u017c sk\u0142adany szczeg\u00f3lnie odpowiedni do u\u017cytku profesjonalnego przez personel wojskowy lub policyjny. Posiada g\u0142adkie ostrze wykonane ze stali BOHLER N690 z wyko\u0144czeniem Stonewash. Otwiera si\u0119 za pomoc\u0105 szybkiego systemu otwierania Razor i jest zabezpieczona zamkiem Linerlock z dodatkowym mechanizmem blokuj\u0105cym. R\u0119koje\u015b\u0107 wykonana jest z anodyzowanego na czarno aluminium z klipsem kieszeniowym.<\/p>\n<p>Materia\u0142 ostrza: N690<br \/>\n Materia\u0142 uchwytu: aluminium<br \/>\n Bezpiecznik: Linerlock<br \/>\n D\u0142ugo\u015b\u0107 ostrza: 9 cm<br \/>\n D\u0142ugo\u015b\u0107 ca\u0142kowita: 21,5 cm<br \/>\n D\u0142ugo\u015b\u0107 r\u0105czki: 12,5 cm<br \/>\n Grubo\u015b\u0107 ostrza: 3 mm<br \/>\n Waga: 140g<br \/>\n Zastosowanie: Taktyczne<\/p>\n","protected":false},"excerpt":{"rendered":"<p><strong>Firma Extrema Ratio<\/strong> z siedzib\u0105 w Prato we W\u0142oszech projektuje i produkuje wysokiej jako\u015bci no\u017ce bojowe, wojskowe, kuchenne, my\u015bliwskie i taktyczne od 1997 roku i cieszy si\u0119 reputacj\u0105 dzi\u0119ki najwy\u017cszej jako\u015bci, kt\u00f3ra nie ma sobie r\u00f3wnych w bran\u017cy no\u017cy wojskowych i taktycznych. <strong>Bezp\u0142atny transport.<\/strong><\/p>\n","protected":false},"featured_media":333076,"comment_status":"open","ping_status":"closed","template":"","meta":[],"pwb-brand":[3666],"product_brand":[],"product_cat":[3296,3307],"product_tag":[3671],"class_list":{"0":"post-333075","1":"product","2":"type-product","3":"status-publish","4":"has-post-thumbnail","6":"pwb-brand-stosunek-ekstremow","7":"product_cat-noze-pl","8":"product_cat-zamykanie-nozy","9":"product_tag-b2b-pl","11":"first","12":"instock","13":"taxable","14":"shipping-taxable","15":"purchasable","16":"product-type-simple"},"brands":[{"id":3666,"name":"Stosunek ekstrem\u00f3w","slug":"stosunek-ekstremow"}],"_links":{"self":[{"href":"https:\/\/www.moskito.cz\/pl\/wp-json\/wp\/v2\/product\/333075","targetHints":{"allow":["GET"]}}],"collection":[{"href":"https:\/\/www.moskito.cz\/pl\/wp-json\/wp\/v2\/product"}],"about":[{"href":"https:\/\/www.moskito.cz\/pl\/wp-json\/wp\/v2\/types\/product"}],"replies":[{"embeddable":true,"href":"https:\/\/www.moskito.cz\/pl\/wp-json\/wp\/v2\/comments?post=333075"}],"wp:featuredmedia":[{"embeddable":true,"href":"https:\/\/www.moskito.cz\/pl\/wp-json\/wp\/v2\/media\/333076"}],"wp:attachment":[{"href":"https:\/\/www.moskito.cz\/pl\/wp-json\/wp\/v2\/media?parent=333075"}],"wp:term":[{"taxonomy":"pwb-brand","embeddable":true,"href":"https:\/\/www.moskito.cz\/pl\/wp-json\/wp\/v2\/pwb-brand?post=333075"},{"taxonomy":"product_brand","embeddable":true,"href":"https:\/\/www.moskito.cz\/pl\/wp-json\/wp\/v2\/product_brand?post=333075"},{"taxonomy":"product_cat","embeddable":true,"href":"https:\/\/www.moskito.cz\/pl\/wp-json\/wp\/v2\/product_cat?post=333075"},{"taxonomy":"product_tag","embeddable":true,"href":"https:\/\/www.moskito.cz\/pl\/wp-json\/wp\/v2\/product_tag?post=333075"}],"curies":[{"name":"wp","href":"https:\/\/api.w.org\/{rel}","templated":true}]}}