{"id":333081,"date":"2022-10-30T21:12:13","date_gmt":"2022-10-30T20:12:13","guid":{"rendered":"https:\/\/www.moskito.cz\/produkt\/noz-zamykajacy-extrema-ratio-bf2-r-ct-desert\/"},"modified":"2026-03-17T14:22:33","modified_gmt":"2026-03-17T13:22:33","slug":"noz-zamykajacy-extrema-ratio-bf2-r-ct-desert","status":"publish","type":"product","link":"https:\/\/www.moskito.cz\/pl\/produkt\/noz-zamykajacy-extrema-ratio-bf2-r-ct-desert\/","title":{"rendered":"N\u00f3\u017c zamykaj\u0105cy Extrema Ratio BF2 R CT DESERT"},"content":{"rendered":"<p>N\u00f3\u017c zamykaj\u0105cy Extrema Ratio BF2 R CT DESERT.<\/p>\n<p>Extrema Ratio BF2 R CT Desert to n\u00f3\u017c sk\u0142adany szczeg\u00f3lnie odpowiedni do u\u017cytku profesjonalnego przez personel wojskowy lub policyjny. Posiada ostrze o g\u0142adkiej kraw\u0119dzi wykonane ze stali BOHLER N690 w kolorze Desert Warfare szaro-piaskowym. Otwiera si\u0119 za pomoc\u0105 szybkiego systemu otwierania Razor i jest zabezpieczona zamkiem Linerlock z dodatkowym mechanizmem blokuj\u0105cym. R\u0119koje\u015b\u0107 wykonana jest z anodyzowanego aluminium w kolorze piaskowym z klipsem kieszeniowym.<\/p>\n<p>Materia\u0142 ostrza: N690<br \/>\n Materia\u0142 uchwytu: aluminium<br \/>\n Bezpiecznik: Linerlock<br \/>\n D\u0142ugo\u015b\u0107 ostrza: 9 cm<br \/>\n D\u0142ugo\u015b\u0107 ca\u0142kowita: 21,5 cm<br \/>\n D\u0142ugo\u015b\u0107 r\u0105czki: 12,5 cm<br \/>\n Grubo\u015b\u0107 ostrza: 3 mm<br \/>\n Waga: 140g<br \/>\n Zastosowanie: Taktyczne<\/p>\n","protected":false},"excerpt":{"rendered":"<p>Extrema Ratio z siedzib\u0105 w Prato we W\u0142oszech projektuje i produkuje wysokiej jako\u015bci no\u017ce bojowe, wojskowe, kuchenne, my\u015bliwskie i taktyczne od 1997 roku i cieszy si\u0119 reputacj\u0105 dzi\u0119ki najwy\u017cszej jako\u015bci, kt\u00f3ra nie ma sobie r\u00f3wnych w bran\u017cy no\u017cy wojskowych i taktycznych. <strong>Darmowa wysy\u0142ka.<\/strong><\/p>\n","protected":false},"featured_media":333082,"comment_status":"open","ping_status":"closed","template":"","meta":[],"pwb-brand":[3666],"product_brand":[],"product_cat":[3307,3296],"product_tag":[3671],"class_list":{"0":"post-333081","1":"product","2":"type-product","3":"status-publish","4":"has-post-thumbnail","6":"pwb-brand-stosunek-ekstremow","7":"product_cat-zamykanie-nozy","8":"product_cat-noze-pl","9":"product_tag-b2b-pl","11":"first","12":"instock","13":"taxable","14":"shipping-taxable","15":"purchasable","16":"product-type-simple"},"brands":[{"id":3666,"name":"Stosunek ekstrem\u00f3w","slug":"stosunek-ekstremow"}],"_links":{"self":[{"href":"https:\/\/www.moskito.cz\/pl\/wp-json\/wp\/v2\/product\/333081","targetHints":{"allow":["GET"]}}],"collection":[{"href":"https:\/\/www.moskito.cz\/pl\/wp-json\/wp\/v2\/product"}],"about":[{"href":"https:\/\/www.moskito.cz\/pl\/wp-json\/wp\/v2\/types\/product"}],"replies":[{"embeddable":true,"href":"https:\/\/www.moskito.cz\/pl\/wp-json\/wp\/v2\/comments?post=333081"}],"wp:featuredmedia":[{"embeddable":true,"href":"https:\/\/www.moskito.cz\/pl\/wp-json\/wp\/v2\/media\/333082"}],"wp:attachment":[{"href":"https:\/\/www.moskito.cz\/pl\/wp-json\/wp\/v2\/media?parent=333081"}],"wp:term":[{"taxonomy":"pwb-brand","embeddable":true,"href":"https:\/\/www.moskito.cz\/pl\/wp-json\/wp\/v2\/pwb-brand?post=333081"},{"taxonomy":"product_brand","embeddable":true,"href":"https:\/\/www.moskito.cz\/pl\/wp-json\/wp\/v2\/product_brand?post=333081"},{"taxonomy":"product_cat","embeddable":true,"href":"https:\/\/www.moskito.cz\/pl\/wp-json\/wp\/v2\/product_cat?post=333081"},{"taxonomy":"product_tag","embeddable":true,"href":"https:\/\/www.moskito.cz\/pl\/wp-json\/wp\/v2\/product_tag?post=333081"}],"curies":[{"name":"wp","href":"https:\/\/api.w.org\/{rel}","templated":true}]}}