{"id":333177,"date":"2024-04-15T18:12:23","date_gmt":"2024-04-15T17:15:22","guid":{"rendered":"https:\/\/www.moskito.cz\/produkt\/noz-zamykajacy-crkt-ceo-flipper-7097rk\/"},"modified":"2025-05-07T11:11:22","modified_gmt":"2025-05-07T10:11:22","slug":"noz-zamykajacy-crkt-ceo-flipper-7097rk","status":"publish","type":"product","link":"https:\/\/www.moskito.cz\/pl\/produkt\/noz-zamykajacy-crkt-ceo-flipper-7097rk\/","title":{"rendered":"N\u00f3\u017c zamykaj\u0105cy CRKT CEO Flipper 7097RK"},"content":{"rendered":"<p>N\u00f3\u017c zamykaj\u0105cy <strong>CRKT<\/strong> CEO Flipper 7097RK.<\/p>\n<p>Na pierwszy rzut oka mo\u017cna go pomyli\u0107 z d\u0142ugopisem schowanym w kieszeni koszuli. I tak w\u0142a\u015bnie powsta\u0142 n\u00f3\u017c sk\u0142adany CEO Flipper. Dzi\u0119ki wyj\u0105tkowo niskiemu profilowi \u200b\u200bi brakowi naro\u017cnik\u00f3w kosztem u\u017cyteczno\u015bci i ergonomii, uciele\u015bnia ducha pracy w codziennym u\u017cytkowaniu.<br \/>\n\u0141atwe ostrzenie: Ostrze ze stali nierdzewnej o wysokiej zawarto\u015bci w\u0119gla dobrze trzyma kraw\u0119d\u017a<br \/>\nP\u0142ynne otwieranie: Sworze\u0144 z \u0142o\u017cyskiem kulkowym IKBS\u2122 p\u0142ynnie rozk\u0142ada ostrze<br \/>\nSzybkie otwieranie: Flipper szybko rozk\u0142ada ostrze<br \/>\nMocny i lekki: nylonowy uchwyt wzmocniony w\u0142\u00f3knem szklanym jest trwa\u0142y i lekki<br \/>\n\u0141atwe zamykanie: zamek wk\u0142adany mo\u017cna \u0142atwo zamkn\u0105\u0107 jedn\u0105 r\u0119k\u0105<br \/>\nOpcje noszenia: Regulowany klips do noszenia w lewej lub prawej r\u0119ce<\/p>\n<p>Stal ostrza: AUS 8<br \/>\nKraw\u0119d\u017a ostrza g\u0142adka<br \/>\nWyko\u0144czenie powierzchni ostrza EDP<br \/>\nD\u0142ugo\u015b\u0107 ostrza 8,51 cm<br \/>\nD\u0142ugo\u015b\u0107 ca\u0142kowita: 19,52 cm<br \/>\nD\u0142ugo\u015b\u0107 po zamkni\u0119ciu: 11,03 cm<br \/>\nWaga 1,90 uncji (53,86 g)<\/p>\n<p>&nbsp;<\/p>\n","protected":false},"excerpt":{"rendered":"<p>PROJEKTANT<br \/>\nRicharda Rogersa<br \/>\nMagdaleny w Nowym Meksyku<br \/>\nProste, praktyczne elementy codziennego u\u017cytku to moja pasja. Przy ka\u017cdym projekcie skupiam si\u0119 na tym, co mo\u017ce zrobi\u0107, aby u\u0142atwi\u0107 \u017cycie osobie trzymaj\u0105cej go.<\/p>\n","protected":false},"featured_media":333130,"comment_status":"open","ping_status":"closed","template":"","meta":[],"pwb-brand":[3458],"product_brand":[],"product_cat":[3296,3307],"product_tag":[],"class_list":{"0":"post-333177","1":"product","2":"type-product","3":"status-publish","4":"has-post-thumbnail","6":"pwb-brand-crkt-pl","7":"product_cat-noze-pl","8":"product_cat-zamykanie-nozy","10":"first","11":"outofstock","12":"taxable","13":"shipping-taxable","14":"purchasable","15":"product-type-simple"},"brands":[{"id":3458,"name":"CRKT","slug":"crkt-pl"}],"_links":{"self":[{"href":"https:\/\/www.moskito.cz\/pl\/wp-json\/wp\/v2\/product\/333177","targetHints":{"allow":["GET"]}}],"collection":[{"href":"https:\/\/www.moskito.cz\/pl\/wp-json\/wp\/v2\/product"}],"about":[{"href":"https:\/\/www.moskito.cz\/pl\/wp-json\/wp\/v2\/types\/product"}],"replies":[{"embeddable":true,"href":"https:\/\/www.moskito.cz\/pl\/wp-json\/wp\/v2\/comments?post=333177"}],"wp:featuredmedia":[{"embeddable":true,"href":"https:\/\/www.moskito.cz\/pl\/wp-json\/wp\/v2\/media\/333130"}],"wp:attachment":[{"href":"https:\/\/www.moskito.cz\/pl\/wp-json\/wp\/v2\/media?parent=333177"}],"wp:term":[{"taxonomy":"pwb-brand","embeddable":true,"href":"https:\/\/www.moskito.cz\/pl\/wp-json\/wp\/v2\/pwb-brand?post=333177"},{"taxonomy":"product_brand","embeddable":true,"href":"https:\/\/www.moskito.cz\/pl\/wp-json\/wp\/v2\/product_brand?post=333177"},{"taxonomy":"product_cat","embeddable":true,"href":"https:\/\/www.moskito.cz\/pl\/wp-json\/wp\/v2\/product_cat?post=333177"},{"taxonomy":"product_tag","embeddable":true,"href":"https:\/\/www.moskito.cz\/pl\/wp-json\/wp\/v2\/product_tag?post=333177"}],"curies":[{"name":"wp","href":"https:\/\/api.w.org\/{rel}","templated":true}]}}