{"id":333243,"date":"2024-04-15T18:29:09","date_gmt":"2024-04-15T17:31:22","guid":{"rendered":"https:\/\/www.moskito.cz\/produkt\/dlugopis-obronny-crkt-williams-dlugopis-taktyczny-2-tpenwp\/"},"modified":"2025-05-07T11:11:24","modified_gmt":"2025-05-07T10:11:24","slug":"dlugopis-obronny-crkt-williams-dlugopis-taktyczny-2-tpenwp","status":"publish","type":"product","link":"https:\/\/www.moskito.cz\/pl\/produkt\/dlugopis-obronny-crkt-williams-dlugopis-taktyczny-2-tpenwp\/","title":{"rendered":"D\u0142ugopis obronny CRKT Williams d\u0142ugopis taktyczny 2 TPENWP"},"content":{"rendered":"<p>D\u0142ugopis obronny <strong>CRKT<\/strong> Williams d\u0142ugopis taktyczny 2 TPENWP.<\/p>\n<p>Pozory myl\u0105. Sytuacja wymagaj\u0105ca samoobrony jest naturalnie nieoczekiwana. Najm\u0105drzejsi s\u0105 ci, kt\u00f3rzy my\u015bl\u0105 przysz\u0142o\u015bciowo. W tym miejscu do gry wchodzi pi\u00f3ro taktyczne Williams 2. Ubrany w wyrafinowany przyrz\u0105d do pisania, jego taktyczny koniec ma pot\u0119\u017cn\u0105 moc. To subtelno\u015b\u0107 w najlepszym wydaniu.<\/p>\n<p>By\u0142y oficer armii i instruktor sztuk walki James Williams to cz\u0142owiek, kt\u00f3ry biegle pos\u0142uguje si\u0119 narz\u0119dziami do samoobrony, kt\u00f3re obejmuj\u0105 ca\u0142\u0105 gam\u0119 narz\u0119dzi \u2013 r\u00f3wnie dobrze w\u0142ada mieczem, jak i wszystkim innym ni\u017c latark\u0105 taktyczn\u0105. Wiele lat temu zaprojektowa\u0142 d\u0142ugopis taktyczny ze swojego sklepu w Encinitas w Kalifornii. \u015awiat no\u017cy to pokocha\u0142. Teraz to naprawi\u0142 i jest lepiej ni\u017c kiedykolwiek.<\/p>\n<p>Aluminiowy korpus samolotu 6061 zawiera legendarn\u0105 Schmidt MegaLine 4889 M; naprawd\u0119 nowatorskie, je\u015bli chodzi o noszenie na co dzie\u0144. Eleganckie narz\u0119dzie ma czarne, twarde anodowane wyko\u0144czenie i wyprofilowane rowki zapewniaj\u0105ce lepszy chwyt. Na jednym ko\u0144cu nasadka zatrzaskuje si\u0119 bezpiecznie na miejscu za pomoc\u0105 zdejmowanego klipsa, podczas gdy na drugim ko\u0144cu t\u0119py grot pozostaje nieszkodliwie gotowy na wypadek problem\u00f3w.<\/p>\n<p>Tw\u00f3j codzienny zestaw transportowy w\u0142a\u015bnie sta\u0142 si\u0119 troch\u0119 ja\u015bniejszy.<\/p>\n<p>Dane techniczne:<br \/>\nD\u0142ugo\u015b\u0107 ca\u0142kowita: 15,08 cm<br \/>\nD\u0142ugo\u015b\u0107 po zamkni\u0119ciu: 15,83 cm<br \/>\nWaga 1,40 uncji (39,69 g)<br \/>\nMateria\u0142: aluminium lotnicze 6061<br \/>\nWaga: 1,4 uncji<br \/>\nProjektant: James Williams<\/p>\n","protected":false},"excerpt":{"rendered":"<p>Jamesa Williamsa<br \/>\nVass, Karolina P\u00f3\u0142nocna<br \/>\nNie chcesz zadziera\u0107 z Sensei Jamesem Williamsem. By\u0142y oficer armii ameryka\u0144skiej z ponad 50-letnim do\u015bwiadczeniem w sztukach walki opracowa\u0142 System Strategii. Jest to unikalne podej\u015bcie do walki wr\u0119cz, kt\u00f3rego ucz\u0105 si\u0142y specjalne i organy \u015bcigania na ca\u0142ym \u015bwiecie. Jednak gdy jest uzbrojony, zobaczy go dzier\u017c\u0105cego stworzone przez siebie ostrza, takie jak solidne ostrza Hisshou\u00ae i Hissatsu\u2122, Shizuka noh Ken\u2122 oraz legendarny obecnie Hissatsu\u2122.<\/p>\n","protected":false},"featured_media":333188,"comment_status":"open","ping_status":"closed","template":"","meta":[],"pwb-brand":[3458],"product_brand":[],"product_cat":[3296,3307],"product_tag":[],"class_list":{"0":"post-333243","1":"product","2":"type-product","3":"status-publish","4":"has-post-thumbnail","6":"pwb-brand-crkt-pl","7":"product_cat-noze-pl","8":"product_cat-zamykanie-nozy","10":"first","11":"outofstock","12":"taxable","13":"shipping-taxable","14":"purchasable","15":"product-type-simple"},"brands":[{"id":3458,"name":"CRKT","slug":"crkt-pl"}],"_links":{"self":[{"href":"https:\/\/www.moskito.cz\/pl\/wp-json\/wp\/v2\/product\/333243","targetHints":{"allow":["GET"]}}],"collection":[{"href":"https:\/\/www.moskito.cz\/pl\/wp-json\/wp\/v2\/product"}],"about":[{"href":"https:\/\/www.moskito.cz\/pl\/wp-json\/wp\/v2\/types\/product"}],"replies":[{"embeddable":true,"href":"https:\/\/www.moskito.cz\/pl\/wp-json\/wp\/v2\/comments?post=333243"}],"wp:featuredmedia":[{"embeddable":true,"href":"https:\/\/www.moskito.cz\/pl\/wp-json\/wp\/v2\/media\/333188"}],"wp:attachment":[{"href":"https:\/\/www.moskito.cz\/pl\/wp-json\/wp\/v2\/media?parent=333243"}],"wp:term":[{"taxonomy":"pwb-brand","embeddable":true,"href":"https:\/\/www.moskito.cz\/pl\/wp-json\/wp\/v2\/pwb-brand?post=333243"},{"taxonomy":"product_brand","embeddable":true,"href":"https:\/\/www.moskito.cz\/pl\/wp-json\/wp\/v2\/product_brand?post=333243"},{"taxonomy":"product_cat","embeddable":true,"href":"https:\/\/www.moskito.cz\/pl\/wp-json\/wp\/v2\/product_cat?post=333243"},{"taxonomy":"product_tag","embeddable":true,"href":"https:\/\/www.moskito.cz\/pl\/wp-json\/wp\/v2\/product_tag?post=333243"}],"curies":[{"name":"wp","href":"https:\/\/api.w.org\/{rel}","templated":true}]}}