{"id":333350,"date":"2024-04-15T19:11:16","date_gmt":"2024-04-15T18:11:16","guid":{"rendered":"https:\/\/www.moskito.cz\/produkt\/dlugopis-crkt-williams-defense-tpenwrg\/"},"modified":"2025-05-07T11:11:29","modified_gmt":"2025-05-07T10:11:29","slug":"dlugopis-crkt-williams-defense-tpenwrg","status":"publish","type":"product","link":"https:\/\/www.moskito.cz\/pl\/produkt\/dlugopis-crkt-williams-defense-tpenwrg\/","title":{"rendered":"D\u0142ugopis CRKT Williams Defense TPENWRG"},"content":{"rendered":"<p>D\u0142ugopis <strong>CRKT<\/strong> Williams Defense TPENWRG.<\/p>\n<p>Dla wszystkich innych s\u0105 to stylowe przybory do pisania wyposa\u017cone we wszystkie subtelne funkcje, jakich mo\u017cna oczekiwa\u0107 od dobrego pi\u00f3ra, ale dla Ciebie to co\u015b wi\u0119cej. James Williams, by\u0142y oficer armii i instruktor sztuk walki, wykorzysta\u0142 swoj\u0105 wiedz\u0119 projektow\u0105 przy tworzeniu o\u0142\u00f3wka Williams Defense Pencil. Dla tych z Was, kt\u00f3rzy znaj\u0105 Hissatsu i Hisshou, ten nowy projekt Jamesa Williamsa z pewno\u015bci\u0105 b\u0119dzie mile widzianym dodatkiem do waszego arsena\u0142u defensywnego.<\/p>\n<p>Maj\u0105c podstawow\u0105 wiedz\u0119 lub wiedz\u0119, d\u0142ugopisy mo\u017cna \u0142atwo wykorzysta\u0107 przeciwko napastnikowi lub napastnikowi, aby zada\u0107 mu ostrze\u017cenie, zada\u0107 b\u00f3l lub zrani\u0107 \u2013 udaremniaj\u0105c w przeciwnym razie potencjalnie bezbronny czyn.<\/p>\n<p>S\u0105 po prostu \u015bwietnymi narz\u0119dziami do pisania.<\/p>\n<p>Dane techniczne:<br \/>\nD\u0142ugo\u015b\u0107 ca\u0142kowita: 15,22 cm<br \/>\nWk\u0142ad: SCHMIDT MegaLine 4889M<br \/>\nMateria\u0142 korpusu: zielony Grivory<br \/>\nWaga: 0,80 uncji (22,68 g)<\/p>\n<p><iframe title=\"CRKT Williams Defense Pen Grivory\u00ae | James Williams Design\" width=\"800\" height=\"450\" src=\"https:\/\/www.youtube.com\/embed\/F4qAloNI9j4?feature=oembed\" frameborder=\"0\" allow=\"accelerometer; autoplay; clipboard-write; encrypted-media; gyroscope; picture-in-picture; web-share\" referrerpolicy=\"strict-origin-when-cross-origin\" allowfullscreen><\/iframe><\/p>\n<p>&nbsp;<\/p>\n","protected":false},"excerpt":{"rendered":"<p>Jamesa Williamsa<br \/>\nVass, Karolina P\u00f3\u0142nocna<br \/>\nNie chcesz zadziera\u0107 z Sensei Jamesem Williamsem. By\u0142y oficer armii ameryka\u0144skiej z ponad 50-letnim do\u015bwiadczeniem w sztukach walki opracowa\u0142 System Strategii. Jest to unikalne podej\u015bcie do walki wr\u0119cz, kt\u00f3rego ucz\u0105 si\u0142y specjalne i organy \u015bcigania na ca\u0142ym \u015bwiecie. Jednak gdy jest uzbrojony, zobaczy go dzier\u017c\u0105cego stworzone przez siebie ostrza, takie jak solidne ostrza Hisshou\u00ae i Hissatsu\u2122, Shizuka noh Ken\u2122 oraz legendarny obecnie Hissatsu\u2122.<\/p>\n","protected":false},"featured_media":333302,"comment_status":"open","ping_status":"closed","template":"","meta":[],"pwb-brand":[3458],"product_brand":[],"product_cat":[3307,3296],"product_tag":[],"class_list":{"0":"post-333350","1":"product","2":"type-product","3":"status-publish","4":"has-post-thumbnail","6":"pwb-brand-crkt-pl","7":"product_cat-zamykanie-nozy","8":"product_cat-noze-pl","10":"first","11":"outofstock","12":"taxable","13":"shipping-taxable","14":"purchasable","15":"product-type-simple"},"brands":[{"id":3458,"name":"CRKT","slug":"crkt-pl"}],"_links":{"self":[{"href":"https:\/\/www.moskito.cz\/pl\/wp-json\/wp\/v2\/product\/333350","targetHints":{"allow":["GET"]}}],"collection":[{"href":"https:\/\/www.moskito.cz\/pl\/wp-json\/wp\/v2\/product"}],"about":[{"href":"https:\/\/www.moskito.cz\/pl\/wp-json\/wp\/v2\/types\/product"}],"replies":[{"embeddable":true,"href":"https:\/\/www.moskito.cz\/pl\/wp-json\/wp\/v2\/comments?post=333350"}],"wp:featuredmedia":[{"embeddable":true,"href":"https:\/\/www.moskito.cz\/pl\/wp-json\/wp\/v2\/media\/333302"}],"wp:attachment":[{"href":"https:\/\/www.moskito.cz\/pl\/wp-json\/wp\/v2\/media?parent=333350"}],"wp:term":[{"taxonomy":"pwb-brand","embeddable":true,"href":"https:\/\/www.moskito.cz\/pl\/wp-json\/wp\/v2\/pwb-brand?post=333350"},{"taxonomy":"product_brand","embeddable":true,"href":"https:\/\/www.moskito.cz\/pl\/wp-json\/wp\/v2\/product_brand?post=333350"},{"taxonomy":"product_cat","embeddable":true,"href":"https:\/\/www.moskito.cz\/pl\/wp-json\/wp\/v2\/product_cat?post=333350"},{"taxonomy":"product_tag","embeddable":true,"href":"https:\/\/www.moskito.cz\/pl\/wp-json\/wp\/v2\/product_tag?post=333350"}],"curies":[{"name":"wp","href":"https:\/\/api.w.org\/{rel}","templated":true}]}}