{"id":333416,"date":"2024-04-15T19:29:47","date_gmt":"2024-04-15T18:33:53","guid":{"rendered":"https:\/\/www.moskito.cz\/produkt\/noz-zamykajacy-crkt-perski-7060\/"},"modified":"2025-05-07T11:11:31","modified_gmt":"2025-05-07T10:11:31","slug":"noz-zamykajacy-crkt-perski-7060","status":"publish","type":"product","link":"https:\/\/www.moskito.cz\/pl\/produkt\/noz-zamykajacy-crkt-perski-7060\/","title":{"rendered":"N\u00f3\u017c zamykaj\u0105cy CRKT Perski 7060"},"content":{"rendered":"<p>N\u00f3\u017c zamykaj\u0105cy <strong>CRKT<\/strong> Perski 7060.<\/p>\n<p>Persian to niskoprofilowy n\u00f3\u017c sk\u0142adany o delikatnych krzywiznach i wywa\u017conym designie. Dzi\u0119ki wspomaganemu otwieraniu ostrze ze stali D2 wysuwa si\u0119 b\u0142yskawicznie, a podwy\u017cszony kszta\u0142t no\u017ca i wydatny brzuch zapewniaj\u0105 mu lepsz\u0105 zdolno\u015b\u0107 krojenia. Wykonany z wysokiej jako\u015bci materia\u0142\u00f3w nylonowy uchwyt wzmocniony w\u0142\u00f3knem szklanym zapewnia lepszy chwyt, dzi\u0119ki czemu Persian mo\u017cna \u0142atwo otwiera\u0107 i zamyka\u0107 jedn\u0105 r\u0119k\u0105.<\/p>\n<p>Podsumowuj\u0105c, jest to elegancki i trwa\u0142y przedmiot do noszenia na co dzie\u0144, z kt\u00f3rego b\u0119dziesz dumny, maj\u0105c go w kieszeni.<\/p>\n<p>Dane techniczne:<br \/>\nD\u0142ugo\u015b\u0107 ostrza: 8,73 cm<br \/>\nD\u0142ugo\u015b\u0107 po zamkni\u0119ciu: 11,34 cm<br \/>\nD\u0142ugo\u015b\u0107 ca\u0142kowita: 20,63 cm<br \/>\nMateria\u0142 ostrza: Stal narz\u0119dziowa D2<br \/>\nGrubo\u015b\u0107 ostrza: 0,33 cm<br \/>\nStyl ostrza: perski z ko\u0144c\u00f3wk\u0105 ko\u0144cow\u0105<br \/>\nObr\u00f3bka powierzchni ostrza: satyna<br \/>\nMateria\u0142 r\u0119koje\u015bci: Czarny nylon wzmocniony w\u0142\u00f3knem szklanym<br \/>\nMechanizm blokuj\u0105cy: Liner Lock<br \/>\nKieszonkowy klips: g\u0142\u0119bokie noszenie, przenoszenie do g\u00f3ry, noszenie po prawej stronie<br \/>\nWaga: 3,10 uncji (87,88 g)<br \/>\nProjektant: Richard Rogers<\/p>\n<p><iframe title=\"CRKT Persian Assisted | Richard Rogers Design\" width=\"800\" height=\"450\" src=\"https:\/\/www.youtube.com\/embed\/o_DDdM25oMU?feature=oembed\" frameborder=\"0\" allow=\"accelerometer; autoplay; clipboard-write; encrypted-media; gyroscope; picture-in-picture; web-share\" referrerpolicy=\"strict-origin-when-cross-origin\" allowfullscreen><\/iframe><\/p>\n<p>&nbsp;<\/p>\n","protected":false},"excerpt":{"rendered":"<p>PROJEKTANT<br \/>\nRicharda Rogersa<br \/>\nMagdaleny w Nowym Meksyku<br \/>\nProste, praktyczne elementy codziennego u\u017cytku to moja pasja. Przy ka\u017cdym projekcie skupiam si\u0119 na tym, co mo\u017ce zrobi\u0107, aby u\u0142atwi\u0107 \u017cycie osobie trzymaj\u0105cej go.<\/p>\n","protected":false},"featured_media":333359,"comment_status":"open","ping_status":"closed","template":"","meta":[],"pwb-brand":[3458],"product_brand":[],"product_cat":[3296,3307],"product_tag":[],"class_list":{"0":"post-333416","1":"product","2":"type-product","3":"status-publish","4":"has-post-thumbnail","6":"pwb-brand-crkt-pl","7":"product_cat-noze-pl","8":"product_cat-zamykanie-nozy","10":"first","11":"instock","12":"taxable","13":"shipping-taxable","14":"purchasable","15":"product-type-simple"},"brands":[{"id":3458,"name":"CRKT","slug":"crkt-pl"}],"_links":{"self":[{"href":"https:\/\/www.moskito.cz\/pl\/wp-json\/wp\/v2\/product\/333416","targetHints":{"allow":["GET"]}}],"collection":[{"href":"https:\/\/www.moskito.cz\/pl\/wp-json\/wp\/v2\/product"}],"about":[{"href":"https:\/\/www.moskito.cz\/pl\/wp-json\/wp\/v2\/types\/product"}],"replies":[{"embeddable":true,"href":"https:\/\/www.moskito.cz\/pl\/wp-json\/wp\/v2\/comments?post=333416"}],"wp:featuredmedia":[{"embeddable":true,"href":"https:\/\/www.moskito.cz\/pl\/wp-json\/wp\/v2\/media\/333359"}],"wp:attachment":[{"href":"https:\/\/www.moskito.cz\/pl\/wp-json\/wp\/v2\/media?parent=333416"}],"wp:term":[{"taxonomy":"pwb-brand","embeddable":true,"href":"https:\/\/www.moskito.cz\/pl\/wp-json\/wp\/v2\/pwb-brand?post=333416"},{"taxonomy":"product_brand","embeddable":true,"href":"https:\/\/www.moskito.cz\/pl\/wp-json\/wp\/v2\/product_brand?post=333416"},{"taxonomy":"product_cat","embeddable":true,"href":"https:\/\/www.moskito.cz\/pl\/wp-json\/wp\/v2\/product_cat?post=333416"},{"taxonomy":"product_tag","embeddable":true,"href":"https:\/\/www.moskito.cz\/pl\/wp-json\/wp\/v2\/product_tag?post=333416"}],"curies":[{"name":"wp","href":"https:\/\/api.w.org\/{rel}","templated":true}]}}