{"id":333467,"date":"2024-04-15T19:53:20","date_gmt":"2024-04-15T18:56:02","guid":{"rendered":"https:\/\/www.moskito.cz\/produkt\/narzedzie-szesciokatne-crkt-walek-wkretaka-szesciokatnego-9911\/"},"modified":"2025-05-07T11:11:31","modified_gmt":"2025-05-07T10:11:31","slug":"narzedzie-szesciokatne-crkt-walek-wkretaka-szesciokatnego-9911","status":"publish","type":"product","link":"https:\/\/www.moskito.cz\/pl\/produkt\/narzedzie-szesciokatne-crkt-walek-wkretaka-szesciokatnego-9911\/","title":{"rendered":"Narz\u0119dzie sze\u015bciok\u0105tne CRKT Wa\u0142ek wkr\u0119taka sze\u015bciok\u0105tnego 9911"},"content":{"rendered":"<p>Narz\u0119dzie sze\u015bciok\u0105tne <strong>CRKT<\/strong> Wa\u0142ek wkr\u0119taka sze\u015bciok\u0105tnego 9911.<\/p>\n<p>Zwi\u0144 go i we\u017a. Kiedy jeste\u015b z dala od swojego warsztatu, a Tw\u00f3j codzienny sprz\u0119t wymaga konserwacji, narz\u0119dzie do wkr\u0119taka sze\u015bciok\u0105tnego zosta\u0142o zaprojektowane tak, aby by\u0142o pod r\u0119k\u0105 i umo\u017cliwia\u0142o szybk\u0105 napraw\u0119. Ten kompaktowy, ale mocny cylinder narz\u0119dziowy mo\u017ce pomie\u015bci\u0107 do 13 bit\u00f3w i dwa sterowniki (jeden sterownik jest w zestawie), dzi\u0119ki czemu nigdy wi\u0119cej nie zostaniesz przy\u0142apany na brudnym EDC.<\/p>\n<p>Projektant Joe Wu z Mountain View w Kalifornii zaprojektowa\u0142 rolk\u0119 narz\u0119dziow\u0105 z wkr\u0119takiem sze\u015bciok\u0105tnym jako cz\u0119\u015b\u0107 swojej kolekcji konserwacyjnej. P\u0142ynnie dzia\u0142aj\u0105cy mosi\u0119\u017cny sterownik jest wyposa\u017cony w \u0142o\u017cysko kulkowe umo\u017cliwiaj\u0105ce szybki demonta\u017c lub monta\u017c cz\u0119\u015bci. Cylinder narz\u0119dziowy wykonany ze sk\u00f3ry licowej mie\u015bci do 13 bit\u00f3w i jest w pe\u0142ni konfigurowalny. Wysy\u0142ane z CRKT\u00ae wyposa\u017cone w T6, T7, T8, T9, T10, T15, T20, PH1, PH2, PH3, 1,0 x 6 mm, 0,8 x 5,5 mm i 0,6 x 4,5 mm.<\/p>\n<p>Kompletny zestaw konserwacyjny. Jeden prosty cylinder narz\u0119dziowy.<\/p>\n<p>\u0141o\u017cysko kulkowe w zabieraku umo\u017cliwia szybki demonta\u017c lub monta\u017c cz\u0119\u015bci<br \/>\nMagnes na ko\u0144c\u00f3wce wkr\u0119taka zabezpiecza ko\u0144c\u00f3wk\u0119 wkr\u0119taka<br \/>\nKontroler \u0142atwo mie\u015bci si\u0119 w d\u0142oni i pozwala na wi\u0119ksz\u0105 kontrol\u0119 i precyzyjn\u0105 prac\u0119<br \/>\nTeksturowany mosi\u0119\u017cny sterownik zapewniaj\u0105cy przyczepno\u015b\u0107<br \/>\nSk\u00f3rzany cylinder narz\u0119dziowy mie\u015bci do dw\u00f3ch kontroler\u00f3w<br \/>\nMie\u015bci do 13 bit\u00f3w &#8211; w zestawie T6, T7, T8, T9, T10, T15, T20, PH1, PH2, PH3, 1,0 x 6 mm, 0,8 x 5,5 mm, 0,6 x 4, 5 mm<\/p>\n<p>Dane techniczne:<br \/>\nD\u0142ugo\u015b\u0107 ca\u0142kowita: 9,47 cm<br \/>\nMateria\u0142 r\u0119koje\u015bci: mosi\u0105dz<br \/>\nWaga: 2,50 uncji (70,87 g)<br \/>\nWaga koperty: 2,60 uncji. (73,71 g)<br \/>\nProjektant: Joe Wu<\/p>\n<p>&nbsp;<\/p>\n","protected":false},"excerpt":{"rendered":"<p>PROJEKTANT<br \/>\nJoe Wu<br \/>\nWidok na g\u00f3ry, Kalifornia<br \/>\nZawsze majsterkuj\u0105c i szukaj\u0105c nowych sposob\u00f3w na ulepszenie istniej\u0105cych projekt\u00f3w, Joe Wu zaczyna\u0142 od projektowania produkt\u00f3w w Scout Leather Co. tworz\u0105c produkty w oparciu o osobiste potrzeby i do\u015bwiadczenie. W ostatnich latach swoje pomys\u0142y i doskonali swoje umiej\u0119tno\u015bci biznesowe, wykorzystuj\u0105c tradycyjne metody z nowoczesnym podej\u015bciem. Jego projekty i pomys\u0142y opieraj\u0105 si\u0119 na prostocie i do\u015bwiadczeniu u\u017cytkownika; dobry projekt nie musi by\u0107 skomplikowany.<\/p>\n","protected":false},"featured_media":333424,"comment_status":"open","ping_status":"closed","template":"","meta":[],"pwb-brand":[3458],"product_brand":[],"product_cat":[3341],"product_tag":[],"class_list":{"0":"post-333467","1":"product","2":"type-product","3":"status-publish","4":"has-post-thumbnail","6":"pwb-brand-crkt-pl","7":"product_cat-multi-tool-pl","9":"first","10":"instock","11":"taxable","12":"shipping-taxable","13":"purchasable","14":"product-type-simple"},"brands":[{"id":3458,"name":"CRKT","slug":"crkt-pl"}],"_links":{"self":[{"href":"https:\/\/www.moskito.cz\/pl\/wp-json\/wp\/v2\/product\/333467","targetHints":{"allow":["GET"]}}],"collection":[{"href":"https:\/\/www.moskito.cz\/pl\/wp-json\/wp\/v2\/product"}],"about":[{"href":"https:\/\/www.moskito.cz\/pl\/wp-json\/wp\/v2\/types\/product"}],"replies":[{"embeddable":true,"href":"https:\/\/www.moskito.cz\/pl\/wp-json\/wp\/v2\/comments?post=333467"}],"wp:featuredmedia":[{"embeddable":true,"href":"https:\/\/www.moskito.cz\/pl\/wp-json\/wp\/v2\/media\/333424"}],"wp:attachment":[{"href":"https:\/\/www.moskito.cz\/pl\/wp-json\/wp\/v2\/media?parent=333467"}],"wp:term":[{"taxonomy":"pwb-brand","embeddable":true,"href":"https:\/\/www.moskito.cz\/pl\/wp-json\/wp\/v2\/pwb-brand?post=333467"},{"taxonomy":"product_brand","embeddable":true,"href":"https:\/\/www.moskito.cz\/pl\/wp-json\/wp\/v2\/product_brand?post=333467"},{"taxonomy":"product_cat","embeddable":true,"href":"https:\/\/www.moskito.cz\/pl\/wp-json\/wp\/v2\/product_cat?post=333467"},{"taxonomy":"product_tag","embeddable":true,"href":"https:\/\/www.moskito.cz\/pl\/wp-json\/wp\/v2\/product_tag?post=333467"}],"curies":[{"name":"wp","href":"https:\/\/api.w.org\/{rel}","templated":true}]}}