{"id":333529,"date":"2024-04-15T20:18:33","date_gmt":"2024-04-15T19:21:50","guid":{"rendered":"https:\/\/www.moskito.cz\/produkt\/noz-skladany-crkt-carson-special-forces-m21-14sf\/"},"modified":"2025-05-07T11:11:33","modified_gmt":"2025-05-07T10:11:33","slug":"noz-skladany-crkt-carson-special-forces-m21-14sf","status":"publish","type":"product","link":"https:\/\/www.moskito.cz\/pl\/produkt\/noz-skladany-crkt-carson-special-forces-m21-14sf\/","title":{"rendered":"N\u00f3\u017c sk\u0142adany CRKT Carson Special Forces M21-14SF"},"content":{"rendered":"<p>N\u00f3\u017c sk\u0142adany <strong>CRKT<\/strong> Carson Special Forces M21-14SF.<\/p>\n<p>Nasze SF w wersji InterFrame maj\u0105 wsp\u00f3ln\u0105 unikaln\u0105 konstrukcj\u0119, kt\u00f3ra oferuje po\u0142\u0105czenie funkcji linii Carson wymaganych przez specjalist\u00f3w ds. zakup\u00f3w wojskowych. Wybrano g\u0142\u0119bokie ostrza w\u0142\u00f3czni, poniewa\u017c zapewniaj\u0105 maksymaln\u0105 wytrzyma\u0142o\u015b\u0107. Otwarta konstrukcja pozwala na wbudowanie dw\u00f3ch Carson Flipper\u00f3w, co daje prawdziw\u0105 r\u0119koje\u015b\u0107 &#8211; bardzo rzadk\u0105 w no\u017cach sk\u0142adanych.<\/p>\n<p>Aluminium M21\u2122-14SF. Nasza aluminiowa rama produkowana w technologii SF bazuje na niestandardowych konstrukcjach Kit Carson i ma wyprofilowane uchwyty z twardego, anodyzowanego aluminium 6061 T6. Wk\u0142adki blokuj\u0105ce ze stali nierdzewnej z rowkami ciernymi zapewniaj\u0105 pewne blokowanie. Ostrze wykonane jest ze stali nierdzewnej AUS 8 z kraw\u0119dzi\u0105 typu Combined Razor-Sharp i Triple-Point\u2122.<\/p>\n<p>Ostrze, rama i okucia s\u0105 w kolorze nieodblaskowym, taktycznym czarnym. Ostrze posiada czarn\u0105 pow\u0142ok\u0119 z azotku tytanu zapewniaj\u0105c\u0105 maksymaln\u0105 odporno\u015b\u0107 na korozj\u0119. Markowe ko\u0142ki na kciuki z podw\u00f3jn\u0105 kratk\u0105 s\u0105 standardem. Otwieranie i zamykanie jedn\u0105 r\u0119k\u0105 jest szybkie i p\u0142ynne.<\/p>\n<p>Posiada r\u00f3wnie\u017c nasz ekskluzywny, opatentowany (1) automatyczny bezpiecznik AutoLAWKS\u2122, kt\u00f3ry automatycznie zamienia folder w wirtualne nieruchome ostrze.<\/p>\n<p>Wszystkie no\u017ce z tej serii wyposa\u017cone s\u0105 w klipsy umo\u017cliwiaj\u0105ce noszenie w czterech pozycjach na pasku lub pasku. Ostrze\u017cenie: Te no\u017ce nie s\u0105 przeznaczone do przechowywania w kieszeni. S\u0105 to no\u017ce specjalne, zaprojektowane przez wojsko do u\u017cytku w si\u0142ach specjalnych.<\/p>\n<p>D\u0142ugo\u015b\u0107 ostrza: 10,13 cm<br \/>\nGrubo\u015b\u0107 ostrza 0,35 cm<br \/>\nD\u0142ugo\u015b\u0107 ca\u0142kowita: 23,49 cm<br \/>\nD\u0142ugo\u015b\u0107 po zamkni\u0119ciu: 13,65 cm<br \/>\nWaga 5,70 uncji (161,59 g)<\/p>\n","protected":false},"excerpt":{"rendered":"<p>PROJEKTANT<br \/>\nKita Carsona<br \/>\nVine Grove w Kentucky<br \/>\nKit przeszed\u0142 na emerytur\u0119 jako starszy sier\u017cant i ostatecznie zosta\u0142 prominentnym cz\u0142onkiem Gildii Tw\u00f3rc\u00f3w No\u017cy. Kit zaprojektowa\u0142 odnosz\u0105c\u0105 sukcesy seri\u0119 no\u017cy M16\u00ae, uznan\u0105 przez Blade Magazine za jeden z 10 najlepszych element\u00f3w taktycznych dekady. W 2012 roku Kit zosta\u0142 wprowadzony do Galerii S\u0142aw Cutlery, a jego wp\u0142yw na bran\u017c\u0119 by\u0142 powszechnie odczuwalny. By\u0142 nawet mentorem takich mistrz\u00f3w jak Ken Onion. Zestaw przeszed\u0142 w 2014 roku. Rodzina Carson\u00f3w prosi o datki na rzecz Narodowej Fundacji Parkinsona na stronie Parkinson.org.<\/p>\n","protected":false},"featured_media":333481,"comment_status":"open","ping_status":"closed","template":"","meta":[],"pwb-brand":[3458],"product_brand":[],"product_cat":[3296,3307],"product_tag":[3671],"class_list":{"0":"post-333529","1":"product","2":"type-product","3":"status-publish","4":"has-post-thumbnail","6":"pwb-brand-crkt-pl","7":"product_cat-noze-pl","8":"product_cat-zamykanie-nozy","9":"product_tag-b2b-pl","11":"first","12":"outofstock","13":"taxable","14":"shipping-taxable","15":"purchasable","16":"product-type-simple"},"brands":[{"id":3458,"name":"CRKT","slug":"crkt-pl"}],"_links":{"self":[{"href":"https:\/\/www.moskito.cz\/pl\/wp-json\/wp\/v2\/product\/333529","targetHints":{"allow":["GET"]}}],"collection":[{"href":"https:\/\/www.moskito.cz\/pl\/wp-json\/wp\/v2\/product"}],"about":[{"href":"https:\/\/www.moskito.cz\/pl\/wp-json\/wp\/v2\/types\/product"}],"replies":[{"embeddable":true,"href":"https:\/\/www.moskito.cz\/pl\/wp-json\/wp\/v2\/comments?post=333529"}],"wp:featuredmedia":[{"embeddable":true,"href":"https:\/\/www.moskito.cz\/pl\/wp-json\/wp\/v2\/media\/333481"}],"wp:attachment":[{"href":"https:\/\/www.moskito.cz\/pl\/wp-json\/wp\/v2\/media?parent=333529"}],"wp:term":[{"taxonomy":"pwb-brand","embeddable":true,"href":"https:\/\/www.moskito.cz\/pl\/wp-json\/wp\/v2\/pwb-brand?post=333529"},{"taxonomy":"product_brand","embeddable":true,"href":"https:\/\/www.moskito.cz\/pl\/wp-json\/wp\/v2\/product_brand?post=333529"},{"taxonomy":"product_cat","embeddable":true,"href":"https:\/\/www.moskito.cz\/pl\/wp-json\/wp\/v2\/product_cat?post=333529"},{"taxonomy":"product_tag","embeddable":true,"href":"https:\/\/www.moskito.cz\/pl\/wp-json\/wp\/v2\/product_tag?post=333529"}],"curies":[{"name":"wp","href":"https:\/\/api.w.org\/{rel}","templated":true}]}}