{"id":333617,"date":"2021-07-29T21:23:32","date_gmt":"2021-07-29T20:23:32","guid":{"rendered":"https:\/\/www.moskito.cz\/produkt\/noz-zamykajacy-crkt-lck-3801\/"},"modified":"2025-05-07T11:11:34","modified_gmt":"2025-05-07T10:11:34","slug":"noz-zamykajacy-crkt-lck-3801","status":"publish","type":"product","link":"https:\/\/www.moskito.cz\/pl\/produkt\/noz-zamykajacy-crkt-lck-3801\/","title":{"rendered":"N\u00f3\u017c zamykaj\u0105cy CRKT LCK + 3801"},"content":{"rendered":"<p><strong style=\"font-family: -apple-system, BlinkMacSystemFont, 'Segoe UI', Roboto, 'Helvetica Neue', Arial, 'Noto Sans', sans-serif, 'Apple Color Emoji', 'Segoe UI Emoji', 'Segoe UI Symbol', 'Noto Color Emoji';\">N\u00f3\u017c sk\u0142adany CRKT LCK+ 3801<\/strong><\/p>\n<div class=\"flex-1 overflow-hidden @container\/thread\">\n<div class=\"h-full\">\n<div class=\"react-scroll-to-bottom--css-vxybp-79elbk h-full\">\n<div class=\"react-scroll-to-bottom--css-vxybp-1n7m0yu\">\n<div class=\"flex flex-col text-sm md:pb-9\">\n<article class=\"w-full scroll-mb-[var(--thread-trailing-height,150px)] text-token-text-primary focus-visible:outline-2 focus-visible:outline-offset-[-4px]\" dir=\"auto\" data-testid=\"conversation-turn-463\" data-scroll-anchor=\"true\">\n<div class=\"m-auto text-base py-[18px] px-3 md:px-4 w-full md:px-5 lg:px-4 xl:px-5\">\n<div class=\"mx-auto flex flex-1 gap-4 text-base md:gap-5 lg:gap-6 md:max-w-3xl\">\n<div class=\"group\/conversation-turn relative flex w-full min-w-0 flex-col agent-turn\">\n<div class=\"flex-col gap-1 md:gap-3\">\n<div class=\"flex max-w-full flex-col flex-grow\">\n<div class=\"min-h-8 text-message flex w-full flex-col items-end gap-2 whitespace-normal break-words text-start [.text-message+&amp;]:mt-5\" dir=\"auto\" data-message-author-role=\"assistant\" data-message-id=\"aef4849f-584c-45ea-851d-e4d75e9ddba5\" data-message-model-slug=\"gpt-4o-mini\">\n<div class=\"flex w-full flex-col gap-1 empty:hidden first:pt-[3px]\">\n<div class=\"markdown prose w-full break-words dark:prose-invert light\">\n<p><strong>Zaprojektowany przez:<\/strong> Matthew Lerch, Sussex, Wisconsin<br \/>\n<strong>Styl:<\/strong> Wspomagany n\u00f3\u017c sk\u0142adany o liniowym wzornictwie<\/p>\n<p><strong>CRKT LCK+ 3801<\/strong> to kompaktowy i mocny n\u00f3\u017c sk\u0142adany do codziennego noszenia, zaprojektowany z naciskiem na <strong>szybko\u015b\u0107 i funkcjonalno\u015b\u0107<\/strong> . Model ten charakteryzuje si\u0119 <strong>wspomaganym otwieraniem<\/strong> , co umo\u017cliwia <strong>b\u0142yskawiczne wysuni\u0119cie ostrza<\/strong> przy minimalnym wysi\u0142ku, dzi\u0119ki czemu jest to idealny wyb\u00f3r do codziennego u\u017cytku, gdy liczy si\u0119 <strong>szybka reakcja<\/strong> . <\/p>\n<h3><strong>G\u0142\u00f3wne cechy i korzy\u015bci:<\/strong><\/h3>\n<h4>1. <strong>Otwieranie wspomagane:<\/strong><\/h4>\n<ul>\n<li>G\u0142\u00f3wn\u0105 zalet\u0105 tego no\u017ca jest <strong>wspomagane otwieranie<\/strong> . Po <strong>cz\u0119\u015bciowym wysuni\u0119ciu ostrza<\/strong> <strong>nast\u0119puje automatyczna aktywacja mechanizmu,<\/strong> kt\u00f3ry otwiera ostrze <strong>z niewiarygodn\u0105 szybko\u015bci\u0105<\/strong> . System ten pozwala na <strong>proste i szybkie otwieranie<\/strong> jedn\u0105 r\u0119k\u0105, dzi\u0119ki czemu idealnie nadaje si\u0119 do natychmiastowego u\u017cycia.  <\/li>\n<\/ul>\n<h4>2. <strong>\u0141o\u017cysko kulkowe IKBS\u2122:<\/strong><\/h4>\n<ul>\n<li><strong>System \u0142o\u017cysk kulkowych IKBS\u2122<\/strong> gwarantuje <strong>p\u0142ynny i p\u0142ynny ruch ostrza<\/strong> , minimalizuj\u0105c op\u00f3r przy obracaniu i umo\u017cliwiaj\u0105c szybkie i wydajne otwieranie no\u017ca.<\/li>\n<\/ul>\n<h4>3. <strong>Kompaktowa i lekka konstrukcja:<\/strong><\/h4>\n<ul>\n<li><strong>D\u0142ugo\u015b\u0107 ca\u0142kowita:<\/strong> 7,47&#8243; (189,71 mm)<\/li>\n<li><strong>D\u0142ugo\u015b\u0107 ostrza:<\/strong> 3,31&#8243; (84,18 mm)<\/li>\n<li><strong>Waga:<\/strong> 2,40 uncji. (68,04 g)<\/li>\n<li>N\u00f3\u017c jest <strong>lekki i kompaktowy<\/strong> , co oznacza, \u017ce \u200b\u200bmo\u017cna go \u0142atwo nosi\u0107 w kieszeni, nie zwi\u0119kszaj\u0105c niepotrzebnie ci\u0119\u017caru ani obj\u0119to\u015bci.<\/li>\n<\/ul>\n<h4>4. <strong>Wysokiej jako\u015bci ostrze ze stali nierdzewnej 8Cr13MoV:<\/strong><\/h4>\n<ul>\n<li><strong>Ostrze ze stali 8Cr13MoV<\/strong> charakteryzuje si\u0119 <strong>dobrym stosunkiem trwa\u0142o\u015bci do zdolno\u015bci utrzymywania ostro\u015bci<\/strong> . <strong>Satynowe wyko\u0144czenie lakierem<\/strong> nadaje ostrzu atrakcyjny wygl\u0105d oraz chroni przed korozj\u0105 i zu\u017cyciem. <\/li>\n<\/ul>\n<h4>5. <strong>Ergonomiczny uchwyt z nylonu wzmocnionego w\u0142\u00f3knem szklanym:<\/strong><\/h4>\n<ul>\n<li><strong>R\u0119koje\u015b\u0107 z nylonu wzmocnionego w\u0142\u00f3knem szklanym<\/strong> jest <strong>bardzo wytrzyma\u0142a<\/strong> i <strong>lekka<\/strong> , dzi\u0119ki czemu n\u00f3\u017c jest wygodny w noszeniu i u\u017cytkowaniu.<\/li>\n<li><strong>Rowki na r\u0119koje\u015bci<\/strong> zapewniaj\u0105 lepszy <strong>chwyt<\/strong> , nawet gdy n\u00f3\u017c jest mokry, zab\u0142ocony lub t\u0142usty, co zwi\u0119ksza <strong>bezpiecze\u0144stwo<\/strong> podczas u\u017cytkowania.<\/li>\n<\/ul>\n<h4>6. <strong>Blokada liniowa:<\/strong><\/h4>\n<ul>\n<li><strong>Blokada Liner Lock<\/strong> gwarantuje <strong>bezpieczne zablokowanie<\/strong> ostrza podczas u\u017cytkowania. Mechanizm ten pozwala na \u0142atwe i wygodne <strong>otwieranie i zamykanie<\/strong> no\u017ca jedn\u0105 r\u0119k\u0105. <\/li>\n<\/ul>\n<h4>7. <strong>Nowoczesny i funkcjonalny design:<\/strong><\/h4>\n<ul>\n<li>N\u00f3\u017c ma <strong>elegancki, liniowy wygl\u0105d<\/strong> , kt\u00f3ry \u0142\u0105czy w sobie <strong>wysok\u0105 funkcjonalno\u015b\u0107<\/strong> z <strong>minimalistycznym stylem<\/strong> . Projektanci postawili na nowoczesny wygl\u0105d no\u017ca i jednocze\u015bnie zadbali o jego praktyczno\u015b\u0107. <\/li>\n<\/ul>\n<h3><strong>Dane techniczne:<\/strong><\/h3>\n<ul>\n<li><strong>D\u0142ugo\u015b\u0107 ostrza:<\/strong> 3,31&#8243; (84,18 mm)<\/li>\n<li><strong>Kraw\u0119d\u017a:<\/strong> G\u0142adka<\/li>\n<li><strong>Stal ostrza:<\/strong> 8Cr13MoV<\/li>\n<li><strong>Wyko\u0144czenie ostrza:<\/strong> Satynowe<\/li>\n<li><strong>Grubo\u015b\u0107 ostrza:<\/strong> 0,13&#8243; (3,23 mm)<\/li>\n<li><strong>D\u0142ugo\u015b\u0107 ca\u0142kowita:<\/strong> 7,47&#8243; (189,71 mm)<\/li>\n<li><strong>D\u0142ugo\u015b\u0107 po z\u0142o\u017ceniu:<\/strong> 4,16&#8243; (105,66 mm)<\/li>\n<li><strong>Waga:<\/strong> 2,40 uncji. (68,04 g)<\/li>\n<li><strong>Uchwyt:<\/strong> Nylon wzmacniany w\u0142\u00f3knem szklanym<\/li>\n<li><strong>Styl:<\/strong> N\u00f3\u017c sk\u0142adany z blokad\u0105 liniow\u0105<\/li>\n<\/ul>\n<h3><strong>U\u017cywa\u0107:<\/strong><\/h3>\n<ul>\n<li><strong>N\u00f3\u017c kieszonkowy do codziennego u\u017cytku (EDC):<\/strong> Kompaktowy rozmiar i szybkie otwieranie sprawiaj\u0105, \u017ce n\u00f3\u017c ten idealnie nadaje si\u0119 do codziennego u\u017cytku. Niezale\u017cnie od tego, czy chodzi o otwarcie koperty, ci\u0119cie materia\u0142\u00f3w opakowaniowych czy jakiekolwiek inne typowe zadanie, LCK+ pozwoli Ci pracowa\u0107 szybko i wydajnie. <\/li>\n<li><strong>Sytuacje awaryjne:<\/strong> Dzi\u0119ki wspomaganiu otwierania i p\u0142ynnemu mechanizmowi ten n\u00f3\u017c \u015bwietnie nadaje si\u0119 do szybkich dzia\u0142a\u0144 w nag\u0142ych wypadkach.<\/li>\n<li><strong>Aktywno\u015bci na \u015bwie\u017cym powietrzu:<\/strong> Dzi\u0119ki wytrzyma\u0142emu uchwytowi i praktycznemu rozmiarowi idealnie nadaje si\u0119 do u\u017cytku na \u0142onie natury, na kempingu, na rybach lub podczas pieszych w\u0119dr\u00f3wek.<\/li>\n<\/ul>\n<h3><strong>Wniosek:<\/strong><\/h3>\n<p><strong>CRKT LCK+ 3801<\/strong> to idealny n\u00f3\u017c sk\u0142adany dla os\u00f3b poszukuj\u0105cych <strong>szybko\u015bci, lekko\u015bci i niezawodno\u015bci<\/strong> . Dzi\u0119ki wspomaganemu otwieraniu, wysokiej jako\u015bci ostrzu i eleganckiemu wzornictwu jest to idealne narz\u0119dzie do codziennego u\u017cytku, bezkompromisowo \u0142\u0105cz\u0105ce <strong>funkcjonalno\u015b\u0107 i styl<\/strong> . Niezale\u017cnie od tego, czy u\u017cywasz go do codziennych zada\u0144, czy w sytuacjach, w kt\u00f3rych potrzebujesz szybkiej i bezpiecznej reakcji, nie b\u0119dziesz t\u0119skni\u0107 za LCK+.  <\/p>\n<\/div>\n<\/div>\n<\/div>\n<\/div>\n<div class=\"mb-2 flex gap-3 empty:hidden -ml-2\">\n<div class=\"items-center justify-start rounded-xl p-1 flex\">\n<div class=\"flex items-center\"><\/div>\n<\/div>\n<\/div>\n<div class=\"pr-2 lg:pr-0\"><\/div>\n<\/div>\n<\/div>\n<\/div>\n<\/div>\n<\/article>\n<\/div>\n<\/div>\n<\/div>\n<\/div>\n<\/div>\n<p><iframe title=\"CRKT LCK+ | Matthew Lerch Design\" width=\"800\" height=\"450\" src=\"https:\/\/www.youtube.com\/embed\/xP_OCzLOsWA?feature=oembed\" frameborder=\"0\" allow=\"accelerometer; autoplay; clipboard-write; encrypted-media; gyroscope; picture-in-picture; web-share\" referrerpolicy=\"strict-origin-when-cross-origin\" allowfullscreen><\/iframe><\/p>\n<p>&nbsp;<\/p>\n","protected":false},"excerpt":{"rendered":"<div class=\"flex max-w-full flex-col flex-grow\">\n<div class=\"min-h-8 text-message flex w-full flex-col items-end gap-2 whitespace-normal break-words text-start [.text-message+&amp;]:mt-5\" dir=\"auto\" data-message-author-role=\"assistant\" data-message-id=\"aef4849f-584c-45ea-851d-e4d75e9ddba5\" data-message-model-slug=\"gpt-4o-mini\">\n<div class=\"flex w-full flex-col gap-1 empty:hidden first:pt-[3px]\">\n<div class=\"markdown prose w-full break-words dark:prose-invert light\">\n<p><strong>CRKT LCK+ 3801 to idealny n\u00f3\u017c sk\u0142adany dla os\u00f3b poszukuj\u0105cych szybko\u015bci, lekko\u015bci i niezawodno\u015bci. Dzi\u0119ki wspomaganemu otwieraniu, wysokiej jako\u015bci ostrzu i eleganckiemu wzornictwu jest to idealne narz\u0119dzie do codziennego u\u017cytku, bezkompromisowo \u0142\u0105cz\u0105ce funkcjonalno\u015b\u0107 i styl. Niezale\u017cnie od tego, czy u\u017cywasz go do codziennych zada\u0144, czy w sytuacjach, w kt\u00f3rych potrzebujesz szybkiej i bezpiecznej reakcji, nie b\u0119dziesz t\u0119skni\u0107 za LCK+.  <\/strong><\/p>\n<\/div>\n<\/div>\n<\/div>\n<\/div>\n<div class=\"mb-2 flex gap-3 empty:hidden -ml-2\">\n<div class=\"items-center justify-start rounded-xl p-1 flex\">\n<div class=\"flex items-center\"><\/div>\n<\/div>\n<\/div>\n","protected":false},"featured_media":333618,"comment_status":"open","ping_status":"closed","template":"","meta":[],"pwb-brand":[3458],"product_brand":[],"product_cat":[3307,3296],"product_tag":[3671],"class_list":{"0":"post-333617","1":"product","2":"type-product","3":"status-publish","4":"has-post-thumbnail","6":"pwb-brand-crkt-pl","7":"product_cat-zamykanie-nozy","8":"product_cat-noze-pl","9":"product_tag-b2b-pl","11":"first","12":"instock","13":"taxable","14":"shipping-taxable","15":"purchasable","16":"product-type-simple"},"brands":[{"id":3458,"name":"CRKT","slug":"crkt-pl"}],"_links":{"self":[{"href":"https:\/\/www.moskito.cz\/pl\/wp-json\/wp\/v2\/product\/333617","targetHints":{"allow":["GET"]}}],"collection":[{"href":"https:\/\/www.moskito.cz\/pl\/wp-json\/wp\/v2\/product"}],"about":[{"href":"https:\/\/www.moskito.cz\/pl\/wp-json\/wp\/v2\/types\/product"}],"replies":[{"embeddable":true,"href":"https:\/\/www.moskito.cz\/pl\/wp-json\/wp\/v2\/comments?post=333617"}],"wp:featuredmedia":[{"embeddable":true,"href":"https:\/\/www.moskito.cz\/pl\/wp-json\/wp\/v2\/media\/333618"}],"wp:attachment":[{"href":"https:\/\/www.moskito.cz\/pl\/wp-json\/wp\/v2\/media?parent=333617"}],"wp:term":[{"taxonomy":"pwb-brand","embeddable":true,"href":"https:\/\/www.moskito.cz\/pl\/wp-json\/wp\/v2\/pwb-brand?post=333617"},{"taxonomy":"product_brand","embeddable":true,"href":"https:\/\/www.moskito.cz\/pl\/wp-json\/wp\/v2\/product_brand?post=333617"},{"taxonomy":"product_cat","embeddable":true,"href":"https:\/\/www.moskito.cz\/pl\/wp-json\/wp\/v2\/product_cat?post=333617"},{"taxonomy":"product_tag","embeddable":true,"href":"https:\/\/www.moskito.cz\/pl\/wp-json\/wp\/v2\/product_tag?post=333617"}],"curies":[{"name":"wp","href":"https:\/\/api.w.org\/{rel}","templated":true}]}}