{"id":333743,"date":"2021-09-14T21:23:58","date_gmt":"2021-09-14T20:23:58","guid":{"rendered":"https:\/\/www.moskito.cz\/produkt\/noz-strzelecki-sog-tac-tini-tanto-auto\/"},"modified":"2025-12-30T14:46:10","modified_gmt":"2025-12-30T13:46:10","slug":"noz-strzelecki-sog-tac-tini-tanto-auto","status":"publish","type":"product","link":"https:\/\/www.moskito.cz\/pl\/produkt\/noz-strzelecki-sog-tac-tini-tanto-auto\/","title":{"rendered":"N\u00f3\u017c strzelecki SOG TAC TINI Tanto AUTO"},"content":{"rendered":"<p>N\u00f3\u017c strzelecki SOG TAC TINI Tanto AUTO.<\/p>\n<p>Oryginalny automatyczny SOG, SOG-TAC, cieszy si\u0119 zaufaniem firm LEO w ca\u0142ym kraju. Wykonany z aluminium AUS-8 i 6061-T6, SOG-TAC charakteryzuje si\u0119 ulepszonym chwytem zapewniaj\u0105cym maksymalny chwyt, dzi\u0119ki czemu idealnie nadaje si\u0119 do samoobrony. Trwa\u0142y i szybki w otwieraniu, SOG-TAC to niezawodny automat do najbardziej wymagaj\u0105cych sytuacji.<\/p>\n<p>D\u0141UGO\u015a\u0106 CA\u0141KOWITA : 20,32 cm<br \/>\nD\u0141UGO\u015a\u0106 W ZAMKNI\u0118CIU : 11,43 cm<br \/>\nWAGA PRODUKTU : 3,80 uncji<br \/>\nD\u0141UGO\u015a\u0106 BUTELKI : 9 cm<br \/>\nLINIA PRODUKT\u00d3W : SOG-TAC Auto<br \/>\nMECHANIZM BLOKOWANIA : Automatyczny<br \/>\nMECHANIZM OTWIERANIA : Automatyczny<br \/>\nRODZAJ PASKA : Odwracalny Low-Carry<br \/>\nWYKO\u0143CZENIE : Twarde czarne TiNi<br \/>\nTYP R\u0118KOJE\u015aCI : Cz\u0119\u015bciowo z\u0105bkowana<br \/>\nRODZAJ STALI : AUS-8<br \/>\nKSZTA\u0141T R\u0118KOJE\u015aCI : Tanto<br \/>\nWYTRZYMA\u0141O\u015a\u0106 : RC 57-58<br \/>\nMATERIA\u0141 R\u0118KOJE\u015aCI : Anodowane aluminium 6061-T6<br \/>\nKOLOR R\u0118KOJE\u015aCI : Czarny<\/p>\n<p>Oryginalny automat SOG, SOG-TAC, cieszy si\u0119 zaufaniem firm LEO w ca\u0142ym kraju. Wykonany z aluminium AUS-8 i 6061-T6, SOG-TAC posiada wyprofilowany uchwyt zapewniaj\u0105cy maksymalny chwyt, dzi\u0119ki czemu idealnie nadaje si\u0119 do samoobrony. Wytrzyma\u0142y i szybki w otwieraniu, SOG-TAC to niezawodny automat, kt\u00f3ry sprawdza si\u0119 w najtrudniejszych sytuacjach.<\/p>\n<p>CA\u0141KOWITA D\u0141UGO\u015a\u0106<br \/>\n8&#8243;<br \/>\nD\u0141UGO\u015a\u0106 ZAMKNI\u0118TA<br \/>\n4,5&#8243;<br \/>\nWAGA PRODUKTU<br \/>\n3,80 uncji<br \/>\nD\u0141UGO\u015a\u0106 OSTRZA<br \/>\n3,5&#8243;<br \/>\nUPC<br \/>\n7-29857-99123-0<br \/>\nPRODUKT RODZINNY<br \/>\nAutomat SOG-TAC<br \/>\nRODZAJ PRODUKTU<br \/>\nN\u00f3\u017c sk\u0142adany<br \/>\nZAMYKAJ\u0104CY MECHANIZM<br \/>\nAutomatyczny<br \/>\nMECHANIZM OTWIERANIA<br \/>\nAutomatyczny<br \/>\nTYP ZACISKA NA PASEK<br \/>\nDwustronny Low-Carry<br \/>\nOPAKOWANIE<br \/>\nPude\u0142ko prezentacyjne<br \/>\nSKO\u0143CZY\u0106<br \/>\nTwarda obudowa w kolorze czarnym TiNi<br \/>\nTYP KRAW\u0118DZI<br \/>\nCz\u0119\u015bciowo z\u0105bkowany<br \/>\nTYP ostrzy ze stali<br \/>\nAUS-8<br \/>\nBLADE SHAPE<br \/>\nTanto<br \/>\nHARDNESS<br \/>\nRc. 57-58<br \/>\nMATERIA\u0141 UCHWYTU<br \/>\nAnodowane aluminium 6061-T6<br \/>\nKOLOR UCHWYTU<br \/>\nCzarny<\/p>\n","protected":false},"excerpt":{"rendered":"<p>Niezale\u017cnie od tego, czy chronisz innych, prowadzisz epick\u0105 wypraw\u0119 my\u015bliwsk\u0105, stawiasz czo\u0142a codziennym wyzwaniom, czy te\u017c radzisz sobie w najbardziej ekstremalnych warunkach, wybierz drog\u0119 z <strong>SOG<\/strong>.<\/p>\n<p><strong>Na wszystkie no\u017ce SOG udzielamy do\u017cywotniej gwarancji!<\/strong><\/p>\n","protected":false},"featured_media":333747,"comment_status":"open","ping_status":"closed","template":"","meta":[],"pwb-brand":[3606],"product_brand":[],"product_cat":[3344,3296],"product_tag":[3671],"class_list":{"0":"post-333743","1":"product","2":"type-product","3":"status-publish","4":"has-post-thumbnail","6":"pwb-brand-sog-pl","7":"product_cat-noze-strzeleckie","8":"product_cat-noze-pl","9":"product_tag-b2b-pl","11":"first","12":"instock","13":"taxable","14":"shipping-taxable","15":"purchasable","16":"product-type-simple"},"brands":[{"id":3606,"name":"SOG","slug":"sog-pl"}],"_links":{"self":[{"href":"https:\/\/www.moskito.cz\/pl\/wp-json\/wp\/v2\/product\/333743","targetHints":{"allow":["GET"]}}],"collection":[{"href":"https:\/\/www.moskito.cz\/pl\/wp-json\/wp\/v2\/product"}],"about":[{"href":"https:\/\/www.moskito.cz\/pl\/wp-json\/wp\/v2\/types\/product"}],"replies":[{"embeddable":true,"href":"https:\/\/www.moskito.cz\/pl\/wp-json\/wp\/v2\/comments?post=333743"}],"wp:featuredmedia":[{"embeddable":true,"href":"https:\/\/www.moskito.cz\/pl\/wp-json\/wp\/v2\/media\/333747"}],"wp:attachment":[{"href":"https:\/\/www.moskito.cz\/pl\/wp-json\/wp\/v2\/media?parent=333743"}],"wp:term":[{"taxonomy":"pwb-brand","embeddable":true,"href":"https:\/\/www.moskito.cz\/pl\/wp-json\/wp\/v2\/pwb-brand?post=333743"},{"taxonomy":"product_brand","embeddable":true,"href":"https:\/\/www.moskito.cz\/pl\/wp-json\/wp\/v2\/product_brand?post=333743"},{"taxonomy":"product_cat","embeddable":true,"href":"https:\/\/www.moskito.cz\/pl\/wp-json\/wp\/v2\/product_cat?post=333743"},{"taxonomy":"product_tag","embeddable":true,"href":"https:\/\/www.moskito.cz\/pl\/wp-json\/wp\/v2\/product_tag?post=333743"}],"curies":[{"name":"wp","href":"https:\/\/api.w.org\/{rel}","templated":true}]}}