{"id":333806,"date":"2023-07-02T20:22:57","date_gmt":"2024-04-17T07:42:35","guid":{"rendered":"https:\/\/www.moskito.cz\/produkt\/noz-skladany-spyderco-dragonfly-2-c28pbk2\/"},"modified":"2024-04-17T08:42:35","modified_gmt":"2024-04-17T07:42:35","slug":"noz-skladany-spyderco-dragonfly-2-c28pbk2","status":"publish","type":"product","link":"https:\/\/www.moskito.cz\/pl\/produkt\/noz-skladany-spyderco-dragonfly-2-c28pbk2\/","title":{"rendered":"N\u00f3\u017c sk\u0142adany Spyderco Dragonfly 2 C28PBK2"},"content":{"rendered":"<p>N\u00f3\u017c sk\u0142adany <strong>Spyderco<\/strong> Dragonfly 2 C28PBK2<\/p>\n<p>CQI \u2013 Ci\u0105g\u0142e doskonalenie jako\u015bci to proces, kt\u00f3rego <strong>Spyderco<\/strong> u\u017cywa do oceny i ulepszania d\u0142ugoletnich modeli no\u017cy. Czasami zmiany CQI s\u0105 du\u017ce i zauwa\u017calne, czasami s\u0105 to drobne usprawnienia. Niedawno zastosowali\u015bmy CQI w klasycznej Dragonfly i stworzyli\u015bmy now\u0105 Dragonfly 2. Dragonfly 2 ulepsza niekt\u00f3re istotne funkcje w stosunku do wersji klasycznej, zachowuj\u0105c jednocze\u015bnie wa\u017cne podstawy.<\/p>\n<p>Funkcje, kt\u00f3re zosta\u0142y przeniesione do nowej wersji, obejmuj\u0105 sprawdzone \u015bredniej wielko\u015bci ostrze i ergonomiczny uchwyt, a tak\u017ce uchwyt na palec wskazuj\u0105cy i ty\u0142. Utrzymano tak\u017ce geometri\u0119 pomi\u0119dzy ostrzem a r\u0119koje\u015bci\u0105 oraz punkty d\u017awigni, kt\u00f3re sprawiaj\u0105, \u017ce Dragonfly tnie i sprawia wra\u017cenie znacznie wi\u0119kszego no\u017ca, gdy jest trzymany.<\/p>\n<p>Nowe ulepszenia obejmuj\u0105: dodanie klamry z drutu odchylanego w lewo\/prawo, opatentowane dwukierunkowe teksturowanie r\u0119koje\u015bci, zaciskanie choil i grzbiet oraz przykr\u0119cana konstrukcja r\u0119koje\u015bci. Ostrze w dalszym ci\u0105gu to premium VG-10, teraz w wysokiej jako\u015bci szlifie p\u0142askim.<\/p>\n<p>Po\u0142o\u017cenie rozszerzonego okr\u0105g\u0142ego otworu Spyderco wzgl\u0119dem sworznia zapewnia p\u0142ynne otwieranie, a r\u0119koje\u015b\u0107 FRN (nylon wzmocniony w\u0142\u00f3knem szklanym) ergonomicznie dopasowuje si\u0119 do d\u0142oni dzi\u0119ki r\u00f3\u017cnym k\u0105tom chwytu i punktom d\u017awigni.<\/p>\n<p>Dane techniczne:<br \/>\nD\u0142ugo\u015b\u0107 ostrza: 5,8 cm<br \/>\nGrubo\u015b\u0107 ostrza: 0,25 cm<br \/>\nD\u0142ugo\u015b\u0107 ca\u0142kowita: 13,8 cm<br \/>\nD\u0142ugo\u015b\u0107 po zamkni\u0119ciu: 8,2 cm<br \/>\nStal ostrza: VG-10<br \/>\nWaga: 1,2 uncji (33g)<br \/>\nMateria\u0142 r\u0119koje\u015bci: FRN<br \/>\nWyprodukowano w Seki-City w Japonii<\/p>\n","protected":false},"excerpt":{"rendered":"<p><strong>CQI \u2013 Ci\u0105g\u0142e doskonalenie jako\u015bci to proces, kt\u00f3rego Spyderco u\u017cywa do oceny i ulepszania d\u0142ugoletnich modeli no\u017cy.<\/strong><\/p>\n","protected":false},"featured_media":333807,"comment_status":"open","ping_status":"closed","template":"","meta":[],"pwb-brand":[3432],"product_brand":[],"product_cat":[3307,3296],"product_tag":[3671],"class_list":{"0":"post-333806","1":"product","2":"type-product","3":"status-publish","4":"has-post-thumbnail","6":"pwb-brand-spyderco-pl","7":"product_cat-zamykanie-nozy","8":"product_cat-noze-pl","9":"product_tag-b2b-pl","11":"first","12":"instock","13":"taxable","14":"shipping-taxable","15":"purchasable","16":"product-type-simple"},"brands":[{"id":3432,"name":"Spyderco","slug":"spyderco-pl"}],"_links":{"self":[{"href":"https:\/\/www.moskito.cz\/pl\/wp-json\/wp\/v2\/product\/333806","targetHints":{"allow":["GET"]}}],"collection":[{"href":"https:\/\/www.moskito.cz\/pl\/wp-json\/wp\/v2\/product"}],"about":[{"href":"https:\/\/www.moskito.cz\/pl\/wp-json\/wp\/v2\/types\/product"}],"replies":[{"embeddable":true,"href":"https:\/\/www.moskito.cz\/pl\/wp-json\/wp\/v2\/comments?post=333806"}],"wp:featuredmedia":[{"embeddable":true,"href":"https:\/\/www.moskito.cz\/pl\/wp-json\/wp\/v2\/media\/333807"}],"wp:attachment":[{"href":"https:\/\/www.moskito.cz\/pl\/wp-json\/wp\/v2\/media?parent=333806"}],"wp:term":[{"taxonomy":"pwb-brand","embeddable":true,"href":"https:\/\/www.moskito.cz\/pl\/wp-json\/wp\/v2\/pwb-brand?post=333806"},{"taxonomy":"product_brand","embeddable":true,"href":"https:\/\/www.moskito.cz\/pl\/wp-json\/wp\/v2\/product_brand?post=333806"},{"taxonomy":"product_cat","embeddable":true,"href":"https:\/\/www.moskito.cz\/pl\/wp-json\/wp\/v2\/product_cat?post=333806"},{"taxonomy":"product_tag","embeddable":true,"href":"https:\/\/www.moskito.cz\/pl\/wp-json\/wp\/v2\/product_tag?post=333806"}],"curies":[{"name":"wp","href":"https:\/\/api.w.org\/{rel}","templated":true}]}}