{"id":333811,"date":"2023-07-02T19:33:41","date_gmt":"2024-04-17T07:42:58","guid":{"rendered":"https:\/\/www.moskito.cz\/produkt\/noz-zamykajacy-spyderco-dragonfly-2-emerson-opener-c28pgyw2\/"},"modified":"2025-05-07T11:11:39","modified_gmt":"2025-05-07T10:11:39","slug":"noz-zamykajacy-spyderco-dragonfly-2-emerson-opener-c28pgyw2","status":"publish","type":"product","link":"https:\/\/www.moskito.cz\/pl\/produkt\/noz-zamykajacy-spyderco-dragonfly-2-emerson-opener-c28pgyw2\/","title":{"rendered":"N\u00f3\u017c zamykaj\u0105cy Spyderco Dragonfly 2 Emerson Opener C28PGYW2"},"content":{"rendered":"<p>N\u00f3\u017c zamykaj\u0105cy <strong>Spyderco<\/strong> Dragonfly 2 Emerson Opener C28PGYW2<\/p>\n<p>Jedn\u0105 z wad no\u017cy kompaktowych jest to, \u017ce otwarcie ich jedn\u0105 r\u0119k\u0105 jest nieco trudniejsze. Otwieracz Dragonfly 2 Emerson rozwi\u0105zuje ten problem, unowocze\u015bniaj\u0105c popularny otwieracz Dragonfly 2 Lightweight o Emerson Opener &#8211; zintegrowany haczyk, kt\u00f3ry chwyta g\u00f3rn\u0105 cz\u0119\u015b\u0107 kieszeni i automatycznie otwiera ostrze po wyci\u0105gni\u0119ciu no\u017ca. Wyposa\u017cona w charakterystyczny ciemnoszary uchwyt FRN z antypo\u015blizgow\u0105 dwukierunkow\u0105 tekstur\u0105, ta szybka wersja Dragonfly 2 z dum\u0105 \u0142\u0105czy wszystkie inne charakterystyczne cechy tego popularnego modelu. Uwaga: Spyderco nazywa to ciemnoszarym uchwytem FRN, ale w rzeczywisto\u015bci wygl\u0105d jest bardziej ciemnoniebieski.<\/p>\n<p>Otwieracz Emersona<\/p>\n<p>Ernest Emerson wywar\u0142 g\u0142\u0119boki wp\u0142yw na bran\u017c\u0119 no\u017cy oraz na form\u0119 i funkcj\u0119 nowoczesnego taktycznego no\u017ca sk\u0142adanego. Chocia\u017c zakres jego wp\u0142yw\u00f3w jest niezwykle szeroki, by\u0107 mo\u017ce jego najbardziej rewolucyjn\u0105 innowacj\u0105 by\u0142 \u201eEmerson Opener\u201d. Znany r\u00f3wnie\u017c jako \u201eFala\u201d lub bardziej potocznie \u2013 i niedok\u0142adnie \u2013 \u201eFala\u201d, sk\u0142ada si\u0119 z ma\u0142ego zintegrowanego haczyka z ty\u0142u sk\u0142adanego ostrza no\u017ca. Gdy zamkni\u0119ty n\u00f3\u017c jest przechylany i wyci\u0105gany z kieszeni, hak zaczepia si\u0119 o kraw\u0119d\u017a kieszeni i szybko obraca ostrze do pozycji otwartej. Je\u015bli musisz szybko skorzysta\u0107 ze scyzoryka, najlepszym wyborem b\u0119dzie Emerson Opener.<\/p>\n<p>\u015acie\u017cka no\u017ca Ernesta Emersona<\/p>\n<p>Ernest Emerson, pochodz\u0105cy z p\u00f3\u0142nocnego Wisconsin, urodzi\u0142 si\u0119 7 Marzec 1955. W szkole \u015bredniej by\u0142 utalentowanym sportowcem. Swoj\u0105 trwaj\u0105c\u0105 ca\u0142e \u017cycie obsesj\u0119 na punkcie sztuk walki rozpocz\u0105\u0142 w wieku 16 lat od treningu Yudo, korea\u0144skiej wersji judo. Ucz\u0119szcza\u0142 na Uniwersytet Wisconsin-Lacrosse i uzyska\u0142 stopnie naukowe z wychowania fizycznego i historii \u015bwiata, a tak\u017ce br\u0105zowy pas w karate Kyokushinkai i czarny pas w karate Shotokan.<\/p>\n<p>Zaraz po uko\u0144czeniu studi\u00f3w Emerson przeni\u00f3s\u0142 si\u0119 do po\u0142udniowej Kalifornii wy\u0142\u0105cznie w celu dalszego kszta\u0142cenia w zakresie sztuk walki w s\u0142ynnej Akademii Sztuk Walki Inosanto pod okiem protegowanych Bruce&#8217;a Lee, Dana Inosanto i Richarda Bustillo. Tam studiowa\u0142 filipi\u0144sk\u0105 sztuk\u0119 Kali i systemy Bruce&#8217;a Lee Jun Fan Gung Fu i Jeet Kune Do. P\u00f3\u017aniej trenowa\u0142 tak\u017ce brazylijskie jujitsu pod okiem znanych Royce&#8217;a i Roriona Gracie. W tym czasie Emerson zarabia\u0142 na \u017cycie jako mechanik i projektant w firmie Hughes Aircraft.<\/p>\n<p>W 1978 roku, studiuj\u0105c filipi\u0144skie sztuki walki, Emerson stwierdzi\u0142, \u017ce potrzebuje balisongu, czyli no\u017ca motylkowego. Balisongi nie by\u0142y w\u00f3wczas powszechnie dost\u0119pne, wi\u0119c postanowi\u0142 zrobi\u0107 w\u0142asne. Kiedy jego koledzy z klasy to zobaczyli, poprosili Emersona, aby r\u00f3wnie\u017c dla nich zrobi\u0142 no\u017ce. Balisongi szybko doprowadzi\u0142y do \u200b\u200bpowstania no\u017cy ze sta\u0142ym ostrzem, a po tym, jak Michael Walker zobaczy\u0142 niestandardowy folder LinerLock na wystawie broni, ostatecznie do no\u017cy sk\u0142adanych. Dzi\u0119ki b\u0142ogos\u0142awie\u0144stwu Walkera Emerson zacz\u0105\u0142 wytwarza\u0107 no\u017ce sk\u0142adane LinerLock i wkr\u00f3tce zosta\u0142 pe\u0142noetatowym wytw\u00f3rc\u0105 no\u017cy. Zainspirowany swoj\u0105 prac\u0105 w przemy\u015ble lotniczym, wykorzysta\u0142 najnowocze\u015bniejsze, wysokowydajne materia\u0142y i skupi\u0142 si\u0119 na starannie wykonanych no\u017cach klasy inwestycyjnej.<\/p>\n<p>W po\u0142owie lat 80-tych Emerson skupi\u0142 si\u0119 na bardziej sparta\u0144skich, taktycznych projektach. Zastosowa\u0142 tak\u017ce jednostronny szlif d\u0142utowy, charakterystyczn\u0105 cech\u0119 no\u017cy innego producenta no\u017cy Phila Hartsfielda, kt\u00f3ry wytwarza\u0142 no\u017ce dla cz\u0142onk\u00f3w Navy SEALs z Zachodniego Wybrze\u017ca. Kiedy SEALs poprosili Hartsfielda o wykonanie sk\u0142adanych no\u017cy, wyja\u015bni\u0142, \u017ce produkuje tylko sta\u0142e ostrza i przedstawi\u0142 je Emersonowi. Komponenty Emersona szybko sta\u0142y si\u0119 niezb\u0119dnym elementem wyposa\u017cenia \u017co\u0142nierzy SEAL, a popularno\u015b\u0107 ta szybko rozprzestrzeni\u0142a si\u0119 na inne ameryka\u0144skie i zagraniczne jednostki specjalne oraz elitarne organy \u015bcigania. Doprowadzi\u0142o to p\u00f3\u017aniej do wsp\u00f3\u0142pracy z kilkoma wiod\u0105cymi komercyjnymi producentami no\u017cy, a ostatecznie do powstania Emerson Knives, Inc., w\u0142asnej firmy produkuj\u0105cej no\u017ce Emersona, kt\u00f3r\u0105 za\u0142o\u017cy\u0142 wraz z \u017con\u0105 Mary.<\/p>\n<p>Legendarne projekty Emersona by\u0142y wystawiane w Metropolitan Museum of Art i Smithsonian Museum \u2013 co stanowi bezprecedensowe osi\u0105gni\u0119cie dla tw\u00f3rcy no\u017cy \u2013 a jego no\u017com nadal ufaj\u0105 niekt\u00f3rzy z najbardziej elitarnych wojownik\u00f3w na \u015bwiecie.<\/p>\n<p>Narodziny otwieracza Emersona<\/p>\n<p>Otwieracz firmy Emerson to jedna z najbardziej dynamicznych innowacji zwi\u0105zanych z no\u017cami, jakie kiedykolwiek opracowano i by\u0142 u\u017cywany \u2013 z b\u0142ogos\u0142awie\u0144stwem Emersona lub bez niego \u2013 w niezliczonych no\u017cach na przestrzeni lat. Jednak faktyczne wynalezienie tej funkcji by\u0142o przypadkiem. Wed\u0142ug Emersona instruktorzy kursu walki bojowej US Navy SEALs chcieli opracowa\u0107 n\u00f3\u017c specyficzny do u\u017cytku bojowego. Jedn\u0105 z cech, kt\u00f3rych oczekiwali w projekcie, by\u0142 \u201e\u0142apacz ostrza\u201d z ty\u0142u ostrza, chroni\u0105cy d\u0142o\u0144 u\u017cytkownika. Emerson w\u0142\u0105czy\u0142 t\u0119 funkcj\u0119 do swojego kultowego modelu Commander, nadaj\u0105c mu kszta\u0142t ma\u0142ej fali oceanicznej. Kiedy uko\u0144czy\u0142 pierwsze prototypy projektu, do jego warsztatu przyby\u0142o kilku \u017co\u0142nierzy SEAL z ameryka\u0144skiej bazy morskiej Coronado, aby odebra\u0107 je do test\u00f3w i oceny.<\/p>\n<p>Kr\u00f3tko po wyj\u015bciu SEAL Emerson wyci\u0105gn\u0105\u0142 sw\u00f3j prototypowy n\u00f3\u017c i nagle zda\u0142 sobie spraw\u0119, \u017ce podczas czyszczenia kieszeni \u201ezaczep ostrza\u201d z\u0142apa\u0142 i cz\u0119\u015bciowo otworzy\u0142 ostrze. Pocz\u0105tkowo obawia\u0142 si\u0119, \u017ce mo\u017ce to stanowi\u0107 kwesti\u0119 bezpiecze\u0144stwa, ale gdy powtarza\u0142 eksperyment z wi\u0119ksz\u0105 energi\u0105, zda\u0142 sobie spraw\u0119, \u017ce ta funkcja otwiera ostrze niezawodnie i bardzo szybko. W chwili, gdy dozna\u0142 tego objawienia, zadzwoni\u0142 telefon w jego sklepie. To w\u0142a\u015bnie \u017co\u0142nierze Coronado SEALs w\u0142a\u015bnie wr\u00f3cili do bazy, zacz\u0119li ocenia\u0107 n\u00f3\u017c i odkryli t\u0119 sam\u0105 niesamowit\u0105 funkcj\u0119 automatycznego otwierania, co \u201e\u0142apacz ostrzy\u201d.<\/p>\n<p>Ze wzgl\u0119du na kszta\u0142t Emerson nazwa\u0142 sw\u00f3j wynalazek \u201eWave\u201d i w 1997 r. z\u0142o\u017cy\u0142 wniosek o patent u\u017cytkowy. Patent nr 5 878 500 zosta\u0142 przyznany w marcu 1999 r., ale poniewa\u017c inna firma produkuj\u0105ca no\u017ce i narz\u0119dzia, Leatherman, zarejestrowa\u0142a znak towarowy \u201eWave\u201d jako by\u0142 u\u017cywany w no\u017cach, Emerson zmieni\u0142 oficjalne okre\u015blenie tego terminu na \u201eelement otwieraj\u0105cy w kszta\u0142cie fali\u201d. Uczyni\u0142 go r\u00f3wnie\u017c wymagan\u0105 cech\u0105 wszystkich no\u017cy produkowanych przez jego firm\u0119 do zada\u0144 wojskowych i organ\u00f3w \u015bcigania.<\/p>\n<p>Wsp\u00f3\u0142za\u0142o\u017cyciel Spyderco, Sal Glesser, zagorza\u0142y zwolennik wszelkich nowych osi\u0105gni\u0119\u0107 w bran\u017cy no\u017cy, doceni\u0142 b\u0142yskotliwo\u015b\u0107 wynalazku Emersona i zwr\u00f3ci\u0142 si\u0119 do niego z pro\u015bb\u0105 o udzielenie licencji na jego wykorzystanie w wybranych projektach Spyderco. W 2006 roku wypu\u015bcili\u015bmy wersje popularnych lekkich but\u00f3w Delica 4 i Endura 4, kt\u00f3re z dum\u0105 zawiera\u0142y nasz\u0105 ekspresj\u0119 otwieracza Emersona. Aby potwierdzi\u0107 formaln\u0105 licencj\u0119 na t\u0119 funkcj\u0119, Spyderco wygrawerowa\u0142 numer patentu Emersona z ty\u0142u ostrza.<\/p>\n<p>Od tego czasu \u201efunkcja otwierania w kszta\u0142cie fali\u201d pojawi\u0142a si\u0119 w wielu innych modelach Spyderco, w tym w modelach Rescue 93 mm, Endura i Delica Trainers, Matriarch 2, Karahawk, Tropen oraz P&#8217;Kal i P&#8217;Kal Trainer, kt\u00f3re s\u0105 wyj\u0105tkowe, poniewa\u017c obejmuj\u0105 wyjmowany otwieracz Emerson, kt\u00f3ry wkr\u0119ca si\u0119 w tyln\u0105 cz\u0119\u015b\u0107 ostrza. Niedawno wynalazek Emersona zosta\u0142 zastosowany w modelach Endela Lightweight, Dragonfly 2 i Byrd Cara Cara 2 Lightweight, a tak\u017ce w kilku ekskluzywnych modelach z limitowanej edycji, w tym w wersji popularnego Paramilitary 2.<\/p>\n<p>W styczniu 2016 r. Ernest Emerson otrzyma\u0142 zarejestrowany w USA znak towarowy nr 4 879 356 dla kultowego, zastrze\u017conego projektu swojego \u201eFunkcji w kszta\u0142cie fali\u201d. Jego patent u\u017cytkowy wygas\u0142 w 2017 roku i od tego czasu wiele no\u017cy zosta\u0142o wyprodukowanych przy u\u017cyciu otwieracza firmy Emerson, bez uznania Emersona i jego rewolucyjnej innowacji. Istnieje r\u00f3wnie\u017c niezliczona ilo\u015b\u0107 improwizowanych urz\u0105dze\u0144, modyfikacji ostrzy i akcesori\u00f3w z rynku wt\u00f3rnego, kt\u00f3re na\u015bladuj\u0105 dzia\u0142anie otwieracza firmy Emerson. Ale nic nie przebije orygina\u0142u. W tym celu Spyderco w dalszym ci\u0105gu oficjalnie udziela licencji na t\u0119 wyj\u0105tkow\u0105 funkcj\u0119 firmy Emerson \u2013 nawet po wyga\u015bni\u0119ciu patentu \u2013 i jest niezwykle dumna z wieloletniej przyja\u017ani, jak\u0105 \u0142\u0105czy nas z tym legendarnym producentem no\u017cy.<\/p>\n<p>PRAWID\u0141OWE U\u017bYCIE OTWIERAKA EMERSON<\/p>\n<p>Edge-U-Cation\u00ae<\/p>\n<p>W przeciwie\u0144stwie do konwencjonalnych no\u017cy sk\u0142adanych otwieranych jedn\u0105 r\u0119k\u0105, a nawet no\u017cy automatycznych, kt\u00f3re umo\u017cliwiaj\u0105 szybkie otwarcie ostrza po wyci\u0105gni\u0119ciu no\u017ca, otwieracz Emerson chowa ostrze, gdy wychodzi z kieszeni, co czyni go najszybsz\u0105 dost\u0119pn\u0105 metod\u0105 otwierania. Jednak osi\u0105gni\u0119cie tej pr\u0119dko\u015bci nadal wymaga odpowiedniego noszenia i dobrej techniki.<\/p>\n<p>Jak w przypadku ka\u017cdej nowej umiej\u0119tno\u015bci, najlepiej zacz\u0105\u0107 powoli. Je\u015bli to mo\u017cliwe, u\u017cyj najpierw trenerskiej wersji Emerson Opener, a nast\u0119pnie przejd\u017a do \u017cywego ostrza, gdy poczujesz si\u0119 gotowy. Aby zapobiec uszkodzeniu mienia lub obra\u017ceniom innych os\u00f3b, przed otwarciem no\u017ca zawsze upewnij si\u0119, \u017ce w okolicy nie ma ludzi ani przeszk\u00f3d. Ponadto, poniewa\u017c otwieracz Emerson mo\u017cna zaczepi\u0107 do otworu kieszeni, najlepiej sprawdza si\u0119 w przypadku spodni wykonanych z solidnego materia\u0142u. Spodnie wyj\u015bciowe i inne spodnie wykonane z lekkich materia\u0142\u00f3w nie nadaj\u0105 si\u0119 do noszenia z t\u0105 metod\u0105 otwierania.<\/p>\n<p>Standardowy chwyt:<\/p>\n<p>Aby wyci\u0105gn\u0105\u0107 i otworzy\u0107 n\u00f3\u017c w standardowym uchwycie \u2013 z ostrzem wystaj\u0105cym z kciuka d\u0142oni \u2013 najpierw upewnij si\u0119, \u017ce jest on przystosowany do noszenia w pozycji odchylonej, mocuj\u0105c klips do tylnego ko\u0144ca r\u0119koje\u015bci. Przypnij zamkni\u0119ty n\u00f3\u017c do kieszeni, tak aby korpus no\u017ca znajdowa\u0142 si\u0119 wewn\u0105trz kieszeni, a n\u00f3\u017c znajdowa\u0142 si\u0119 a\u017c do ty\u0142u kieszeni. Ty\u0142 ostrza powinien by\u0107 skierowany do ty\u0142u.<\/p>\n<p>W\u0142\u00f3\u017c kciuk jak najg\u0142\u0119biej do kieszeni i skieruj go mocno w bok r\u0119koje\u015bci no\u017ca. Jednocze\u015bnie zwi\u0144 palce tak, aby palec wskazuj\u0105cy zaczepi\u0142 si\u0119 pod ko\u0144c\u00f3wk\u0105 zapi\u0119cia. Zastosuj nacisk \u015bciskaj\u0105cy pomi\u0119dzy kciukiem a palcami, aby zapewni\u0107 pewny chwyt no\u017ca. Podnosz\u0105c n\u00f3\u017c do g\u00f3ry, zastosuj lekki nacisk do ty\u0142u, aby ty\u0142 ostrza przylega\u0142 do tylnej cz\u0119\u015bci kieszeni. Kiedy Emerson Opener zaczepi si\u0119 o otw\u00f3r kieszeni, kontynuuj ci\u0105gni\u0119cie tak, aby rami\u0119 wystawa\u0142o nieco za ciebie, a ostrze bezpiecznie opu\u015bci\u0142o cia\u0142o i zablokowa\u0142o si\u0119 w pozycji ca\u0142kowicie otwartej.<\/p>\n<p>\u0106wicz te ruchy powoli i ostro\u017cnie, a\u017c poczujesz si\u0119 z nimi ca\u0142kowicie komfortowo. Nast\u0119pnie stopniowo zwi\u0119kszaj pr\u0119dko\u015b\u0107, skupiaj\u0105c si\u0119 na bezpiecze\u0144stwie.<\/p>\n<p>Odwrotny uchwyt:<\/p>\n<p>No\u017ce Spyderco z otwieraczami Emerson mo\u017cna r\u00f3wnie\u017c skonfigurowa\u0107 tak, aby chowa\u0142y si\u0119 w chwyt odwrotny, z ostrzem wystaj\u0105cym z boku ma\u0142ego palca. Aby skonfigurowa\u0107 n\u00f3\u017c do tego typu dobycia, zamontuj klips na tylnym ko\u0144cu r\u0119koje\u015bci tak, aby ty\u0142 zamkni\u0119tego ostrza by\u0142 skierowany do przodu po w\u0142o\u017ceniu no\u017ca do kieszeni. Aby uzyska\u0107 najlepsze rezultaty, przesu\u0144 n\u00f3\u017c dalej do przodu w kieszeni, bli\u017cej linii \u015brodkowej cia\u0142a.<\/p>\n<p>Aby rysowa\u0107 z tej pozycji, si\u0119gnij kciukiem g\u0142\u0119boko do kieszeni i skieruj go na r\u0119koje\u015b\u0107 no\u017ca. Robi\u0105c to, upewnij si\u0119, \u017ce kciuk znajduje si\u0119 z ty\u0142u kolby chwytu. Umie\u015b\u0107 czubki palc\u00f3w wskazuj\u0105cego i \u015brodkowego na podstawie zapi\u0119cia i naci\u015bnij mi\u0119dzy nimi a kciukiem. Trzymaj mocno r\u0119koje\u015b\u0107 i wyci\u0105gnij n\u00f3\u017c z kieszeni. Robi\u0105c to, wywieraj nacisk do przodu, aby docisn\u0105\u0107 ty\u0142 zamkni\u0119tego ostrza do przodu kieszeni. Gdy n\u00f3\u017c opu\u015bci kiesze\u0144, otwieracz Emerson chwyta kraw\u0119d\u017a kieszeni i obraca ostrze do pozycji otwartej.<\/p>\n<p>Ponownie \u0107wicz te ruchy powoli, ostro\u017cnie i dok\u0142adnie, zanim zwi\u0119kszysz pr\u0119dko\u015b\u0107. W trakcie tego procesu przekonasz si\u0119, \u017ce do pe\u0142nego roz\u0142o\u017cenia i zablokowania ostrza wymagana b\u0119dzie co najmniej umiarkowana pr\u0119dko\u015b\u0107.<\/p>\n<p>Rysunek bez otwierania:<\/p>\n<p>Je\u015bli nie musisz w po\u015bpiechu otwiera\u0107 no\u017ca wyposa\u017conego w otwieracz Emerson, mo\u017cesz go wyci\u0105gn\u0105\u0107 tak\u017ce bez automatycznego otwierania ostrza. Aby to zrobi\u0107, u\u017cyj tego samego chwytu i mechaniki, jak opisano wcze\u015bniej, ale przeprowad\u017a n\u00f3\u017c przez \u015brodek kieszeni, nie pozwalaj\u0105c haczykowi zaczepi\u0107 si\u0119 o otw\u00f3r kieszeni. Mo\u017cesz tak\u017ce u\u017cy\u0107 palca wskazuj\u0105cego, aby nacisn\u0105\u0107 ty\u0142 ostrza i przytrzyma\u0107 go podczas wyci\u0105gania no\u017ca.<\/p>\n<p>Emerson Opener to unikalna funkcja, kt\u00f3ra znacznie zwi\u0119ksza szybko\u015b\u0107 i \u0142atwo\u015b\u0107 rozk\u0142adania naszych no\u017cy. Aby jak najlepiej to wykorzysta\u0107, pami\u0119tajcie powiedzenie Navy SEAL: \u201ePowolne jest p\u0142ynne, a p\u0142ynne jest szybkie\u201d. Po\u015bwi\u0119\u0107 troch\u0119 czasu, aby uzyska\u0107 p\u0142ynno\u015b\u0107 i szybko\u015b\u0107, to przyjdzie naturalnie.<\/p>\n<p>Dane techniczne<br \/>\nD\u0142ugo\u015b\u0107 ostrza: 5,8 cm<br \/>\nD\u0142ugo\u015b\u0107 po zamkni\u0119ciu: 8,5 cm<br \/>\nD\u0142ugo\u015b\u0107 ca\u0142kowita: 14,2 cm<br \/>\nGrubo\u015b\u0107 ostrza: 0,25 cm<br \/>\nMateria\u0142 ostrza: stal nierdzewna VG10<br \/>\nStyl ostrza: Szpic w\u0142\u00f3czni<br \/>\nOstrzenie ostrzy: Szabla<br \/>\nObr\u00f3bka powierzchni ostrza: satyna<br \/>\nKraw\u0119d\u017a ostrza: g\u0142adka<br \/>\nMateria\u0142 r\u0119koje\u015bci: dwukierunkowo teksturowany FRN<br \/>\nKolor uchwytu: ciemnoszary<br \/>\nMechanizm blokuj\u0105cy: Lockback<br \/>\nKieszonkowy klips: wysuwany, noszony w lewo\/prawo<br \/>\nNumer modelu: C28PGYW2<br \/>\nNazwa modelu: Otwieracz Dragonfly 2 Emerson<br \/>\nWaga: 1,3 uncji (37g)<br \/>\nOpatentowana fala Emersona<br \/>\nWykonane w Japonii<\/p>\n","protected":false},"excerpt":{"rendered":"<p><strong>Jedn\u0105 z wad no\u017cy kompaktowych jest to, \u017ce nieco trudniej jest je otworzy\u0107 jedn\u0105 r\u0119k\u0105. Dragonfly 2 Emerson Opener rozwi\u0105zuje ten problem poprzez modernizacj\u0119 popularnego lekkiego otwieracza Dragonfly 2 za pomoc\u0105 Emerson Opener.<\/strong><\/p>\n","protected":false},"featured_media":333812,"comment_status":"open","ping_status":"closed","template":"","meta":[],"pwb-brand":[3432],"product_brand":[],"product_cat":[3296,3307],"product_tag":[3671],"class_list":{"0":"post-333811","1":"product","2":"type-product","3":"status-publish","4":"has-post-thumbnail","6":"pwb-brand-spyderco-pl","7":"product_cat-noze-pl","8":"product_cat-zamykanie-nozy","9":"product_tag-b2b-pl","11":"first","12":"instock","13":"taxable","14":"shipping-taxable","15":"purchasable","16":"product-type-simple"},"brands":[{"id":3432,"name":"Spyderco","slug":"spyderco-pl"}],"_links":{"self":[{"href":"https:\/\/www.moskito.cz\/pl\/wp-json\/wp\/v2\/product\/333811","targetHints":{"allow":["GET"]}}],"collection":[{"href":"https:\/\/www.moskito.cz\/pl\/wp-json\/wp\/v2\/product"}],"about":[{"href":"https:\/\/www.moskito.cz\/pl\/wp-json\/wp\/v2\/types\/product"}],"replies":[{"embeddable":true,"href":"https:\/\/www.moskito.cz\/pl\/wp-json\/wp\/v2\/comments?post=333811"}],"wp:featuredmedia":[{"embeddable":true,"href":"https:\/\/www.moskito.cz\/pl\/wp-json\/wp\/v2\/media\/333812"}],"wp:attachment":[{"href":"https:\/\/www.moskito.cz\/pl\/wp-json\/wp\/v2\/media?parent=333811"}],"wp:term":[{"taxonomy":"pwb-brand","embeddable":true,"href":"https:\/\/www.moskito.cz\/pl\/wp-json\/wp\/v2\/pwb-brand?post=333811"},{"taxonomy":"product_brand","embeddable":true,"href":"https:\/\/www.moskito.cz\/pl\/wp-json\/wp\/v2\/product_brand?post=333811"},{"taxonomy":"product_cat","embeddable":true,"href":"https:\/\/www.moskito.cz\/pl\/wp-json\/wp\/v2\/product_cat?post=333811"},{"taxonomy":"product_tag","embeddable":true,"href":"https:\/\/www.moskito.cz\/pl\/wp-json\/wp\/v2\/product_tag?post=333811"}],"curies":[{"name":"wp","href":"https:\/\/api.w.org\/{rel}","templated":true}]}}