{"id":333872,"date":"2023-01-10T21:15:06","date_gmt":"2024-04-17T08:09:18","guid":{"rendered":"https:\/\/www.moskito.cz\/produkt\/mlot-crkt-chogan-2724-topor\/"},"modified":"2025-05-07T11:11:40","modified_gmt":"2025-05-07T10:11:40","slug":"mlot-crkt-chogan-2724-topor","status":"publish","type":"product","link":"https:\/\/www.moskito.cz\/pl\/produkt\/mlot-crkt-chogan-2724-topor\/","title":{"rendered":"M\u0141OT CRKT CHOGAN\u2122 2724 top\u00f3r"},"content":{"rendered":"<p>M\u0141OT <strong>CRKT<\/strong> CHOGAN\u2122 2724 top\u00f3r<\/p>\n<p>P\u00f3\u0142 m\u0142otek, p\u00f3\u0142 top\u00f3r.<\/p>\n<p>W pe\u0142ni zbudowany, aby wytrzyma\u0107 ka\u017cde zadanie. Zaprojektowany przez Ryana Johnsona z RMJ Taktycznego, Hammer Chogan\u2122 dzieli prac\u0119 zwi\u0105zan\u0105 z zak\u0142adaniem obozu na dwie cz\u0119\u015bci. Zar\u00f3wno praktyczne, jak i taktyczne, to po\u0142\u0105czenie topora i m\u0142otka por\u0105bie ca\u0142e drewno na opa\u0142, jakiego b\u0119dziesz potrzebowa\u0107, i bez wysi\u0142ku wbije ko\u0142ki namiotu g\u0142\u0119boko w ziemi\u0119. Uniwersalne narz\u0119dzie do noszenia, doskonale sprawdza si\u0119 w ka\u017cdej torbie przygodowej.<br \/>\nKuta wytrzyma\u0142o\u015b\u0107: stal w\u0119glowa 1055 zapewnia trwa\u0142o\u015b\u0107 i zachowanie kraw\u0119dzi<br \/>\nLepsza ochrona: Pow\u0142oka fosforanu manganu poprawia odporno\u015b\u0107 na korozj\u0119<br \/>\nTrwa\u0142o\u015b\u0107: hikora Tennessee to g\u0119sty materia\u0142, kt\u00f3ry wytrzymuje intensywne u\u017cytkowanie<br \/>\nNarz\u0119dzie wielofunkcyjne: z \u0142atwo\u015bci\u0105 roz\u0142upuj drewno lub wbijaj m\u0142otkiem paliki namiotowe<br \/>\nSPECYFIKACJE<br \/>\nD\u0142ugo\u015b\u0107 ostrza 2,60 cala (66,04 mm)<br \/>\nOstrze siekiery z m\u0142otkiem<br \/>\nOstrze ze stali w\u0119glowej 1055<br \/>\nObr\u00f3bka powierzchni ostrza Pow\u0142oka na bazie fosforanu manganu<br \/>\nGrubo\u015b\u0107 ostrza 1,47 cala (37,21 mm)<br \/>\nD\u0142ugo\u015b\u0107 ca\u0142kowita 17,88 cala (454,03 mm)<br \/>\nWaga 1,78 funta (0,81 kg)<br \/>\nR\u0119koje\u015b\u0107 z drewna hikorowego Tennessee<br \/>\nStyl siekiery<\/p>\n<p><iframe title=\"CRKT CHOGAN\u2122 HAMMER | Ryan Johnson of RMJ Tactical Design\" width=\"800\" height=\"450\" src=\"https:\/\/www.youtube.com\/embed\/8xo9LgWYahI?feature=oembed\" frameborder=\"0\" allow=\"accelerometer; autoplay; clipboard-write; encrypted-media; gyroscope; picture-in-picture; web-share\" referrerpolicy=\"strict-origin-when-cross-origin\" allowfullscreen><\/iframe><\/p>\n<p>&nbsp;<\/p>\n","protected":false},"excerpt":{"rendered":"<p>Zaprojektowany przez Ryana Johnsona z RMJ Taktycznego w Chattanooga, Tennessee.<\/p>\n","protected":false},"featured_media":333873,"comment_status":"open","ping_status":"closed","template":"","meta":[],"pwb-brand":[3458],"product_brand":[],"product_cat":[3284],"product_tag":[3671],"class_list":{"0":"post-333872","1":"product","2":"type-product","3":"status-publish","4":"has-post-thumbnail","6":"pwb-brand-crkt-pl","7":"product_cat-osie","8":"product_tag-b2b-pl","10":"first","11":"instock","12":"taxable","13":"shipping-taxable","14":"purchasable","15":"product-type-simple"},"brands":[{"id":3458,"name":"CRKT","slug":"crkt-pl"}],"_links":{"self":[{"href":"https:\/\/www.moskito.cz\/pl\/wp-json\/wp\/v2\/product\/333872","targetHints":{"allow":["GET"]}}],"collection":[{"href":"https:\/\/www.moskito.cz\/pl\/wp-json\/wp\/v2\/product"}],"about":[{"href":"https:\/\/www.moskito.cz\/pl\/wp-json\/wp\/v2\/types\/product"}],"replies":[{"embeddable":true,"href":"https:\/\/www.moskito.cz\/pl\/wp-json\/wp\/v2\/comments?post=333872"}],"wp:featuredmedia":[{"embeddable":true,"href":"https:\/\/www.moskito.cz\/pl\/wp-json\/wp\/v2\/media\/333873"}],"wp:attachment":[{"href":"https:\/\/www.moskito.cz\/pl\/wp-json\/wp\/v2\/media?parent=333872"}],"wp:term":[{"taxonomy":"pwb-brand","embeddable":true,"href":"https:\/\/www.moskito.cz\/pl\/wp-json\/wp\/v2\/pwb-brand?post=333872"},{"taxonomy":"product_brand","embeddable":true,"href":"https:\/\/www.moskito.cz\/pl\/wp-json\/wp\/v2\/product_brand?post=333872"},{"taxonomy":"product_cat","embeddable":true,"href":"https:\/\/www.moskito.cz\/pl\/wp-json\/wp\/v2\/product_cat?post=333872"},{"taxonomy":"product_tag","embeddable":true,"href":"https:\/\/www.moskito.cz\/pl\/wp-json\/wp\/v2\/product_tag?post=333872"}],"curies":[{"name":"wp","href":"https:\/\/api.w.org\/{rel}","templated":true}]}}