{"id":333889,"date":"2023-10-26T18:29:13","date_gmt":"2024-04-17T09:34:38","guid":{"rendered":"https:\/\/www.moskito.cz\/produkt\/noz-zamykajacy-kershaw-frontrunner-2039\/"},"modified":"2025-05-07T11:11:41","modified_gmt":"2025-05-07T10:11:41","slug":"noz-zamykajacy-kershaw-frontrunner-2039","status":"publish","type":"product","link":"https:\/\/www.moskito.cz\/pl\/produkt\/noz-zamykajacy-kershaw-frontrunner-2039\/","title":{"rendered":"N\u00f3\u017c zamykaj\u0105cy Kershaw FRONTRUNNER 2039"},"content":{"rendered":"<p>N\u00f3\u017c zamykaj\u0105cy <strong>Kershaw<\/strong> FRONTRUNNER 2039<\/p>\n<p><strong>Frontrunner<\/strong> przewodzi w ofercie <strong>Kershaw<\/strong> dzi\u0119ki stylowemu i wyrazistemu designowi. R\u0119czny n\u00f3\u017c sk\u0142adany, inspirowany ZT 0999, ma skomplikowany uchwyt. Po\u0142\u0105czono ze sob\u0105 kilka element\u00f3w uchwytu, w tym stal nierdzewn\u0105 i obrobione maszynowo elementy G10. Na przednim uchwycie wyr\u00f3\u017cnia si\u0119 niestandardowy obrotowy ko\u0142nierz G10, a nak\u0142adka na tylny uchwyt s\u0142u\u017cy jako zabezpieczenie przed przewr\u00f3ceniem. Cz\u0119\u015bci\u0105 atrakcyjno\u015bci jest to, czego nie wida\u0107. Przestrze\u0144 ujemna odgrywa kluczow\u0105 rol\u0119 w poprawie wygl\u0105du klamki. Ale Frontrunner to znacznie wi\u0119cej ni\u017c tylko dzie\u0142o sztuki. Ostrze Clip Point wykorzystuje wysokowydajn\u0105 stal D2 i otwiera si\u0119 jak mas\u0142o dzi\u0119ki podk\u0142adkom kulkowym KVT. Nie pozostawaj w tyle. Zdob\u0105d\u017a <strong>Frontrunnera,<\/strong> kt\u00f3rego nie mo\u017cna przegapi\u0107.<\/p>\n<p>Zainspirowany rokiem 0999; Unikalna, skomplikowana konstrukcja uchwytu<br \/>\nStal ostrza D2 zapewnia zachowanie kraw\u0119dzi, wytrzyma\u0142o\u015b\u0107 i twardo\u015b\u0107; szare ostrze PVD i stonewashed zapewnia niepowtarzalny wygl\u0105d i maskuje zadrapania<br \/>\n\u0141atwe otwieranie dzi\u0119ki systemowi \u0142o\u017cysk kulkowych KVT i flipperowi<br \/>\nJednopozycyjny, wyj\u0105tkowo g\u0142\u0119boki klips kieszeniowy; miejsce na jedn\u0105 rurk\u0119 pe\u0142ni funkcj\u0119 sworznia dla liny.<\/p>\n<p>Stylowy scyzoryk<br \/>\nOryginalne produkty projektanta Kershaw<br \/>\nPunkt klipsa w stylu ostrza<br \/>\nKraw\u0119d\u017a ostrza g\u0142adka<br \/>\nOtwieranie R\u0119czne \u0142o\u017cyska kulkowe KVT<br \/>\nTyp zamka Blokada ramy<br \/>\nKieszonkowy klips Bardzo g\u0142\u0119bokie noszenie w jednej pozycji (prawa, sk\u0142adana)<br \/>\nKolor uchwytu szary i br\u0105zowy<br \/>\nOkucia \u015aruby z uchwytem z czarnego tlenku, szara klamra z klipsem PVD, \u015bruby z zatrzaskiem kieszonkowym<br \/>\nKraj pochodzenia USA: projekt, prototyp, kontrola jako\u015bci.<\/p>\n<p>D\u0142ugo\u015b\u0107 ostrza: 7,4 cm<br \/>\nMateria\u0142 ostrza D2<br \/>\nWyko\u0144czenie ostrza\/pochwa Wyko\u0144czenie Stonewash<br \/>\nGrubo\u015b\u0107 ostrza 0,31 cm<br \/>\nD\u0142ugo\u015b\u0107 po zamkni\u0119ciu: 10,9 cm<br \/>\nMateria\u0142 r\u0119koje\u015bci Stal nierdzewna, G10<br \/>\nWyko\u0144czenie uchwytu\/pokrywa Szara pow\u0142oka PVD i kamienny br\u0105z<br \/>\nGrubo\u015b\u0107 r\u0105czki: 1,3 cm<br \/>\nD\u0142ugo\u015b\u0107 ca\u0142kowita: 18,3 cm<br \/>\nWaga: 116 g<\/p>\n<p>&nbsp;<\/p>\n<p>&nbsp;<\/p>\n<p>&nbsp;<\/p>\n<p><iframe title=\"Kershaw Frontrunner - Model 2039\" width=\"800\" height=\"450\" src=\"https:\/\/www.youtube.com\/embed\/gG2Trlh7T88?feature=oembed\" frameborder=\"0\" allow=\"accelerometer; autoplay; clipboard-write; encrypted-media; gyroscope; picture-in-picture; web-share\" referrerpolicy=\"strict-origin-when-cross-origin\" allowfullscreen><\/iframe><\/p>\n<p>&nbsp;<\/p>\n","protected":false},"excerpt":{"rendered":"<p><strong>Frontrunner przewodzi w ofercie Kershaw dzi\u0119ki stylowemu i wyrazistemu designowi.<\/strong><\/p>\n","protected":false},"featured_media":333890,"comment_status":"open","ping_status":"closed","template":"","meta":[],"pwb-brand":[3773],"product_brand":[],"product_cat":[3307,3296],"product_tag":[],"class_list":{"0":"post-333889","1":"product","2":"type-product","3":"status-publish","4":"has-post-thumbnail","6":"pwb-brand-kershawa","7":"product_cat-zamykanie-nozy","8":"product_cat-noze-pl","10":"first","11":"instock","12":"taxable","13":"shipping-taxable","14":"purchasable","15":"product-type-simple"},"brands":[{"id":3773,"name":"Kershawa","slug":"kershawa"}],"_links":{"self":[{"href":"https:\/\/www.moskito.cz\/pl\/wp-json\/wp\/v2\/product\/333889","targetHints":{"allow":["GET"]}}],"collection":[{"href":"https:\/\/www.moskito.cz\/pl\/wp-json\/wp\/v2\/product"}],"about":[{"href":"https:\/\/www.moskito.cz\/pl\/wp-json\/wp\/v2\/types\/product"}],"replies":[{"embeddable":true,"href":"https:\/\/www.moskito.cz\/pl\/wp-json\/wp\/v2\/comments?post=333889"}],"wp:featuredmedia":[{"embeddable":true,"href":"https:\/\/www.moskito.cz\/pl\/wp-json\/wp\/v2\/media\/333890"}],"wp:attachment":[{"href":"https:\/\/www.moskito.cz\/pl\/wp-json\/wp\/v2\/media?parent=333889"}],"wp:term":[{"taxonomy":"pwb-brand","embeddable":true,"href":"https:\/\/www.moskito.cz\/pl\/wp-json\/wp\/v2\/pwb-brand?post=333889"},{"taxonomy":"product_brand","embeddable":true,"href":"https:\/\/www.moskito.cz\/pl\/wp-json\/wp\/v2\/product_brand?post=333889"},{"taxonomy":"product_cat","embeddable":true,"href":"https:\/\/www.moskito.cz\/pl\/wp-json\/wp\/v2\/product_cat?post=333889"},{"taxonomy":"product_tag","embeddable":true,"href":"https:\/\/www.moskito.cz\/pl\/wp-json\/wp\/v2\/product_tag?post=333889"}],"curies":[{"name":"wp","href":"https:\/\/api.w.org\/{rel}","templated":true}]}}