{"id":333904,"date":"2022-04-22T20:59:20","date_gmt":"2024-04-17T11:52:28","guid":{"rendered":"https:\/\/www.moskito.cz\/produkt\/noz-zamykany-extrema-ratio-bf1-cd-czarny\/"},"modified":"2025-05-07T11:11:41","modified_gmt":"2025-05-07T10:11:41","slug":"noz-zamykany-extrema-ratio-bf1-cd-czarny","status":"publish","type":"product","link":"https:\/\/www.moskito.cz\/pl\/produkt\/noz-zamykany-extrema-ratio-bf1-cd-czarny\/","title":{"rendered":"N\u00f3\u017c zamykany Extrema Ratio BF1 CD CZARNY"},"content":{"rendered":"<p>N\u00f3\u017c zamykany <strong>Extrema Ratio<\/strong> BF1 CD CZARNY.<\/p>\n<p>BF1 jest zamykany do codziennego u\u017cytku, prosty, niezb\u0119dny i funkcjonalny. Ostrze ca\u0142kowicie wypolerowane ma p\u0142ask\u0105 kraw\u0119d\u017a, a ko\u0144c\u00f3wka jest szczeg\u00f3lnie mocna i trwa\u0142a. R\u0119koje\u015b\u0107, r\u00f3wnie\u017c wypolerowana, posiada charakterystyczne zmniejszone powierzchnie umo\u017cliwiaj\u0105ce zaz\u0119bienie si\u0119 z otwieraj\u0105cymi \u201eko\u0142kami\u201d bez wychodzenia poza profil zamkni\u0119tego no\u017ca. Dwustronny klips znajduje si\u0119 za ostrzem i owija si\u0119 wok\u00f3\u0142 ostrza no\u017ca, dzi\u0119ki czemu jest ca\u0142kowicie ukryty po w\u0142o\u017ceniu do kieszeni. Mechanizm blokuj\u0105cy ostrze to sprawdzony LINER-LOCK. Dost\u0119pne w wersjach: BF1 CT BLACK, BF1 CT BLACK RUVIDO, BF1 CT DESERT WARFARE, BF1 CD BLACK, BF1 CD BLACK RUVIDO, BF1 CD DESERT WARFARE.<\/p>\n<p>WAGA G.: 88<br \/>\nWAGA OZ.: 3.1<br \/>\nD\u0141UGO\u015a\u0106 OSTRZA (MM): 69<br \/>\nD\u0141UGO\u015a\u0106 OSTRZA (IN): 2,7<br \/>\nD\u0141UGO\u015a\u0106 CA\u0141KOWITA (MM): 171<br \/>\nD\u0141UGO\u015a\u0106 CA\u0141KOWITA (W): 6,7<br \/>\nGRUBO\u015a\u0106 OSTRZA (MM): 3<br \/>\nGRUBO\u015a\u0106 OSTRZY (IN): 0,12<br \/>\nMATERIA\u0141 OSTRZA: STAL B\u00d6HLER N690 (58HRC)<br \/>\nWYKO\u0143CZENIE N\u00d3\u017bA: MIL-C-13924 BURNISH<br \/>\nSTRZA\u0141KA OSTRZA: P\u0141ASKI DRUT<br \/>\nMATERIA\u0141 UCHWYTU: ANODOWANE ALUMINIUM ANTYKORODOWE<\/p>\n","protected":false},"excerpt":{"rendered":"<p>Firma Extrema Ratio z siedzib\u0105 w Prato we W\u0142oszech projektuje i produkuje wysokiej jako\u015bci no\u017ce bojowe, wojskowe, kuchenne, my\u015bliwskie i taktyczne od 1997 roku i cieszy si\u0119 reputacj\u0105 dzi\u0119ki najwy\u017cszej jako\u015bci, kt\u00f3ra nie ma sobie r\u00f3wnych w bran\u017cy no\u017cy wojskowych i taktycznych. Bezp\u0142atny transport.<\/p>\n","protected":false},"featured_media":396489,"comment_status":"open","ping_status":"closed","template":"","meta":[],"pwb-brand":[3666],"product_brand":[],"product_cat":[3307,3296],"product_tag":[3671],"class_list":{"0":"post-333904","1":"product","2":"type-product","3":"status-publish","4":"has-post-thumbnail","6":"pwb-brand-stosunek-ekstremow","7":"product_cat-zamykanie-nozy","8":"product_cat-noze-pl","9":"product_tag-b2b-pl","11":"first","12":"instock","13":"taxable","14":"shipping-taxable","15":"purchasable","16":"product-type-simple"},"brands":[{"id":3666,"name":"Stosunek ekstrem\u00f3w","slug":"stosunek-ekstremow"}],"_links":{"self":[{"href":"https:\/\/www.moskito.cz\/pl\/wp-json\/wp\/v2\/product\/333904","targetHints":{"allow":["GET"]}}],"collection":[{"href":"https:\/\/www.moskito.cz\/pl\/wp-json\/wp\/v2\/product"}],"about":[{"href":"https:\/\/www.moskito.cz\/pl\/wp-json\/wp\/v2\/types\/product"}],"replies":[{"embeddable":true,"href":"https:\/\/www.moskito.cz\/pl\/wp-json\/wp\/v2\/comments?post=333904"}],"wp:featuredmedia":[{"embeddable":true,"href":"https:\/\/www.moskito.cz\/pl\/wp-json\/wp\/v2\/media\/396489"}],"wp:attachment":[{"href":"https:\/\/www.moskito.cz\/pl\/wp-json\/wp\/v2\/media?parent=333904"}],"wp:term":[{"taxonomy":"pwb-brand","embeddable":true,"href":"https:\/\/www.moskito.cz\/pl\/wp-json\/wp\/v2\/pwb-brand?post=333904"},{"taxonomy":"product_brand","embeddable":true,"href":"https:\/\/www.moskito.cz\/pl\/wp-json\/wp\/v2\/product_brand?post=333904"},{"taxonomy":"product_cat","embeddable":true,"href":"https:\/\/www.moskito.cz\/pl\/wp-json\/wp\/v2\/product_cat?post=333904"},{"taxonomy":"product_tag","embeddable":true,"href":"https:\/\/www.moskito.cz\/pl\/wp-json\/wp\/v2\/product_tag?post=333904"}],"curies":[{"name":"wp","href":"https:\/\/api.w.org\/{rel}","templated":true}]}}