{"id":333930,"date":"2021-05-09T20:33:50","date_gmt":"2021-05-09T19:33:50","guid":{"rendered":"https:\/\/www.moskito.cz\/produkt\/noz-zamykajacy-extrema-ratio-resolza-10-stone-washed\/"},"modified":"2026-03-02T13:59:33","modified_gmt":"2026-03-02T12:59:33","slug":"noz-zamykajacy-extrema-ratio-resolza-10-stone-washed","status":"publish","type":"product","link":"https:\/\/www.moskito.cz\/pl\/produkt\/noz-zamykajacy-extrema-ratio-resolza-10-stone-washed\/","title":{"rendered":"N\u00f3\u017c zamykaj\u0105cy Extrema Ratio RESOLZA 10 STONE WASHED"},"content":{"rendered":"<p>N\u00f3\u017c zamykaj\u0105cy <strong>Extrema Ratio<\/strong> RESOLZA 10 STONE WASHED.<\/p>\n<p><strong>RESOLZA<\/strong> to staro\u017cytna nazwa przypominaj\u0105ca w\u0142oskie s\u0142owo oznaczaj\u0105ce brzytw\u0119. Wielowiekowa sardy\u0144ska \u201eresolza\u201d, jeden z najs\u0142ynniejszych tradycyjnych no\u017cy w naszym kraju \u2013 do dzi\u015b jest sta\u0142ym towarzyszem wyspiarskich rolnik\u00f3w i pasterzy w ich codziennej pracy. Szed\u0142 za nimi nawet wtedy, gdy zostali wezwani na wojn\u0119: kroniki Brygady Sassari podczas I wojny \u015bwiatowej wspominaj\u0105 o no\u017cu jako o wyposa\u017ceniu \u017co\u0142nierza. Nasza pr\u00f3ba ponownej oceny tego tradycyjnego projektu wed\u0142ug naszych w\u0142asnych standard\u00f3w ma na celu z\u0142o\u017cenie ho\u0142du, nie zaniedbuj\u0105c sardy\u0144skich rzemie\u015blnik\u00f3w, kt\u00f3rzy wci\u0105\u017c praktykuj\u0105 stare sposoby wytwarzania no\u017cy i utrzymuj\u0105 przodk\u00f3w przy \u017cyciu. Ta RESOLZA zachowuje oryginalne wymiary i proporcje z ostrzem 3,9 cala, ale jest produkowana przy u\u017cyciu zwyk\u0142ych, wysokiej klasy materia\u0142\u00f3w i technologii Extrema Ratio. R\u0119koje\u015b\u0107 zosta\u0142a przeprojektowana, a ostrze bardziej nawi\u0105zuje do tradycyjnego kszta\u0142tu. W ramach udoskonalenia tradycji dodali\u015bmy mechanizm blokuj\u0105cy ostrze. Dost\u0119pne wersje: RESOLZA 10 BLACK, RESOLZA 10 STONE WASHED.<br \/>\nKARTA TECHNICZNA<br \/>\nWaga oz.2,29<br \/>\nD\u0142ugo\u015b\u0107 ostrza (mm): 100<br \/>\nD\u0142ugo\u015b\u0107 ostrza (w calach): 3,93<br \/>\nD\u0142ugo\u015b\u0107 ca\u0142kowita (mm): 220<br \/>\nD\u0142ugo\u015b\u0107 ca\u0142kowita (w calach): 8,66<br \/>\nGrubo\u015b\u0107 ostrza (mm): 3<br \/>\nGrubo\u015b\u0107 ostrza (w calach): 0,11<br \/>\nMateria\u0142 ostrza: B\u00f6HLER N690 STEEL (58HRC)<br \/>\nWyko\u0144czenie ostrza: STONE COATED<br \/>\nKratka g\u0142\u00f3wna: FLAT<br \/>\nMateria\u0142 r\u0119koje\u015bci: ALUMINIUM ANODOWANE ANTYKOROZYJNIE<\/p>\n","protected":false},"excerpt":{"rendered":"<p><strong>Firma Extrema Ratio<\/strong> z siedzib\u0105 w Prato we W\u0142oszech projektuje i produkuje wysokiej jako\u015bci no\u017ce bojowe, wojskowe, kuchenne, my\u015bliwskie i taktyczne od 1997 roku i cieszy si\u0119 reputacj\u0105 dzi\u0119ki najwy\u017cszej jako\u015bci, kt\u00f3ra nie ma sobie r\u00f3wnych w bran\u017cy no\u017cy wojskowych i taktycznych. <strong>Bezp\u0142atny transport.<\/strong><\/p>\n","protected":false},"featured_media":333931,"comment_status":"open","ping_status":"closed","template":"","meta":[],"pwb-brand":[3666],"product_brand":[],"product_cat":[3307,3296],"product_tag":[3671],"class_list":{"0":"post-333930","1":"product","2":"type-product","3":"status-publish","4":"has-post-thumbnail","6":"pwb-brand-stosunek-ekstremow","7":"product_cat-zamykanie-nozy","8":"product_cat-noze-pl","9":"product_tag-b2b-pl","11":"first","12":"outofstock","13":"taxable","14":"shipping-taxable","15":"purchasable","16":"product-type-simple"},"brands":[{"id":3666,"name":"Stosunek ekstrem\u00f3w","slug":"stosunek-ekstremow"}],"_links":{"self":[{"href":"https:\/\/www.moskito.cz\/pl\/wp-json\/wp\/v2\/product\/333930","targetHints":{"allow":["GET"]}}],"collection":[{"href":"https:\/\/www.moskito.cz\/pl\/wp-json\/wp\/v2\/product"}],"about":[{"href":"https:\/\/www.moskito.cz\/pl\/wp-json\/wp\/v2\/types\/product"}],"replies":[{"embeddable":true,"href":"https:\/\/www.moskito.cz\/pl\/wp-json\/wp\/v2\/comments?post=333930"}],"wp:featuredmedia":[{"embeddable":true,"href":"https:\/\/www.moskito.cz\/pl\/wp-json\/wp\/v2\/media\/333931"}],"wp:attachment":[{"href":"https:\/\/www.moskito.cz\/pl\/wp-json\/wp\/v2\/media?parent=333930"}],"wp:term":[{"taxonomy":"pwb-brand","embeddable":true,"href":"https:\/\/www.moskito.cz\/pl\/wp-json\/wp\/v2\/pwb-brand?post=333930"},{"taxonomy":"product_brand","embeddable":true,"href":"https:\/\/www.moskito.cz\/pl\/wp-json\/wp\/v2\/product_brand?post=333930"},{"taxonomy":"product_cat","embeddable":true,"href":"https:\/\/www.moskito.cz\/pl\/wp-json\/wp\/v2\/product_cat?post=333930"},{"taxonomy":"product_tag","embeddable":true,"href":"https:\/\/www.moskito.cz\/pl\/wp-json\/wp\/v2\/product_tag?post=333930"}],"curies":[{"name":"wp","href":"https:\/\/api.w.org\/{rel}","templated":true}]}}