{"id":333952,"date":"2022-11-17T15:24:29","date_gmt":"2024-04-17T12:14:54","guid":{"rendered":"https:\/\/www.moskito.cz\/produkt\/naprawiono-wspolczynnik-ekstremalny-noza-nk2-black\/"},"modified":"2025-05-07T11:11:46","modified_gmt":"2025-05-07T10:11:46","slug":"naprawiono-wspolczynnik-ekstremalny-noza-nk2-black","status":"publish","type":"product","link":"https:\/\/www.moskito.cz\/pl\/produkt\/naprawiono-wspolczynnik-ekstremalny-noza-nk2-black\/","title":{"rendered":"Naprawiono wsp\u00f3\u0142czynnik ekstremalny no\u017ca NK2 BLACK"},"content":{"rendered":"<p>Naprawiono <strong>wsp\u00f3\u0142czynnik ekstremalny<\/strong> no\u017ca NK2 CZARNY.<\/p>\n<p>NK2 to pomniejszony n\u00f3\u017c, kt\u00f3ry rozszerza rodzin\u0119 no\u017cy szyjnych o Extrema Ratio. G\u0142\u00f3wne r\u00f3\u017cnice w stosunku do poprzednika NK1 to ostrze tanto i otw\u00f3r do odprowadzania krwi. Konstrukcja r\u0119koje\u015bci zapobiega przypadkowym zranieniom podczas rysowania. Rowek na grzbiecie ostrza jest odpowiedni dla palca wskazuj\u0105cego lub kciuka u\u017cytkownika, w zale\u017cno\u015bci od stylu pracy. Jego og\u00f3lna konstrukcja sprawia, \u017ce \u200b\u200bNK2 jest zar\u00f3wno zdolny do ataku poprzez bardzo skuteczne ci\u0119cia, jak i przydatny do precyzyjnych prac. Do\u0142\u0105czona kabura Kydex z mechanizmem szybkiego uwalniania jest wyposa\u017cona w pasek z paracordu do noszenia na szyi. Mo\u017cna go r\u00f3wnie\u017c przymocowa\u0107 za pomoc\u0105 systemu MOLLE do kamizelek taktycznych lub dowolnej kompatybilnej z Cordury os\u0142ony Extrema Ratio. Dost\u0119pne, ale nie wchodz\u0105 w sk\u0142ad zestawu: BELT-CLIP (do mocowania kabury do paska), polimerowy SYSTEM POD KOSZUL\u0104 (do ukrytego noszenia).<\/p>\n<p>WAGA G: 69<br \/>\nD\u0141UGO\u015a\u0106 OSTRZA (MM): 50<br \/>\nD\u0141UGO\u015a\u0106 CA\u0141KOWITA (MM): 128<br \/>\nGRUBO\u015a\u0106 OSTRZA (MM): 6,3<br \/>\nMATERIA\u0141 OSTRZA: STAL B\u00d6HLER N690 (58HRC)<br \/>\nWYKO\u0143CZENIE OSTRZA: CZARNE<br \/>\nSIATKA G\u0141\u00d3WNA: P\u0141ASKA<br \/>\nMATERIA\u0141 UCHWYTU: STAL B\u00d6HLER N690 (58HRC)<\/p>\n","protected":false},"excerpt":{"rendered":"<p><strong>Firma Extrema Ratio<\/strong> z siedzib\u0105 w Prato we W\u0142oszech projektuje i produkuje wysokiej jako\u015bci no\u017ce bojowe, wojskowe, kuchenne, my\u015bliwskie i taktyczne od 1997 roku i cieszy si\u0119 reputacj\u0105 dzi\u0119ki najwy\u017cszej jako\u015bci, kt\u00f3ra nie ma sobie r\u00f3wnych w bran\u017cy no\u017cy wojskowych i taktycznych. <strong>Bezp\u0142atny transport.<\/strong><\/p>\n","protected":false},"featured_media":333953,"comment_status":"open","ping_status":"closed","template":"","meta":[],"pwb-brand":[3666],"product_brand":[],"product_cat":[3296,3297],"product_tag":[3671],"class_list":{"0":"post-333952","1":"product","2":"type-product","3":"status-publish","4":"has-post-thumbnail","6":"pwb-brand-stosunek-ekstremow","7":"product_cat-noze-pl","8":"product_cat-solidne-noze","9":"product_tag-b2b-pl","11":"first","12":"instock","13":"taxable","14":"shipping-taxable","15":"purchasable","16":"product-type-simple"},"brands":[{"id":3666,"name":"Stosunek ekstrem\u00f3w","slug":"stosunek-ekstremow"}],"_links":{"self":[{"href":"https:\/\/www.moskito.cz\/pl\/wp-json\/wp\/v2\/product\/333952","targetHints":{"allow":["GET"]}}],"collection":[{"href":"https:\/\/www.moskito.cz\/pl\/wp-json\/wp\/v2\/product"}],"about":[{"href":"https:\/\/www.moskito.cz\/pl\/wp-json\/wp\/v2\/types\/product"}],"replies":[{"embeddable":true,"href":"https:\/\/www.moskito.cz\/pl\/wp-json\/wp\/v2\/comments?post=333952"}],"wp:featuredmedia":[{"embeddable":true,"href":"https:\/\/www.moskito.cz\/pl\/wp-json\/wp\/v2\/media\/333953"}],"wp:attachment":[{"href":"https:\/\/www.moskito.cz\/pl\/wp-json\/wp\/v2\/media?parent=333952"}],"wp:term":[{"taxonomy":"pwb-brand","embeddable":true,"href":"https:\/\/www.moskito.cz\/pl\/wp-json\/wp\/v2\/pwb-brand?post=333952"},{"taxonomy":"product_brand","embeddable":true,"href":"https:\/\/www.moskito.cz\/pl\/wp-json\/wp\/v2\/product_brand?post=333952"},{"taxonomy":"product_cat","embeddable":true,"href":"https:\/\/www.moskito.cz\/pl\/wp-json\/wp\/v2\/product_cat?post=333952"},{"taxonomy":"product_tag","embeddable":true,"href":"https:\/\/www.moskito.cz\/pl\/wp-json\/wp\/v2\/product_tag?post=333952"}],"curies":[{"name":"wp","href":"https:\/\/api.w.org\/{rel}","templated":true}]}}