{"id":334050,"date":"2021-08-19T21:45:15","date_gmt":"2021-08-19T20:45:15","guid":{"rendered":"https:\/\/www.moskito.cz\/produkt\/zamykany-noz-extrema-ratio-bf2-sternik\/"},"modified":"2025-05-07T11:11:48","modified_gmt":"2025-05-07T10:11:48","slug":"zamykany-noz-extrema-ratio-bf2-sternik","status":"publish","type":"product","link":"https:\/\/www.moskito.cz\/pl\/produkt\/zamykany-noz-extrema-ratio-bf2-sternik\/","title":{"rendered":"Zamykany n\u00f3\u017c Extrema Ratio BF2 Sternik"},"content":{"rendered":"<p>Zamykany n\u00f3\u017c <strong>Extrema Ratio<\/strong> BF2 Sternik.<\/p>\n<p>Helmsman to n\u00f3\u017c zaprojektowany i dopracowany w ka\u017cdym szczeg\u00f3le do jego podstawowego zastosowania w \u015brodowisku morskim i reprezentuje ewolucj\u0119 modelu BF2 V wprowadzonego na statku szkoleniowym Amerigo Vespucci w 2013 roku i po\u015bwi\u0119conego najpi\u0119kniejszemu statkowi na \u015bwiecie.<\/p>\n<p>Ostrze wyd\u0142u\u017cone do 87mm posiada u nasady z\u0105bki, czubek posiada p\u0142ask\u0105 kraw\u0119d\u017a pozwalaj\u0105c\u0105 na symetryczne ci\u0119cie przy szerszym podparciu, natomiast ko\u0144cowy proces stonewash lepiej chroni przed korozj\u0105 w \u015brodowisku morskim.<br \/>\nDANE<br \/>\nWaga g.: 143<br \/>\nWaga uncji: 5,04<br \/>\nD\u0142ugo\u015b\u0107 ostrza (mm): 87<br \/>\nD\u0142ugo\u015b\u0107 ostrza (cale): 3,42<br \/>\nD\u0142ugo\u015b\u0107 ca\u0142kowita (mm): 210<br \/>\nD\u0142ugo\u015b\u0107 ca\u0142kowita (cale): 8,26<br \/>\nGrubo\u015b\u0107 ostrza (mm):3<br \/>\nGrubo\u015b\u0107 ostrza (cale): 0,12<br \/>\nMateria\u0142 ostrza: STAL B\u00f6HLER N690 (58HRC)<br \/>\nObr\u00f3bka powierzchni ostrza: MYTE KAMIENIE<br \/>\nZaokr\u0105glenie ostrza: DRUT P\u0141ASKI<br \/>\nCz\u0119\u015bciowe z\u0119by (cale): 1,57<br \/>\nCz\u0119\u015bciowe z\u0119by (mm): 40<br \/>\nMateria\u0142 r\u0119koje\u015bci: ANODOWANE ALUMINIUM ANTYKORODALNE<\/p>\n","protected":false},"excerpt":{"rendered":"<p><strong>Firma Extrema Ratio<\/strong> z siedzib\u0105 w Prato we W\u0142oszech projektuje i produkuje wysokiej jako\u015bci no\u017ce bojowe, wojskowe, kuchenne, my\u015bliwskie i taktyczne od 1997 roku i cieszy si\u0119 reputacj\u0105 dzi\u0119ki najwy\u017cszej jako\u015bci, kt\u00f3ra nie ma sobie r\u00f3wnych w bran\u017cy no\u017cy wojskowych i taktycznych. <strong>Bezp\u0142atny transport.<\/strong><\/p>\n","protected":false},"featured_media":431775,"comment_status":"open","ping_status":"closed","template":"","meta":[],"pwb-brand":[3666],"product_brand":[],"product_cat":[3307,3296],"product_tag":[3671],"class_list":{"0":"post-334050","1":"product","2":"type-product","3":"status-publish","4":"has-post-thumbnail","6":"pwb-brand-stosunek-ekstremow","7":"product_cat-zamykanie-nozy","8":"product_cat-noze-pl","9":"product_tag-b2b-pl","11":"first","12":"instock","13":"taxable","14":"shipping-taxable","15":"purchasable","16":"product-type-simple"},"brands":[{"id":3666,"name":"Stosunek ekstrem\u00f3w","slug":"stosunek-ekstremow"}],"_links":{"self":[{"href":"https:\/\/www.moskito.cz\/pl\/wp-json\/wp\/v2\/product\/334050","targetHints":{"allow":["GET"]}}],"collection":[{"href":"https:\/\/www.moskito.cz\/pl\/wp-json\/wp\/v2\/product"}],"about":[{"href":"https:\/\/www.moskito.cz\/pl\/wp-json\/wp\/v2\/types\/product"}],"replies":[{"embeddable":true,"href":"https:\/\/www.moskito.cz\/pl\/wp-json\/wp\/v2\/comments?post=334050"}],"wp:featuredmedia":[{"embeddable":true,"href":"https:\/\/www.moskito.cz\/pl\/wp-json\/wp\/v2\/media\/431775"}],"wp:attachment":[{"href":"https:\/\/www.moskito.cz\/pl\/wp-json\/wp\/v2\/media?parent=334050"}],"wp:term":[{"taxonomy":"pwb-brand","embeddable":true,"href":"https:\/\/www.moskito.cz\/pl\/wp-json\/wp\/v2\/pwb-brand?post=334050"},{"taxonomy":"product_brand","embeddable":true,"href":"https:\/\/www.moskito.cz\/pl\/wp-json\/wp\/v2\/product_brand?post=334050"},{"taxonomy":"product_cat","embeddable":true,"href":"https:\/\/www.moskito.cz\/pl\/wp-json\/wp\/v2\/product_cat?post=334050"},{"taxonomy":"product_tag","embeddable":true,"href":"https:\/\/www.moskito.cz\/pl\/wp-json\/wp\/v2\/product_tag?post=334050"}],"curies":[{"name":"wp","href":"https:\/\/api.w.org\/{rel}","templated":true}]}}