{"id":334088,"date":"2022-07-07T20:44:29","date_gmt":"2024-04-17T12:20:56","guid":{"rendered":"https:\/\/www.moskito.cz\/produkt\/noz-zamykajacy-extrema-ratio-rao-ii\/"},"modified":"2025-05-07T11:11:49","modified_gmt":"2025-05-07T10:11:49","slug":"noz-zamykajacy-extrema-ratio-rao-ii","status":"publish","type":"product","link":"https:\/\/www.moskito.cz\/pl\/produkt\/noz-zamykajacy-extrema-ratio-rao-ii\/","title":{"rendered":"N\u00f3\u017c zamykaj\u0105cy Extrema Ratio RAO II"},"content":{"rendered":"<p>N\u00f3\u017c zamykaj\u0105cy <strong>Extrema Ratio<\/strong> RAO II<\/p>\n<p>RAO II to nowa wersja s\u0142ynnego no\u017ca RAO Extrema Ratio; jest wyposa\u017cony w nowe ostrze typu drop-point i ulepszon\u0105 r\u0119koje\u015b\u0107, zaokr\u0105glon\u0105 w g\u00f3rnych rogach dla bardziej ergonomicznego chwytu. Dodatkowa blokada bezpiecze\u0144stwa skutecznie zamienia go w n\u00f3\u017c o sta\u0142ym ostrzu, kt\u00f3ry pozwala na doskona\u0142\u0105 wydajno\u015b\u0107 siekania bez ryzyka obra\u017ce\u0144. Pochwa pozwala utrzyma\u0107 n\u00f3\u017c w pozycji otwartej przy cz\u0119stym u\u017cyciu lub w pozycji zamkni\u0119tej wewn\u0105trz przedniej kieszeni. Wyposa\u017cony jest w diamentow\u0105 tarcz\u0119 ostrz\u0105c\u0105, kt\u00f3ra zawsze utrzymuje idealn\u0105 kraw\u0119d\u017a.<\/p>\n<p>G. WAGA: 322<br \/>\nWAGA uncji: 11,4<br \/>\nD\u0141UGO\u015a\u0106 OSTRZA (MM): 119<br \/>\nD\u0141UGO\u015a\u0106 OSTRZA (IN): 4,7<br \/>\nD\u0141UGO\u015a\u0106 CA\u0141KOWITA (MM): 263<br \/>\nD\u0141UGO\u015a\u0106 CA\u0141KOWITA (IN): 10,4<br \/>\nGRUBO\u015a\u0106 OSTRZA (MM): 6<br \/>\nGRUBO\u015a\u0106 OSTRZY (IN): 0,24<br \/>\nMATERIA\u0141 OSTRZA: STAL B\u00d6HLER N690 (58HRC)<br \/>\nWYKO\u0143CZENIE NO\u017bA: MIL-C-13924 UK\u0141ADANIE<br \/>\nSIATKA G\u0141\u00d3WNA: P\u0141ASKA<br \/>\nMATERIA\u0141 UCHWYTU: ALUMINIUM ANODOWANE PRZECIWKOROZYJNIE<\/p>\n","protected":false},"excerpt":{"rendered":"<p><strong>Firma Extrema Ratio<\/strong> z siedzib\u0105 w Prato we W\u0142oszech projektuje i produkuje wysokiej jako\u015bci no\u017ce bojowe, wojskowe, kuchenne, my\u015bliwskie i taktyczne od 1997 roku i cieszy si\u0119 reputacj\u0105 dzi\u0119ki najwy\u017cszej jako\u015bci, kt\u00f3ra nie ma sobie r\u00f3wnych w bran\u017cy no\u017cy wojskowych i taktycznych. <strong>Bezp\u0142atny transport.<\/strong><\/p>\n","protected":false},"featured_media":334089,"comment_status":"open","ping_status":"closed","template":"","meta":[],"pwb-brand":[3666],"product_brand":[],"product_cat":[3296,3307],"product_tag":[],"class_list":{"0":"post-334088","1":"product","2":"type-product","3":"status-publish","4":"has-post-thumbnail","6":"pwb-brand-stosunek-ekstremow","7":"product_cat-noze-pl","8":"product_cat-zamykanie-nozy","10":"first","11":"instock","12":"taxable","13":"shipping-taxable","14":"purchasable","15":"product-type-simple"},"brands":[{"id":3666,"name":"Stosunek ekstrem\u00f3w","slug":"stosunek-ekstremow"}],"_links":{"self":[{"href":"https:\/\/www.moskito.cz\/pl\/wp-json\/wp\/v2\/product\/334088","targetHints":{"allow":["GET"]}}],"collection":[{"href":"https:\/\/www.moskito.cz\/pl\/wp-json\/wp\/v2\/product"}],"about":[{"href":"https:\/\/www.moskito.cz\/pl\/wp-json\/wp\/v2\/types\/product"}],"replies":[{"embeddable":true,"href":"https:\/\/www.moskito.cz\/pl\/wp-json\/wp\/v2\/comments?post=334088"}],"wp:featuredmedia":[{"embeddable":true,"href":"https:\/\/www.moskito.cz\/pl\/wp-json\/wp\/v2\/media\/334089"}],"wp:attachment":[{"href":"https:\/\/www.moskito.cz\/pl\/wp-json\/wp\/v2\/media?parent=334088"}],"wp:term":[{"taxonomy":"pwb-brand","embeddable":true,"href":"https:\/\/www.moskito.cz\/pl\/wp-json\/wp\/v2\/pwb-brand?post=334088"},{"taxonomy":"product_brand","embeddable":true,"href":"https:\/\/www.moskito.cz\/pl\/wp-json\/wp\/v2\/product_brand?post=334088"},{"taxonomy":"product_cat","embeddable":true,"href":"https:\/\/www.moskito.cz\/pl\/wp-json\/wp\/v2\/product_cat?post=334088"},{"taxonomy":"product_tag","embeddable":true,"href":"https:\/\/www.moskito.cz\/pl\/wp-json\/wp\/v2\/product_tag?post=334088"}],"curies":[{"name":"wp","href":"https:\/\/api.w.org\/{rel}","templated":true}]}}