{"id":334162,"date":"2024-04-17T19:41:20","date_gmt":"2024-04-17T18:43:13","guid":{"rendered":"https:\/\/www.moskito.cz\/produkt\/noz-skladany-crkt-limited-edition-facet-k253tm390\/"},"modified":"2025-05-07T11:11:50","modified_gmt":"2025-05-07T10:11:50","slug":"noz-skladany-crkt-limited-edition-facet-k253tm390","status":"publish","type":"product","link":"https:\/\/www.moskito.cz\/pl\/produkt\/noz-skladany-crkt-limited-edition-facet-k253tm390\/","title":{"rendered":"N\u00f3\u017c sk\u0142adany CRKT Limited Edition Facet K253TM390"},"content":{"rendered":"<p>N\u00f3\u017c sk\u0142adany <strong>CRKT<\/strong> Limited Edition Facet K253TM390.<\/p>\n<p>Ken Onion jest znany ze swojego eleganckiego i praktycznego projektu, a K253TM390 nie jest wyj\u0105tkiem. K\u0105ty i fasety r\u0119koje\u015bci uzupe\u0142niaj\u0105 cienk\u0105 konstrukcj\u0119 i kanciasty kszta\u0142t ostrza. Wyposa\u017cone w system sworzni z \u0142o\u017cyskami kulkowymi IKBS firmy CRKT, rakiety otwieraj\u0105 si\u0119 tak, jak nie uwierzysz. Ostrze wykonane jest z najwy\u017cszej jako\u015bci stali Bohler M390, kt\u00f3ra zapewnia wyj\u0105tkowe zachowanie kraw\u0119dzi i ma satynowe wyko\u0144czenie. Wbudowana blokada ramy wykorzystuje mocny dr\u0105\u017cek blokuj\u0105cy, aby mocno zabezpieczy\u0107 ostrze. Dzi\u0119ki p\u00f3\u0142g\u0142\u0119bokiemu klipsowi kieszonkowemu Facet mo\u017cna \u0142atwo przenosi\u0107, nie przyci\u0105gaj\u0105c uwagi ani nie przeszkadzaj\u0105c.<\/p>\n<p>Ta specjalna, limitowana edycja popularnego projektu Facet charakteryzuje si\u0119 znacznym ulepszeniem stalowych i tytanowych uchwyt\u00f3w z fantastycznym wzorem \u201enit\u00f3w\u201d. Limitowana do 500 sztuk.<\/p>\n<p>O projektantze no\u017cy<\/p>\n<p>Ken Onion \u2013 \u201eChocia\u017c od dzieci\u0144stwa by\u0142em zapalonym kolekcjonerem no\u017cy i kolekcjonowa\u0142em g\u0142\u00f3wnie standardowe no\u017ce i wszystko, co tylko mog\u0142em znale\u017a\u0107, nie mia\u0142em poj\u0119cia o bran\u017cy no\u017cy na zam\u00f3wienie a\u017c do 1989 roku, kiedy zobaczy\u0142em numer Knives Illustrated w mojej lokalnej aptece. Stamt\u0105d znalaz\u0142em lokalnego wytw\u00f3rc\u0119 no\u017cy, Stana Fujisak\u0119, i b\u0142aga\u0142em go, aby mnie uczy\u0142. Sw\u00f3j pierwszy n\u00f3\u017c zrobi\u0142em w listopadzie 1991 r. i od tego czasu zajmuj\u0119 si\u0119 rekonwalescencj\u0105 po operacji kr\u0119gos\u0142upa w 1996 r. i zdecydowa\u0142em si\u0119 zaprojektowa\u0107 folder, kt\u00f3ry b\u0119dzie \u0142atwiejszy w obs\u0142udze ni\u017c to, co by\u0142o dost\u0119pne, a nie ostrze strzelaj\u0105ce. W rezultacie powsta\u0142 pierwszy n\u00f3\u017c wspomagany, kt\u00f3ry nazwa\u0142em \u201eSpeed \u200b\u200bSafe\u201d. zupe\u0142nie nowa kategoria no\u017cy pomi\u0119dzy r\u0119cznymi i automatycznymi.\u201d<\/p>\n<p>Ostrze wykonane ze stali M390<br \/>\nKraw\u0119d\u017a ostrza g\u0142adka<br \/>\nSatynowe wyko\u0144czenie ostrza<\/p>\n<p>D\u0142ugo\u015b\u0107 ostrza: 8,88 cm<br \/>\nGrubo\u015b\u0107 ostrza: 0,31 cm<br \/>\nD\u0142ugo\u015b\u0107 ca\u0142kowita: 19,6 cm<br \/>\nD\u0142ugo\u015b\u0107 po zamkni\u0119ciu: 10,97 cm<br \/>\nWaga 3,00 uncji (85,05 g)<\/p>\n","protected":false},"excerpt":{"rendered":"<p>Kena Cebuli<br \/>\nKaneohe na Hawajach<br \/>\nKen to prawdziwa okazja. Ken, najm\u0142odszy uczestnik wprowadzony do Galerii s\u0142aw magazynu Blade w 2008 roku, jest uznawany za jednego z najbardziej innowacyjnych i odnosz\u0105cych sukcesy projektant\u00f3w no\u017cy wszechczas\u00f3w. W 1996 roku stworzy\u0142 pierwszy mechanizm wspomaganego otwierania, kt\u00f3ry odni\u00f3s\u0142 sukces komercyjny, a 20 lat p\u00f3\u017aniej zaprezentowa\u0142 swoj\u0105 wielokrotnie nagradzan\u0105 technologi\u0119 Field Strip. Teraz ta zmieniaj\u0105ca \u015bwiat innowacja wyznacza nowy standard dzi\u0119ki technologii Field Strip Gen II, co stanowi odrodzenie, kt\u00f3re musi zas\u0142ugiwa\u0107 na swoj\u0105 nazw\u0119.<\/p>\n","protected":false},"featured_media":334120,"comment_status":"open","ping_status":"closed","template":"","meta":[],"pwb-brand":[3458],"product_brand":[],"product_cat":[3296,3307],"product_tag":[3671],"class_list":{"0":"post-334162","1":"product","2":"type-product","3":"status-publish","4":"has-post-thumbnail","6":"pwb-brand-crkt-pl","7":"product_cat-noze-pl","8":"product_cat-zamykanie-nozy","9":"product_tag-b2b-pl","11":"first","12":"instock","13":"taxable","14":"shipping-taxable","15":"purchasable","16":"product-type-simple"},"brands":[{"id":3458,"name":"CRKT","slug":"crkt-pl"}],"_links":{"self":[{"href":"https:\/\/www.moskito.cz\/pl\/wp-json\/wp\/v2\/product\/334162","targetHints":{"allow":["GET"]}}],"collection":[{"href":"https:\/\/www.moskito.cz\/pl\/wp-json\/wp\/v2\/product"}],"about":[{"href":"https:\/\/www.moskito.cz\/pl\/wp-json\/wp\/v2\/types\/product"}],"replies":[{"embeddable":true,"href":"https:\/\/www.moskito.cz\/pl\/wp-json\/wp\/v2\/comments?post=334162"}],"wp:featuredmedia":[{"embeddable":true,"href":"https:\/\/www.moskito.cz\/pl\/wp-json\/wp\/v2\/media\/334120"}],"wp:attachment":[{"href":"https:\/\/www.moskito.cz\/pl\/wp-json\/wp\/v2\/media?parent=334162"}],"wp:term":[{"taxonomy":"pwb-brand","embeddable":true,"href":"https:\/\/www.moskito.cz\/pl\/wp-json\/wp\/v2\/pwb-brand?post=334162"},{"taxonomy":"product_brand","embeddable":true,"href":"https:\/\/www.moskito.cz\/pl\/wp-json\/wp\/v2\/product_brand?post=334162"},{"taxonomy":"product_cat","embeddable":true,"href":"https:\/\/www.moskito.cz\/pl\/wp-json\/wp\/v2\/product_cat?post=334162"},{"taxonomy":"product_tag","embeddable":true,"href":"https:\/\/www.moskito.cz\/pl\/wp-json\/wp\/v2\/product_tag?post=334162"}],"curies":[{"name":"wp","href":"https:\/\/api.w.org\/{rel}","templated":true}]}}