{"id":334326,"date":"2024-04-17T20:26:34","date_gmt":"2024-04-17T19:28:56","guid":{"rendered":"https:\/\/www.moskito.cz\/produkt\/noze-do-rzucania-crkt-ken-onion-3-szt-nozy-do-rzucania-k930rkp\/"},"modified":"2025-05-07T11:11:54","modified_gmt":"2025-05-07T10:11:54","slug":"noze-do-rzucania-crkt-ken-onion-3-szt-nozy-do-rzucania-k930rkp","status":"publish","type":"product","link":"https:\/\/www.moskito.cz\/pl\/produkt\/noze-do-rzucania-crkt-ken-onion-3-szt-nozy-do-rzucania-k930rkp\/","title":{"rendered":"No\u017ce do rzucania CRKT Ken Onion 3 szt. No\u017cy do rzucania K930RKP"},"content":{"rendered":"<p>No\u017ce do rzucania <strong>CRKT<\/strong> Ken Onion 3 szt. No\u017cy do rzucania K930RKP<\/p>\n<p>Pierwszy n\u00f3\u017c do rzucania Kena Oniona.<\/p>\n<p>Po niezliczonych iteracjach i testach Ken Onion udoskonali\u0142 sw\u00f3j projekt no\u017ca do rzucania i jest gotowy podzieli\u0107 si\u0119 nim ze \u015bwiatem. Te doskonale wywa\u017cone no\u017ce zosta\u0142y zaprojektowane tak, aby spe\u0142nia\u0107 wszystkie wymagania wsp\u00f3\u0142czesnego miotacza no\u017cy. No\u017ce do rzucania cebul\u0105 s\u0105 dost\u0119pne w zestawie po trzy sztuki, wraz z solidn\u0105 nylonow\u0105 pochw\u0105, kt\u00f3ra pozwala na bezpieczne noszenie ich na pasku.<br \/>\nKuta wytrzyma\u0142o\u015b\u0107: stal w\u0119glowa 1050 zapewnia trwa\u0142o\u015b\u0107 i zachowanie kraw\u0119dzi<br \/>\nPe\u0142na kontrola: Rowki zapewniaj\u0105ce maksymaln\u0105 kontrol\u0119 rzut\u00f3w<br \/>\nAtrakcyjno\u015b\u0107 wizualna: Czarna pow\u0142oka proszkowa z czerwon\u0105 farb\u0105 w sprayu<br \/>\nSolidna konstrukcja: tkana nylonowa obudowa jest lekka i trwa\u0142a<br \/>\nObur\u0119czny: symetryczna konstrukcja umo\u017cliwia rzucanie lew\u0105 lub praw\u0105 r\u0119k\u0105<br \/>\nWi\u0119cej no\u017cy: Zestaw 3 no\u017cy z kabur\u0105 na pasek.<\/p>\n<p><iframe title=\"CRKT Onion Throwing Knives | Ken Onion Design\" width=\"800\" height=\"450\" src=\"https:\/\/www.youtube.com\/embed\/UTpZODJUOv0?feature=oembed\" frameborder=\"0\" allow=\"accelerometer; autoplay; clipboard-write; encrypted-media; gyroscope; picture-in-picture; web-share\" referrerpolicy=\"strict-origin-when-cross-origin\" allowfullscreen><\/iframe><\/p>\n<p>&nbsp;<\/p>\n","protected":false},"excerpt":{"rendered":"<p>Kena Cebuli<br \/>\nKaneohe na Hawajach<br \/>\nKen to prawdziwa okazja. Ken, najm\u0142odszy uczestnik wprowadzony do Galerii s\u0142aw magazynu Blade w 2008 roku, jest uznawany za jednego z najbardziej innowacyjnych i odnosz\u0105cych sukcesy projektant\u00f3w no\u017cy wszechczas\u00f3w. W 1996 roku stworzy\u0142 pierwszy mechanizm wspomaganego otwierania, kt\u00f3ry odni\u00f3s\u0142 sukces komercyjny, a 20 lat p\u00f3\u017aniej zaprezentowa\u0142 swoj\u0105 wielokrotnie nagradzan\u0105 technologi\u0119 Field Strip. Teraz ta zmieniaj\u0105ca \u015bwiat innowacja wyznacza nowy standard dzi\u0119ki technologii Field Strip Gen II, co stanowi odrodzenie, kt\u00f3re musi zas\u0142ugiwa\u0107 na swoj\u0105 nazw\u0119.<\/p>\n","protected":false},"featured_media":334280,"comment_status":"open","ping_status":"closed","template":"","meta":[],"pwb-brand":[3458],"product_brand":[],"product_cat":[3296,3543],"product_tag":[3671],"class_list":{"0":"post-334326","1":"product","2":"type-product","3":"status-publish","4":"has-post-thumbnail","6":"pwb-brand-crkt-pl","7":"product_cat-noze-pl","8":"product_cat-rzucac-nozami","9":"product_tag-b2b-pl","11":"first","12":"outofstock","13":"taxable","14":"shipping-taxable","15":"purchasable","16":"product-type-simple"},"brands":[{"id":3458,"name":"CRKT","slug":"crkt-pl"}],"_links":{"self":[{"href":"https:\/\/www.moskito.cz\/pl\/wp-json\/wp\/v2\/product\/334326","targetHints":{"allow":["GET"]}}],"collection":[{"href":"https:\/\/www.moskito.cz\/pl\/wp-json\/wp\/v2\/product"}],"about":[{"href":"https:\/\/www.moskito.cz\/pl\/wp-json\/wp\/v2\/types\/product"}],"replies":[{"embeddable":true,"href":"https:\/\/www.moskito.cz\/pl\/wp-json\/wp\/v2\/comments?post=334326"}],"wp:featuredmedia":[{"embeddable":true,"href":"https:\/\/www.moskito.cz\/pl\/wp-json\/wp\/v2\/media\/334280"}],"wp:attachment":[{"href":"https:\/\/www.moskito.cz\/pl\/wp-json\/wp\/v2\/media?parent=334326"}],"wp:term":[{"taxonomy":"pwb-brand","embeddable":true,"href":"https:\/\/www.moskito.cz\/pl\/wp-json\/wp\/v2\/pwb-brand?post=334326"},{"taxonomy":"product_brand","embeddable":true,"href":"https:\/\/www.moskito.cz\/pl\/wp-json\/wp\/v2\/product_brand?post=334326"},{"taxonomy":"product_cat","embeddable":true,"href":"https:\/\/www.moskito.cz\/pl\/wp-json\/wp\/v2\/product_cat?post=334326"},{"taxonomy":"product_tag","embeddable":true,"href":"https:\/\/www.moskito.cz\/pl\/wp-json\/wp\/v2\/product_tag?post=334326"}],"curies":[{"name":"wp","href":"https:\/\/api.w.org\/{rel}","templated":true}]}}