{"id":334378,"date":"2024-04-17T20:41:20","date_gmt":"2024-04-17T19:44:03","guid":{"rendered":"https:\/\/www.moskito.cz\/produkt\/naprawiono-noz-crkt-clever-girl-2709b\/"},"modified":"2025-05-07T11:11:56","modified_gmt":"2025-05-07T10:11:56","slug":"naprawiono-noz-crkt-clever-girl-2709b","status":"publish","type":"product","link":"https:\/\/www.moskito.cz\/pl\/produkt\/naprawiono-noz-crkt-clever-girl-2709b\/","title":{"rendered":"Naprawiono n\u00f3\u017c CRKT Clever Girl 2709B"},"content":{"rendered":"<p>Naprawiono n\u00f3\u017c <strong>CRKT<\/strong> Clever Girl 2709B.<\/p>\n<p>Taktyczna Clever Girl\u2122 ze sta\u0142ym ostrzem pomo\u017ce Ci wydosta\u0107 si\u0119 z trudnych sytuacji dzi\u0119ki swojemu pot\u0119\u017cnemu, zakrzywionemu do g\u00f3ry ostrzu. Ta wersja dodaje dodatkow\u0105 u\u017cyteczno\u015b\u0107 w postaci z\u0105bk\u00f3w Veff\u2122 do \u0142atwego przecinania takich rzeczy jak lina oraz marmurkowej r\u0119koje\u015bci G10 dla dodatkowej elegancji i funkcjonalno\u015bci chwytu w ka\u017cdych warunkach pogodowych.<\/p>\n<p>Organizacja charytatywna Austina McGlauna na rzecz tego no\u017ca to Fundacja Green Beret.<\/p>\n<p>Za\u0142o\u017cony w 2016 roku program Forged by War\u00ae zapocz\u0105tkowa\u0142 wsp\u00f3\u0142prac\u0119 pomi\u0119dzy CRKT a weteranami i zaprasza prawdziwych wojownik\u00f3w do wykorzystania swojej wiedzy i do\u015bwiadczenia przy projektowaniu specjalnej linii no\u017cy i narz\u0119dzi gotowych do misji. Opr\u00f3cz otrzymywania prowizji za projekty, cz\u0119\u015b\u0107 zysk\u00f3w przekazywana jest organizacji charytatywnej dla weteran\u00f3w. CRKT z dum\u0105 oferuje t\u0119 specjalistyczn\u0105 zbi\u00f3rk\u0119 pieni\u0119dzy w celu wsparcia uczestnicz\u0105cych organizacji charytatywnych na szczeblu krajowym.<\/p>\n<p>Stal o wysokiej wydajno\u015bci: stal w\u0119glowa SK-5 dobrze trzyma ostrze<br \/>\nNiezwykle ostre: Veff Serrations\u2122 zapewniaj\u0105 doskona\u0142\u0105 si\u0142\u0119 ci\u0119cia lin i ta\u015bm<br \/>\nWyj\u0105tkowy chwyt: R\u0119koje\u015b\u0107 G10 zapewnia wyj\u0105tkow\u0105 przyczepno\u015b\u0107 w ka\u017cdych warunkach<br \/>\nKompatybilny z skrzyni\u0105 bieg\u00f3w: Wytrzyma\u0142a skorupa z tworzywa termoplastycznego z mo\u017cliwo\u015bci\u0105 monta\u017cu<br \/>\nKompatybilny z przek\u0142adni\u0105: Regulowane wewn\u0119trzne klipsy zapewniaj\u0105 bezpieczne noszenie paska i paska<br \/>\nDane techniczne<\/p>\n<p>Ostrze ze stali SK-5<br \/>\nZ\u0105bkowania kraw\u0119dzi ostrza Veff\u2122<br \/>\nObr\u00f3bka powierzchniowa pow\u0142oki proszkowej ostrza<\/p>\n<p>D\u0142ugo\u015b\u0107 ostrza: 11,68 cm<br \/>\nGrubo\u015b\u0107 ostrza 0,40 cm<br \/>\nD\u0142ugo\u015b\u0107 ca\u0142kowita: 25,71 cm<br \/>\nWaga 6,30 uncji (178,60 g)<br \/>\nINNY<br \/>\nMateria\u0142 r\u0119koje\u015bci G10<br \/>\nStylowy n\u00f3\u017c o sta\u0142ym ostrzu z pochw\u0105<br \/>\nMateria\u0142 skorupy Termoplastyczny<\/p>\n<p><iframe title=\"CRKT Clever Girl\u2122 Fixed | Austin McGlaun Design\" width=\"800\" height=\"450\" src=\"https:\/\/www.youtube.com\/embed\/lsooCJ8hItI?feature=oembed\" frameborder=\"0\" allow=\"accelerometer; autoplay; clipboard-write; encrypted-media; gyroscope; picture-in-picture; web-share\" referrerpolicy=\"strict-origin-when-cross-origin\" allowfullscreen><\/iframe><\/p>\n<p>&nbsp;<\/p>\n<p>&nbsp;<\/p>\n","protected":false},"excerpt":{"rendered":"<p>PROJEKTANT<br \/>\nAustina McGlauna<br \/>\nSpring Lake Park w Minnesocie<br \/>\nS\u0105 tacy, kt\u00f3rzy walcz\u0105 no\u017cami. S\u0105 inni, kt\u00f3rzy je proponuj\u0105. A potem&#8230; jest Austin. Po s\u0142u\u017cbie w 101 Dywizji Powietrznodesantowej w Iraku i jako policjant uliczny w Columbus w stanie Georgia wie, \u017ce n\u00f3\u017c musi pe\u0142ni\u0107 zar\u00f3wno funkcj\u0119 broni, jak i narz\u0119dzia. W ramach programu Forged By War\u00ae wykorzysta\u0142 swoje umiej\u0119tno\u015bci weterana bojowego i wytw\u00f3rcy no\u017cy przy tworzeniu Clever Girl\u2122. Nie wspominaj\u0105c ju\u017c o nowym sposobie sprowadzenia towarzyszy do domu. Kiedy zapytasz go o jego filozofi\u0119 projektowania, odpowie, \u017ce je\u015bli n\u00f3\u017c jest brzydki, ale skuteczny, to nie jest brzydki. To jest idealne.<\/p>\n","protected":false},"featured_media":334338,"comment_status":"open","ping_status":"closed","template":"","meta":[],"pwb-brand":[3458],"product_brand":[],"product_cat":[3297,3296],"product_tag":[3671],"class_list":{"0":"post-334378","1":"product","2":"type-product","3":"status-publish","4":"has-post-thumbnail","6":"pwb-brand-crkt-pl","7":"product_cat-solidne-noze","8":"product_cat-noze-pl","9":"product_tag-b2b-pl","11":"first","12":"instock","13":"sale","14":"taxable","15":"shipping-taxable","16":"purchasable","17":"product-type-simple"},"brands":[{"id":3458,"name":"CRKT","slug":"crkt-pl"}],"_links":{"self":[{"href":"https:\/\/www.moskito.cz\/pl\/wp-json\/wp\/v2\/product\/334378","targetHints":{"allow":["GET"]}}],"collection":[{"href":"https:\/\/www.moskito.cz\/pl\/wp-json\/wp\/v2\/product"}],"about":[{"href":"https:\/\/www.moskito.cz\/pl\/wp-json\/wp\/v2\/types\/product"}],"replies":[{"embeddable":true,"href":"https:\/\/www.moskito.cz\/pl\/wp-json\/wp\/v2\/comments?post=334378"}],"wp:featuredmedia":[{"embeddable":true,"href":"https:\/\/www.moskito.cz\/pl\/wp-json\/wp\/v2\/media\/334338"}],"wp:attachment":[{"href":"https:\/\/www.moskito.cz\/pl\/wp-json\/wp\/v2\/media?parent=334378"}],"wp:term":[{"taxonomy":"pwb-brand","embeddable":true,"href":"https:\/\/www.moskito.cz\/pl\/wp-json\/wp\/v2\/pwb-brand?post=334378"},{"taxonomy":"product_brand","embeddable":true,"href":"https:\/\/www.moskito.cz\/pl\/wp-json\/wp\/v2\/product_brand?post=334378"},{"taxonomy":"product_cat","embeddable":true,"href":"https:\/\/www.moskito.cz\/pl\/wp-json\/wp\/v2\/product_cat?post=334378"},{"taxonomy":"product_tag","embeddable":true,"href":"https:\/\/www.moskito.cz\/pl\/wp-json\/wp\/v2\/product_tag?post=334378"}],"curies":[{"name":"wp","href":"https:\/\/api.w.org\/{rel}","templated":true}]}}